{"id":1948,"date":"2024-12-26T02:24:20","date_gmt":"2024-12-26T02:24:20","guid":{"rendered":"https:\/\/fmp-components.com\/?page_id=8"},"modified":"2024-12-26T02:37:43","modified_gmt":"2024-12-26T02:37:43","slug":"rotary-mowers-gearboxes-replacement-of-comer-code-t-25j","status":"publish","type":"product","link":"https:\/\/fmp-components.com\/de\/product\/rotary-mowers-gearboxes-replacement-of-comer-code-t-25j\/","title":{"rendered":"Getriebe f\u00fcr Kreiselm\u00e4her \u2013 Austausch des Comer-Codes T-25J"},"content":{"rendered":"<p><img loading=\"lazy\" decoding=\"async\" class=\"size-full wp-image-1949 aligncenter\" src=\"https:\/\/fmp-components.com\/wp-content\/uploads\/2024\/12\/Rotary-Mower-Gearbox24.webp\" alt=\"Kreiselm\u00e4hergetriebe\" width=\"500\" height=\"500\" title=\"\" srcset=\"https:\/\/fmp-components.com\/wp-content\/uploads\/2024\/12\/Rotary-Mower-Gearbox24.webp 500w, https:\/\/fmp-components.com\/wp-content\/uploads\/2024\/12\/Rotary-Mower-Gearbox24-480x480.webp 480w\" sizes=\"(min-width: 0px) and (max-width: 480px) 480px, (min-width: 481px) 500px, 100vw\" \/><\/p>\n<h2>Getriebe f\u00fcr Rotationsm\u00e4her \u2013 Austausch des Getriebes vom Typ Comer Code T-25J (Spezifikationen)<\/h2>\n<table style=\"width: 100%;\" border=\"1\" width=\"100%\" cellspacing=\"0\" cellpadding=\"0\">\n<tbody>\n<tr>\n<th>Beschreibung<\/th>\n<td>Getriebe f\u00fcr Rotationsm\u00e4her \u2013 Austausch des Comer T-25J-Getriebes zur Drehzahlerh\u00f6hung<\/td>\n<\/tr>\n<tr>\n<th>Anwendung<\/th>\n<td>Verschiedene (landwirtschaftliche) Anwendungen, Rasenm\u00e4her, D\u00fcngerstreuer, Bands\u00e4gen<\/td>\n<\/tr>\n<tr>\n<th>Besteht aus<\/th>\n<td>Getriebe<\/td>\n<\/tr>\n<tr>\n<th>Ohne \u00d6l<\/th>\n<td>Technische Informationen<\/td>\n<\/tr>\n<tr>\n<th>Maximales Ausgangsdrehmoment<\/th>\n<td>22,7 daNm<\/td>\n<\/tr>\n<tr>\n<th>Enth\u00e4lt \u00d6l<\/th>\n<td>NEIN<\/td>\n<\/tr>\n<tr>\n<th>Max. \u00d6lkapazit\u00e4t<\/th>\n<td>0,35 l<\/td>\n<\/tr>\n<tr>\n<th>Max. \u00d6lwechselintervall<\/th>\n<td>500 h<\/td>\n<\/tr>\n<tr>\n<th>\u00d6l SAE-Viskosit\u00e4tsklasse<\/th>\n<td>80W-90<\/td>\n<\/tr>\n<tr>\n<th>Geh\u00e4usematerial<\/th>\n<td>Aluminium<\/td>\n<\/tr>\n<tr>\n<th>Gewicht<\/th>\n<td>4,1 kg<\/td>\n<\/tr>\n<tr>\n<th>Untersetzungsgetriebe<\/th>\n<td>3 &#8211; 4<\/td>\n<\/tr>\n<tr>\n<th>Eingangsleistung kW \/ PS Steigend<\/th>\n<td>11 \/ 15 kW\/PS<\/td>\n<\/tr>\n<tr>\n<th>Eingangswellenerh\u00f6hung<\/th>\n<td>X<\/td>\n<\/tr>\n<tr>\n<th>Eingangswellenreduzierung<\/th>\n<td>Z<\/td>\n<\/tr>\n<tr>\n<th>Eingangsleistung kW \/ PS Reduzierung<\/th>\n<td>7 \/ 9,5 kW\/PS<\/td>\n<\/tr>\n<tr>\n<th>Ausgangsdrehmoment DaNm zunehmend<\/th>\n<td>9,9 daNm<\/td>\n<\/tr>\n<tr>\n<th>Verh\u00e4ltniserh\u00f6hung<\/th>\n<td>1 : 1.9<\/td>\n<\/tr>\n<tr>\n<th>Verh\u00e4ltnisreduzierung<\/th>\n<td>1.9 : 1<\/td>\n<\/tr>\n<tr>\n<th>Welle X<\/th>\n<td>1 3\/8\u2033 (6) (A)<\/td>\n<\/tr>\n<tr>\n<th>Welle Z<\/th>\n<td>22 (D)<\/td>\n<\/tr>\n<\/tbody>\n<\/table>\n<h2>Vorteile von Getrieben f\u00fcr Rotationsm\u00e4her<\/h2>\n<p>Getriebe f\u00fcr Rotationsm\u00e4her sind essenzielle Komponenten, die die Leistung und Zuverl\u00e4ssigkeit von M\u00e4hger\u00e4ten in der Landschaftspflege, Landwirtschaft und Gr\u00fcnfl\u00e4cheninstandhaltung deutlich verbessern. Durch effiziente Kraft\u00fcbertragung, erh\u00f6hte Langlebigkeit und reduzierten Wartungsaufwand bieten diese Getriebe entscheidende Vorteile und sind daher f\u00fcr diverse M\u00e4hanwendungen unverzichtbar.<\/p>\n<p><strong>Effiziente Kraft\u00fcbertragung<\/strong><\/p>\n<p>Das Getriebe eines Rotationsm\u00e4hers spielt eine entscheidende Rolle bei der Kraft\u00fcbertragung vom Traktormotor auf die M\u00e4hwerksmesser. Dadurch wird sichergestellt, dass die Messer mit optimaler Drehzahl und optimalem Drehmoment rotieren und so auch unter schwierigen Bedingungen ein gleichm\u00e4\u00dfiges und effektives M\u00e4hergebnis erzielt wird. Ob in der Landwirtschaft im gro\u00dfen Stil oder im Landschaftsbau \u2013 eine effiziente Kraft\u00fcbertragung ist f\u00fcr die Aufrechterhaltung von Leistung und Produktivit\u00e4t unerl\u00e4sslich.<\/p>\n<p><strong>Haltbarkeit und Langlebigkeit<\/strong><\/p>\n<p>Die Getriebe von Rotationsm\u00e4hern sind f\u00fcr den harten Einsatz und raue Umgebungsbedingungen ausgelegt und werden typischerweise aus hochwertigen Materialien wie Gusseisen oder Aluminiumlegierungen gefertigt. Ihre robuste Konstruktion macht sie verschlei\u00df-, korrosions- und beanspruchungsbest\u00e4ndig und gew\u00e4hrleistet so einen langlebigen Betrieb mit minimalen Ausf\u00e4llen. Die hohe Langlebigkeit dieser Getriebe reduziert den Bedarf an h\u00e4ufigen Reparaturen oder Austauschteilen und tr\u00e4gt somit zu geringeren langfristigen Kosten und einer h\u00f6heren Betriebseffizienz bei.<\/p>\n<p><strong>Reduzierte Wartungs- und Betriebskosten<\/strong><\/p>\n<p>Die Getriebe von Rotationsm\u00e4hern sind auf Effizienz ausgelegt und reduzieren den Wartungsaufwand. Ihre robuste Bauweise und die optimale Schmierung der internen Komponenten wie Zahnr\u00e4der und Lager minimieren Reibung, Verschlei\u00df und \u00dcberhitzung. Dies f\u00fchrt zu weniger mechanischen Ausf\u00e4llen, geringeren Reparaturkosten und l\u00e4ngeren M\u00e4hzeiten. Unternehmen sparen dadurch Wartungskosten und verl\u00e4ngern die Lebensdauer ihrer Ger\u00e4te.<\/p>\n<p><strong>Verbesserte Schneidleistung<\/strong><\/p>\n<p>Das Getriebe sorgt daf\u00fcr, dass die Messer des M\u00e4hers die richtige Drehzahl und das optimale Drehmoment erhalten und erm\u00f6glicht so einen sauberen und gleichm\u00e4\u00dfigen Schnitt. Unabh\u00e4ngig von Grasart und Gel\u00e4nde verbessert ein gut konstruiertes Getriebe die M\u00e4hleistung. Dadurch k\u00f6nnen Rotationsm\u00e4her auch dichteres, dichteres Gras und unebenes Gel\u00e4nde effektiver bew\u00e4ltigen und eignen sich ideal f\u00fcr vielf\u00e4ltige M\u00e4harbeiten \u2013 von der allgemeinen Rasenpflege bis hin zur Bearbeitung von stark bewachsenen Fl\u00e4chen.<\/p>\n<p><strong>Vielseitigkeit und Anpassung<\/strong><\/p>\n<p>Getriebe f\u00fcr Rotationsm\u00e4her sind in verschiedenen Ausf\u00fchrungen erh\u00e4ltlich, darunter Modelle mit einem und mehreren G\u00e4ngen, und bieten so Flexibilit\u00e4t f\u00fcr ein breites Anwendungsspektrum. Viele Hersteller, wie beispielsweise FMP, bieten kundenspezifische L\u00f6sungen an, um spezifische Betriebsanforderungen zu erf\u00fcllen, etwa die Anpassung der Schnitth\u00f6he oder die Erh\u00f6hung des Drehmoments f\u00fcr anspruchsvolle M\u00e4hbedingungen. Dank dieser Vielseitigkeit eignen sich Getriebe f\u00fcr Rotationsm\u00e4her f\u00fcr Branchen von der Landwirtschaft bis zur kommunalen Gr\u00fcnfl\u00e4chenpflege und gew\u00e4hrleisten f\u00fcr jede Anwendung die optimale Leistung.<\/p>\n<p><strong>Sicherheitsfunktionen<\/strong><\/p>\n<p>Sicherheit ist bei M\u00e4hger\u00e4ten von entscheidender Bedeutung, und viele Getriebe von Rotationsm\u00e4hern sind mit fortschrittlichen Sicherheitsfunktionen ausgestattet. Dazu geh\u00f6ren Auflaufkupplungen und Ausr\u00fcckmechanismen, die Getriebe und Messer vor Besch\u00e4digungen sch\u00fctzen, wenn der Motor abgestellt wird. Diese Funktionen erh\u00f6hen auch die Sicherheit des Bedieners, indem sie das Risiko von mechanischen Ausf\u00e4llen und Unf\u00e4llen w\u00e4hrend des Betriebs verringern.<\/p>\n<p><strong>Kompakt und einfach zu installieren<\/strong><\/p>\n<p>Die kompakte Bauweise der Getriebe f\u00fcr Rotationsm\u00e4her erm\u00f6glicht eine einfache Montage an verschiedenen M\u00e4hwerkstypen und Maschinen. Durch die unkomplizierte Integration in unterschiedliche Systeme sind sie eine ausgezeichnete Wahl f\u00fcr Erstausr\u00fcster (OEMs) und Endanwender. Die effiziente Konstruktion maximiert die Kraft\u00fcbertragung bei minimalem Platzbedarf und macht diese Getriebe somit vielseitig und komfortabel f\u00fcr verschiedene Ger\u00e4tetypen.<\/p>\n<p>Zusammenfassend l\u00e4sst sich sagen, dass Getriebe von Rotationsm\u00e4hern eine entscheidende Rolle f\u00fcr die Effizienz, Langlebigkeit und Wirtschaftlichkeit von M\u00e4hger\u00e4ten spielen. Ihre F\u00e4higkeit, Kraft effizient zu \u00fcbertragen, den Wartungsaufwand zu reduzieren und die Schnittleistung zu verbessern, macht sie zu einem unverzichtbaren Bestandteil moderner Rotationsm\u00e4her, die in der Landwirtschaft, der Industrie und im Landschaftsbau eingesetzt werden. Ob Sie gro\u00dfe Felder oder st\u00e4dtische Gr\u00fcnfl\u00e4chen pflegen \u2013 das richtige Getriebe sorgt f\u00fcr optimale Leistung Ihres M\u00e4hers, minimiert Ausfallzeiten und steigert die Produktivit\u00e4t.<\/p>\n<p><img loading=\"lazy\" decoding=\"async\" class=\"alignnone size-full wp-image-1951\" src=\"https:\/\/fmp-components.com\/wp-content\/uploads\/2024\/12\/Rotary-Mower-Gearbox-211.webp\" alt=\"Rotationsm\u00e4her-Getriebe\" width=\"800\" height=\"600\" title=\"\" srcset=\"https:\/\/fmp-components.com\/wp-content\/uploads\/2024\/12\/Rotary-Mower-Gearbox-211.webp 800w, https:\/\/fmp-components.com\/wp-content\/uploads\/2024\/12\/Rotary-Mower-Gearbox-211-480x360.webp 480w\" sizes=\"(min-width: 0px) and (max-width: 480px) 480px, (min-width: 481px) 800px, 100vw\" \/><\/p>\n<h3>\u00dcber FMP<\/h3>\n<p>FMP mit Sitz in Italien ist ein f\u00fchrender Anbieter in Forschung, Entwicklung und Fertigung von Getrieben, Untersetzungsgetrieben und Baumaschinen. Dank des starken Fokus auf Qualit\u00e4t, Innovation und kontinuierliche Verbesserung genie\u00dft FMP einen exzellenten Ruf in der Maschinenbauindustrie. Das Engagement des Unternehmens f\u00fcr die F\u00f6rderung von Talenten und den technologischen Fortschritt hat ihm sowohl national als auch international Anerkennung eingebracht und es zu einem vertrauensw\u00fcrdigen Partner in verschiedensten Branchen gemacht.<\/p>\n<p>Das Produktportfolio von FMP umfasst eine breite Palette an Hochleistungsgetrieben, darunter Spiral-Kegelradgetriebe, Stirnradgetriebe, Schneckengetriebe, Zylinderradgetriebe sowie im Hochdruckgussverfahren hergestellte Ventilk\u00f6rper und Geh\u00e4use. Jedes Produkt ist sorgf\u00e4ltig konstruiert, um den Anforderungen industrieller und landwirtschaftlicher Anwendungen gerecht zu werden und so dauerhafte Zuverl\u00e4ssigkeit und h\u00f6chste Leistung zu gew\u00e4hrleisten.<\/p>\n<p>Die Getriebe und Komponenten von FMP finden in verschiedenen Branchen Anwendung, darunter Landwirtschaft, Erd\u00f6lf\u00f6rderung, Schiffbau und Wasserbau. In der Landwirtschaft liefert FMP die Antriebskraft f\u00fcr wichtige Ger\u00e4te wie Rotationsm\u00e4her, Schneer\u00e4umfahrzeuge, D\u00fcngerstreuer und Getreidef\u00f6rderanlagen. Diese Vielseitigkeit unterstreicht die F\u00e4higkeit von FMP, ma\u00dfgeschneiderte L\u00f6sungen anzubieten, die die Effizienz in verschiedenen Sektoren optimieren.<\/p>\n<p>Der Fertigungsprozess des Unternehmens basiert auf modernster Technologie und strengen Qualit\u00e4tskontrollstandards. Vom ersten Entwurf bis zur Endmontage stellt FMP sicher, dass jedes Produkt aus hochwertigen Materialien wie Gusseisen und Aluminiumlegierungen gefertigt wird. Fortschrittliche Bearbeitungstechniken und sorgf\u00e4ltige Pr\u00fcfungen garantieren Pr\u00e4zision, Langlebigkeit und gleichbleibende Leistung. FMPs Streben nach Exzellenz in jeder Produktionsphase gew\u00e4hrleistet, dass die Produkte auch weiterhin h\u00f6chsten Industriestandards entsprechen.<\/p>\n<p>FMP verfolgt einen zukunftsorientierten Ansatz in Bezug auf Gesch\u00e4ftserfolg und Kundenzufriedenheit. Das Unternehmen strebt aktiv globale Partnerschaften an und bietet ma\u00dfgeschneiderte L\u00f6sungen, die den individuellen Bed\u00fcrfnissen seiner Kunden gerecht werden. Interessierte Partner k\u00f6nnen sich telefonisch oder per E-Mail direkt an FMP wenden, um mehr \u00fcber die Produkte zu erfahren oder Kooperationsm\u00f6glichkeiten zu erkunden. Dies unterstreicht das Engagement von FMP f\u00fcr exzellenten Service und hochwertige L\u00f6sungen.<\/p>\n<p><img loading=\"lazy\" decoding=\"async\" class=\"alignnone size-full wp-image-1861\" src=\"https:\/\/fmp-components.com\/wp-content\/uploads\/2024\/12\/Other-Agricultural-Gearboxes.webp\" alt=\"Sonstige-Landwirtschaftsgetriebe\" width=\"1200\" height=\"1400\" title=\"\" srcset=\"https:\/\/fmp-components.com\/wp-content\/uploads\/2024\/12\/Other-Agricultural-Gearboxes.webp 1200w, https:\/\/fmp-components.com\/wp-content\/uploads\/2024\/12\/Other-Agricultural-Gearboxes-980x1143.webp 980w, https:\/\/fmp-components.com\/wp-content\/uploads\/2024\/12\/Other-Agricultural-Gearboxes-480x560.webp 480w\" sizes=\"(min-width: 0px) and (max-width: 480px) 480px, (min-width: 481px) and (max-width: 980px) 980px, (min-width: 981px) 1200px, 100vw\" \/><\/p>\n<p>Autor: CX<\/p>","protected":false},"excerpt":{"rendered":"<p>Getriebe f\u00fcr Rotationsm\u00e4her \u2013 Ersatz f\u00fcr Comer Code T-25J Spezifikationen Beschreibung Getriebe f\u00fcr Rotationsm\u00e4her \u2013 Ersatz f\u00fcr Comer T-25J Drehzahlerh\u00f6hung Anwendung Verschiedene (landwirtschaftliche) Anwendungen, M\u00e4hwerke, D\u00fcngerstreuer, Bands\u00e4gen Besteht aus Getriebe Ohne \u00d6l Technische Informationen Max. Drehmoment 22,7 daNm Enth\u00e4lt \u00d6l Nein Max. \u00d6lmenge 0,35 l Max. \u00d6lwechselintervall [\u2026]<\/p>","protected":false},"featured_media":1949,"comment_status":"open","ping_status":"closed","template":"","meta":{"_et_pb_use_builder":"","_et_pb_old_content":"","_et_gb_content_width":""},"product_brand":[],"product_cat":[51],"product_tag":[],"class_list":{"0":"post-1948","1":"product","2":"type-product","3":"status-publish","4":"has-post-thumbnail","6":"product_cat-rotary-mower-gearbox","8":"first","9":"instock","10":"shipping-taxable","11":"product-type-simple"},"_links":{"self":[{"href":"https:\/\/fmp-components.com\/de\/wp-json\/wp\/v2\/product\/1948","targetHints":{"allow":["GET"]}}],"collection":[{"href":"https:\/\/fmp-components.com\/de\/wp-json\/wp\/v2\/product"}],"about":[{"href":"https:\/\/fmp-components.com\/de\/wp-json\/wp\/v2\/types\/product"}],"replies":[{"embeddable":true,"href":"https:\/\/fmp-components.com\/de\/wp-json\/wp\/v2\/comments?post=1948"}],"wp:featuredmedia":[{"embeddable":true,"href":"https:\/\/fmp-components.com\/de\/wp-json\/wp\/v2\/media\/1949"}],"wp:attachment":[{"href":"https:\/\/fmp-components.com\/de\/wp-json\/wp\/v2\/media?parent=1948"}],"wp:term":[{"taxonomy":"product_brand","embeddable":true,"href":"https:\/\/fmp-components.com\/de\/wp-json\/wp\/v2\/product_brand?post=1948"},{"taxonomy":"product_cat","embeddable":true,"href":"https:\/\/fmp-components.com\/de\/wp-json\/wp\/v2\/product_cat?post=1948"},{"taxonomy":"product_tag","embeddable":true,"href":"https:\/\/fmp-components.com\/de\/wp-json\/wp\/v2\/product_tag?post=1948"}],"curies":[{"name":"wp","href":"https:\/\/api.w.org\/{rel}","templated":true}]}}