{"id":1943,"date":"2024-12-26T02:18:14","date_gmt":"2024-12-26T02:18:14","guid":{"rendered":"https:\/\/fmp-components.com\/?page_id=8"},"modified":"2024-12-26T02:21:11","modified_gmt":"2024-12-26T02:21:11","slug":"rotary-mower-gearbox-replacement-of-comer-code-tf-285b","status":"publish","type":"product","link":"https:\/\/fmp-components.com\/de\/product\/rotary-mower-gearbox-replacement-of-comer-code-tf-285b\/","title":{"rendered":"Getriebe f\u00fcr Kreiselm\u00e4her \u2013 Austausch des Comer-Codes TF-285B"},"content":{"rendered":"<p><img loading=\"lazy\" decoding=\"async\" class=\"size-full wp-image-1946 aligncenter\" src=\"https:\/\/fmp-components.com\/wp-content\/uploads\/2024\/12\/rotary-mower-gearbox-tf285b.webp\" alt=\"Kreiselm\u00e4hergetriebe\" width=\"300\" height=\"300\" title=\"\" srcset=\"https:\/\/fmp-components.com\/wp-content\/uploads\/2024\/12\/rotary-mower-gearbox-tf285b.webp 300w, https:\/\/fmp-components.com\/wp-content\/uploads\/2024\/12\/rotary-mower-gearbox-tf285b-150x150.webp 150w, https:\/\/fmp-components.com\/wp-content\/uploads\/2024\/12\/rotary-mower-gearbox-tf285b-12x12.webp 12w, https:\/\/fmp-components.com\/wp-content\/uploads\/2024\/12\/rotary-mower-gearbox-tf285b-100x100.webp 100w\" sizes=\"(max-width: 300px) 100vw, 300px\" \/><\/p>\n<h2>Spezifikationen des Kreiselm\u00e4hergetriebes TF-285B<\/h2>\n<p><img loading=\"lazy\" decoding=\"async\" class=\"alignnone size-full wp-image-1944\" src=\"https:\/\/fmp-components.com\/wp-content\/uploads\/2024\/12\/rotary-mower-gearbox-specifications-tf285b.webp\" alt=\"Kreiselm\u00e4hergetriebe\" width=\"851\" height=\"449\" title=\"\" srcset=\"https:\/\/fmp-components.com\/wp-content\/uploads\/2024\/12\/rotary-mower-gearbox-specifications-tf285b.webp 851w, https:\/\/fmp-components.com\/wp-content\/uploads\/2024\/12\/rotary-mower-gearbox-specifications-tf285b-480x253.webp 480w\" sizes=\"(min-width: 0px) and (max-width: 480px) 480px, (min-width: 481px) 851px, 100vw\" \/><\/p>\n<table style=\"width: 91.8919%; height: 108px;\" border=\"1\">\n<tbody>\n<tr>\n<td rowspan=\"2\"><strong>ich<\/strong><\/td>\n<td rowspan=\"2\"><strong>N<sub>1<\/sub>[U\/min]<\/strong><\/td>\n<td rowspan=\"2\"><strong>P<sub>1<\/sub>[kW]<\/strong><\/td>\n<td rowspan=\"2\"><strong>M<sub>2<\/sub>[Nm]<\/strong><\/td>\n<td colspan=\"3\"><strong>Wellentyp<\/strong><\/td>\n<td rowspan=\"2\"><strong>Eingang<\/strong><\/td>\n<\/tr>\n<tr>\n<td><strong>X<\/strong><\/td>\n<td><strong>Y<\/strong><\/td>\n<td><strong>Z<\/strong><\/td>\n<\/tr>\n<tr>\n<td>1.86<\/td>\n<td>1000<\/td>\n<td>91.9<\/td>\n<td>709<\/td>\n<td>1\u201d 3\/8 Z21<\/td>\n<td>1\u201d 3\/4 Z20<\/td>\n<td>Hub-Verbindung<\/td>\n<td>Y<\/td>\n<\/tr>\n<\/tbody>\n<\/table>\n<h2>Vorteile des Rotationsm\u00e4hergetriebes<\/h2>\n<p>Kreiselm\u00e4her mit einem hochwertigen Getriebe bieten zahlreiche Vorteile und sind daher ein unverzichtbares Werkzeug f\u00fcr Landschaftsbau, Landwirtschaft und Grundst\u00fcckspflege. Diese Vorteile ergeben sich aus der F\u00e4higkeit des Getriebes, Kraft effizient zu \u00fcbertragen, Verschlei\u00df zu reduzieren und die Gesamtleistung des M\u00e4hers zu verbessern. Hier sind einige wichtige Vorteile eines Kreiselm\u00e4hergetriebes:<\/p>\n<ol>\n<li><strong>Effiziente Kraft\u00fcbertragung<\/strong><br \/>\nDas Getriebe eines Kreiselm\u00e4hers spielt eine entscheidende Rolle bei der Kraft\u00fcbertragung vom Traktormotor auf die M\u00e4hmesser. Diese effiziente Kraft\u00fcbertragung sorgt daf\u00fcr, dass sich die Messer mit optimaler Geschwindigkeit und Drehmoment drehen, sodass der M\u00e4her auch unter schwierigen Bedingungen effektiv schneidet. Dies ist besonders wichtig f\u00fcr Gro\u00dfbetriebe, bei denen es auf Konstanz und Effizienz ankommt.<\/li>\n<li><strong>Haltbarkeit und Langlebigkeit<\/strong><br \/>\nKreiselm\u00e4hergetriebe sind f\u00fcr den harten Einsatz und raue Bedingungen ausgelegt. Dank ihrer robusten Konstruktion, oft aus hochwertigen Materialien wie Gusseisen oder Aluminiumlegierungen, sind diese Getriebe verschlei\u00df-, korrosions- und beanspruchungsbest\u00e4ndig. Diese Langlebigkeit gew\u00e4hrleistet einen reibungslosen Betrieb des Getriebes \u00fcber lange Zeitr\u00e4ume und reduziert so den Bedarf an h\u00e4ufigen Reparaturen oder Austausch.<\/li>\n<li><strong>Reduzierte Wartungs- und Betriebskosten<\/strong><br \/>\nAufgrund ihrer robusten Konstruktion und effizienten Kraft\u00fcbertragung sind Kreiselm\u00e4hergetriebe wartungs\u00e4rmer als andere M\u00e4hantriebe. Die richtige Schmierung interner Komponenten wie Zahnr\u00e4der und Lager tr\u00e4gt dazu bei, Reibung, Verschlei\u00df und \u00dcberhitzung zu minimieren. Dies f\u00fchrt zu geringeren Betriebskosten und weniger Wartungseingriffen. Dies bedeutet l\u00e4ngere Betriebszeiten und weniger reparaturbedingte Unterbrechungen.<\/li>\n<li><strong>Verbesserte Schneidleistung<\/strong><br \/>\nEin gut konstruiertes Getriebe sorgt daf\u00fcr, dass die M\u00e4hklingen die richtige Geschwindigkeit und das richtige Drehmoment erreichen und so einen sauberen und gleichm\u00e4\u00dfigen Schnitt erzielen. Ob Gras, Unkraut oder kleines Gestr\u00fcpp \u2013 das Getriebe sorgt daf\u00fcr, dass der M\u00e4her auch unter schwierigen Bedingungen eine hervorragende Schnittleistung liefert. Das Getriebe hilft dem M\u00e4her, dichte Vegetation und unebenes Gel\u00e4nde effektiver zu bew\u00e4ltigen.<\/li>\n<li><strong>Vielseitigkeit und Anpassung<\/strong><br \/>\nKreiselm\u00e4hergetriebe sind in verschiedenen Ausf\u00fchrungen erh\u00e4ltlich, beispielsweise als Ein- oder Mehrganggetriebe, und bieten so Flexibilit\u00e4t f\u00fcr unterschiedliche Anwendungen. Viele Hersteller, darunter auch FMP, bieten ma\u00dfgeschneiderte L\u00f6sungen f\u00fcr spezifische Leistungsanforderungen, wie z. B. die Anpassung der Schnitth\u00f6he oder zus\u00e4tzliches Drehmoment f\u00fcr anspruchsvolle M\u00e4harbeiten. Dank dieser Vielseitigkeit eignen sich die Getriebe f\u00fcr eine Vielzahl von Branchen, von der Landwirtschaft bis zum kommunalen Landschaftsbau.<\/li>\n<li><strong>Sicherheitsfunktionen<\/strong><br \/>\nViele Getriebe von Kreiselm\u00e4hern sind mit Sicherheitsfunktionen wie Freilaufkupplungen oder Ausr\u00fcckmechanismen ausgestattet, die Sch\u00e4den am Getriebe und an den M\u00e4hmessern beim Abstellen des Motors verhindern. Diese Funktionen sch\u00fctzen den Bediener zudem vor Unf\u00e4llen und verringern das Risiko mechanischer Ausf\u00e4lle.<\/li>\n<li><strong>Kompakt und einfach zu installieren<\/strong><br \/>\nKreiselm\u00e4hergetriebe sind in der Regel kompakt und lassen sich einfach an verschiedenen M\u00e4hern und Maschinentypen montieren. Ihre Konstruktion gew\u00e4hrleistet nicht nur eine effiziente Kraft\u00fcbertragung, sondern auch eine einfache Integration in verschiedene Systeme. Damit sind sie sowohl f\u00fcr OEM-Hersteller als auch f\u00fcr Endverbraucher eine ausgezeichnete Wahl.<\/li>\n<\/ol>\n<p>Zusammenfassend l\u00e4sst sich sagen, dass das Getriebe eines Kreiselm\u00e4hers eine wichtige Komponente ist, die die Leistung, Zuverl\u00e4ssigkeit und Wirtschaftlichkeit von M\u00e4hger\u00e4ten verbessert. Seine F\u00e4higkeit, Kraft effizient zu \u00fcbertragen, den Wartungsaufwand zu reduzieren und die Schnittleistung zu verbessern, macht es zu einem unverzichtbaren Bestandteil moderner Kreiselm\u00e4her, die in der Landwirtschaft, Industrie und im Landschaftsbau eingesetzt werden.<\/p>\n<p><img loading=\"lazy\" decoding=\"async\" class=\"alignnone size-full wp-image-1940\" src=\"https:\/\/fmp-components.com\/wp-content\/uploads\/2024\/12\/Rotary-Mower-Gearbox23.webp\" alt=\"Kreiselm\u00e4hergetriebe\" width=\"1000\" height=\"1000\" title=\"\" srcset=\"https:\/\/fmp-components.com\/wp-content\/uploads\/2024\/12\/Rotary-Mower-Gearbox23.webp 1000w, https:\/\/fmp-components.com\/wp-content\/uploads\/2024\/12\/Rotary-Mower-Gearbox23-980x980.webp 980w, https:\/\/fmp-components.com\/wp-content\/uploads\/2024\/12\/Rotary-Mower-Gearbox23-480x480.webp 480w\" sizes=\"(min-width: 0px) and (max-width: 480px) 480px, (min-width: 481px) and (max-width: 980px) 980px, (min-width: 981px) 1000px, 100vw\" \/><\/p>\n<h3>\u00dcber FMP<\/h3>\n<p>FMP mit Sitz in Italien ist ein f\u00fchrender Innovator in der Forschung, Entwicklung und Herstellung von Getrieben, Untersetzungsgetrieben und Maschinenbau. Bekannt f\u00fcr sein Engagement f\u00fcr Qualit\u00e4t, kontinuierliche Verbesserung und Talentf\u00f6rderung, genie\u00dft FMP sowohl national als auch international Anerkennung. Mit seinem hervorragenden Ruf im Maschinenbau ist das Unternehmen ein zuverl\u00e4ssiger Partner f\u00fcr verschiedene Branchen.<\/p>\n<p>FMP bietet ein umfangreiches Sortiment an Hochleistungsprodukten, darunter Spiralkegelgetriebe, Stirnradgetriebe, Schneckengetriebe, Zylindergetriebe sowie Ventilk\u00f6rper und -geh\u00e4use aus Hochdruckguss. Diese Produkte werden pr\u00e4zise konstruiert, um den vielf\u00e4ltigen Anforderungen industrieller und landwirtschaftlicher Anwendungen gerecht zu werden und bieten Zuverl\u00e4ssigkeit und Langlebigkeit.<\/p>\n<p>Die Getriebe und Komponenten des Unternehmens kommen in verschiedenen Branchen zum Einsatz, beispielsweise in der Landwirtschaft, der \u00d6lf\u00f6rderung, der Schifffahrt und im Wasserbau. In der Landwirtschaft treibt FMP wichtige Maschinen wie Kreiselm\u00e4her, Schneekehrmaschinen, D\u00fcngerstreuer und Getreidef\u00f6rderer an. Dieses breite Anwendungsspektrum unterstreicht die Vielseitigkeit von FMP und die F\u00e4higkeit, L\u00f6sungen anzubieten, die die Betriebseffizienz branchen\u00fcbergreifend steigern.<\/p>\n<p>Der Fertigungsprozess von FMP basiert auf fortschrittlichen Techniken und strengen Qualit\u00e4tskontrollstandards. Vom Produktdesign bis zur Endmontage wird jedes Produkt aus hochwertigen Materialien wie Gusseisen und Aluminiumlegierungen gefertigt. Pr\u00e4zise Bearbeitungsverfahren gew\u00e4hrleisten hohe Genauigkeit, w\u00e4hrend gr\u00fcndliche Pr\u00fcfungen Zuverl\u00e4ssigkeit und langfristige Leistung garantieren. Der Fokus von FMP auf Qualit\u00e4t, Ausrichtung und Verschlei\u00dffestigkeit stellt sicher, dass seine Produkte stets den h\u00f6chsten Standards entsprechen.<\/p>\n<p>Als zukunftsorientiertes Unternehmen legt FMP gr\u00f6\u00dften Wert auf Kundenzufriedenheit und kontinuierliche Innovation. Das Unternehmen ist offen f\u00fcr globale Partnerschaften und bietet ma\u00dfgeschneiderte L\u00f6sungen, die auf die Bed\u00fcrfnisse seiner Kunden zugeschnitten sind. Um mehr \u00fcber die Produkte von FMP zu erfahren oder Kooperationsm\u00f6glichkeiten zu erkunden, k\u00f6nnen potenzielle Partner das Unternehmen einfach per Telefon oder E-Mail kontaktieren. Dies unterstreicht FMPs Engagement f\u00fcr au\u00dfergew\u00f6hnlichen Service und hochwertige L\u00f6sungen.<\/p>\n<p><img loading=\"lazy\" decoding=\"async\" class=\"alignnone size-full wp-image-1861\" src=\"https:\/\/fmp-components.com\/wp-content\/uploads\/2024\/12\/Other-Agricultural-Gearboxes.webp\" alt=\"Sonstige-Landwirtschaftsgetriebe\" width=\"1200\" height=\"1400\" title=\"\" srcset=\"https:\/\/fmp-components.com\/wp-content\/uploads\/2024\/12\/Other-Agricultural-Gearboxes.webp 1200w, https:\/\/fmp-components.com\/wp-content\/uploads\/2024\/12\/Other-Agricultural-Gearboxes-980x1143.webp 980w, https:\/\/fmp-components.com\/wp-content\/uploads\/2024\/12\/Other-Agricultural-Gearboxes-480x560.webp 480w\" sizes=\"(min-width: 0px) and (max-width: 480px) 480px, (min-width: 481px) and (max-width: 980px) 980px, (min-width: 981px) 1200px, 100vw\" \/><\/p>\n<p>Autor: CX<\/p>\n<p>&nbsp;<\/p>","protected":false},"excerpt":{"rendered":"<p>Rotary Mower Gearbox\u00a0TF-285B Specifications i N1[rpm] P1[kW] M2[Nm] Shaft Type Input X Y Z 1.86 1000 91.9 709 1&#8221; 3\/8 Z21 1&#8221; 3\/4 Z20 Hub connection Y Advantages of Rotary Mower Gearbox Rotary mowers equipped with a high-quality gearbox offer numerous advantages, making them an essential tool for landscaping, agriculture, and grounds maintenance. These advantages [&hellip;]<\/p>","protected":false},"featured_media":1946,"comment_status":"open","ping_status":"closed","template":"","meta":{"_et_pb_use_builder":"","_et_pb_old_content":"","_et_gb_content_width":""},"product_brand":[],"product_cat":[51],"product_tag":[],"class_list":{"0":"post-1943","1":"product","2":"type-product","3":"status-publish","4":"has-post-thumbnail","6":"product_cat-rotary-mower-gearbox","8":"first","9":"instock","10":"shipping-taxable","11":"product-type-simple"},"_links":{"self":[{"href":"https:\/\/fmp-components.com\/de\/wp-json\/wp\/v2\/product\/1943","targetHints":{"allow":["GET"]}}],"collection":[{"href":"https:\/\/fmp-components.com\/de\/wp-json\/wp\/v2\/product"}],"about":[{"href":"https:\/\/fmp-components.com\/de\/wp-json\/wp\/v2\/types\/product"}],"replies":[{"embeddable":true,"href":"https:\/\/fmp-components.com\/de\/wp-json\/wp\/v2\/comments?post=1943"}],"wp:featuredmedia":[{"embeddable":true,"href":"https:\/\/fmp-components.com\/de\/wp-json\/wp\/v2\/media\/1946"}],"wp:attachment":[{"href":"https:\/\/fmp-components.com\/de\/wp-json\/wp\/v2\/media?parent=1943"}],"wp:term":[{"taxonomy":"product_brand","embeddable":true,"href":"https:\/\/fmp-components.com\/de\/wp-json\/wp\/v2\/product_brand?post=1943"},{"taxonomy":"product_cat","embeddable":true,"href":"https:\/\/fmp-components.com\/de\/wp-json\/wp\/v2\/product_cat?post=1943"},{"taxonomy":"product_tag","embeddable":true,"href":"https:\/\/fmp-components.com\/de\/wp-json\/wp\/v2\/product_tag?post=1943"}],"curies":[{"name":"wp","href":"https:\/\/api.w.org\/{rel}","templated":true}]}}