{"id":1843,"date":"2024-12-24T06:35:24","date_gmt":"2024-12-24T06:35:24","guid":{"rendered":"https:\/\/fmp-components.com\/?page_id=8"},"modified":"2024-12-24T06:51:56","modified_gmt":"2024-12-24T06:51:56","slug":"post-hole-digger-gearbox-replacement-of-comer-code-t-290f","status":"publish","type":"product","link":"https:\/\/fmp-components.com\/de\/product\/post-hole-digger-gearbox-replacement-of-comer-code-t-290f\/","title":{"rendered":"Getriebe f\u00fcr Erdlochbagger \u2013 Ersatz f\u00fcr Comer Code T-290F"},"content":{"rendered":"<p>Unser Erdbohrer-Getriebe wurde speziell als Ersatz f\u00fcr das Comer Code T-290F entwickelt. Dieses Getriebe gew\u00e4hrleistet hervorragende Leistung und Langlebigkeit f\u00fcr verschiedene Bohranwendungen.<\/p>\n<h3>Hauptmerkmale:<\/h3>\n<ul>\n<li><strong>Hohes Drehmoment<\/strong>Dieses Getriebe wurde entwickelt, um ein au\u00dfergew\u00f6hnliches Drehmoment zu liefern und die Kraft des Traktors effektiv auf die F\u00f6rderschnecke zu \u00fcbertragen, wodurch es sich ideal f\u00fcr schwierige Bodenverh\u00e4ltnisse eignet.<\/li>\n<li><strong>Robuste Konstruktion<\/strong>: Unser Getriebe ist aus hochwertigen Materialien gefertigt und bietet daher eine \u00fcberlegene Festigkeit und Verschlei\u00dffestigkeit, was eine lange Lebensdauer gew\u00e4hrleistet.<\/li>\n<li><strong>Pr\u00e4zisionsbearbeitung<\/strong>Jede Einheit wird pr\u00e4zise gefertigt, um einen reibungslosen Betrieb und optimale Leistung zu gew\u00e4hrleisten und den Energieverlust w\u00e4hrend des Gebrauchs zu minimieren.<\/li>\n<li><strong>Kompaktes Design<\/strong>Die kompakten Abmessungen erm\u00f6glichen eine einfache Installation und Kompatibilit\u00e4t mit verschiedenen Pfahlbohrsystemen, ohne zus\u00e4tzliches Volumen hinzuzuf\u00fcgen.<\/li>\n<li><strong>Vielseitige Kompatibilit\u00e4t<\/strong>: Konzipiert f\u00fcr die Verwendung mit einer Reihe von Traktoren und Anbauger\u00e4ten, wodurch es sich f\u00fcr vielf\u00e4ltige Anwendungen in der Landwirtschaft und im Bauwesen eignet.<\/li>\n<li><strong>Effektives Dichtungssystem<\/strong>Integrierte Dichtungen verhindern das Eindringen von Verunreinigungen in das Getriebe und tragen so zur Aufrechterhaltung der Schmierung und zur Verl\u00e4ngerung der Lebensdauer der internen Komponenten bei.<\/li>\n<li><strong>Geringer Wartungsaufwand<\/strong>Dieses Getriebe wurde f\u00fcr Langlebigkeit entwickelt und erfordert nur minimalen Wartungsaufwand, sodass sich die Anwender ohne h\u00e4ufige Ausfallzeiten auf ihre Aufgaben konzentrieren k\u00f6nnen.<\/li>\n<\/ul>\n<p>Unser Erdbohrer-Getriebe, als Ersatz f\u00fcr das Comer-Getriebe T-290F, ist auf hohe Leistung und Zuverl\u00e4ssigkeit ausgelegt. Dank seiner robusten Bauweise und pr\u00e4zisen Konstruktion ist es die ideale L\u00f6sung f\u00fcr all Ihre Bohrarbeiten. F\u00fcr weitere Informationen oder Bestellungen kontaktieren Sie uns bitte noch heute!<\/p>\n<h2>Produktspezifikationen:<\/h2>\n<table style=\"width: 100%;\" border=\"1\" width=\"100%\" cellspacing=\"0\" cellpadding=\"0\">\n<tbody>\n<tr>\n<th>Beschreibung<\/th>\n<td>Getriebe f\u00fcr Erdbohrer \u2013 Ersatzteil f\u00fcr Corner Code T-290F<\/td>\n<\/tr>\n<tr>\n<th>Anwendung<\/th>\n<td>Verschiedene (landwirtschaftliche) Anwendungen<\/td>\n<\/tr>\n<tr>\n<th>Besteht aus<\/th>\n<td>Getriebe<\/td>\n<\/tr>\n<tr>\n<th>Ohne \u00d6l<\/th>\n<td>Technische Informationen<\/td>\n<\/tr>\n<tr>\n<th>Maximale Eingangsleistung<\/th>\n<td>66,2 kW<\/td>\n<\/tr>\n<tr>\n<th>Maximales Ausgangsdrehmoment<\/th>\n<td>1135 nm<\/td>\n<\/tr>\n<tr>\n<th>Enth\u00e4lt \u00d6l<\/th>\n<td>NEIN<\/td>\n<\/tr>\n<tr>\n<th>Max. \u00d6lkapazit\u00e4t<\/th>\n<td>2,3 l<\/td>\n<\/tr>\n<tr>\n<th>Max. \u00d6lwechselintervall<\/th>\n<td>500 h<\/td>\n<\/tr>\n<tr>\n<th>\u00d6l SAE-Viskosit\u00e4tsklasse<\/th>\n<td>80W-90<\/td>\n<\/tr>\n<tr>\n<th>Geh\u00e4usematerial<\/th>\n<td>Gusseisen GG25<\/td>\n<\/tr>\n<tr>\n<th>Gewicht<\/th>\n<td>30 kg<\/td>\n<\/tr>\n<tr>\n<th>Getriebeanordnung<\/th>\n<td>5 &#8211; 6<\/td>\n<\/tr>\n<tr>\n<th>Verh\u00e4ltnis<\/th>\n<td>1: 1<\/td>\n<\/tr>\n<tr>\n<th>Eingangswelle<\/th>\n<td>Z<\/td>\n<\/tr>\n<tr>\n<th>Welle X<\/th>\n<td>1 3\/8\u2033 (6) (A)<\/td>\n<\/tr>\n<tr>\n<th>Welle Y<\/th>\n<td>1 3\/8\u2033 (6) (A)<\/td>\n<\/tr>\n<tr>\n<th>Welle Z<\/th>\n<td>1 3\/8\u2033 (6) (B)<\/td>\n<\/tr>\n<\/tbody>\n<\/table>\n<h2>\u00dcber FMP<\/h2>\n<p>FMP mit Sitz in Italien ist ein f\u00fchrender Anbieter in der Forschung, Entwicklung und Fertigung von Getrieben, Untersetzungsgetrieben und Baumaschinen. Unser Engagement f\u00fcr Innovation und Exzellenz spiegelt sich in unserem umfangreichen Produktsortiment wider, das Folgendes umfasst:<\/p>\n<ul>\n<li><strong>Spiralkegelgetriebe<\/strong><\/li>\n<li><strong>Geradgetriebe<\/strong><\/li>\n<li><strong>Schneckengetriebe<\/strong><\/li>\n<li><strong>Stirnradgetriebe<\/strong><\/li>\n<li><strong>Hochdruckgegossene Ventilk\u00f6rper und -geh\u00e4use<\/strong><\/li>\n<\/ul>\n<p>Unsere Produkte sind f\u00fcr eine Vielzahl von Anwendungen konzipiert und bedienen Branchen wie Landwirtschaft, Bauwesen und Schifffahrt. Sie werden h\u00e4ufig in landwirtschaftlichen M\u00e4hwerken, Schneepfl\u00fcgen, D\u00fcngerstreuern, Getreidef\u00f6rderanlagen, Industriemaschinen, \u00d6lf\u00f6rderanlagen und Hydrauliksystemen eingesetzt.<\/p>\n<p>Bei FMP sind wir stolz auf unsere umfassenden technischen und Forschungskompetenzen. Unser unerm\u00fcdliches Engagement f\u00fcr die Herstellung zuverl\u00e4ssiger und qualitativ hochwertiger Produkte hat uns zu einem angesehenen Namen in der Fertigungsindustrie gemacht. Wir verfolgen eine einzigartige Gesch\u00e4ftsphilosophie, die Innovation, Qualit\u00e4t und Kundenzufriedenheit in den Mittelpunkt stellt und es uns erm\u00f6glicht, uns an die sich wandelnden Bed\u00fcrfnisse unserer Kunden anzupassen.<\/p>\n<p><img loading=\"lazy\" decoding=\"async\" class=\"alignnone wp-image-1840\" src=\"https:\/\/fmp-components.com\/wp-content\/uploads\/2024\/12\/Post-Hole-Digger-Gearbox-6.webp\" alt=\"Erdbohrer-Getriebe\" width=\"884\" height=\"582\" title=\"\" srcset=\"https:\/\/fmp-components.com\/wp-content\/uploads\/2024\/12\/Post-Hole-Digger-Gearbox-6.webp 884w, https:\/\/fmp-components.com\/wp-content\/uploads\/2024\/12\/Post-Hole-Digger-Gearbox-6-480x316.webp 480w\" sizes=\"(min-width: 0px) and (max-width: 480px) 480px, (min-width: 481px) 884px, 100vw\" \/><\/p>\n<h3>Herstellungsprozess f\u00fcr landwirtschaftliche Getriebe<\/h3>\n<p>Die Herstellung von Getrieben f\u00fcr die Landwirtschaft ist ein sorgf\u00e4ltiger Prozess, der mehrere kritische Schritte umfasst, die jeweils darauf ausgelegt sind, h\u00f6chste Qualit\u00e4t und Leistung zu gew\u00e4hrleisten:<\/p>\n<p><strong>Produktdesign<\/strong><br \/>\nIn der ersten Phase werden Spezifikationen definiert, Materialien ausgew\u00e4hlt und Abmessungen festgelegt, die auf die jeweiligen Anwendungsanforderungen zugeschnitten sind. Unser Designteam arbeitet eng mit den Kunden zusammen, um deren Bed\u00fcrfnisse zu verstehen und die neuesten technologischen Entwicklungen zu integrieren.<\/p>\n<p><strong>Rohmaterialvorbereitung<\/strong><br \/>\nWir w\u00e4hlen die ben\u00f6tigten Rohstoffe, vorwiegend Gusseisen und Aluminiumlegierungen, sorgf\u00e4ltig aus und stellen sicher, dass sie unseren strengen Qualit\u00e4tsstandards entsprechen. Jede Charge wird vor der Verwendung gr\u00fcndlich gepr\u00fcft, um die optimale Leistung unserer Produkte zu gew\u00e4hrleisten.<\/p>\n<p><strong>Pr\u00e4zisionsbearbeitung<\/strong><br \/>\nDie Rohmaterialien werden pr\u00e4zise bearbeitet, unter anderem durch Drehen und Fr\u00e4sen, um Zahnr\u00e4der, Wellen und Geh\u00e4use mit h\u00f6chster Genauigkeit herzustellen. Unser hochmoderner Maschinenpark und unsere qualifizierten Techniker gew\u00e4hrleisten, dass jedes Bauteil perfekt gefertigt wird.<\/p>\n<p><strong>Montage<\/strong><br \/>\nBei der Montage werden Bauteile wie Zahnr\u00e4der, Lager und Wellen sorgf\u00e4ltig im Geh\u00e4use zusammengef\u00fcgt. Dieser Arbeitsschritt umfasst strenge Pr\u00e4zisionspr\u00fcfungen und Kalibrierungen sowie die Anwendung geeigneter Schmierstoffe, um einen reibungslosen und effizienten Betrieb zu gew\u00e4hrleisten.<\/p>\n<p><strong>Prozessbehandlung<\/strong><br \/>\nZur Verbesserung von Festigkeit und Verschlei\u00dffestigkeit werden Getriebe fortschrittlichen W\u00e4rmebehandlungsverfahren unterzogen. Dieser entscheidende Schritt gew\u00e4hrleistet, dass unsere Produkte den Belastungen anspruchsvoller Anwendungen standhalten.<\/p>\n<p><strong>Oberfl\u00e4chenbehandlung<\/strong><br \/>\nWir wenden Oberfl\u00e4chenbehandlungen wie Polieren und Pulverbeschichten an, um sowohl die Optik als auch die Korrosionsbest\u00e4ndigkeit der Getriebe zu verbessern. Dies erh\u00f6ht nicht nur die Haltbarkeit, sondern verl\u00e4ngert auch die Lebensdauer unserer Produkte in unterschiedlichen Umgebungen.<\/p>\n<p><strong>Qualit\u00e4tskontrolle<\/strong><br \/>\nIn jeder Produktionsphase werden umfassende Pr\u00fcfungen durchgef\u00fchrt, bei denen Abmessungen, Pr\u00e4zision, Ger\u00e4uschentwicklung und Vibrationen gemessen werden. Dieser strenge Qualit\u00e4tskontrollprozess garantiert, dass unsere Getriebe h\u00f6chste Sicherheits- und Leistungsstandards erf\u00fcllen.<\/p>\n<p>Die Fertigung von Landwirtschaftsgetrieben bei FMP ist ein komplexer Prozess, der qualifizierte Handwerker, fortschrittliche Fertigungstechnologie und ein umfassendes Qualit\u00e4tskontrollsystem erfordert. Dank unserer sorgf\u00e4ltigen Vorgehensweise liefern wir Getriebe von herausragender Leistung und Zuverl\u00e4ssigkeit, die den hohen Anspr\u00fcchen unserer Kunden gerecht werden.<\/p>\n<p>Autor: CX<\/p>","protected":false},"excerpt":{"rendered":"<p>Our Post Hole Digger Gearbox, designed specifically as a replacement for the Comer Code T-290F. This gearbox ensures outstanding performance and durability for various drilling applications. Key Features: High Torque Output: Engineered to provide exceptional torque, this gearbox effectively transfers power from the tractor to the auger, making it ideal for tough soil conditions. Robust [&hellip;]<\/p>","protected":false},"featured_media":1844,"comment_status":"open","ping_status":"closed","template":"","meta":{"_et_pb_use_builder":"","_et_pb_old_content":"","_et_gb_content_width":""},"product_brand":[],"product_cat":[15],"product_tag":[],"class_list":{"0":"post-1843","1":"product","2":"type-product","3":"status-publish","4":"has-post-thumbnail","6":"product_cat-uncategorized","8":"first","9":"instock","10":"shipping-taxable","11":"product-type-simple"},"_links":{"self":[{"href":"https:\/\/fmp-components.com\/de\/wp-json\/wp\/v2\/product\/1843","targetHints":{"allow":["GET"]}}],"collection":[{"href":"https:\/\/fmp-components.com\/de\/wp-json\/wp\/v2\/product"}],"about":[{"href":"https:\/\/fmp-components.com\/de\/wp-json\/wp\/v2\/types\/product"}],"replies":[{"embeddable":true,"href":"https:\/\/fmp-components.com\/de\/wp-json\/wp\/v2\/comments?post=1843"}],"wp:featuredmedia":[{"embeddable":true,"href":"https:\/\/fmp-components.com\/de\/wp-json\/wp\/v2\/media\/1844"}],"wp:attachment":[{"href":"https:\/\/fmp-components.com\/de\/wp-json\/wp\/v2\/media?parent=1843"}],"wp:term":[{"taxonomy":"product_brand","embeddable":true,"href":"https:\/\/fmp-components.com\/de\/wp-json\/wp\/v2\/product_brand?post=1843"},{"taxonomy":"product_cat","embeddable":true,"href":"https:\/\/fmp-components.com\/de\/wp-json\/wp\/v2\/product_cat?post=1843"},{"taxonomy":"product_tag","embeddable":true,"href":"https:\/\/fmp-components.com\/de\/wp-json\/wp\/v2\/product_tag?post=1843"}],"curies":[{"name":"wp","href":"https:\/\/api.w.org\/{rel}","templated":true}]}}