{"id":1831,"date":"2024-12-24T05:44:59","date_gmt":"2024-12-24T05:44:59","guid":{"rendered":"https:\/\/fmp-components.com\/?page_id=8"},"modified":"2024-12-24T06:47:52","modified_gmt":"2024-12-24T06:47:52","slug":"75-hp-heavy-duty-post-hole-digger-gearbox-for-3-point-post-hole-digger","status":"publish","type":"product","link":"https:\/\/fmp-components.com\/de\/product\/75-hp-heavy-duty-post-hole-digger-gearbox-for-3-point-post-hole-digger\/","title":{"rendered":"75 PS Hochleistungs-Erdlochgr\u00e4ber-Getriebe f\u00fcr 3-Punkt-Erdlochgr\u00e4ber"},"content":{"rendered":"<p><img loading=\"lazy\" decoding=\"async\" class=\"size-full wp-image-1838 aligncenter\" src=\"https:\/\/fmp-components.com\/wp-content\/uploads\/2024\/12\/Heavy-Duty-Post-Hole-Digger-Gearbox-Parts-2.webp\" alt=\"Hochleistungs-Erdbohrer-Getriebeteile\" width=\"600\" height=\"600\" title=\"\" srcset=\"https:\/\/fmp-components.com\/wp-content\/uploads\/2024\/12\/Heavy-Duty-Post-Hole-Digger-Gearbox-Parts-2.webp 600w, https:\/\/fmp-components.com\/wp-content\/uploads\/2024\/12\/Heavy-Duty-Post-Hole-Digger-Gearbox-Parts-2-480x480.webp 480w\" sizes=\"(min-width: 0px) and (max-width: 480px) 480px, (min-width: 481px) 600px, 100vw\" \/><\/p>\n<h2>Getriebeabmessungen f\u00fcr 75 PS starke Hochleistungs-Erdbohrmaschinen<\/h2>\n<p><img loading=\"lazy\" decoding=\"async\" class=\"alignnone size-full wp-image-1832\" src=\"https:\/\/fmp-components.com\/wp-content\/uploads\/2024\/12\/Post-Hole-Digger-Gearbox-1.webp\" alt=\"Erdbohrer-Getriebe\" width=\"1012\" height=\"872\" title=\"\" srcset=\"https:\/\/fmp-components.com\/wp-content\/uploads\/2024\/12\/Post-Hole-Digger-Gearbox-1.webp 1012w, https:\/\/fmp-components.com\/wp-content\/uploads\/2024\/12\/Post-Hole-Digger-Gearbox-1-980x844.webp 980w, https:\/\/fmp-components.com\/wp-content\/uploads\/2024\/12\/Post-Hole-Digger-Gearbox-1-480x414.webp 480w\" sizes=\"(min-width: 0px) and (max-width: 480px) 480px, (min-width: 481px) and (max-width: 980px) 980px, (min-width: 981px) 1012px, 100vw\" \/><\/p>\n<h2>Produktspezifikationen:<\/h2>\n<div><span class=\"Apple-style-span\">Dieses Getriebe f\u00fcr Erdbohrer ist ein 75 PS starkes Winkelgetriebe, das bei vielen Anbauger\u00e4ten f\u00fcr Erdbohrer zum Einsatz kommt. Es ist ein robustes Ersatzgetriebe f\u00fcr diverse Hersteller. Bitte \u00fcberpr\u00fcfen Sie die Ma\u00dfe Ihres Getriebes, um sicherzustellen, dass es passt.<\/span><\/div>\n<p>\u2013 75 PS Leistung<\/p>\n<p>\u2013 Beinhaltet Wachpersonal<\/p>\n<p>\u2013 Verh\u00e4ltnis 3:1<\/p>\n<p>\u2013 Runde Eingangswelle mit 1-1\/4\u2033 Durchmesser und 3\/8\u2033 Befestigungsloch<\/p>\n<p>\u2013 2\u2033 runde Abtriebswelle mit zwei 1\/2\u2033-Bohrungen zur Montage von Schnecken<\/p>\n<p>\u2013 7\/8\u2033 Befestigungsstift, 7-1\/2\u2033 lang<\/p>\n<p>\u2013 Befestigungslaschen 5-3\/8\u2033 innen &amp; 6-5\/8\u2033 au\u00dfen zu au\u00dfen.<\/p>\n<p>\u2013 Strapazierf\u00e4hige schwarze Lackierung<\/p>\n<p>\u2013 75 Pfund<\/p>\n<p>\u2013 Lieferung ohne \u00d6l ( 80W-90 Getriebe\u00f6l)<\/p>\n<p><img loading=\"lazy\" decoding=\"async\" class=\"alignnone size-full wp-image-1836\" src=\"https:\/\/fmp-components.com\/wp-content\/uploads\/2024\/12\/Post-Hole-Digger-Gearbox-3.webp\" alt=\"Erdbohrer-Getriebe\" width=\"1278\" height=\"752\" title=\"\" srcset=\"https:\/\/fmp-components.com\/wp-content\/uploads\/2024\/12\/Post-Hole-Digger-Gearbox-3.webp 1278w, https:\/\/fmp-components.com\/wp-content\/uploads\/2024\/12\/Post-Hole-Digger-Gearbox-3-980x577.webp 980w, https:\/\/fmp-components.com\/wp-content\/uploads\/2024\/12\/Post-Hole-Digger-Gearbox-3-480x282.webp 480w\" sizes=\"(min-width: 0px) and (max-width: 480px) 480px, (min-width: 481px) and (max-width: 980px) 980px, (min-width: 981px) 1278px, 100vw\" \/><\/p>\n<h2>Getriebeteile f\u00fcr 75 PS Hochleistungs-Erdbohrer<\/h2>\n<p>Das 75 PS starke Hochleistungs-Getriebe f\u00fcr Erdbohrer ist eine robuste Komponente, die f\u00fcr die hohen Drehmomentanforderungen beim Bohren in schwierigen Bodenverh\u00e4ltnissen entwickelt wurde. Nachfolgend sind die Hauptbestandteile dieses Getriebes aufgef\u00fchrt:<\/p>\n<p>Getriebegeh\u00e4use: Das Getriebegeh\u00e4use sch\u00fctzt und st\u00fctzt die internen Komponenten. Es wird \u00fcblicherweise aus robusten Materialien wie Gusseisen oder Stahl gefertigt und ist f\u00fcr die hohen Belastungen bei anspruchsvollen Bohrarbeiten ausgelegt.<\/p>\n<p>Eingangswelle: Die Eingangswelle ist mit der Zapfwelle (PTO) des Traktors verbunden und \u00fcbertr\u00e4gt die Drehbewegung des Traktormotors auf das Getriebe. Sie dient als Hauptantrieb f\u00fcr das Getriebe und leitet den Bohrvorgang ein.<\/p>\n<p>Getriebe: Im Inneren des Getriebes \u00fcbertr\u00e4gt eine Reihe von Zahnr\u00e4dern die Kraft von der Eingangswelle auf die Ausgangswelle und passt dabei Drehmoment und Drehzahl an. Diese Zahnr\u00e4der sind pr\u00e4zise konstruiert, um die notwendige Drehmomentverst\u00e4rkung f\u00fcr effektives Bohren in verschiedenen Bodentypen zu gew\u00e4hrleisten.<\/p>\n<p>Abtriebswelle: Die Abtriebswelle empf\u00e4ngt die Kraft von den Zahnr\u00e4dern und \u00fcbertr\u00e4gt sie auf die Bohrschnecke. Durch die Drehung der Bohrschnecke erm\u00f6glicht diese Welle das Erstellen von Pflanzl\u00f6chern mit der erforderlichen Tiefe und dem gew\u00fcnschten Durchmesser.<\/p>\n<p>Lager: Lager st\u00fctzen die Wellen und Zahnr\u00e4der im Getriebe und gew\u00e4hrleisten einen reibungslosen Lauf mit minimaler Reibung. Hochwertige Lager sind entscheidend f\u00fcr die Effizienz und Langlebigkeit des Getriebes, insbesondere unter hoher Belastung im Dauerbetrieb.<\/p>\n<p>Dichtungen: Dichtungen sind unerl\u00e4sslich, um zu verhindern, dass Schmutz, Feuchtigkeit und andere Verunreinigungen in das Getriebegeh\u00e4use und das Schmiersystem gelangen. Durch die Aufrechterhaltung der Integrit\u00e4t des Getriebes tragen diese Dichtungen dazu bei, vorzeitigen Verschlei\u00df oder Sch\u00e4den an den internen Bauteilen zu vermeiden.<\/p>\n<p><img loading=\"lazy\" decoding=\"async\" class=\"alignnone size-full wp-image-1837\" src=\"https:\/\/fmp-components.com\/wp-content\/uploads\/2024\/12\/Post-Hole-Digger-Gearbox-48.webp\" alt=\"Erdbohrer-Getriebe\" width=\"2560\" height=\"1920\" title=\"\" srcset=\"https:\/\/fmp-components.com\/wp-content\/uploads\/2024\/12\/Post-Hole-Digger-Gearbox-48.webp 2560w, https:\/\/fmp-components.com\/wp-content\/uploads\/2024\/12\/Post-Hole-Digger-Gearbox-48-1280x960.webp 1280w, https:\/\/fmp-components.com\/wp-content\/uploads\/2024\/12\/Post-Hole-Digger-Gearbox-48-980x735.webp 980w, https:\/\/fmp-components.com\/wp-content\/uploads\/2024\/12\/Post-Hole-Digger-Gearbox-48-480x360.webp 480w\" sizes=\"(min-width: 0px) and (max-width: 480px) 480px, (min-width: 481px) and (max-width: 980px) 980px, (min-width: 981px) and (max-width: 1280px) 1280px, (min-width: 1281px) 2560px, 100vw\" \/><\/p>\n<h2>Merkmale des 75 PS starken Hochleistungs-Erdbohrer-Getriebes<\/h2>\n<p>Das 75 PS starke Hochleistungs-Getriebe f\u00fcr Erdbohrmaschinen ist f\u00fcr optimale Leistung und Langlebigkeit bei anspruchsvollen Bohranwendungen ausgelegt. Hier die wichtigsten Merkmale:<\/p>\n<h3>1. Hohe Drehmomentkapazit\u00e4t<\/h3>\n<p>Dieses Getriebe wurde f\u00fcr die Bew\u00e4ltigung hoher Drehmomentanforderungen entwickelt und \u00fcbertr\u00e4gt die Kraft effizient beim Bohren unter schwierigen Bodenbedingungen, wodurch ein effektiver Betrieb gew\u00e4hrleistet wird.<\/p>\n<h3>2. Robuste Konstruktion<\/h3>\n<p>Das aus robusten Materialien wie Gusseisen oder Stahl gefertigte Getriebegeh\u00e4use bietet eine ausgezeichnete strukturelle Integrit\u00e4t und Verschlei\u00dffestigkeit.<\/p>\n<h3>3. Pr\u00e4zisionszahnr\u00e4der<\/h3>\n<p>Das Getriebe verf\u00fcgt \u00fcber pr\u00e4zise gefertigte Zahnr\u00e4der, die Drehmoment und Drehzahl optimieren und so ein effizientes Bohren bei gleichzeitiger Anpassung an unterschiedliche Bodentypen erm\u00f6glichen.<\/p>\n<h3>4. Effiziente Energie\u00fcbertragung<\/h3>\n<p>Durch die zuverl\u00e4ssige Verbindung der Eingangswelle mit der Zapfwelle des Traktors erm\u00f6glicht das Getriebe eine reibungslose Kraft\u00fcbertragung vom Traktormotor und verbessert so die Gesamtleistung.<\/p>\n<h3>5. L\u00e4ngere Lebensdauer<\/h3>\n<p>Hochwertige Lager minimieren Reibung und Verschlei\u00df und tragen so zur Langlebigkeit des Getriebes bei, selbst unter dauerhaft hoher Belastung.<\/p>\n<h3>6. Effektives Dichtungssystem<\/h3>\n<p>Integrierte Dichtungen sch\u00fctzen die internen Komponenten vor Schmutz und Feuchtigkeit, tragen zur Aufrechterhaltung der Schmierung bei und verhindern vorzeitige Sch\u00e4den.<\/p>\n<h3>7. Vielseitige Anwendungsm\u00f6glichkeiten<\/h3>\n<p>Dieses Getriebe eignet sich f\u00fcr verschiedene Bodenverh\u00e4ltnisse und ist ideal f\u00fcr Anwendungen in der Landwirtschaft, im Landschaftsbau und im Bauwesen. Dadurch ist es eine vielseitige Wahl f\u00fcr das Ausheben von Pfahll\u00f6chern.<\/p>\n<h3>8. Einfache Wartung<\/h3>\n<p>Die Konstruktion erm\u00f6glicht eine unkomplizierte Wartung und gew\u00e4hrleistet, dass die Benutzer die Komponenten f\u00fcr Inspektionen und Servicearbeiten problemlos erreichen k\u00f6nnen.<\/p>\n<p>Diese Eigenschaften machen das 75 PS starke Hochleistungs-Erdbohrgetriebe zu einer zuverl\u00e4ssigen Wahl f\u00fcr Profis, die effiziente und langlebige Bohrl\u00f6sungen ben\u00f6tigen.<\/p>\n<p><img loading=\"lazy\" decoding=\"async\" class=\"alignnone size-full wp-image-1839\" src=\"https:\/\/fmp-components.com\/wp-content\/uploads\/2024\/12\/Post-Hole-Digger-Gearbox-5.webp\" alt=\"Hochleistungs-Erdbohrer-Getriebeteile\" width=\"1282\" height=\"642\" title=\"\" srcset=\"https:\/\/fmp-components.com\/wp-content\/uploads\/2024\/12\/Post-Hole-Digger-Gearbox-5.webp 1282w, https:\/\/fmp-components.com\/wp-content\/uploads\/2024\/12\/Post-Hole-Digger-Gearbox-5-1280x641.webp 1280w, https:\/\/fmp-components.com\/wp-content\/uploads\/2024\/12\/Post-Hole-Digger-Gearbox-5-980x491.webp 980w, https:\/\/fmp-components.com\/wp-content\/uploads\/2024\/12\/Post-Hole-Digger-Gearbox-5-480x240.webp 480w\" sizes=\"(min-width: 0px) and (max-width: 480px) 480px, (min-width: 481px) and (max-width: 980px) 980px, (min-width: 981px) and (max-width: 1280px) 1280px, (min-width: 1281px) 1282px, 100vw\" \/><\/p>\n<h2>\u00dcber FMP<\/h2>\n<p>FMP mit Sitz in Italien widmet sich der Forschung, Entwicklung und Fertigung eines breiten Spektrums an Getrieben, Untersetzungsgetrieben und Baumaschinen. Unser Produktportfolio umfasst:<\/p>\n<ul>\n<li><strong>Spiralkegelgetriebe<\/strong><\/li>\n<li><strong>Geradgetriebe<\/strong><\/li>\n<li><strong>Schneckengetriebe<\/strong><\/li>\n<li><strong>Stirnradgetriebe<\/strong><\/li>\n<li><strong>Hochdruckgegossene Ventilk\u00f6rper und -geh\u00e4use<\/strong><\/li>\n<\/ul>\n<p>Diese Produkte eignen sich f\u00fcr verschiedene Anwendungen, darunter landwirtschaftliche M\u00e4hwerke, Schneepfl\u00fcge, D\u00fcngerstreuer, Getreidef\u00f6rderanlagen, Industrieanlagen, Erd\u00f6lf\u00f6rderanlagen, Ausr\u00fcstung f\u00fcr die Schifffahrtsindustrie und Hydraulikkomponenten f\u00fcr den Maschinenbau.<\/p>\n<p>Wir bei FMP sind stolz auf unsere umfassenden technischen und Forschungskompetenzen. Unser Engagement f\u00fcr die Herstellung zuverl\u00e4ssiger und qualitativ hochwertiger Produkte hat uns einen hervorragenden Ruf in der Fertigungsindustrie eingebracht. Wir verfolgen eine einzigartige Gesch\u00e4ftsphilosophie, die Innovation, Qualit\u00e4t und Kundenzufriedenheit in den Mittelpunkt stellt und sicherstellt, dass wir den sich wandelnden Bed\u00fcrfnissen unserer Kunden gerecht werden.<\/p>\n<p><img loading=\"lazy\" decoding=\"async\" class=\"alignnone wp-image-1840\" src=\"https:\/\/fmp-components.com\/wp-content\/uploads\/2024\/12\/Post-Hole-Digger-Gearbox-6.webp\" alt=\"Erdbohrer-Getriebe\" width=\"884\" height=\"582\" title=\"\" srcset=\"https:\/\/fmp-components.com\/wp-content\/uploads\/2024\/12\/Post-Hole-Digger-Gearbox-6.webp 884w, https:\/\/fmp-components.com\/wp-content\/uploads\/2024\/12\/Post-Hole-Digger-Gearbox-6-480x316.webp 480w\" sizes=\"(min-width: 0px) and (max-width: 480px) 480px, (min-width: 481px) 884px, 100vw\" \/><\/p>\n<h3>Herstellungsprozess f\u00fcr landwirtschaftliche Getriebe<\/h3>\n<p>Der Produktionsprozess f\u00fcr landwirtschaftliche Getriebe ist komplex und umfasst mehrere wichtige Schritte:<\/p>\n<ol>\n<li><strong>Produktdesign<\/strong>Diese erste Phase umfasst die Auswahl von Spezifikationen, Materialien und Abmessungen f\u00fcr das Getriebe, um die spezifischen Anwendungsanforderungen zu erf\u00fcllen.<\/li>\n<li><strong>Rohmaterialvorbereitung<\/strong>Wir bereiten die ben\u00f6tigten Rohstoffe, vorwiegend Gusseisen oder Aluminiumlegierungen, so auf, dass sie unseren strengen Qualit\u00e4tsstandards entsprechen.<\/li>\n<li><strong>Pr\u00e4zisionsbearbeitung<\/strong>Die Rohmaterialien werden einer Pr\u00e4zisionsbearbeitung unterzogen, die Drehen, Fr\u00e4sen und andere Bearbeitungsvorg\u00e4nge umfasst, um Zahnr\u00e4der, Wellen und Geh\u00e4use mit hoher Genauigkeit herzustellen.<\/li>\n<li><strong>Montage<\/strong>Komponenten wie Zahnr\u00e4der, Lager und Wellen werden sorgf\u00e4ltig im Geh\u00e4use montiert. In dieser Phase pr\u00fcfen und kalibrieren wir die Pr\u00e4zision und tragen die entsprechenden Schmierstoffe auf, um einen reibungslosen Betrieb zu gew\u00e4hrleisten.<\/li>\n<li><strong>Prozessbehandlung<\/strong>Die Getriebe werden einer W\u00e4rmebehandlung unterzogen, wodurch ihre Festigkeit und Verschlei\u00dffestigkeit f\u00fcr eine lange Lebensdauer erh\u00f6ht werden.<\/li>\n<li><strong>Oberfl\u00e4chenbehandlung<\/strong>Wir setzen Oberfl\u00e4chenbehandlungen wie Polieren und Pulverbeschichten ein, um sowohl die \u00c4sthetik als auch die Korrosionsbest\u00e4ndigkeit der Getriebe zu verbessern.<\/li>\n<li><strong>Qualit\u00e4tskontrolle<\/strong>Um sicherzustellen, dass unsere Getriebe den Sicherheits- und Leistungsstandards entsprechen, werden strenge Qualit\u00e4tskontrollen durchgef\u00fchrt, bei denen Abmessungen, Pr\u00e4zision, Ger\u00e4uschentwicklung und Vibrationen gemessen werden.<\/li>\n<\/ol>\n<p>Die Herstellung von Getrieben f\u00fcr die Landwirtschaft ist insgesamt ein komplexer Prozess, der qualifizierte Fachkr\u00e4fte, moderne Fertigungsanlagen und ein umfassendes Qualit\u00e4tskontrollsystem erfordert. Dieser sorgf\u00e4ltige Ansatz gew\u00e4hrleistet, dass unsere Getriebe au\u00dfergew\u00f6hnliche Leistung und Zuverl\u00e4ssigkeit bieten.<\/p>\n<p>Autor: CX<\/p>","protected":false},"excerpt":{"rendered":"<p>75 HP Heavy Duty Post Hole Digger Gearbox Dimensions Product Specifications: This post hole digger gearbox is a 75 horsepower, right angle gearbox used on many post hole digger attachments. This heavy duty post hole digger gearbox is a direct replacement for a number of manufacturers. Just check the measurements on yours to make sure [&hellip;]<\/p>","protected":false},"featured_media":1833,"comment_status":"open","ping_status":"closed","template":"","meta":{"_et_pb_use_builder":"","_et_pb_old_content":"","_et_gb_content_width":""},"product_brand":[],"product_cat":[50],"product_tag":[],"class_list":{"0":"post-1831","1":"product","2":"type-product","3":"status-publish","4":"has-post-thumbnail","6":"product_cat-post-hole-digger-gearbox","8":"first","9":"instock","10":"shipping-taxable","11":"product-type-simple"},"_links":{"self":[{"href":"https:\/\/fmp-components.com\/de\/wp-json\/wp\/v2\/product\/1831","targetHints":{"allow":["GET"]}}],"collection":[{"href":"https:\/\/fmp-components.com\/de\/wp-json\/wp\/v2\/product"}],"about":[{"href":"https:\/\/fmp-components.com\/de\/wp-json\/wp\/v2\/types\/product"}],"replies":[{"embeddable":true,"href":"https:\/\/fmp-components.com\/de\/wp-json\/wp\/v2\/comments?post=1831"}],"wp:featuredmedia":[{"embeddable":true,"href":"https:\/\/fmp-components.com\/de\/wp-json\/wp\/v2\/media\/1833"}],"wp:attachment":[{"href":"https:\/\/fmp-components.com\/de\/wp-json\/wp\/v2\/media?parent=1831"}],"wp:term":[{"taxonomy":"product_brand","embeddable":true,"href":"https:\/\/fmp-components.com\/de\/wp-json\/wp\/v2\/product_brand?post=1831"},{"taxonomy":"product_cat","embeddable":true,"href":"https:\/\/fmp-components.com\/de\/wp-json\/wp\/v2\/product_cat?post=1831"},{"taxonomy":"product_tag","embeddable":true,"href":"https:\/\/fmp-components.com\/de\/wp-json\/wp\/v2\/product_tag?post=1831"}],"curies":[{"name":"wp","href":"https:\/\/api.w.org\/{rel}","templated":true}]}}