{"id":1683,"date":"2024-12-23T07:01:59","date_gmt":"2024-12-23T07:01:59","guid":{"rendered":"https:\/\/fmp-components.com\/product\/factory-direct-sale-10-ton-hydraulic-cylinder-telescopic-hydraulic-cylinder-for-dump-truck\/"},"modified":"2025-03-11T06:03:41","modified_gmt":"2025-03-11T06:03:41","slug":"factory-direct-sale-10-ton-hydraulic-cylinder-telescopic-hydraulic-cylinder-for-dump-truck","status":"publish","type":"product","link":"https:\/\/fmp-components.com\/de\/product\/factory-direct-sale-10-ton-hydraulic-cylinder-telescopic-hydraulic-cylinder-for-dump-truck\/","title":{"rendered":"Fabrik Direkt Verkauf 10 Ton Hydraulische Zylinder Teleskop Hydraulische Zylinder F\u00fcr Dump Lkw"},"content":{"rendered":"<h2>Fabrik Direkt Verkauf 10 Ton Hydraulische Zylinder Teleskop Hydraulische Zylinder F\u00fcr Dump Lkw<\/h2>\n<p>Der direkt ab Werk erh\u00e4ltliche 10-Tonnen-Teleskop-Hydraulikzylinder f\u00fcr Muldenkipper ist ein hochwertiger Hydraulikzylinder, der f\u00fcr hohe Belastungen und anspruchsvolle Betriebsbedingungen ausgelegt ist. Er wurde speziell f\u00fcr Muldenkipper und andere Schwerlastanwendungen entwickelt.<\/p>\n<p>Dieser Hydraulikzylinder verf\u00fcgt \u00fcber eine Teleskopkonstruktion, die ein sanftes und kontrolliertes Aus- und Einfahren erm\u00f6glicht und so eine hervorragende Hub- und Haltekraft gew\u00e4hrleistet. Dank seiner robusten Materialien und der hochwertigen Verarbeitung ist er zudem besonders langlebig und bew\u00e4ltigt selbst h\u00e4rteste Aufgaben zuverl\u00e4ssig.<\/p>\n<p><img decoding=\"async\" src=\"https:\/\/hzpt.com\/wp-content\/uploads\/2023\/11\/Inverted-Telescopic-Cylinder-22.webp\" alt=\"\" title=\"\"><\/p>\n<p>Ob Sie Ihren vorhandenen Muldenkipper aufr\u00fcsten oder einen zuverl\u00e4ssigen Hydraulikzylinder f\u00fcr ein neues Projekt ben\u00f6tigen \u2013 der direkt vom Hersteller angebotene 10-Tonnen-Teleskop-Hydraulikzylinder f\u00fcr Muldenkipper ist eine ausgezeichnete Wahl. Dank seiner au\u00dfergew\u00f6hnlichen Leistung, St\u00e4rke und Langlebigkeit wird dieser Hydraulikzylinder Ihnen auch in anspruchsvollsten Anwendungen jahrelang zuverl\u00e4ssig dienen.<\/p>\n<div>\n<p>Suchen Sie nach den besten Hydraulikmaschinen? Dann ist unser 10-Tonnen-Hydraulikzylinder aus dem Direktverkauf ab Werk genau das Richtige f\u00fcr Sie!<\/p>\n<table style=\"width: 100%;\" border=\"1\" width=\"100%\" cellspacing=\"0\" cellpadding=\"0\">\n<tbody>\n<tr>\n<th>Produktname<\/th>\n<td>Hochmoderner Hydraulikzylinder f\u00fcr Muldenkipper<\/td>\n<\/tr>\n<tr>\n<th>Zustand<\/th>\n<td>Neu<\/td>\n<\/tr>\n<tr>\n<th>Garantie<\/th>\n<td>1 Jahr<\/td>\n<\/tr>\n<tr>\n<th>Gewicht (KG)<\/th>\n<td>48<\/td>\n<\/tr>\n<tr>\n<th>Design<\/th>\n<td>Speziell f\u00fcr Muldenkipper entwickelt<\/td>\n<\/tr>\n<tr>\n<th>Qualit\u00e4tssicherung<\/th>\n<td>Video-Ausgangspr\u00fcfung und Maschinenpr\u00fcfbericht<\/td>\n<\/tr>\n<tr>\n<th>Anwendbare Branchen<\/th>\n<td>Produktionsanlagen, Maschinenreparaturwerkst\u00e4tten, Landwirtschaftsbetriebe, Energie- und Bergbauunternehmen und mehr<\/td>\n<\/tr>\n<tr>\n<th>Leistung<\/th>\n<td>Leicht und einfach zu handhaben<\/td>\n<\/tr>\n<\/tbody>\n<\/table>\n<h2>Merkmale des Hydraulikzylinders<\/h2>\n<p>Unser Hydraulikzylinder bietet viele beeindruckende Merkmale, darunter:<\/p>\n<ul>\n<li>Geh\u00e4usematerial aus Stahl f\u00fcr Langlebigkeit und dauerhafte Leistung.<\/li>\n<li>Maximaler Schub von 3000 und maximale Zugkraft von 20 Tonnen f\u00fcr einen kraftvollen Betrieb.<\/li>\n<li>Umgekehrter Teleskopzylinder, geeignet f\u00fcr verschiedene Anwendungen.<\/li>\n<li>Mehrere Anschl\u00fcsse (G\/SAE\/NPT\/M) f\u00fcr vielseitige Anschlussm\u00f6glichkeiten.<\/li>\n<li>Zertifiziert nach ISO9001:2000, was h\u00f6chste Qualit\u00e4tsstandards gew\u00e4hrleistet.<\/li>\n<\/ul>\n<h2>Anwendungen des Hydraulikzylinders<\/h2>\n<p>Dieser Hydraulikzylinder kann in zahlreichen Bereichen eingesetzt werden, darunter:<\/p>\n<ul>\n<li>Produktionsanlagen f\u00fcr den Betrieb von Schwermaschinen.<\/li>\n<li>Maschinenreparaturwerkst\u00e4tten f\u00fcr die Wartung und \u00dcberholung von Anlagen.<\/li>\n<li>Betriebe zur Wartung schwerer Landmaschinen.<\/li>\n<li>Energie- und Bergbauindustrie f\u00fcr die Bew\u00e4ltigung von Hochdruckeins\u00e4tzen.<\/li>\n<li>Allgemeine Maschinenbauproduktion und Fabriken f\u00fcr verschiedene Anwendungsbereiche.<\/li>\n<\/ul>\n<p><img decoding=\"async\" src=\"https:\/\/hzpt.com\/wp-content\/uploads\/2023\/11\/Inverted-Telescopic-Cylinder-Applications.webp\" alt=\"Anwendungen f\u00fcr umgekehrte Teleskopzylinder\" title=\"\"><\/p>\n<h2>Funktionsprinzip und Wartung des Hydraulikzylinders<\/h2>\n<p>Der Hydraulikzylinder arbeitet mit Hydraulikfl\u00fcssigkeit, die als Eingangs- und Ausgangskraft dient. Regelm\u00e4\u00dfige Inspektion, Reinigung, Schmierung und der Austausch der Dichtungen sind neben der Beachtung der Bedienungsanleitung unerl\u00e4ssliche Wartungsma\u00dfnahmen. Regelm\u00e4\u00dfige Inspektionen und Reparaturen tragen dazu bei, den Zylinder in optimalem Zustand zu halten.<\/p>\n<p><img decoding=\"async\" src=\"https:\/\/hzpt.com\/wp-content\/uploads\/2023\/11\/Inverted-Telescopic-Cylinder-6.webp\" alt=\"\" title=\"\"><\/p>\n<\/div>\n<h2>Umgekehrter Teleskopzylinder<\/h2>\n<ul>\n<li style=\"list-style-type: none;\">\n<ul>\n<li>Einf\u00fchrung<\/li>\n<\/ul>\n<\/li>\n<\/ul>\n<p>Ein umgekehrter Teleskopzylinder ist ein Hydraulikzylinder, der h\u00e4ufig in Muldenkippern und anderen schweren Baumaschinen eingesetzt wird. Seine einzigartige Konstruktion erm\u00f6glicht einen kompakten und effizienten Betrieb und macht ihn daher in verschiedenen Branchen beliebt. Der direkt ab Werk erh\u00e4ltliche 10-Tonnen-Teleskop-Hydraulikzylinder f\u00fcr Muldenkipper ist eine der gefragtesten Optionen auf dem Markt.<\/p>\n<ul>\n<li style=\"list-style-type: none;\">\n<ul>\n<li>Struktur und Design<\/li>\n<\/ul>\n<\/li>\n<\/ul>\n<p>Die Konstruktion eines umgedrehten Teleskopzylinders besteht aus mehreren ineinander verschachtelten Rohren, wobei sich das gr\u00f6\u00dfte Rohr unten und das kleinste oben befindet. Der Zylinder funktioniert durch teleskopartiges Aus- und Einfahren dieser Rohre. Das \u00e4u\u00dfere Rohr ist mit dem Lkw-Rahmen, das innere mit der Ladefl\u00e4che verbunden, wodurch diese je nach Bedarf angehoben und abgesenkt werden kann.<\/p>\n<p>Eine Besonderheit des umgekehrten Teleskopzylinders ist seine F\u00e4higkeit, sich in sich selbst einzufahren. Dadurch ist er deutlich kompakter und effizienter als andere Hydraulikzylinder. Diese Bauweise erm\u00f6glicht zudem eine h\u00f6here Hubkraft, da das Gewicht der Last gleichm\u00e4\u00dfig \u00fcber die gesamte Zylinderl\u00e4nge verteilt wird.<\/p>\n<ul>\n<li style=\"list-style-type: none;\">\n<ul>\n<li>Funktionsprinzip<\/li>\n<\/ul>\n<\/li>\n<\/ul>\n<p>Das Funktionsprinzip eines umgekehrten Teleskopzylinders basiert auf dem Pascalschen Gesetz der Druck\u00fcbertragung. Wird Hydraulikfl\u00fcssigkeit in den Zylinder gepumpt, entsteht Druck, der die Rohre ausf\u00e4hrt und die Mulde anhebt. Wird die Fl\u00fcssigkeit abgelassen, sinkt der Druck, die Rohre fahren ein und senken die Mulde wieder in ihre Ausgangsposition ab.<\/p>\n<ul>\n<li style=\"list-style-type: none;\">\n<ul>\n<li>Vorteile<\/li>\n<\/ul>\n<\/li>\n<\/ul>\n<p>Einer der Hauptvorteile eines umgekehrten Teleskopzylinders ist seine kompakte Bauweise, die eine einfache Installation und platzsparende Bedienung erm\u00f6glicht. Die gleichm\u00e4\u00dfige Gewichtsverteilung \u00fcber die gesamte Zylinderl\u00e4nge sorgt zudem f\u00fcr eine h\u00f6here Hubkraft und einen effizienteren Betrieb. Der direkt ab Werk erh\u00e4ltliche 10-Tonnen-Teleskop-Hydraulikzylinder f\u00fcr Muldenkipper ist eine hervorragende Wahl f\u00fcr alle, die einen zuverl\u00e4ssigen und effizienten Hydraulikzylinder suchen.<\/p>\n<ul>\n<li style=\"list-style-type: none;\">\n<ul>\n<li>Anwendungen<\/li>\n<\/ul>\n<\/li>\n<\/ul>\n<p>Ein umgekehrter Teleskopzylinder wird h\u00e4ufig in Muldenkippern und anderen schweren Baumaschinen eingesetzt, wo ein kompakter und effizienter Hubmechanismus ben\u00f6tigt wird. Er findet auch in verschiedenen anderen Anwendungsbereichen Verwendung, beispielsweise in Landmaschinen, Baumaschinen und Bergbaumaschinen.<\/p>\n<h3>\u00dcber FMP<\/h3>\n<p>FMP ist ein Unternehmen, das sich auf die Herstellung und den Vertrieb von Hydraulikzylindern spezialisiert hat. Mit langj\u00e4hriger Branchenerfahrung und einem professionellen Team beliefern wir unsere Kunden mit hochwertigen und zuverl\u00e4ssigen Hydraulikzylindern f\u00fcr Baumaschinen.<\/p>\n<p><img decoding=\"async\" src=\"https:\/\/fmp-components.com\/wp-content\/uploads\/2024\/12\/Adjustable-Clevis-Type-Cylinders-6.webp\" alt=\"Einstellbarer Gabelkopfzylinder\" width=\"843\" title=\"\"><\/p>\n<p>Hier sind f\u00fcnf Gr\u00fcnde, warum Sie sich f\u00fcr unsere Hydraulikzylinder entscheiden sollten:<\/p>\n<ol>\n<li><strong>Vielf\u00e4ltiges Produktangebot:<\/strong> Wir bieten eine gro\u00dfe Auswahl an Hydraulikzylindern f\u00fcr die unterschiedlichen Anforderungen der Baumaschinenindustrie. Unser Sortiment umfasst verstellbare Gabelkopfzylinder, Schwei\u00dfzylinder, Zugstangenzylinder und mehr.<\/li>\n<li><strong>\u00dcberragende Qualit\u00e4t:<\/strong> Wir stellen sicher, dass alle unsere Hydraulikzylinder strenge Qualit\u00e4tsstandards erf\u00fcllen. Jeder Zylinder wird mit Pr\u00e4zision und Liebe zum Detail gefertigt, was hervorragende Leistung und Langlebigkeit garantiert.<\/li>\n<li><strong>Zuverl\u00e4ssige Leistung:<\/strong> Unsere Hydraulikzylinder sind so konzipiert, dass sie auch unter anspruchsvollen Arbeitsbedingungen eine konstante und zuverl\u00e4ssige Leistung liefern. Sie sind so konstruiert, dass sie hohen Belastungen standhalten und einen reibungslosen Betrieb gew\u00e4hrleisten.<\/li>\n<li><strong>Kompetentes Verkaufsteam:<\/strong> Unser erfahrenes Vertriebsteam kennt sich in der Baumaschinenbranche bestens aus und versteht die Bed\u00fcrfnisse unserer Kunden. Es ber\u00e4t Sie kompetent zu den Produkten, beantwortet Ihre Fragen und unterbreitet Ihnen clevere Kaufempfehlungen.<\/li>\n<li><strong>Effiziente Logistik:<\/strong> Wir verf\u00fcgen \u00fcber ein effizientes Logistik- und Vertriebssystem, um sicherzustellen, dass Sie Ihre ben\u00f6tigten Hydraulikzylinder rechtzeitig und zuverl\u00e4ssig erhalten. Wir wissen, wie wichtig es ist, Ausfallzeiten zu minimieren und bem\u00fchen uns um eine schnelle Lieferung.<\/li>\n<\/ol>\n<p>Entscheiden Sie sich f\u00fcr FMP und erhalten Sie hochwertige Hydraulikzylinder, die Ihren Anforderungen an Baumaschinen gerecht werden. Kontaktieren Sie uns noch heute, um Ihre Anforderungen zu besprechen. Unser Team unterst\u00fctzt Sie bei der Suche nach der perfekten Hydraulikzylinderl\u00f6sung.<\/p>\n<p>Autor: CX<\/p>","protected":false},"excerpt":{"rendered":"<p>Factory Direct Sale 10 Ton Hydraulic Cylinder Telescopic Hydraulic Cylinder For Dump Truck The Factory Direct Sale 10 Ton Hydraulic Cylinder Telescopic Hydraulic Cylinder For Dump Truck is a high-quality hydraulic cylinder designed to withstand heavy loads and harsh operating conditions. It is specifically engineered for dump trucks and other heavy-duty applications. This hydraulic cylinder [&hellip;]<\/p>","protected":false},"featured_media":1684,"comment_status":"closed","ping_status":"closed","template":"","meta":{"_et_pb_use_builder":"","_et_pb_old_content":"","_et_gb_content_width":""},"product_brand":[],"product_cat":[45],"product_tag":[34,48],"class_list":{"0":"post-1683","1":"product","2":"type-product","3":"status-publish","4":"has-post-thumbnail","6":"product_cat-inverted-telescopic-cylinder","7":"product_tag-hydraulic-cylinder","8":"product_tag-inverted-telescopic-cylinder","10":"first","11":"instock","12":"product-type-simple"},"_links":{"self":[{"href":"https:\/\/fmp-components.com\/de\/wp-json\/wp\/v2\/product\/1683","targetHints":{"allow":["GET"]}}],"collection":[{"href":"https:\/\/fmp-components.com\/de\/wp-json\/wp\/v2\/product"}],"about":[{"href":"https:\/\/fmp-components.com\/de\/wp-json\/wp\/v2\/types\/product"}],"replies":[{"embeddable":true,"href":"https:\/\/fmp-components.com\/de\/wp-json\/wp\/v2\/comments?post=1683"}],"wp:featuredmedia":[{"embeddable":true,"href":"https:\/\/fmp-components.com\/de\/wp-json\/wp\/v2\/media\/1684"}],"wp:attachment":[{"href":"https:\/\/fmp-components.com\/de\/wp-json\/wp\/v2\/media?parent=1683"}],"wp:term":[{"taxonomy":"product_brand","embeddable":true,"href":"https:\/\/fmp-components.com\/de\/wp-json\/wp\/v2\/product_brand?post=1683"},{"taxonomy":"product_cat","embeddable":true,"href":"https:\/\/fmp-components.com\/de\/wp-json\/wp\/v2\/product_cat?post=1683"},{"taxonomy":"product_tag","embeddable":true,"href":"https:\/\/fmp-components.com\/de\/wp-json\/wp\/v2\/product_tag?post=1683"}],"curies":[{"name":"wp","href":"https:\/\/api.w.org\/{rel}","templated":true}]}}