{"id":1647,"date":"2024-12-23T07:00:44","date_gmt":"2024-12-23T07:00:44","guid":{"rendered":"https:\/\/fmp-components.com\/product\/china-factory-supply-telescopic-truck-hydraulic-ram-cylinder\/"},"modified":"2025-03-11T06:10:26","modified_gmt":"2025-03-11T06:10:26","slug":"italy-factory-supply-telescopic-truck-hydraulic-ram-cylinder","status":"publish","type":"product","link":"https:\/\/fmp-components.com\/de\/product\/italy-factory-supply-telescopic-truck-hydraulic-ram-cylinder\/","title":{"rendered":"Italienische Fabrik liefert hydraulischen Zylinder f\u00fcr Teleskop-LKW"},"content":{"rendered":"<p>Der Teleskop-LKW-Hydraulikzylinder von Factory Supply ist ein hochwertiger Hydraulikzylinder, der f\u00fcr zuverl\u00e4ssige und effiziente Leistung in vielf\u00e4ltigen Anwendungsbereichen entwickelt wurde. Dieser Zylinder ist f\u00fcr den harten Einsatz konzipiert und ideal f\u00fcr diverse industrielle und gewerbliche Anwendungen geeignet.<\/p>\n<p>Eines der Hauptmerkmale dieses Hydraulikzylinders ist seine Teleskopkonstruktion. Diese erm\u00f6glicht einen gr\u00f6\u00dferen Bewegungsspielraum und mehr Flexibilit\u00e4t und ist daher ideal f\u00fcr Anwendungen mit begrenztem Platzangebot. Dar\u00fcber hinaus ist der Zylinder aus hochwertigen Materialien gefertigt, was seine Langlebigkeit und Robustheit gew\u00e4hrleistet.<\/p>\n<p>Ein weiterer Vorteil dieses Hydraulikzylinders ist seine einfache Handhabung. Er ist so konzipiert, dass er sich leicht installieren und warten l\u00e4sst und ist somit die ideale Wahl f\u00fcr alle, die einen zuverl\u00e4ssigen und wartungsarmen Hydraulikzylinder suchen. Dar\u00fcber hinaus ist er mit einer Vielzahl von Hydrauliksystemen kompatibel und daher vielseitig einsetzbar.<\/p>\n<table style=\"width: 100%;\" border=\"1\" width=\"100%\" cellspacing=\"0\" cellpadding=\"0\">\n<tbody>\n<tr>\n<th>Produktname<\/th>\n<td>Werkslieferung: Hydraulikzylinder f\u00fcr Teleskop-LKW<\/td>\n<\/tr>\n<tr>\n<th>Zustand<\/th>\n<td>Neu<\/td>\n<\/tr>\n<tr>\n<th>Garantie<\/th>\n<td>1 Jahr<\/td>\n<\/tr>\n<tr>\n<th>Gewicht (KG)<\/th>\n<td>56<\/td>\n<\/tr>\n<tr>\n<th>Maximaler Schub<\/th>\n<td>3000<\/td>\n<\/tr>\n<tr>\n<th>Maximaler Zug<\/th>\n<td>20 Tonnen<\/td>\n<\/tr>\n<tr>\n<th>Geh\u00e4usematerial<\/th>\n<td>Stahl<\/td>\n<\/tr>\n<tr>\n<th>Bohrungsgr\u00f6\u00dfe<\/th>\n<td>2-6 Zoll<\/td>\n<\/tr>\n<tr>\n<th>Stangengr\u00f6\u00dfe<\/th>\n<td>1,125-4 Zoll<\/td>\n<\/tr>\n<tr>\n<th>Strichgr\u00f6\u00dfe<\/th>\n<td>6-48 Zoll<\/td>\n<\/tr>\n<tr>\n<th>Pin-Gr\u00f6\u00dfe<\/th>\n<td>0,5-2 Zoll<\/td>\n<\/tr>\n<tr>\n<th>Anwendbare Branchen<\/th>\n<td>Produktionsanlagen, Maschinenreparaturwerkst\u00e4tten, Landwirtschaftliche Betriebe, Energie, Bergbau, Maschinenbaufabriken<\/td>\n<\/tr>\n<tr>\n<th>Design<\/th>\n<td>Teleskopierbar f\u00fcr verbesserte Leistung<\/td>\n<\/tr>\n<tr>\n<th>Leistung<\/th>\n<td>Zuverl\u00e4ssig und effizient<\/td>\n<\/tr>\n<\/tbody>\n<\/table>\n<h2>Merkmale des hydraulischen Zylinders f\u00fcr Teleskop-LKW<\/h2>\n<p>Dieser Hydraulikzylinder zeichnet sich durch eine Reihe von Merkmalen aus, die ihn von der Konkurrenz abheben:<\/p>\n<p><img decoding=\"async\" src=\"https:\/\/hzpt.com\/wp-content\/uploads\/2023\/11\/Inverted-Telescopic-Cylinder-21.webp\" alt=\"\" title=\"\"><\/p>\n<ul>\n<li><strong>Neuwertiger Zustand:<\/strong> Das Produkt ist brandneu und gew\u00e4hrleistet somit eine optimale Leistung.<\/li>\n<li><strong>1 Jahr Garantie:<\/strong> Wir garantieren die Qualit\u00e4t unserer Produkte mit einer 1-j\u00e4hrigen Garantie.<\/li>\n<li><strong>ISO9001:2000-Zertifizierung:<\/strong> Das Produkt entspricht internationalen Qualit\u00e4ts- und Sicherheitsstandards.<\/li>\n<li><strong>Umgekehrte Teleskopzylinder:<\/strong> Das Produkt verf\u00fcgt \u00fcber umgekehrte Teleskopzylinder f\u00fcr verbesserte Funktion und Zuverl\u00e4ssigkeit.<\/li>\n<li><strong>Robustes Stahlgeh\u00e4use:<\/strong> Dank seines robusten Stahlgeh\u00e4uses verspricht das Produkt eine lange Lebensdauer.<\/li>\n<\/ul>\n<h2>Anwendungsbereiche des hydraulischen Zylinders f\u00fcr Teleskoplader<\/h2>\n<p>Unser Hydraulikzylinder ist vielseitig einsetzbar und kann in verschiedenen Branchen und Anwendungen verwendet werden:<\/p>\n<ul>\n<li><strong>Produktionsst\u00e4tten:<\/strong> Ideal f\u00fcr den Einsatz in Maschinenbaubetrieben.<\/li>\n<li><strong>Maschinenreparaturwerkst\u00e4tten:<\/strong> Unverzichtbar f\u00fcr die Reparatur und Wartung von Maschinen.<\/li>\n<li><strong>Bauernh\u00f6fe:<\/strong> Bietet zuverl\u00e4ssigen Service im landwirtschaftlichen Bereich.<\/li>\n<li><strong>Energie und Bergbau:<\/strong> Robust genug f\u00fcr anspruchsvolle Energie- und Bergbauprojekte.<\/li>\n<li><strong>Maschinenfabriken:<\/strong> Ein Schl\u00fcsselelement in Maschinenbaufabriken.<\/li>\n<\/ul>\n<p><img decoding=\"async\" src=\"https:\/\/hzpt.com\/wp-content\/uploads\/2023\/11\/Inverted-Telescopic-Cylinder-Applications.webp\" alt=\"Anwendungen von hydraulischen Zylindern f\u00fcr Teleskoplader\" title=\"\"><\/p>\n<h2>Funktionsprinzip und Wartung des hydraulischen Zylinders am Teleskoplader<\/h2>\n<p>Dieser Hydraulikzylinder wandelt Hydraulikfl\u00fcssigkeitsdruck in Kraft um und erm\u00f6glicht so das Anheben schwerer Lasten. Regelm\u00e4\u00dfige Wartung ist entscheidend f\u00fcr die Langlebigkeit und umfasst Inspektionen, Reinigung, Schmierung, Dichtungsaustausch und die Einhaltung der Bedienungsanleitung.<img decoding=\"async\" src=\"https:\/\/hzpt.com\/wp-content\/uploads\/2023\/11\/Inverted-Telescopic-Cylinder-3.webp\" alt=\"\" title=\"\"><\/p>\n<h2>Umgekehrter Teleskopzylinder<\/h2>\n<p>Ein umgekehrt wirkender Teleskopzylinder, auch als r\u00fcckw\u00e4rts wirkender Teleskopzylinder bekannt, ist ein Hydraulikzylinder, bei dem eine Kolbenstange am Zylinderboden befestigt ist. Er wird h\u00e4ufig dort eingesetzt, wo auf engstem Raum eine gro\u00dfe Kraft ben\u00f6tigt wird, beispielsweise in Baumaschinen und Hubarbeitsb\u00fchnen. In diesem Artikel werden wir die Merkmale und Funktionsprinzipien eines umgekehrt wirkenden Teleskopzylinders erl\u00e4utern.<\/p>\n<h3>Konstruktion und Merkmale des umgekehrten Teleskopzylinders<\/h3>\n<p>Im Gegensatz zu herk\u00f6mmlichen Teleskopzylindern weist ein umgekehrter Teleskopzylinder unten einen kleineren und oben einen gr\u00f6\u00dferen Durchmesser auf. Der Zylinderfu\u00df ist fest mit der Maschine verbunden, w\u00e4hrend sich die Kolbenstange vom Zylinderfu\u00df nach unten erstreckt.<\/p>\n<p>Der Hauptvorteil eines umgekehrten Teleskopzylinders liegt in seinem gr\u00f6\u00dferen Hub auf kleinerem Raum, der durch die kompakte Bauweise erm\u00f6glicht wird. Zudem ist er im Vergleich zu herk\u00f6mmlichen Teleskopzylindern robuster, da er sich unter Druck weniger leicht verbiegt oder verdreht.<\/p>\n<p>Der umgekehrte Teleskopzylinder besteht aus mehreren Stufen, wobei jede Stufe aus einem Kolben und einem Zylinder besteht. Die Stufen sind durch Gewindestangen verbunden, was eine einfache Demontage und Wartung erm\u00f6glicht.<\/p>\n<h3>Funktionsprinzipien des umgekehrten Teleskopzylinders<\/h3>\n<p>Der umgekehrte Teleskopzylinder funktioniert nach dem Pascalschen Gesetz, welches besagt, dass sich eine Druck\u00e4nderung in einem eingeschlossenen Fluid gleichm\u00e4\u00dfig im gesamten Fluid ausbreitet. Wird Hydraulikfl\u00fcssigkeit in den Zylinder gepumpt, \u00fcbt sie Druck auf den Kolben aus und bewirkt dessen Abw\u00e4rtsbewegung. Mit der Kolbenbewegung bewegt sich auch die daran befestigte Stange nach unten.<\/p>\n<p>Beim Abw\u00e4rtsbewegen des Kolbens wird die Hydraulikfl\u00fcssigkeit durch die \u00d6ffnungen in die n\u00e4chste Zylinderstufe gepresst. Dieser Vorgang wiederholt sich, bis der Kolben den unteren Totpunkt erreicht hat; dann ist der Zylinder vollst\u00e4ndig ausgefahren.<\/p>\n<p>Wenn der Zylinder einfahren soll, wird Hydraulikfl\u00fcssigkeit in den oberen Teil des Zylinders gepumpt, wodurch sich der Kolben nach oben bewegt. W\u00e4hrend sich der Kolben bewegt, wird die Hydraulikfl\u00fcssigkeit in die vorherige Zylinderstufe zur\u00fcckgedr\u00fcckt, bis der gesamte Zylinder vollst\u00e4ndig eingefahren ist.<\/p>\n<h3>Anwendung des umgekehrten Teleskopzylinders<\/h3>\n<p>Der umgekehrte Teleskopzylinder wird aufgrund seiner kompakten Bauweise und der F\u00e4higkeit, auf kleinem Raum eine hohe Kraft zu erzeugen, h\u00e4ufig in Baumaschinen wie Baggern und Radladern eingesetzt. Aus denselben Gr\u00fcnden findet er auch in Hubarbeitsb\u00fchnen wie Hubsteigern, Scherenb\u00fchnen und Teleskoparbeitsb\u00fchnen Verwendung.<\/p>\n<p>Der umgekehrte Teleskopzylinder ist eine innovative Hydraulikzylinderkonstruktion, die auf kleinstem Raum eine hohe Kraft erzeugt. Dank seiner einzigartigen Konstruktion und Funktionsweise eignet er sich ideal f\u00fcr den Einsatz in Baumaschinen und Hubarbeitsb\u00fchnen. Als zuverl\u00e4ssige und langlebige Komponente ist er eine lohnende Investition f\u00fcr jede industrielle Anwendung.<\/p>\n<h3>\u00dcber FMP<\/h3>\n<p>FMP ist ein f\u00fchrendes Unternehmen, das sich auf die Herstellung und den Vertrieb von Hydraulikzylindern spezialisiert hat. Mit Hauptsitz in Italien bieten wir unseren Kunden hochwertige und zuverl\u00e4ssige Hydraulikzylinder, unterst\u00fctzt durch unsere langj\u00e4hrige Branchenerfahrung und unser professionelles Team.<\/p>\n<p><img decoding=\"async\" src=\"https:\/\/fmp-components.com\/wp-content\/uploads\/2024\/12\/Adjustable-Clevis-Type-Cylinders-6.webp\" alt=\"Einstellbarer Gabelkopfzylinder\" width=\"825\" title=\"\"><\/p>\n<p>Wir sind stolz darauf, ein breites Sortiment an hochwertigen Hydraulikzylindern und dem dazugeh\u00f6rigen Zubeh\u00f6r f\u00fcr die vielf\u00e4ltigen Anforderungen der Baumaschinenindustrie anzubieten. Hier sind f\u00fcnf wesentliche Vorteile und Merkmale unserer Produkte und unseres Unternehmens:<\/p>\n<ol>\n<li>Au\u00dfergew\u00f6hnliche Qualit\u00e4t: Unsere Hydraulikzylinder werden mit h\u00f6chster Pr\u00e4zision aus besten Materialien gefertigt, um Langlebigkeit und Leistungsf\u00e4higkeit zu gew\u00e4hrleisten.<\/li>\n<li>Umfangreiches Produktsortiment: Wir bieten eine umfassende Auswahl an Hydraulikzylindern, darunter verstellbare Gabelzylinder, Zugstangenzylinder, Teleskopzylinder und mehr, und bieten damit L\u00f6sungen f\u00fcr vielf\u00e4ltige Anwendungen.<\/li>\n<li>Zuverl\u00e4ssiges Lieferantennetzwerk: Durch langfristige Partnerschaften mit renommierten Lieferanten im In- und Ausland garantieren wir die Beschaffung erstklassiger Komponenten, die strengen Qualit\u00e4tsstandards entsprechen.<\/li>\n<li>Experten-Verkaufsteam: Unser erfahrenes Verkaufsteam verf\u00fcgt \u00fcber fundierte Kenntnisse der Baumaschinenbranche und kann Ihnen daher professionelle Produktberatungen und wertvolle Kaufempfehlungen geben, die auf Ihre spezifischen Anforderungen zugeschnitten sind.<\/li>\n<li>Effiziente Logistik: Wir haben ein effizientes Logistik- und Vertriebssystem eingerichtet, um eine schnelle und pr\u00e4zise Lieferung der ben\u00f6tigten Hydraulikzylinder direkt an unsere Kunden zu gew\u00e4hrleisten, Ausfallzeiten zu minimieren und die Produktivit\u00e4t zu maximieren.<\/li>\n<\/ol>\n<p>W\u00e4hlen Sie FMP als Ihren zuverl\u00e4ssigen Partner f\u00fcr alle Ihre Hydraulikzylinder-Anforderungen. Kontaktieren Sie uns noch heute, um zu besprechen, wie wir Ihre Baumaschinenprojekte unterst\u00fctzen k\u00f6nnen.<\/p>\n<p>Autor: CX<\/p>","protected":false},"excerpt":{"rendered":"<p>Factory Supply Telescopic Truck Hydraulic Ram Cylinder is a high-quality hydraulic cylinder that is designed to provide reliable and efficient performance for a wide range of applications. This cylinder is designed to withstand the rigors of heavy use and is ideal for use in a variety of industrial and commercial settings. One of the key [&hellip;]<\/p>","protected":false},"featured_media":1648,"comment_status":"closed","ping_status":"closed","template":"","meta":{"_et_pb_use_builder":"","_et_pb_old_content":"","_et_gb_content_width":""},"product_brand":[],"product_cat":[45],"product_tag":[34,48],"class_list":{"0":"post-1647","1":"product","2":"type-product","3":"status-publish","4":"has-post-thumbnail","6":"product_cat-inverted-telescopic-cylinder","7":"product_tag-hydraulic-cylinder","8":"product_tag-inverted-telescopic-cylinder","10":"first","11":"instock","12":"product-type-simple"},"_links":{"self":[{"href":"https:\/\/fmp-components.com\/de\/wp-json\/wp\/v2\/product\/1647","targetHints":{"allow":["GET"]}}],"collection":[{"href":"https:\/\/fmp-components.com\/de\/wp-json\/wp\/v2\/product"}],"about":[{"href":"https:\/\/fmp-components.com\/de\/wp-json\/wp\/v2\/types\/product"}],"replies":[{"embeddable":true,"href":"https:\/\/fmp-components.com\/de\/wp-json\/wp\/v2\/comments?post=1647"}],"wp:featuredmedia":[{"embeddable":true,"href":"https:\/\/fmp-components.com\/de\/wp-json\/wp\/v2\/media\/1648"}],"wp:attachment":[{"href":"https:\/\/fmp-components.com\/de\/wp-json\/wp\/v2\/media?parent=1647"}],"wp:term":[{"taxonomy":"product_brand","embeddable":true,"href":"https:\/\/fmp-components.com\/de\/wp-json\/wp\/v2\/product_brand?post=1647"},{"taxonomy":"product_cat","embeddable":true,"href":"https:\/\/fmp-components.com\/de\/wp-json\/wp\/v2\/product_cat?post=1647"},{"taxonomy":"product_tag","embeddable":true,"href":"https:\/\/fmp-components.com\/de\/wp-json\/wp\/v2\/product_tag?post=1647"}],"curies":[{"name":"wp","href":"https:\/\/api.w.org\/{rel}","templated":true}]}}