{"id":1645,"date":"2024-12-23T07:00:44","date_gmt":"2024-12-23T07:00:44","guid":{"rendered":"https:\/\/fmp-components.com\/product\/factory-price-long-stroke-hydraulic-cylinder-for-truck\/"},"modified":"2025-03-11T05:50:23","modified_gmt":"2025-03-11T05:50:23","slug":"factory-price-long-stroke-hydraulic-cylinder-for-truck","status":"publish","type":"product","link":"https:\/\/fmp-components.com\/de\/product\/factory-price-long-stroke-hydraulic-cylinder-for-truck\/","title":{"rendered":"Langhub-Hydraulikzylinder f\u00fcr LKW zum Fabrikpreis"},"content":{"rendered":"<p>Der preisg\u00fcnstige Langhub-Hydraulikzylinder f\u00fcr Lkw ist ein \u00e4u\u00dferst zuverl\u00e4ssiger und effizienter Hydraulikzylinder, der speziell f\u00fcr den Einsatz in Lkw entwickelt wurde. Gefertigt aus hochwertigen Materialien, bietet dieser Hydraulikzylinder eine lange Lebensdauer und hohe Leistung auch unter anspruchsvollsten Bedingungen.<\/p>\n<p>Dank seiner Langhubkonstruktion liefert dieser Hydraulikzylinder \u00fcber den gesamten Hub eine kraftvolle und gleichm\u00e4\u00dfige Kraft und eignet sich daher ideal f\u00fcr anspruchsvolle Anwendungen wie das Be- und Entladen von Lkw.<\/p>\n<p>Neben seiner au\u00dfergew\u00f6hnlichen Leistungsf\u00e4higkeit zeichnet sich dieser Hydraulikzylinder auch durch ein hervorragendes Preis-Leistungs-Verh\u00e4ltnis aus und ist somit eine ausgezeichnete Wahl f\u00fcr Unternehmen und Privatpersonen, die einen hochwertigen Hydraulikzylinder suchen, ohne dabei ihr Budget zu sprengen.<\/p>\n<table style=\"width: 100%;\" border=\"1\" width=\"100%\" cellspacing=\"0\" cellpadding=\"0\">\n<tbody>\n<tr>\n<th>Produktname<\/th>\n<td>Langhub-Hydraulikzylinder f\u00fcr LKW zum Fabrikpreis<\/td>\n<\/tr>\n<tr>\n<th>Zustand<\/th>\n<td>Neu<\/td>\n<\/tr>\n<tr>\n<th>Garantie<\/th>\n<td>1 Jahr<\/td>\n<\/tr>\n<tr>\n<th>Maximaler Schub<\/th>\n<td>3000<\/td>\n<\/tr>\n<tr>\n<th>Zugkraft<\/th>\n<td>20 Tonnen<\/td>\n<\/tr>\n<tr>\n<th>Design<\/th>\n<td>Umgekehrter Teleskopzylinder<\/td>\n<\/tr>\n<tr>\n<th>Material<\/th>\n<td>Langlebiger Stahl<\/td>\n<\/tr>\n<tr>\n<th>Stromversorgung<\/th>\n<td>Hydraulisch<\/td>\n<\/tr>\n<tr>\n<th>Zertifizierung<\/th>\n<td>ISO9001:2000<\/td>\n<\/tr>\n<tr>\n<th>Leistung<\/th>\n<td>Zuverl\u00e4ssig und effizient f\u00fcr anspruchsvolle Anwendungen<\/td>\n<\/tr>\n<tr>\n<th>Anwendbare Branchen<\/th>\n<td>Produktionsanlagen, Maschinenreparaturwerkst\u00e4tten, Landwirtschaftliche Betriebe, Energie &amp; Bergbau, Maschinenbau, Maschinenfabriken<\/td>\n<\/tr>\n<\/tbody>\n<\/table>\n<h2>Hauptmerkmale unseres Langhub-Hydraulikzylinders<\/h2>\n<p>Unser Hydraulikzylinder f\u00fcr Lkw zeichnet sich durch mehrere einzigartige Merkmale aus:<\/p>\n<ol>\n<li style=\"list-style-type: none;\">\n<ol>\n<li>Standardm\u00e4\u00dfige Kolben-Zylinder-Konstruktion f\u00fcr effizienten Betrieb.<\/li>\n<\/ol>\n<\/li>\n<\/ol>\n<p><img decoding=\"async\" src=\"https:\/\/hzpt.com\/wp-content\/uploads\/2023\/11\/Inverted-Telescopic-Cylinder-16.webp\" alt=\"\" title=\"\"><\/p>\n<ol>\n<li>Hydraulische Stromversorgung f\u00fcr einen reibungslosen Betrieb.<\/li>\n<li>Langlebigkeit dank eines Geh\u00e4uses aus Stahl.<\/li>\n<li>Hohe Schubkraft von bis zu 3000.<\/li>\n<li>F\u00e4higkeit, Zugkr\u00e4ften bis zu 20 Tonnen standzuhalten.<\/li>\n<\/ol>\n<h2>Anwendungen des Hydraulikzylinders mit langem Hub<\/h2>\n<p>Der vielseitige Hydraulikzylinder findet in verschiedenen Branchen Anwendung. Hier einige Beispiele:<\/p>\n<ol>\n<li>Produktionsanlagen<\/li>\n<li>Maschinenreparaturwerkst\u00e4tten<\/li>\n<li>Bauernh\u00f6fe<\/li>\n<li>Energie- und Bergbauindustrie<\/li>\n<li>Maschinenfabriken<\/li>\n<\/ol>\n<p><img decoding=\"async\" src=\"https:\/\/hzpt.com\/wp-content\/uploads\/2023\/11\/Inverted-Telescopic-Cylinder-Applications.webp\" alt=\"Anwendungen f\u00fcr umgekehrte Teleskopzylinder\" title=\"\"><\/p>\n<h2>Funktionsprinzip und Wartung des Hydraulikzylinders<\/h2>\n<p>Der Hydraulikzylinder arbeitet nach dem Prinzip der Druckdifferenz. Die Hydraulikfl\u00fcssigkeit wird in den Zylinder gepresst, wodurch eine Druckdifferenz entsteht, die eine lineare Bewegung des Kolbens bewirkt. Die Ausgangskraft ist direkt proportional zur Druckdifferenz.<\/p>\n<p>Zur Wartung des Hydraulikzylinders:<\/p>\n<ol>\n<li>Regelm\u00e4\u00dfige Inspektionen sind unerl\u00e4sslich. Achten Sie auf Lecks oder Besch\u00e4digungen.<\/li>\n<li>Reinigen Sie den Zylinder regelm\u00e4\u00dfig, um die Ansammlung von Schmutz und Ablagerungen zu verhindern.<\/li>\n<li>Schmieren Sie die beweglichen Teile gem\u00e4\u00df der Bedienungsanleitung.<\/li>\n<li>Regelm\u00e4\u00dfige Inspektion und Reparatur des Hydrauliksystems k\u00f6nnen gr\u00f6\u00dfere Ausf\u00e4lle verhindern.<\/li>\n<li>Um eine optimale Leistung zu gew\u00e4hrleisten, sollten die Dichtungen regelm\u00e4\u00dfig ausgetauscht werden.<\/li>\n<\/ol>\n<p><img decoding=\"async\" src=\"https:\/\/hzpt.com\/wp-content\/uploads\/2023\/11\/Inverted-Telescopic-Cylinder-7.webp\" alt=\"\" title=\"\"><\/p>\n<h2>Umgekehrter Teleskopzylinder<\/h2>\n<p>Langhub-Hydraulikzylinder f\u00fcr LKW zum Fabrikpreis<\/p>\n<ol>\n<li style=\"list-style-type: none;\">\n<ol>\n<li><strong>Was ist ein umgekehrter Teleskopzylinder?<\/strong><\/li>\n<\/ol>\n<\/li>\n<\/ol>\n<p>Ein umgekehrter Teleskopzylinder ist ein Hydraulikzylinder, der in verschiedenen Anwendungen wie Muldenkippern, Kr\u00e4nen und Bergbaumaschinen eingesetzt wird. Wie der Name schon sagt, ist dieser Zylinder umgekehrt aufgebaut, d. h. die Kolbenstange befindet sich unten, w\u00e4hrend sich der Zylinderk\u00f6rper oben befindet. Diese Konstruktion erm\u00f6glicht einen l\u00e4ngeren Hub und macht ihn ideal f\u00fcr anspruchsvolle Anwendungen, die einen hohen Kraftaufwand erfordern.<\/p>\n<ol>\n<li style=\"list-style-type: none;\">\n<ol>\n<li><strong>Wie funktioniert ein umgekehrter Teleskopzylinder?<\/strong><\/li>\n<\/ol>\n<\/li>\n<\/ol>\n<p>Der Zylinder besteht aus mehreren ineinander verschachtelten Rohren, die sich beim Aus- und Einfahren der Kolbenstange gegeneinander bewegen. Das \u00e4u\u00dfere Rohr ist \u00fcblicherweise an der Montagefl\u00e4che befestigt, w\u00e4hrend das innerste Rohr mit der Kolbenstange verbunden ist. Wird hydraulischer Druck auf den Zylinder ausge\u00fcbt, f\u00e4hrt die Kolbenstange aus und die Rohre teleskopartig auseinander. Wird der Druck hingegen abgelassen, f\u00e4hrt die Kolbenstange ein und die Rohre ziehen sich wieder in den Zylinder zur\u00fcck.<\/p>\n<ol>\n<li style=\"list-style-type: none;\">\n<ol>\n<li><strong>Welche Vorteile bietet die Verwendung eines umgekehrten Teleskopzylinders?<\/strong><\/li>\n<\/ol>\n<\/li>\n<\/ol>\n<p>Einer der Hauptvorteile von umgekehrten Teleskopzylindern liegt in ihrer F\u00e4higkeit, einen gro\u00dfen Hub bei gleichzeitig relativ kurzer Einfahrl\u00e4nge zu erm\u00f6glichen. Dadurch eignen sie sich ideal f\u00fcr Anwendungen mit begrenztem Platzangebot. Zudem sind diese Zylinder widerstandsf\u00e4higer gegen Seitenbelastungen als herk\u00f6mmliche Teleskopzylinder, was Sch\u00e4den am Zylinder und seinen Komponenten vorbeugt. Umgekehrte Teleskopzylinder sind au\u00dferdem effizienter als andere Zylindertypen, d. h. sie ben\u00f6tigen weniger Energie und k\u00f6nnen so die Betriebskosten langfristig senken.<\/p>\n<ol>\n<li style=\"list-style-type: none;\">\n<ol>\n<li><strong>Wof\u00fcr werden umgekehrte Teleskopzylinder eingesetzt?<\/strong><\/li>\n<\/ol>\n<\/li>\n<\/ol>\n<p>Umgekehrte Teleskopzylinder werden h\u00e4ufig in Anwendungen mit hohem Kraftaufwand eingesetzt, beispielsweise bei Muldenkippern, Kr\u00e4nen und Bergbaumaschinen. Sie finden aber auch in anderen Bereichen Anwendung, etwa im Br\u00fcckenbau, bei Materialtransporten und in der Landwirtschaft. Umgekehrte Teleskopzylinder sind ideal f\u00fcr Anwendungen, bei denen ein gro\u00dfer Hub bei begrenztem Platzangebot erforderlich ist.<\/p>\n<ol>\n<li style=\"list-style-type: none;\">\n<ol>\n<li><strong>Wie w\u00e4hlen Sie den richtigen umgekehrten Teleskopzylinder f\u00fcr Ihre Anwendung aus?<\/strong><\/li>\n<\/ol>\n<\/li>\n<\/ol>\n<p>Bei der Auswahl eines umgekehrten Teleskopzylinders sind verschiedene Faktoren zu ber\u00fccksichtigen, wie z. B. die maximale Tragf\u00e4higkeit, der Hub und die Montageoptionen. Auch die Einsatzumgebung ist wichtig, da sie die Materialauswahl und die Dichtungsoptionen beeinflussen kann. Die Beratung durch einen Hydraulikzylinder-Experten hilft Ihnen, den passenden Zylinder f\u00fcr Ihre spezifische Anwendung zu finden.<\/p>\n<h3>\u00dcber FMP \u2013 Professioneller Hersteller und Lieferant von Hydraulikzylindern<\/h3>\n<p>FMP ist ein Unternehmen, das sich auf die Produktion und den Vertrieb hochwertiger und zuverl\u00e4ssiger Baumaschinenteile und Komplettmaschinen spezialisiert hat. Wir verf\u00fcgen \u00fcber langj\u00e4hrige Branchenerfahrung und ein professionelles Team, das unseren Kunden die besten Produkte und Dienstleistungen bietet.<\/p>\n<p>Unser Hydraulikzylinder ist eines unserer beliebtesten Produkte, und das aus gutem Grund. Hier sind nur einige Gr\u00fcnde, warum Sie FMP als Ihren Hydraulikzylinderlieferanten w\u00e4hlen sollten:<\/p>\n<p>1. Hochwertige Materialien \u2013 Wir verwenden f\u00fcr die Herstellung unserer Hydraulikzylinder ausschlie\u00dflich Materialien h\u00f6chster Qualit\u00e4t. Dies gew\u00e4hrleistet ihre Langlebigkeit und Zuverl\u00e4ssigkeit.<\/p>\n<p>2. Vielf\u00e4ltige Optionen \u2013 Wir bieten eine gro\u00dfe Auswahl an Hydraulikzylindern, darunter verstellbare Gabelkopfzylinder, doppeltwirkende Hydraulikzylinder und geschwei\u00dfte Hydraulikzylinder. So k\u00f6nnen Kunden den Zylinder w\u00e4hlen, der ihren Anforderungen am besten entspricht.<\/p>\n<p>3. Anpassung \u2013 Wir wissen, dass jeder Kunde einzigartige Anforderungen hat. Deshalb bieten wir kundenspezifische Hydraulikzylinder an, um spezifische Bed\u00fcrfnisse zu erf\u00fcllen.<\/p>\n<p>4. Professionelles Verkaufsteam \u2013 Unser erfahrenes und kompetentes Verkaufsteam steht Ihnen jederzeit f\u00fcr eine professionelle Produktberatung und intelligente Kaufvorschl\u00e4ge zur Verf\u00fcgung.<\/p>\n<p>5. Effizientes Logistik-Vertriebssystem \u2013 Wir verf\u00fcgen \u00fcber ein effizientes Logistik-Vertriebssystem, das sicherstellt, dass Kunden die ben\u00f6tigten Hydraulikzylinder rechtzeitig und korrekt erhalten.<\/p>\n<p><img decoding=\"async\" src=\"https:\/\/fmp-components.com\/wp-content\/uploads\/2024\/12\/Adjustable-Clevis-Type-Cylinders-6.webp\" alt=\"Einstellbarer Gabelkopfzylinder\" width=\"824\" title=\"\"><\/p>\n<p>Zus\u00e4tzlich zu diesen Vorteilen ist FMP bestrebt, langfristige und stabile Kooperationsbeziehungen mit hochwertigen Lieferanten im In- und Ausland aufzubauen, um sicherzustellen, dass alle gelieferten Teile strengen Qualit\u00e4tsstandards entsprechen. Daher garantieren wir, dass unsere Hydraulikzylinder von h\u00f6chster Qualit\u00e4t sind und Ihren Anforderungen entsprechen.<\/p>\n<p>W\u00e4hlen Sie FMP als Ihren Hydraulikzylinderhersteller und -lieferanten. Kontaktieren Sie uns noch heute, um mehr \u00fcber unsere Produkte und Dienstleistungen zu erfahren.<br \/>\nAutor: CX<\/p>","protected":false},"excerpt":{"rendered":"<p>Factory Price Long Stroke Hydraulic Cylinder for Truck is a highly reliable and efficient hydraulic cylinder designed specifically for use in trucks. Manufactured using superior quality materials, this hydraulic cylinder is designed to provide a long service life and high performance even under the most demanding conditions. Equipped with a long stroke design, this hydraulic [&hellip;]<\/p>","protected":false},"featured_media":1646,"comment_status":"closed","ping_status":"closed","template":"","meta":{"_et_pb_use_builder":"","_et_pb_old_content":"","_et_gb_content_width":""},"product_brand":[],"product_cat":[45],"product_tag":[34,48],"class_list":{"0":"post-1645","1":"product","2":"type-product","3":"status-publish","4":"has-post-thumbnail","6":"product_cat-inverted-telescopic-cylinder","7":"product_tag-hydraulic-cylinder","8":"product_tag-inverted-telescopic-cylinder","10":"first","11":"instock","12":"product-type-simple"},"_links":{"self":[{"href":"https:\/\/fmp-components.com\/de\/wp-json\/wp\/v2\/product\/1645","targetHints":{"allow":["GET"]}}],"collection":[{"href":"https:\/\/fmp-components.com\/de\/wp-json\/wp\/v2\/product"}],"about":[{"href":"https:\/\/fmp-components.com\/de\/wp-json\/wp\/v2\/types\/product"}],"replies":[{"embeddable":true,"href":"https:\/\/fmp-components.com\/de\/wp-json\/wp\/v2\/comments?post=1645"}],"wp:featuredmedia":[{"embeddable":true,"href":"https:\/\/fmp-components.com\/de\/wp-json\/wp\/v2\/media\/1646"}],"wp:attachment":[{"href":"https:\/\/fmp-components.com\/de\/wp-json\/wp\/v2\/media?parent=1645"}],"wp:term":[{"taxonomy":"product_brand","embeddable":true,"href":"https:\/\/fmp-components.com\/de\/wp-json\/wp\/v2\/product_brand?post=1645"},{"taxonomy":"product_cat","embeddable":true,"href":"https:\/\/fmp-components.com\/de\/wp-json\/wp\/v2\/product_cat?post=1645"},{"taxonomy":"product_tag","embeddable":true,"href":"https:\/\/fmp-components.com\/de\/wp-json\/wp\/v2\/product_tag?post=1645"}],"curies":[{"name":"wp","href":"https:\/\/api.w.org\/{rel}","templated":true}]}}