{"id":1498,"date":"2024-12-23T05:50:37","date_gmt":"2024-12-23T05:50:37","guid":{"rendered":"https:\/\/fmp-components.com\/product\/factory-provide-customized-hydraulic-ram-cylinder-for-snow-plow\/"},"modified":"2025-03-18T02:09:18","modified_gmt":"2025-03-18T02:09:18","slug":"factory-provide-customized-hydraulic-ram-cylinder-for-snow-plow","status":"publish","type":"product","link":"https:\/\/fmp-components.com\/de\/product\/factory-provide-customized-hydraulic-ram-cylinder-for-snow-plow\/","title":{"rendered":"Werkseitig wird ein kundenspezifischer Hydraulikzylinder f\u00fcr Schneepfl\u00fcge bereitgestellt"},"content":{"rendered":"<h2>Werkseitig wird ein kundenspezifischer Hydraulikzylinder f\u00fcr Schneepfl\u00fcge bereitgestellt<\/h2>\n<p>Der werkseitig gelieferte, kundenspezifische Hydraulikzylinder f\u00fcr Schneepfl\u00fcge ist ein \u00e4u\u00dferst vielseitiges und effizientes Produkt zur Leistungssteigerung von Schneepfl\u00fcgen. Dieser Hydraulikzylinder bietet au\u00dfergew\u00f6hnliche Festigkeit und Langlebigkeit und ist somit die ideale Wahl f\u00fcr Hochleistungsanwendungen im Winterdienst.<\/p>\n<p>Mit seinem ma\u00dfgeschneiderten Design ist dieser Hydraulikzylinder speziell auf die besonderen Anforderungen von Schneepfl\u00fcgen zugeschnitten. Er ist auf \u00fcberlegene Leistung bei rauen Wetterbedingungen ausgelegt und erm\u00f6glicht effiziente Schneer\u00e4umarbeiten. Die extreme Temperaturbest\u00e4ndigkeit des Zylinders gew\u00e4hrleistet einen zuverl\u00e4ssigen Betrieb auch in k\u00e4ltesten Umgebungen.<\/p>\n<p>Der werkseitig gelieferte, kundenspezifische Hydraulikzylinder f\u00fcr Schneepfl\u00fcge verf\u00fcgt \u00fcber fortschrittliche Hydrauliktechnologie und erm\u00f6glicht eine kraftvolle und pr\u00e4zise Steuerung der Schneepflugbewegungen. Seine hochwertige Konstruktion und die zuverl\u00e4ssigen Dichtungsmechanismen minimieren das Risiko von Leckagen oder Ausf\u00e4llen und gew\u00e4hrleisten eine gleichbleibende Leistung \u00fcber die gesamte Lebensdauer.<\/p>\n<p>Einer der Hauptvorteile dieses Hydraulikzylinders ist seine Anpassungsf\u00e4higkeit. Er l\u00e4sst sich problemlos in verschiedene Schneepflugsysteme integrieren und bietet nahtlose Passform und Kompatibilit\u00e4t. Die Anpassbarkeit dieses Produkts erm\u00f6glicht Flexibilit\u00e4t bei der Erf\u00fcllung spezifischer Anforderungen und macht es zu einer begehrten Option f\u00fcr Schneepflughersteller und -betreiber.<\/p>\n<p>Dar\u00fcber hinaus ist dieser Hydraulikzylinder wartungsfreundlich konzipiert. Seine robuste Konstruktion reduziert den Bedarf an h\u00e4ufigen Reparaturen oder Austausch, minimiert Ausfallzeiten und maximiert die Produktivit\u00e4t. Regelm\u00e4\u00dfige Inspektionen und routinem\u00e4\u00dfige Wartung gew\u00e4hrleisten optimale Leistung und verl\u00e4ngern die Lebensdauer und Gesamteffizienz des Zylinders.<\/p>\n<p>Zusammenfassend l\u00e4sst sich sagen, dass der werkseitig gelieferte, kundenspezifische Hydraulikzylinder f\u00fcr Schneepfl\u00fcge eine zuverl\u00e4ssige und effiziente L\u00f6sung f\u00fcr Schneepfluganwendungen ist. Seine \u00fcberlegene Festigkeit, Anpassungsf\u00e4higkeit und Wartungsfreundlichkeit machen ihn zu einer wesentlichen Komponente zur Verbesserung der Leistung und Zuverl\u00e4ssigkeit von Schneepfl\u00fcgen im Winterdienst. Wir stellen unseren neuen und innovativen Hydraulikzylinder f\u00fcr Schneepfl\u00fcge vor, der speziell von FMP Transmission entwickelt und hergestellt wurde. Dieses Produkt ist robust f\u00fcr industrielle Anwendungen konzipiert und bietet zuverl\u00e4ssige, effiziente und hochwertige Leistung. Es wird mit einer 1-j\u00e4hrigen Garantie auf die Kernkomponenten, einschlie\u00dflich Lager und Hydraulikzylinder selbst, geliefert.<\/p>\n<p><img decoding=\"async\" title=\"Hydraulikzylinder f\u00fcr Schneepflug\" src=\"https:\/\/hzpt.com\/wp-content\/uploads\/2023\/11\/Snow-Plow-Hydraulic-Cylinder-2.webp\" alt=\"Hydraulikzylinder f\u00fcr Schneepflug\" \/><\/p>\n<h2>Produktspezifikationen<\/h2>\n<p>Der Hydraulikzylinder f\u00fcr Schneepfl\u00fcge ist mit einer Standard-Kolbenzylinder-Konstruktion ausgestattet und wird hydraulisch angetrieben. Das Geh\u00e4use besteht aus Stahl und ist dadurch robust und langlebig. Er verf\u00fcgt \u00fcber eine maximale Schubkraft von 3000 und eine maximale Zugkraft von 20 Tonnen. Dieses Produkt ist ISO9001:2000 zertifiziert und gew\u00e4hrleistet so Qualit\u00e4t und Sicherheit.<\/p>\n<h3>Abmessungen und Merkmale<\/h3>\n<p><img decoding=\"async\" title=\"Hydraulikzylinder f\u00fcr Schneepflug\" src=\"https:\/\/hzpt.com\/wp-content\/uploads\/2023\/11\/Snow-Plow-Hydraulic-Cylinder-3.webp\" alt=\"Hydraulikzylinder f\u00fcr Schneepflug\" \/><\/p>\n<ul>\n<li>Bohrungsgr\u00f6\u00dfe: 2-6 Zoll<\/li>\n<li>Stangengr\u00f6\u00dfe: 1,125-4 Zoll<\/li>\n<li>Hubgr\u00f6\u00dfe: 4-100 Zoll<\/li>\n<li>Stiftgr\u00f6\u00dfe: 0,5-2 Zoll<\/li>\n<li>Anschl\u00fcsse: G\/SAE\/NPT\/M<\/li>\n<\/ul>\n<h2>Vorteile von verstellbaren Gabelkopfzylindern<\/h2>\n<ul>\n<li style=\"list-style-type: none;\">\n<ul>\n<li>Verbesserte Flexibilit\u00e4t und Anpassung<\/li>\n<\/ul>\n<\/li>\n<\/ul>\n<p>Der verstellbare Gabelkopfzylinder ist ein hydraulischer Zylinder, der im Vergleich zu anderen Zylindertypen mehr Flexibilit\u00e4t und individuelle Anpassungsm\u00f6glichkeiten bietet. Der Zylinder ist vielseitig einstellbar und kann an die spezifischen Anforderungen verschiedener Anwendungen angepasst werden. Die Einstellbarkeit dieses Zylinders gew\u00e4hrleistet seinen Einsatz in einer Vielzahl von Anwendungen, einschlie\u00dflich Schneepfl\u00fcgen, die Zylinder ben\u00f6tigen, die sich leicht an wechselndes Gel\u00e4nde und Bedingungen anpassen lassen.<\/p>\n<ul>\n<li style=\"list-style-type: none;\">\n<ul>\n<li>Verbesserte Effizienz und Leistung<\/li>\n<\/ul>\n<\/li>\n<\/ul>\n<p>Der verstellbare Gabelkopfzylinder bietet im Vergleich zu anderen Zylindertypen eine verbesserte Effizienz und Leistung. Der Zylinder wird aus hochwertigen Materialien gefertigt und bietet maximale Festigkeit und Haltbarkeit. Dies stellt sicher, dass der Zylinder den Belastungen im Schwerlasteinsatz standh\u00e4lt und eine lang anhaltende Leistung bietet. Die h\u00f6here Effizienz und Leistung des verstellbaren Gabelkopfzylinders machen ihn zur idealen Wahl f\u00fcr Schneepfl\u00fcge, die Zylinder ben\u00f6tigen, die den harten Winterbedingungen standhalten und zuverl\u00e4ssig funktionieren.<\/p>\n<ul>\n<li style=\"list-style-type: none;\">\n<ul>\n<li>H\u00f6heres Ma\u00df an Sicherheit und Zuverl\u00e4ssigkeit<\/li>\n<\/ul>\n<\/li>\n<\/ul>\n<p>Der verstellbare Gabelkopfzylinder wurde mit Blick auf Sicherheit und Zuverl\u00e4ssigkeit entwickelt. Der Zylinder ist mit fortschrittlichen Sicherheitsfunktionen ausgestattet und bietet im Vergleich zu anderen Zylindertypen ein h\u00f6heres Ma\u00df an Zuverl\u00e4ssigkeit. Der Zylinder wird strengen Tests unterzogen, um sicherzustellen, dass er den h\u00f6chsten Sicherheits- und Zuverl\u00e4ssigkeitsstandards entspricht. Dies macht den verstellbaren Gabelkopfzylinder zur idealen Wahl f\u00fcr Schneepfl\u00fcge, die Zylinder ben\u00f6tigen, die unter extremen Bedingungen ein hohes Ma\u00df an Sicherheit und Zuverl\u00e4ssigkeit bieten.<\/p>\n<ul>\n<li style=\"list-style-type: none;\">\n<ul>\n<li>H\u00f6here Kosteneinsparungen und geringerer Wartungsaufwand<\/li>\n<\/ul>\n<\/li>\n<\/ul>\n<p>Der verstellbare Gabelkopfzylinder ist im Vergleich zu anderen Zylindertypen auf h\u00f6here Kosteneinsparungen und geringeren Wartungsaufwand ausgelegt. Der Zylinder ist \u00e4u\u00dferst langlebig und erfordert w\u00e4hrend seiner gesamten Lebensdauer nur minimale Wartung. Dies reduziert die Gesamtbetriebskosten und macht den Zylinder zu einer wirtschaftlichen Wahl f\u00fcr Schneepfl\u00fcge, die Zylinder ben\u00f6tigen, die zuverl\u00e4ssige Leistung ohne hohe Wartungskosten bieten.<\/p>\n<ul>\n<li style=\"list-style-type: none;\">\n<ul>\n<li>Werkseitig wird ein kundenspezifischer Hydraulikzylinder f\u00fcr Schneepfl\u00fcge bereitgestellt<\/li>\n<\/ul>\n<\/li>\n<\/ul>\n<p>Der verstellbare Gabelkopfzylinder ist einer der vielen Hydraulikzylinder, die von Herstellern wie Factory Provide angeboten werden. Diese Hersteller sind auf kundenspezifische Hydraulikzylinder f\u00fcr Schneepfl\u00fcge und andere Schwerlastanwendungen spezialisiert. Die Zylinder sind auf h\u00f6chste Leistung und Zuverl\u00e4ssigkeit ausgelegt und k\u00f6nnen an die spezifischen Anforderungen verschiedener Anwendungen angepasst werden. Dies stellt sicher, dass Schneepfl\u00fcge und andere Schwerlastger\u00e4te optimal arbeiten und auch unter extremen Bedingungen zuverl\u00e4ssig arbeiten.<\/p>\n<h3>\u00dcber FMP<\/h3>\n<p>FMP ist ein Unternehmen, das sich auf die Produktion und den Vertrieb von Hydraulikzylindern spezialisiert hat. Mit Sitz in Italien verf\u00fcgen wir \u00fcber langj\u00e4hrige Branchenerfahrung und ein professionelles Team, das sich der Bereitstellung hochwertiger und zuverl\u00e4ssiger Hydraulikzylinderl\u00f6sungen f\u00fcr unsere Kunden widmet.<\/p>\n<p><img decoding=\"async\" src=\"https:\/\/fmp-components.com\/wp-content\/uploads\/2024\/12\/Adjustable-Clevis-Type-Cylinders-6.webp\" alt=\"Einstellbarer Gabelkopfzylinder\" width=\"827\" title=\"\"><\/p>\n<h4>Unsere Produkte und Unternehmensvorteile:<\/h4>\n<ol>\n<li>Gro\u00dfe Auswahl an Hydraulikzylindern: Wir bieten ein vielf\u00e4ltiges Sortiment an Hydraulikzylindern, darunter verstellbare Gabelkopfzylinder, Teleskopzylinder, Zugstangenzylinder und mehr. Unsere umfangreiche Auswahl stellt sicher, dass wir f\u00fcr verschiedene Anwendungen den richtigen Zylinder haben.<\/li>\n<li>Hochwertige Konstruktion: Unsere Hydraulikzylinder werden aus hochwertigen Materialien und mit modernsten Produktionstechniken hergestellt. Dies gew\u00e4hrleistet ihre Haltbarkeit, Zuverl\u00e4ssigkeit und lange Lebensdauer auch unter anspruchsvollen Arbeitsbedingungen.<\/li>\n<li>Strenge Qualit\u00e4tskontrolle: Bei FMP pflegen wir langfristige und stabile Beziehungen zu hochwertigen Lieferanten. Wir pr\u00fcfen und testen alle gelieferten Teile rigoros, um sicherzustellen, dass sie unseren strengen Qualit\u00e4tsstandards entsprechen. Dies garantiert, dass unsere Hydraulikzylinder konstant hervorragende Leistung liefern.<\/li>\n<li>Kompetentes Vertriebsteam: Unser erfahrenes und kompetentes Vertriebsteam kennt die Entwicklungstrends und Kundenbed\u00fcrfnisse der Baumaschinenbranche bestens. Es bietet professionelle Produktberatung und fundierte Kaufempfehlungen und sorgt so daf\u00fcr, dass unsere Kunden fundierte Entscheidungen treffen.<\/li>\n<li>Effiziente Logistikverteilung: Wir verf\u00fcgen \u00fcber ein effizientes Logistikverteilungssystem, um eine p\u00fcnktliche und pr\u00e4zise Lieferung unserer Hydraulikzylinder zu gew\u00e4hrleisten. Kunden k\u00f6nnen sich auf unseren schnellen und reibungslosen Service verlassen, der Ausfallzeiten minimiert und die Produktivit\u00e4t maximiert.<\/li>\n<\/ol>\n<p>W\u00e4hlen Sie FMP als Ihren zuverl\u00e4ssigen Partner f\u00fcr alle Ihre Hydraulikzylinder-Anforderungen. Mit unserer breiten Palette an hochwertigen Produkten, strengen Qualit\u00e4tskontrollen, einem kompetenten Vertriebsteam und effizienter Logistik unterst\u00fctzen wir Sie beim Erfolg Ihrer Baumaschinenprojekte.<\/p>\n<h2>FAQs<\/h2>\n<h3>Sind Sie ein Handelsunternehmen oder Hersteller?<\/h3>\n<p>Wir sind ein Hersteller mit einer Fabrik in Lin Yi City.<\/p>\n<h3>Wie lange ist Ihre Lieferzeit?<\/h3>\n<p>Im Allgemeinen dauert die Lieferung 25\u201335 Tage.<\/p>\n<h3>K\u00f6nnen Sie nach Muster produzieren?<\/h3>\n<p>Ja, wir k\u00f6nnen nach Ihren Mustern oder technischen Zeichnungen produzieren. Wir k\u00f6nnen die Formen und Vorrichtungen bauen.<\/p>\n<p>Autor: CX<\/p>","protected":false},"excerpt":{"rendered":"<p>Factory Provide Customized Hydraulic Ram Cylinder for Snow Plow The Factory Provide Customized Hydraulic Ram Cylinder for Snow Plow is a highly versatile and efficient product designed to enhance the performance of snow plows. This hydraulic cylinder offers exceptional strength and durability, making it an ideal choice for heavy-duty applications in the winter maintenance industry. [&hellip;]<\/p>","protected":false},"featured_media":1499,"comment_status":"closed","ping_status":"closed","template":"","meta":{"_et_pb_use_builder":"","_et_pb_old_content":"","_et_gb_content_width":""},"product_brand":[],"product_cat":[42],"product_tag":[34,44],"class_list":{"0":"post-1498","1":"product","2":"type-product","3":"status-publish","4":"has-post-thumbnail","6":"product_cat-snow-plow-hydraulic-cylinder","7":"product_tag-hydraulic-cylinder","8":"product_tag-snow-plow-hydraulic-cylinder","10":"first","11":"instock","12":"product-type-simple"},"_links":{"self":[{"href":"https:\/\/fmp-components.com\/de\/wp-json\/wp\/v2\/product\/1498","targetHints":{"allow":["GET"]}}],"collection":[{"href":"https:\/\/fmp-components.com\/de\/wp-json\/wp\/v2\/product"}],"about":[{"href":"https:\/\/fmp-components.com\/de\/wp-json\/wp\/v2\/types\/product"}],"replies":[{"embeddable":true,"href":"https:\/\/fmp-components.com\/de\/wp-json\/wp\/v2\/comments?post=1498"}],"wp:featuredmedia":[{"embeddable":true,"href":"https:\/\/fmp-components.com\/de\/wp-json\/wp\/v2\/media\/1499"}],"wp:attachment":[{"href":"https:\/\/fmp-components.com\/de\/wp-json\/wp\/v2\/media?parent=1498"}],"wp:term":[{"taxonomy":"product_brand","embeddable":true,"href":"https:\/\/fmp-components.com\/de\/wp-json\/wp\/v2\/product_brand?post=1498"},{"taxonomy":"product_cat","embeddable":true,"href":"https:\/\/fmp-components.com\/de\/wp-json\/wp\/v2\/product_cat?post=1498"},{"taxonomy":"product_tag","embeddable":true,"href":"https:\/\/fmp-components.com\/de\/wp-json\/wp\/v2\/product_tag?post=1498"}],"curies":[{"name":"wp","href":"https:\/\/api.w.org\/{rel}","templated":true}]}}