{"id":1478,"date":"2024-12-23T05:49:26","date_gmt":"2024-12-23T05:49:26","guid":{"rendered":"https:\/\/fmp-components.com\/product\/competitive-price-2-ton-double-effect-small-hydraulic-cylinder\/"},"modified":"2024-12-23T06:39:58","modified_gmt":"2024-12-23T06:39:58","slug":"competitive-price-2-ton-double-effect-small-hydraulic-cylinder","status":"publish","type":"product","link":"https:\/\/fmp-components.com\/de\/product\/competitive-price-2-ton-double-effect-small-hydraulic-cylinder\/","title":{"rendered":"Konkurrenzf\u00e4higer Preis 2 Tonnen Doppelwirkung Kleiner Hydraulikzylinder"},"content":{"rendered":"<h2>Konkurrenzf\u00e4higer Preis 2 Tonnen Doppelwirkung Kleiner Hydraulikzylinder<\/h2>\n<p>Produktvorstellung: Preisg\u00fcnstiger 2-Tonnen-Doppelwirkungs-Kleinhydraulikzylinder<\/p>\n<p>Der preisg\u00fcnstige 2-Tonnen-Doppelwirkungs-Hydraulikzylinder ist ein hocheffizienter und zuverl\u00e4ssiger Hydraulikzylinder, der f\u00fcr \u00fcberlegene Leistung in einer Vielzahl industrieller Anwendungen entwickelt wurde. Dank seiner doppeltwirkenden Konstruktion erm\u00f6glicht er eine gleichm\u00e4\u00dfige und pr\u00e4zise Bewegung und eignet sich daher ideal f\u00fcr Anwendungen, bei denen Pr\u00e4zision und Genauigkeit entscheidend sind.<\/p>\n<p>Dieser Hydraulikzylinder ist aus hochwertigen Materialien gefertigt und f\u00fcr den Einsatz in anspruchsvollsten Industrieumgebungen ausgelegt. Dank seiner kompakten und leichten Bauweise ist er einfach zu installieren und zu bedienen und ben\u00f6tigt nur minimalen Platz.<\/p>\n<p>Der preisg\u00fcnstige 2-Tonnen-Doppelwirkungs-Kleinhydraulikzylinder zeichnet sich durch hohe Langlebigkeit und Robustheit aus. Seine widerstandsf\u00e4hige Konstruktion gew\u00e4hrleistet jahrelangen, intensiven Einsatz ohne h\u00e4ufige Wartung oder Reparaturen.<\/p>\n<p>Ob Sie einen Hydraulikzylinder f\u00fcr die Fertigung, das Bauwesen oder andere industrielle Anwendungen suchen \u2013 der preisg\u00fcnstige 2-Tonnen-Doppelwirkungs-Kleinhydraulikzylinder ist die ideale Wahl. Dank seiner \u00fcberlegenen Leistung, Zuverl\u00e4ssigkeit und Langlebigkeit liefert dieser Hydraulikzylinder garantiert die Ergebnisse, die Sie f\u00fcr einen reibungslosen und effizienten Betriebsablauf ben\u00f6tigen.<\/p>\n<p>Wir pr\u00e4sentieren unseren preisg\u00fcnstigen, doppelwirkenden Kleinhydraulikzylinder mit einer Tragf\u00e4higkeit von 2 Tonnen. Dieser neue Kolbenzylinder in Standardausf\u00fchrung bietet eine leistungsstarke Hydraulikleistung und eignet sich ideal f\u00fcr verschiedene Branchen, darunter Maschinenreparaturwerkst\u00e4tten, Landwirtschaft, Energie- und Bergbau, Maschinenbau und Maschinenbauunternehmen.<\/p>\n<h2>Produktmerkmale und Spezifikationen<\/h2>\n<p>Unser Hydraulikzylinder zeichnet sich durch seine Robustheit und Langlebigkeit aus. Sein Stahlgeh\u00e4use h\u00e4lt selbst h\u00e4rtesten Einsatzbedingungen stand. Mit einer maximalen Schubkraft von 3000 Nm und einer maximalen Zugkraft von 20 Tonnen bietet er eine beeindruckende Leistung f\u00fcr seine Gr\u00f6\u00dfe. Dieser Hydraulikzylinder ist f\u00fcr den Einsatz in Schneepflug-Hydrauliksystemen konzipiert, eignet sich aber auch f\u00fcr eine Vielzahl anderer Anwendungen.<\/p>\n<ul>\n<li><b>Material:<\/b> Stahl<\/li>\n<li><b>Typ:<\/b> Hydraulikzylinder f\u00fcr Schneepflug<\/li>\n<li><b>Maximaler Schub:<\/b> 3000<\/li>\n<li><b>Maximaler Zug:<\/b> 20 Tonnen<\/li>\n<li><b>Bohrungsgr\u00f6\u00dfe:<\/b> 2-6 Zoll<\/li>\n<li><b>Rutengr\u00f6\u00dfe:<\/b> 1,125-4 Zoll<\/li>\n<li><b>Strichst\u00e4rke:<\/b> 4-100 Zoll<\/li>\n<li><b>Pin-Gr\u00f6\u00dfe:<\/b> 0,5-2 Zoll<\/li>\n<li><b>Farbe:<\/b> Schwarz<\/li>\n<\/ul>\n<p><img decoding=\"async\" title=\"Hydraulikzylinder f\u00fcr Schneepflug\" src=\"https:\/\/hzpt.com\/wp-content\/uploads\/2023\/11\/Snow-Plow-Hydraulic-Cylinder-2.webp\" alt=\"Hydraulikzylinder f\u00fcr Schneepflug\" \/><\/p>\n<h2>Vorteile von verstellbaren Gabelkopfzylindern<\/h2>\n<ul>\n<li><b>Erh\u00f6hte Vielseitigkeit:<\/b> Verstellbare Gabelzylinder bieten im Vergleich zu fest montierten Zylindern einen gr\u00f6\u00dferen Bewegungsspielraum und mehr Flexibilit\u00e4t. Sie lassen sich an unterschiedlichste Anwendungen anpassen und sind daher in Branchen wie dem Bauwesen und der Fertigung eine beliebte Wahl. Dank ihrer Vielseitigkeit k\u00f6nnen der Bedarf an mehreren Zylindern reduziert und Kosten gespart werden.<\/li>\n<li><b>Bessere Laststeuerung:<\/b> Verstellbare Gabelzylinder erm\u00f6glichen eine bessere Lastkontrolle und damit die pr\u00e4zise Bewegung und Positionierung schwerer Ausr\u00fcstung oder Materialien. Dies ist besonders wichtig in Anwendungen, die genaue und kontrollierte Bewegungen erfordern, wie beispielsweise in Fertigungs- oder Montagelinien. Die M\u00f6glichkeit, die Lastbewegung zu kontrollieren, gew\u00e4hrleistet zudem die Sicherheit der Mitarbeiter und reduziert das Risiko von Unf\u00e4llen oder Sachsch\u00e4den.<\/li>\n<li><b>Verbesserte Effizienz:<\/b> Durch die M\u00f6glichkeit, den Hub des Zylinders anzupassen und feinabzustimmen, k\u00f6nnen verstellbare Gabelzylinder die Gesamteffizienz steigern. Indem sie den Leerweg reduzieren, tragen diese Zylinder zu h\u00f6heren Produktionsraten und geringeren Betriebskosten bei. Dies ist besonders vorteilhaft bei Anwendungen, die ein hohes Ma\u00df an Pr\u00e4zision und Wiederholgenauigkeit erfordern.<\/li>\n<li><b>L\u00e4ngere Lebensspanne:<\/b> Verstellbare Gabelzylinder sind f\u00fcr hohe Beanspruchung und anspruchsvolle Umgebungen ausgelegt. Sie bestehen aus hochwertigen Materialien und sind verschlei\u00dffest. Bei sachgem\u00e4\u00dfer Wartung und Pflege erreichen diese Zylinder eine lange Lebensdauer und bieten eine zuverl\u00e4ssige und kosteng\u00fcnstige L\u00f6sung f\u00fcr vielf\u00e4ltige Anwendungen. Der wettbewerbsf\u00e4hige Preis eines 2-Tonnen-Doppelwirkungs-Kleinhydraulikzylinders macht ihn zu einer beliebten Wahl f\u00fcr alle, die eine zuverl\u00e4ssige und wirtschaftliche L\u00f6sung suchen.<\/li>\n<li><b>Reduzierte Ausfallzeiten:<\/b> Im Falle einer St\u00f6rung oder eines Ausfalls lassen sich verstellbare Gabelzylinder problemlos reparieren oder austauschen. Dank ihrer modularen Bauweise erm\u00f6glichen diese Zylinder eine schnelle und einfache Wartung, wodurch Ausfallzeiten minimiert und die Anlagen schnellstm\u00f6glich wieder in Betrieb genommen werden k\u00f6nnen. Dies ist besonders wichtig in Branchen, in denen Ausfallzeiten zu erheblichen finanziellen Verlusten f\u00fchren k\u00f6nnen.<\/li>\n<\/ul>\n<p>Verstellbare Gabelkopfzylinder bieten gegen\u00fcber fest montierten Zylindern eine Reihe von Vorteilen. Sie zeichnen sich durch h\u00f6here Flexibilit\u00e4t, bessere Lastkontrolle, verbesserte Effizienz, l\u00e4ngere Lebensdauer und geringere Ausfallzeiten aus. Der wettbewerbsf\u00e4hige Preis eines 2-Tonnen-Doppelwirkungs-Kleinhydraulikzylinders macht ihn zudem zu einer beliebten Wahl f\u00fcr alle, die eine zuverl\u00e4ssige und kosteng\u00fcnstige L\u00f6sung suchen.<\/p>\n<h3>\u00dcber FMP<\/h3>\n<p>FMP ist ein Unternehmen mit Sitz in Italien, das sich auf die Herstellung und den Vertrieb von Hydraulikzylindern spezialisiert hat. Dank unserer langj\u00e4hrigen Branchenerfahrung und unseres professionellen Teams bieten wir Ihnen hochwertige und zuverl\u00e4ssige Hydraulikzylinder.<\/p>\n<p><img decoding=\"async\" src=\"https:\/\/fmp-components.com\/wp-content\/uploads\/2024\/12\/Adjustable-Clevis-Type-Cylinders-6.webp\" alt=\"Einstellbarer Gabelkopfzylinder\" width=\"817\" title=\"\"><\/p>\n<ol>\n<li>Breites Produktsortiment: Wir bieten eine vielf\u00e4ltige Auswahl an Hydraulikzylindern, die f\u00fcr verschiedene Anwendungen in der Baumaschinenindustrie geeignet sind.<\/li>\n<li>H\u00f6chste Qualit\u00e4t: Alle unsere Hydraulikzylinder werden aus erstklassigen Materialien gefertigt und unterliegen strengen Qualit\u00e4tskontrollen, um ihre Langlebigkeit und Leistungsf\u00e4higkeit zu gew\u00e4hrleisten.<\/li>\n<li>Anpassungsm\u00f6glichkeiten: Wir bieten Anpassungsdienstleistungen an, um die spezifischen Anforderungen unserer Kunden zu erf\u00fcllen und ma\u00dfgeschneiderte L\u00f6sungen f\u00fcr ihren Bedarf an Baumaschinen bereitzustellen.<\/li>\n<li>Experten-Verkaufsteam: Unser erfahrenes Verkaufsteam verf\u00fcgt \u00fcber fundierte Kenntnisse der Baumaschinenbranche und kann professionelle Produktberatungen anbieten, um Kunden bei fundierten Kaufentscheidungen zu unterst\u00fctzen.<\/li>\n<li>Effiziente Logistik: Dank unseres effizienten Logistik- und Vertriebssystems garantieren wir unseren Kunden die termingerechte und pr\u00e4zise Lieferung von Hydraulikzylindern und stellen so sicher, dass ihre Projekte reibungslos und ohne Verz\u00f6gerungen ablaufen k\u00f6nnen.<\/li>\n<\/ol>\n<p>Setzen Sie bei all Ihren Hydraulikzylinder-Anforderungen auf FMP und erleben Sie die Zuverl\u00e4ssigkeit, Qualit\u00e4t und Professionalit\u00e4t, die uns in der Baumaschinenbranche auszeichnen.<\/p>\n<p>Autor: CX<\/p>","protected":false},"excerpt":{"rendered":"<p>Competitive Price 2 Ton Double Effect Small Hydraulic Cylinder Product Introduction: Competitive Price 2 Ton Double Effect Small Hydraulic Cylinder The Competitive Price 2 Ton Double Effect Small Hydraulic Cylinder is a highly efficient and reliable hydraulic cylinder that is designed to deliver superior performance for a wide range of industrial applications. This hydraulic cylinder [&hellip;]<\/p>","protected":false},"featured_media":1479,"comment_status":"closed","ping_status":"closed","template":"","meta":{"_et_pb_use_builder":"","_et_pb_old_content":"","_et_gb_content_width":""},"product_brand":[],"product_cat":[42],"product_tag":[34,44],"class_list":{"0":"post-1478","1":"product","2":"type-product","3":"status-publish","4":"has-post-thumbnail","6":"product_cat-snow-plow-hydraulic-cylinder","7":"product_tag-hydraulic-cylinder","8":"product_tag-snow-plow-hydraulic-cylinder","10":"first","11":"instock","12":"product-type-simple"},"_links":{"self":[{"href":"https:\/\/fmp-components.com\/de\/wp-json\/wp\/v2\/product\/1478","targetHints":{"allow":["GET"]}}],"collection":[{"href":"https:\/\/fmp-components.com\/de\/wp-json\/wp\/v2\/product"}],"about":[{"href":"https:\/\/fmp-components.com\/de\/wp-json\/wp\/v2\/types\/product"}],"replies":[{"embeddable":true,"href":"https:\/\/fmp-components.com\/de\/wp-json\/wp\/v2\/comments?post=1478"}],"wp:featuredmedia":[{"embeddable":true,"href":"https:\/\/fmp-components.com\/de\/wp-json\/wp\/v2\/media\/1479"}],"wp:attachment":[{"href":"https:\/\/fmp-components.com\/de\/wp-json\/wp\/v2\/media?parent=1478"}],"wp:term":[{"taxonomy":"product_brand","embeddable":true,"href":"https:\/\/fmp-components.com\/de\/wp-json\/wp\/v2\/product_brand?post=1478"},{"taxonomy":"product_cat","embeddable":true,"href":"https:\/\/fmp-components.com\/de\/wp-json\/wp\/v2\/product_cat?post=1478"},{"taxonomy":"product_tag","embeddable":true,"href":"https:\/\/fmp-components.com\/de\/wp-json\/wp\/v2\/product_tag?post=1478"}],"curies":[{"name":"wp","href":"https:\/\/api.w.org\/{rel}","templated":true}]}}