{"id":1476,"date":"2024-12-23T05:49:26","date_gmt":"2024-12-23T05:49:26","guid":{"rendered":"https:\/\/fmp-components.com\/product\/superior-quality-small-welded-hydraulic-oil-cylinder\/"},"modified":"2024-12-23T06:35:24","modified_gmt":"2024-12-23T06:35:24","slug":"superior-quality-small-welded-hydraulic-oil-cylinder","status":"publish","type":"product","link":"https:\/\/fmp-components.com\/de\/product\/superior-quality-small-welded-hydraulic-oil-cylinder\/","title":{"rendered":"Kleiner geschwei\u00dfter Hydraulik\u00f6lzylinder von h\u00f6chster Qualit\u00e4t"},"content":{"rendered":"<h2>Kleiner geschwei\u00dfter Hydraulik\u00f6lzylinder von h\u00f6chster Qualit\u00e4t<\/h2>\n<p>Wir stellen den hochwertigen, kleinen, geschwei\u00dften Hydraulik\u00f6lzylinder vor:<\/p>\n<p>Der hochwertige, kleine, geschwei\u00dfte Hydraulikzylinder ist ein \u00e4u\u00dferst zuverl\u00e4ssiges und effizientes Produkt f\u00fcr vielf\u00e4ltige industrielle Anwendungen. Dank fortschrittlicher Technologie und erstklassiger Verarbeitung bietet dieser Hydraulikzylinder au\u00dfergew\u00f6hnliche Leistung und Langlebigkeit.<\/p>\n<p>Dieser Hydraulikzylinder ist fachm\u00e4nnisch aus hochwertigen Materialien gefertigt und zeichnet sich durch Langlebigkeit und Verschlei\u00dffestigkeit aus. Seine geschwei\u00dfte Konstruktion bietet \u00fcberragende Festigkeit und Stabilit\u00e4t und eignet sich daher selbst f\u00fcr anspruchsvollste Hydrauliksysteme.<\/p>\n<p>Ausgestattet mit modernster Hydrauliktechnologie bietet dieser Zylinder pr\u00e4zise Steuerung und reibungslosen Betrieb. Er gew\u00e4hrleistet eine effiziente Kraft\u00fcbertragung und erm\u00f6glicht so nahtlose Bewegungen und optimale Leistung in Hydraulikmaschinen.<\/p>\n<p>Der hochwertige, kleine, geschwei\u00dfte Hydraulikzylinder zeichnet sich durch seine beeindruckende Belastbarkeit und Best\u00e4ndigkeit gegen\u00fcber hohen Dr\u00fccken aus. Dadurch eignet er sich ideal f\u00fcr anspruchsvolle Anwendungen, die ein zuverl\u00e4ssiges und robustes Hydrauliksystem erfordern.<\/p>\n<p>Dar\u00fcber hinaus wird dieser Hydraulikzylinder sorgf\u00e4ltig gepr\u00fcft und getestet, um h\u00f6chste Qualit\u00e4tsstandards zu erf\u00fcllen. Er wird strengen Leistungstests unterzogen, um seine Funktionalit\u00e4t und Zuverl\u00e4ssigkeit unter verschiedenen Betriebsbedingungen sicherzustellen.<\/p>\n<p>Zusammenfassend l\u00e4sst sich sagen, dass der hochwertige, kleine, geschwei\u00dfte Hydraulikzylinder ein Spitzenprodukt ist, das f\u00fcr au\u00dfergew\u00f6hnliche Leistung und Langlebigkeit entwickelt wurde. Dank seiner fortschrittlichen Technologie, pr\u00e4zisen Steuerung und \u00fcberlegenen Festigkeit ist er eine ausgezeichnete Wahl f\u00fcr industrielle Anwendungen, die zuverl\u00e4ssige Hydrauliksysteme erfordern.<\/p>\n<p><img decoding=\"async\" title=\"Hydraulikzylinder f\u00fcr Schneepflug\" src=\"https:\/\/hzpt.com\/wp-content\/uploads\/2023\/11\/Snow-Plow-Hydraulic-Cylinder-3.webp\" alt=\"Hydraulikzylinder f\u00fcr Schneepflug\" \/><\/p>\n<h2>Wir stellen Ihnen den hochwertigen, kleinen, geschwei\u00dften Hydraulik\u00f6lzylinder vor.<\/h2>\n<p>Wir pr\u00e4sentieren den hochwertigen, kleinen, geschwei\u00dften Hydraulikzylinder \u2013 eine erstklassige Maschinenkomponente, die den hohen Anforderungen verschiedenster Branchen gerecht wird. Dieser neue, \u00e4u\u00dferst zuverl\u00e4ssige Hydraulikzylinder wird mit einer einj\u00e4hrigen Garantie geliefert und unterstreicht unser Engagement f\u00fcr Qualit\u00e4t und Zuverl\u00e4ssigkeit.<\/p>\n<h2>Produkteigenschaften<\/h2>\n<p>Der Hydraulikzylinder besteht aus robustem Stahl und ist in Standard-Kolbenzylinderbauweise ausgef\u00fchrt. Er eignet sich ideal f\u00fcr Maschinenreparaturwerkst\u00e4tten, Landwirtschaft, Energie- und Bergbau, Maschinenbau und Fabriken. Mit einem Gewicht von nur 12 kg ist dieser Hydraulikzylinder leicht zu handhaben. Zu seinen Kernkomponenten geh\u00f6ren ein Lager und der Hydraulikzylinder selbst, auf die eine einj\u00e4hrige Garantie gew\u00e4hrt wird. Der Zylinder arbeitet hydraulisch und h\u00e4lt einer maximalen Schubkraft von 3000 Nm und einer maximalen Zugkraft von 20 Tonnen stand. Damit ist er eine robuste und zuverl\u00e4ssige L\u00f6sung f\u00fcr Branchen mit hohem Betriebsdruck.<\/p>\n<h2>Technische Spezifikationen<\/h2>\n<ul>\n<li>Standard oder Nichtstandard: Standard<\/li>\n<li>Aufbau: Kolben-Zylinder<\/li>\n<li>Antrieb: Hydraulisch<\/li>\n<li>Geh\u00e4usematerial: Stahl<\/li>\n<li>Maximaler Schub: 3000<\/li>\n<li>Max. Zugkraft: 20 Tonnen<\/li>\n<li>Anschl\u00fcsse: G\/SAE\/NPT\/M<\/li>\n<li>Bohrungsgr\u00f6\u00dfe: 2-6 Zoll<\/li>\n<li>Stangengr\u00f6\u00dfe: 1,125-4 Zoll<\/li>\n<li>Hubgr\u00f6\u00dfe: 4-100 Zoll<\/li>\n<li>Stiftgr\u00f6\u00dfe: 0,5-2 Zoll<\/li>\n<\/ul>\n<h2>Vorteile von verstellbaren Gabelkopfzylindern<\/h2>\n<p>Verstellbare Gabelzylinder erfreuen sich aufgrund ihrer zahlreichen Vorteile in verschiedenen industriellen Anwendungen zunehmender Beliebtheit. In diesem Artikel werden wir die Vorteile dieser Zylinder n\u00e4her betrachten und erl\u00e4utern, warum sie anderen Hydraulikzylindertypen \u00fcberlegen sind.<\/p>\n<h3>1. Vielseitigkeit<\/h3>\n<p>Einer der Hauptvorteile von verstellbaren Gabelzylindern ist ihre Vielseitigkeit. Diese Zylinder eignen sich f\u00fcr ein breites Anwendungsspektrum, von Baumaschinen bis hin zu Landmaschinen. Diese Vielseitigkeit beruht auf ihrer einfachen Einstellbarkeit f\u00fcr spezifische Anforderungen, wodurch sie sich ideal f\u00fcr Anwendungen eignen, bei denen Flexibilit\u00e4t entscheidend ist.<\/p>\n<h3>2. Pr\u00e4zision<\/h3>\n<p>Ein weiterer Vorteil von verstellbaren Gabelzylindern ist ihre Pr\u00e4zision. Diese Zylinder sind f\u00fcr eine genaue und zuverl\u00e4ssige Steuerung ausgelegt und eignen sich daher ideal f\u00fcr Anwendungen, die pr\u00e4zise Bewegungen erfordern. Diese Pr\u00e4zision wird durch die Verwendung hochwertiger Materialien und fortschrittlicher Fertigungstechniken erreicht, was zu erstklassigen, kleinen, geschwei\u00dften Hydraulikzylindern f\u00fchrt.<\/p>\n<h3>3. Haltbarkeit<\/h3>\n<p>Verstellbare Gabelzylinder sind auch f\u00fcr ihre Langlebigkeit bekannt. Diese Zylinder sind so konstruiert, dass sie selbst h\u00e4rtesten Umgebungsbedingungen standhalten und sich daher ideal f\u00fcr anspruchsvolle Anwendungen eignen. Diese Langlebigkeit wird durch die Verwendung hochwertiger Materialien und fortschrittlicher Fertigungstechniken gew\u00e4hrleistet, wodurch die Zylinder auf eine lange Lebensdauer ausgelegt sind.<\/p>\n<h3>4. Effizienz<\/h3>\n<p>Effizienz ist ein weiterer Vorteil von verstellbaren Gabelzylindern. Diese Zylinder sind so konstruiert, dass sie maximale Leistung bei minimalem Energieverbrauch erbringen und sich daher f\u00fcr ein breites Anwendungsspektrum als energieeffiziente Option eignen. Diese Effizienz wird durch den Einsatz fortschrittlicher Hydrauliksysteme und anderer Konstruktionsmerkmale erreicht, die die Leistung optimieren und Energieverluste minimieren.<\/p>\n<h3>5. Anpassung<\/h3>\n<p>Verstellbare Gabelzylinder bieten ein hohes Ma\u00df an Individualisierung. Sie lassen sich leicht an spezifische Anforderungen anpassen und sind daher ideal f\u00fcr Anwendungen, die eine kundenspezifische Anpassung erfordern. Diese Anpassung kann unter anderem Modifikationen der Zylinderbohrung, des Hubs und der Montageoptionen umfassen, um sicherzustellen, dass der Zylinder exakt den Anforderungen der jeweiligen Anwendung entspricht.<\/p>\n<p>Zusammenfassend bieten verstellbare Gabelzylinder zahlreiche Vorteile und sind daher ideal f\u00fcr verschiedenste industrielle Anwendungen geeignet. Von ihrer Vielseitigkeit und Pr\u00e4zision \u00fcber ihre Langlebigkeit und Effizienz bis hin zu den Anpassungsm\u00f6glichkeiten bieten diese Zylinder \u00fcberlegene Leistung und Zuverl\u00e4ssigkeit und sind somit in der Industrie eine bevorzugte Option.<\/p>\n<h3>\u00dcber FMP<\/h3>\n<p>FMP ist ein Unternehmen, das sich auf die Herstellung und den Vertrieb von Hydraulikzylindern spezialisiert hat. Dank unserer langj\u00e4hrigen Branchenerfahrung und einem professionellen Team beliefern wir unsere Kunden mit hochwertigen und zuverl\u00e4ssigen Hydraulikzylindern f\u00fcr Baumaschinen.<\/p>\n<p><img decoding=\"async\" src=\"https:\/\/fmp-components.com\/wp-content\/uploads\/2024\/12\/Adjustable-Clevis-Type-Cylinders-6.webp\" alt=\"Einstellbarer Gabelkopfzylinder\" width=\"816\" title=\"\"><\/p>\n<p>Hier sind f\u00fcnf Gr\u00fcnde, warum Sie sich f\u00fcr unsere Hydraulikzylinder entscheiden sollten:<\/p>\n<ol>\n<li>Gro\u00dfe Auswahl an Optionen: Wir bieten ein umfassendes Sortiment an Hydraulikzylindern, darunter verstellbare Gabelkopfzylinder, Zugstangenzylinder, Schwei\u00dfzylinder, Teleskopzylinder und Kompaktzylinder. Was auch immer Ihre Baumaschinen ben\u00f6tigen, wir haben den perfekten Zylinder f\u00fcr Sie.<\/li>\n<li>\u00dcberragende Qualit\u00e4t: Alle unsere Hydraulikzylinder werden aus hochwertigen Materialien hergestellt und strengen Qualit\u00e4tskontrollen unterzogen. Wir stellen sicher, dass jeder Zylinder strengen Industriestandards entspricht und Ihnen zuverl\u00e4ssige und dauerhafte Leistung bietet.<\/li>\n<li>Anpassung: Wir wissen, dass jedes Bauprojekt individuelle Anforderungen mit sich bringt. Deshalb bieten wir Anpassungsm\u00f6glichkeiten f\u00fcr unsere Hydraulikzylinder an. Ob Gr\u00f6\u00dfe, Montageart oder Druckstufe \u2013 wir k\u00f6nnen den Zylinder an Ihre spezifischen Bed\u00fcrfnisse anpassen.<\/li>\n<li>Kompetente Beratung: Unser kompetentes Vertriebsteam kennt sich bestens mit der Baumaschinenbranche aus. Wir beraten Sie kompetent und unterst\u00fctzen Sie bei der Auswahl des passenden Hydraulikzylinders f\u00fcr Ihre Maschine. Wir sind bestrebt, die beste L\u00f6sung f\u00fcr unsere Kunden zu finden.<\/li>\n<li>Effiziente Distribution: Wir verf\u00fcgen \u00fcber ein effizientes Logistik- und Distributionssystem, das die p\u00fcnktliche und zuverl\u00e4ssige Lieferung Ihrer Hydraulikzylinder gew\u00e4hrleistet. Sie k\u00f6nnen sich darauf verlassen, dass wir Ihnen die ben\u00f6tigten Teile termingerecht liefern und so Ausfallzeiten Ihrer Maschinen minimieren.<\/li>\n<\/ol>\n<p>W\u00e4hlen Sie FMP f\u00fcr Ihren Hydraulikzylinderbedarf und erleben Sie den Unterschied. Kontaktieren Sie uns noch heute, um zu besprechen, wie wir Ihre Anforderungen an Baumaschinen erf\u00fcllen k\u00f6nnen.<\/p>\n<h2>H\u00e4ufig gestellte Fragen<\/h2>\n<h3>F: Sind Sie ein Handelsunternehmen oder ein Hersteller?<\/h3>\n<p>A: Wir sind ein Hersteller und produzieren unsere Produkte selbst.<\/p>\n<h3>F: Wie lange ist Ihre Lieferzeit?<\/h3>\n<p>A: Im Allgemeinen betr\u00e4gt unsere Lieferzeit 25-35 Tage.<\/p>\n<h3>F: K\u00f6nnen Sie gem\u00e4\u00df den Mustern produzieren?<\/h3>\n<p>A: Ja, wir k\u00f6nnen anhand Ihrer Muster oder technischen Zeichnungen produzieren. Wir k\u00f6nnen die Formen und Vorrichtungen bauen.<\/p>\n<p><img decoding=\"async\" src=\"https:\/\/hzpt.com\/wp-content\/uploads\/2023\/11\/Snow-Plow-Hydraulic-Cylinder-4Factory.webp\" alt=\"Ever-Power Getriebefabrik\" title=\"\"><\/p>\n<p>Autor: CX<\/p>","protected":false},"excerpt":{"rendered":"<p>Superior Quality Small Welded Hydraulic Oil Cylinder Introducing the Superior Quality Small Welded Hydraulic Oil Cylinder: The Superior Quality Small Welded Hydraulic Oil Cylinder is a highly reliable and efficient product designed for various industrial applications. With its advanced technology and top-notch craftsmanship, this hydraulic cylinder is built to deliver exceptional performance and longevity. This [&hellip;]<\/p>","protected":false},"featured_media":1477,"comment_status":"closed","ping_status":"closed","template":"","meta":{"_et_pb_use_builder":"","_et_pb_old_content":"","_et_gb_content_width":""},"product_brand":[],"product_cat":[42],"product_tag":[34,44],"class_list":{"0":"post-1476","1":"product","2":"type-product","3":"status-publish","4":"has-post-thumbnail","6":"product_cat-snow-plow-hydraulic-cylinder","7":"product_tag-hydraulic-cylinder","8":"product_tag-snow-plow-hydraulic-cylinder","10":"first","11":"instock","12":"product-type-simple"},"_links":{"self":[{"href":"https:\/\/fmp-components.com\/de\/wp-json\/wp\/v2\/product\/1476","targetHints":{"allow":["GET"]}}],"collection":[{"href":"https:\/\/fmp-components.com\/de\/wp-json\/wp\/v2\/product"}],"about":[{"href":"https:\/\/fmp-components.com\/de\/wp-json\/wp\/v2\/types\/product"}],"replies":[{"embeddable":true,"href":"https:\/\/fmp-components.com\/de\/wp-json\/wp\/v2\/comments?post=1476"}],"wp:featuredmedia":[{"embeddable":true,"href":"https:\/\/fmp-components.com\/de\/wp-json\/wp\/v2\/media\/1477"}],"wp:attachment":[{"href":"https:\/\/fmp-components.com\/de\/wp-json\/wp\/v2\/media?parent=1476"}],"wp:term":[{"taxonomy":"product_brand","embeddable":true,"href":"https:\/\/fmp-components.com\/de\/wp-json\/wp\/v2\/product_brand?post=1476"},{"taxonomy":"product_cat","embeddable":true,"href":"https:\/\/fmp-components.com\/de\/wp-json\/wp\/v2\/product_cat?post=1476"},{"taxonomy":"product_tag","embeddable":true,"href":"https:\/\/fmp-components.com\/de\/wp-json\/wp\/v2\/product_tag?post=1476"}],"curies":[{"name":"wp","href":"https:\/\/api.w.org\/{rel}","templated":true}]}}