{"id":1452,"date":"2024-12-23T05:49:26","date_gmt":"2024-12-23T05:49:26","guid":{"rendered":"https:\/\/fmp-components.com\/product\/double-effect-hydraulic-cylinder-small-hydraulic-cylinder-for-snow-plow\/"},"modified":"2024-12-23T06:43:34","modified_gmt":"2024-12-23T06:43:34","slug":"double-effect-hydraulic-cylinder-small-hydraulic-cylinder-for-snow-plow","status":"publish","type":"product","link":"https:\/\/fmp-components.com\/de\/product\/double-effect-hydraulic-cylinder-small-hydraulic-cylinder-for-snow-plow\/","title":{"rendered":"Doppelwirkungs-Hydraulikzylinder Kleiner Hydraulikzylinder f\u00fcr Schneepflug"},"content":{"rendered":"<h2>Doppelwirkungs-Hydraulikzylinder Kleiner Hydraulikzylinder f\u00fcr Schneepflug<\/h2>\n<p>Der kleine Hydraulikzylinder f\u00fcr Schneepfl\u00fcge mit Doppelwirkung ist ein hochwertiges Produkt f\u00fcr den Einsatz in Schneepfl\u00fcgen. Der Zylinder ist pr\u00e4zise konstruiert und aus langlebigen Materialien gefertigt, um seine Langlebigkeit zu gew\u00e4hrleisten. Die Doppelwirkung sorgt f\u00fcr mehr Effizienz und erleichtert das Schneer\u00e4umen von Oberfl\u00e4chen.<\/p>\n<p>Der Hydraulikzylinder ist kompakt konzipiert und l\u00e4sst sich daher problemlos in verschiedenen Schneepfl\u00fcgen installieren und einsetzen. Dank seiner geringen Gr\u00f6\u00dfe ist er zudem leicht zu transportieren und kann von Schneepflugfahrern problemlos von einem Einsatzort zum anderen bewegt werden.<\/p>\n<p>Einer der Hauptvorteile dieses Produkts ist seine au\u00dfergew\u00f6hnliche Leistung unter extremen Wetterbedingungen. Es h\u00e4lt harten Winterbedingungen stand und ist so konstruiert, dass es zuverl\u00e4ssige Leistung bietet, wenn sie am dringendsten ben\u00f6tigt wird.<\/p>\n<p>Insgesamt ist der kleine Doppeleffekt-Hydraulikzylinder f\u00fcr Schneepfl\u00fcge ein hervorragendes Produkt mit einem hervorragenden Preis-Leistungs-Verh\u00e4ltnis. Seine Langlebigkeit, Leistung und kompakte Gr\u00f6\u00dfe machen ihn zur idealen Wahl f\u00fcr Schneepflugfahrer, die einen zuverl\u00e4ssigen und effizienten Hydraulikzylinder suchen. Unter der gro\u00dfen Auswahl an verf\u00fcgbaren Hydraulikzylindern sticht der kleine Doppeleffekt-Hydraulikzylinder f\u00fcr Schneepfl\u00fcge durch seine einzigartigen Eigenschaften und au\u00dfergew\u00f6hnlichen F\u00e4higkeiten hervor. Dieses Produkt ist neu und wird mit einer einj\u00e4hrigen Garantie geliefert, die seine Zuverl\u00e4ssigkeit und Ihre Sicherheit gew\u00e4hrleistet.<\/p>\n<h2>Produkteigenschaften<\/h2>\n<p><img decoding=\"async\" title=\"Hydraulikzylinder f\u00fcr Schneepflug\" src=\"https:\/\/hzpt.com\/wp-content\/uploads\/2023\/11\/Snow-Plow-Hydraulic-Cylinder-1.webp\" alt=\"Hydraulikzylinder f\u00fcr Schneepflug\" \/><\/p>\n<p>Der kleine Hydraulikzylinder mit Doppelwirkung f\u00fcr Schneepfl\u00fcge ist ein innovatives Produkt, das auf Effizienz und hohe Leistung in verschiedenen Branchen wie Maschinenreparaturwerkst\u00e4tten, landwirtschaftlichen Betrieben, Energie- und Bergbau, Maschinenbau und Maschinenfabriken ausgelegt ist.<\/p>\n<ul>\n<li><strong>Hohe Qualit\u00e4t und Zuverl\u00e4ssigkeit:<\/strong> Der Hydraulikzylinder besteht aus Stahl und ist somit robust und langlebig. Mit einem Gewicht von 5,9 kg ist er kompakt und dennoch leistungsstark.<\/li>\n<li><strong>Effizienz und Leistung:<\/strong> Dieser Hydraulikzylinder verf\u00fcgt \u00fcber eine maximale Schubkraft von 3000 und eine maximale Zugkraft von 20 Tonnen und ist somit ein Hochleistungswerkzeug f\u00fcr verschiedene Anwendungen.<\/li>\n<li><strong>Sicherheit und Stabilit\u00e4t:<\/strong> Die einj\u00e4hrige Garantie auf die Kernkomponenten, zu denen auch Lager und Hydraulikzylinder geh\u00f6ren, garantiert Sicherheit und Stabilit\u00e4t.<\/li>\n<li><strong>Kompatibilit\u00e4t:<\/strong> Das Produkt ist ein Standardprodukt, das hei\u00dft, es l\u00e4sst sich problemlos in verschiedene Systeme integrieren.<\/li>\n<li><strong>Langfristiger Investitionswert:<\/strong> Mit seiner einj\u00e4hrigen Garantie und den hochwertigen Kernkomponenten gew\u00e4hrleistet dieser Hydraulikzylinder einen langfristigen Investitionswert.<\/li>\n<\/ul>\n<p><img decoding=\"async\" title=\"Hydraulikzylinder f\u00fcr Schneepflug\" src=\"https:\/\/hzpt.com\/wp-content\/uploads\/2023\/11\/Snow-Plow-Hydraulic-Cylinder-2.webp\" alt=\"Hydraulikzylinder f\u00fcr Schneepflug\" \/><\/p>\n<h2>Vorteile von verstellbaren Gabelkopfzylindern<\/h2>\n<ul>\n<li style=\"list-style-type: none;\">\n<ul>\n<li>Erh\u00f6hte Flexibilit\u00e4t und Anpassungsf\u00e4higkeit<\/li>\n<\/ul>\n<\/li>\n<\/ul>\n<p>Einer der Hauptvorteile verstellbarer Gabelkopfzylinder ist ihre hohe Anpassungsf\u00e4higkeit. Diese Zylinder lassen sich problemlos an eine Vielzahl unterschiedlicher Anwendungen und Anforderungen anpassen und bieten so mehr Flexibilit\u00e4t und Vielseitigkeit. Das bedeutet, dass sie in einer Vielzahl unterschiedlicher Industrieumgebungen eingesetzt und an die spezifischen Anforderungen verschiedener Projekte und Anwendungen angepasst werden k\u00f6nnen.<\/p>\n<ul>\n<li style=\"list-style-type: none;\">\n<ul>\n<li>Verbesserte Pr\u00e4zision und Kontrolle<\/li>\n<\/ul>\n<\/li>\n<\/ul>\n<p>Ein weiterer wichtiger Vorteil von verstellbaren Gabelkopfzylindern ist ihre verbesserte Pr\u00e4zision und Kontrolle. Diese Zylinder sind f\u00fcr pr\u00e4zise Bewegungen ausgelegt und eignen sich daher ideal f\u00fcr Anwendungen, die ein hohes Ma\u00df an Kontrolle und Genauigkeit erfordern. Dies kann insbesondere in industriellen Umgebungen wichtig sein, in denen Pr\u00e4zision und Genauigkeit f\u00fcr Sicherheit und Effizienz entscheidend sind.<\/p>\n<ul>\n<li style=\"list-style-type: none;\">\n<ul>\n<li>Verbesserte Haltbarkeit und Langlebigkeit<\/li>\n<\/ul>\n<\/li>\n<\/ul>\n<p>Verstellbare Gabelkopfzylinder sind au\u00dferdem f\u00fcr ihre au\u00dfergew\u00f6hnliche Haltbarkeit und Langlebigkeit bekannt. Diese Zylinder werden typischerweise aus hochwertigen Materialien gefertigt, die den Belastungen durch starke Beanspruchung und raue Industrieumgebungen standhalten. Das bedeutet, dass sie viele Jahre lang mit minimalem Wartungsaufwand halten und somit eine kosteng\u00fcnstige L\u00f6sung f\u00fcr viele industrielle Anwendungen darstellen.<\/p>\n<ul>\n<li style=\"list-style-type: none;\">\n<ul>\n<li>H\u00f6here Effizienz und Produktivit\u00e4t<\/li>\n<\/ul>\n<\/li>\n<\/ul>\n<p>Durch h\u00f6here Pr\u00e4zision, Kontrolle und Anpassungsf\u00e4higkeit tragen verstellbare Gabelkopfzylinder auch zur Verbesserung der Gesamteffizienz und Produktivit\u00e4t in industriellen Umgebungen bei. Diese Zylinder k\u00f6nnen zur Automatisierung verschiedenster Prozesse eingesetzt werden und erleichtern so die schnelle und effiziente Erledigung von Aufgaben bei gleichzeitiger Minimierung von Ausfallzeiten und Kostensenkung. Dies kann besonders in Branchen wichtig sein, in denen Zeit eine entscheidende Rolle spielt, wie beispielsweise im Bau- oder Fertigungsbereich.<\/p>\n<ul>\n<li style=\"list-style-type: none;\">\n<ul>\n<li>Kompatibel mit einer Vielzahl von Systemen und Komponenten<\/li>\n<\/ul>\n<\/li>\n<\/ul>\n<p>Verstellbare Gabelkopfzylinder zeichnen sich durch ihre hohe Kompatibilit\u00e4t mit einer Vielzahl von Systemen und Komponenten aus. Diese Zylinder lassen sich problemlos in bestehende Hydrauliksysteme integrieren und stellen somit eine vielseitige und flexible L\u00f6sung f\u00fcr viele industrielle Anwendungen dar. Dar\u00fcber hinaus sind sie mit einer Vielzahl unterschiedlicher Komponenten und Zubeh\u00f6rteile kompatibel, wie z. B. doppeltwirkenden Hydraulikzylindern und kleinen Hydraulikzylindern f\u00fcr Schneepfl\u00fcge. Dadurch bieten sie eine hochgradig anpassbare L\u00f6sung f\u00fcr viele verschiedene Projekte.<\/p>\n<h3>\u00dcber FMP \u2013 Ihr professioneller Hydraulikzylinderlieferant<\/h3>\n<p>Sie suchen zuverl\u00e4ssige und hochwertige Hydraulikzylinder f\u00fcr Ihre Baumaschinen? Dann sind Sie bei FMP genau richtig! Als Unternehmen mit langj\u00e4hriger Branchenerfahrung und einem professionellen Team sind wir auf den Vertrieb und Service von Baumaschinenteilen und Komplettmaschinen spezialisiert. Unser breites Produktsortiment umfasst Landmaschinengetriebe, Industriegetriebe, Planetengetriebe, Landmaschinenteile sowie eine Reihe darauf abgestimmter hochwertiger Zubeh\u00f6rteile.<\/p>\n<p>Hier sind nur einige Gr\u00fcnde, warum Sie FMP als Ihren Hydraulikzylinderlieferanten w\u00e4hlen sollten:<\/p>\n<p>1. Hochwertige Produkte \u2013 Wir arbeiten mit vielen hochwertigen Lieferanten im In- und Ausland zusammen, um sicherzustellen, dass alle unsere Hydraulikzylinder strengen Qualit\u00e4tsstandards entsprechen. Unsere Produkte sind langlebig, zuverl\u00e4ssig und auf Langlebigkeit ausgelegt.<\/p>\n<p>2. Professionelles Vertriebsteam \u2013 Unser erfahrenes und kompetentes Vertriebsteam kennt die Entwicklungstrends und Kundenbed\u00fcrfnisse der Baumaschinenbranche. Es bietet Ihnen professionelle Produktberatung und intelligente Kaufempfehlungen, damit Sie den richtigen Hydraulikzylinder f\u00fcr Ihre Bed\u00fcrfnisse finden.<\/p>\n<p>3. Effiziente Logistikverteilung \u2013 Wir verf\u00fcgen \u00fcber ein effizientes Logistikverteilungssystem, um sicherzustellen, dass unsere Kunden die ben\u00f6tigten Teile zeitnah und zuverl\u00e4ssig erhalten. Sie k\u00f6nnen sich darauf verlassen, dass wir Ihnen Ihre Hydraulikzylinder genau dann liefern, wenn Sie sie ben\u00f6tigen.<\/p>\n<p>4. Anpassbare Optionen \u2013 Wir bei FMP wissen, dass jeder Kunde individuelle Anforderungen an Hydraulikzylinder hat. Deshalb bieten wir anpassbare Optionen, um Ihre spezifischen Anforderungen zu erf\u00fcllen.<\/p>\n<p>5. Gro\u00dfe Produktpalette \u2013 Wir bieten eine gro\u00dfe Auswahl an Hydraulikzylindern, darunter verstellbare Gabelkopfzylinder, Schwei\u00dfzylinder, Spurstangenzylinder und mehr. So finden Sie den perfekten Hydraulikzylinder f\u00fcr Ihre Baumaschinen.<\/p>\n<p>Dar\u00fcber hinaus genie\u00dfen Sie mit FMP die Sicherheit, mit einem vertrauensw\u00fcrdigen und zuverl\u00e4ssigen Lieferanten zusammenzuarbeiten. Worauf warten Sie also noch? Kontaktieren Sie uns noch heute, um mehr \u00fcber unsere Hydraulikzylinder zu erfahren und wie wir Sie bei der Erf\u00fcllung Ihrer Baumaschinenanforderungen unterst\u00fctzen k\u00f6nnen.<\/p>\n<p><img decoding=\"async\" src=\"https:\/\/fmp-components.com\/wp-content\/uploads\/2024\/12\/Adjustable-Clevis-Type-Cylinders-6.webp\" alt=\"Einstellbarer Gabelkopfzylinder\" width=\"804\" title=\"\"><\/p>\n<p>Autor: CX<\/p>","protected":false},"excerpt":{"rendered":"<p>Double Effect Hydraulic Cylinder Small Hydraulic Cylinder For Snow Plow Double Effect Hydraulic Cylinder Small Hydraulic Cylinder For Snow Plow is a high-quality product designed for use in snow plows. The cylinder is constructed with precision and is made of durable materials to ensure its longevity. The double effect feature allows for increased efficiency, making [&hellip;]<\/p>","protected":false},"featured_media":1453,"comment_status":"closed","ping_status":"closed","template":"","meta":{"_et_pb_use_builder":"","_et_pb_old_content":"","_et_gb_content_width":""},"product_brand":[],"product_cat":[42],"product_tag":[34,44],"class_list":{"0":"post-1452","1":"product","2":"type-product","3":"status-publish","4":"has-post-thumbnail","6":"product_cat-snow-plow-hydraulic-cylinder","7":"product_tag-hydraulic-cylinder","8":"product_tag-snow-plow-hydraulic-cylinder","10":"first","11":"instock","12":"product-type-simple"},"_links":{"self":[{"href":"https:\/\/fmp-components.com\/de\/wp-json\/wp\/v2\/product\/1452","targetHints":{"allow":["GET"]}}],"collection":[{"href":"https:\/\/fmp-components.com\/de\/wp-json\/wp\/v2\/product"}],"about":[{"href":"https:\/\/fmp-components.com\/de\/wp-json\/wp\/v2\/types\/product"}],"replies":[{"embeddable":true,"href":"https:\/\/fmp-components.com\/de\/wp-json\/wp\/v2\/comments?post=1452"}],"wp:featuredmedia":[{"embeddable":true,"href":"https:\/\/fmp-components.com\/de\/wp-json\/wp\/v2\/media\/1453"}],"wp:attachment":[{"href":"https:\/\/fmp-components.com\/de\/wp-json\/wp\/v2\/media?parent=1452"}],"wp:term":[{"taxonomy":"product_brand","embeddable":true,"href":"https:\/\/fmp-components.com\/de\/wp-json\/wp\/v2\/product_brand?post=1452"},{"taxonomy":"product_cat","embeddable":true,"href":"https:\/\/fmp-components.com\/de\/wp-json\/wp\/v2\/product_cat?post=1452"},{"taxonomy":"product_tag","embeddable":true,"href":"https:\/\/fmp-components.com\/de\/wp-json\/wp\/v2\/product_tag?post=1452"}],"curies":[{"name":"wp","href":"https:\/\/api.w.org\/{rel}","templated":true}]}}