{"id":1354,"date":"2024-12-23T02:18:07","date_gmt":"2024-12-23T02:18:07","guid":{"rendered":"https:\/\/fmp-components.com\/product\/hot-sale-double-acting-20-ton-hydraulic-cylinder-welded-hydraulic-cylinder\/"},"modified":"2025-03-18T00:57:00","modified_gmt":"2025-03-18T00:57:00","slug":"hot-sale-double-acting-20-ton-hydraulic-cylinder-welded-hydraulic-cylinder","status":"publish","type":"product","link":"https:\/\/fmp-components.com\/de\/product\/hot-sale-double-acting-20-ton-hydraulic-cylinder-welded-hydraulic-cylinder\/","title":{"rendered":"Hei\u00dfer Verkauf Doppeltwirkender 20-Tonnen-Hydraulikzylinder Geschwei\u00dfter Hydraulikzylinder"},"content":{"rendered":"<h2>Wir pr\u00e4sentieren den hei\u00df begehrten, doppeltwirkenden 20-Tonnen-Hydraulikzylinder (geschwei\u00dfter Hydraulikzylinder):<\/h2>\n<p>Der hei\u00df begehrte, doppeltwirkende 20-Tonnen-Hydraulikzylinder (geschwei\u00dft) ist ein hochwertiges Produkt f\u00fcr anspruchsvolle Anwendungen. Dank seiner doppeltwirkenden Konstruktion gew\u00e4hrleistet er einen effizienten und zuverl\u00e4ssigen Betrieb sowohl beim Aus- als auch beim Einfahren.<\/p>\n<p>Dieser Hydraulikzylinder ist f\u00fcr anspruchsvolle Einsatzbedingungen und herausragende Leistung ausgelegt. Seine robuste Konstruktion mit geschwei\u00dftem Zylinderk\u00f6rper gew\u00e4hrleistet Langlebigkeit und Best\u00e4ndigkeit gegen hohe Dr\u00fccke. Der Zylinder erzeugt eine maximale Kraft von 20 Tonnen und eignet sich daher f\u00fcr vielf\u00e4ltige industrielle Anwendungen.<\/p>\n<p>Der hei\u00df begehrte, doppeltwirkende 20-Tonnen-Hydraulikzylinder (geschwei\u00dft) ist f\u00fcr einfache Installation und Bedienung konzipiert. Dank seiner vielseitigen Montagem\u00f6glichkeiten l\u00e4sst er sich flexibel in verschiedene Systeme integrieren. Der Zylinder ist zudem mit einer Reihe von Optionen f\u00fcr Stangenenden und Montagezubeh\u00f6r erh\u00e4ltlich und bietet somit Kompatibilit\u00e4t mit einer Vielzahl von Anwendungen.<\/p>\n<p>Dieser Hydraulikzylinder zeichnet sich durch hohe Sicherheit und Effizienz aus und ist mit hochwertigen Dichtungen und Pr\u00e4zisionskomponenten ausgestattet. Er gew\u00e4hrleistet minimale Leckagen und einen reibungslosen Betrieb, optimiert die Leistung und reduziert den Wartungsaufwand.<\/p>\n<p>Ob im Bauwesen, in der Landwirtschaft oder anderen anspruchsvollen Branchen \u2013 der hei\u00df begehrte, doppeltwirkende 20-Tonnen-Hydraulikzylinder (geschwei\u00dft) erweist sich als zuverl\u00e4ssige und effiziente L\u00f6sung. Seine robuste Konstruktion, das vielseitige Design und die \u00fcberragende Leistung machen ihn zur idealen Wahl f\u00fcr jedes Hydrauliksystem.<\/p>\n<p><img loading=\"lazy\" decoding=\"async\" class=\"alignnone size-full wp-image-1334\" src=\"https:\/\/fmp-components.com\/wp-content\/uploads\/2024\/12\/Adjustable-Clevis-Type-Cylinders-4.webp\" alt=\"Einstellbare Gabelkopfzylinder\" width=\"800\" height=\"800\" title=\"\" srcset=\"https:\/\/fmp-components.com\/wp-content\/uploads\/2024\/12\/Adjustable-Clevis-Type-Cylinders-4.webp 800w, https:\/\/fmp-components.com\/wp-content\/uploads\/2024\/12\/Adjustable-Clevis-Type-Cylinders-4-480x480.webp 480w\" sizes=\"(min-width: 0px) and (max-width: 480px) 480px, (min-width: 481px) 800px, 100vw\" \/><\/p>\n<p>Entscheiden Sie sich f\u00fcr den hei\u00df begehrten doppeltwirkenden 20-Tonnen-Hydraulikzylinder (geschwei\u00dfter Hydraulikzylinder) und erleben Sie die Kraft und Langlebigkeit, die er bietet.<\/p>\n<p>Wir pr\u00e4sentieren den neuen doppeltwirkenden 20-Tonnen-Hydraulikzylinder, ab sofort erh\u00e4ltlich. Dieser geschwei\u00dfte Zylinder zeichnet sich durch seine hohe Langlebigkeit und Festigkeit aus und ist aus robustem, hochwertigem Stahl gefertigt. Mit Bohrungsdurchmessern von 2 bis 6 Zoll, Kolbenstangendurchmessern von 1,125 bis 4 Zoll und Hubl\u00e4ngen von 4 bis 100 Zoll eignet er sich f\u00fcr vielf\u00e4ltige Anwendungen in Branchen wie Maschinenbau, Landwirtschaft, Energie und Bergbau, Maschinenbau und Fabriken. Mit einer maximalen Schubkraft von 3000 Nm und einer maximalen Zugkraft von 20 Tonnen bietet dieser Hydraulikzylinder eine herausragende Leistung.<\/p>\n<p>Unser Produkt geh\u00f6rt zur Premium-Produktpalette von FMP Hydraulic Machinery, einem f\u00fchrenden Unternehmen der Branche seit 2002. Wir sind spezialisiert auf die Herstellung und den Export von Hydraulikzylindern und genie\u00dfen einen hervorragenden Ruf f\u00fcr Qualit\u00e4tsprodukte und Kundenservice. Unser doppeltwirkender 20-Tonnen-Hydraulikzylinder bildet da keine Ausnahme und unterstreicht unser Engagement f\u00fcr beste Hydrauliktechnik. Er wird mit einer einj\u00e4hrigen Garantie auf die Kernkomponenten, einschlie\u00dflich Lager und Hydraulikzylinder, geliefert, sodass Sie sich auf seine Qualit\u00e4t und Zuverl\u00e4ssigkeit verlassen k\u00f6nnen.<\/p>\n<p>Um die Kundenzufriedenheit zu gew\u00e4hrleisten, stellen wir f\u00fcr jedes Produkt einen Video-Warenausgangspr\u00fcfbericht und einen Maschinenpr\u00fcfbericht bereit. Der Zylinder ist in elegantem Schwarz erh\u00e4ltlich und wird in einer Eisenkiste, einer Sperrholzkiste oder einem Karton verpackt.<\/p>\n<h2>Vorteile von verstellbaren Gabelkopfzylindern<\/h2>\n<p>Verstellbare Gabelkopfzylinder, wie beispielsweise der beliebte doppeltwirkende 20-Tonnen-Hydraulikzylinder und der geschwei\u00dfte Hydraulikzylinder, bieten in verschiedenen industriellen Anwendungen zahlreiche Vorteile. Diese Zylinder sind auf pr\u00e4zise Steuerung und zuverl\u00e4ssige Leistung ausgelegt und eignen sich daher hervorragend f\u00fcr viele Hydrauliksysteme.<\/p>\n<ol>\n<li><strong>Erh\u00f6hte Flexibilit\u00e4t:<\/strong> Einer der Hauptvorteile von Zylindern mit verstellbarem Gabelkopf ist ihre erh\u00f6hte Flexibilit\u00e4t in Hydrauliksystemen. Dank des verstellbaren Gabelkopfes lassen sich diese Zylinder problemlos an verschiedene Montagepositionen und -ausrichtungen anpassen und erm\u00f6glichen so eine gr\u00f6\u00dfere Vielseitigkeit in unterschiedlichen Anwendungen.<\/li>\n<li><strong>Optimale Leistung:<\/strong> Verstellbare Gabelzylinder sind speziell f\u00fcr optimale Leistung entwickelt. Ihre fortschrittliche Konstruktion gew\u00e4hrleistet einen reibungslosen und effizienten Betrieb, was zu h\u00f6herer Produktivit\u00e4t und reduzierten Ausfallzeiten f\u00fchrt. Der Einsatz hochwertiger Materialien und pr\u00e4ziser Fertigungstechniken steigert Leistung und Zuverl\u00e4ssigkeit zus\u00e4tzlich.<\/li>\n<li><strong>Genaue Positionierung:<\/strong> Diese Zylinder zeichnen sich durch ihre pr\u00e4zise Steuerung und genaue Positionierung aus. Die verstellbare Gabelkonstruktion erm\u00f6glicht die Feinabstimmung von Hub und Montageposition und somit die exakte Steuerung von Bewegung und Positionierung der Lasten. Diese hohe Pr\u00e4zision ist unerl\u00e4sslich in Anwendungen, bei denen h\u00f6chste Genauigkeit entscheidend ist, wie beispielsweise in der industriellen Automatisierung und in Materialflusssystemen.<\/li>\n<li><strong>Langlebige Konstruktion:<\/strong> Verstellbare Gabelzylinder sind f\u00fcr anspruchsvolle Betriebsbedingungen ausgelegt. Sie werden h\u00e4ufig aus robusten Materialien wie hochfestem Stahl gefertigt, was ihre Langlebigkeit und lange Lebensdauer gew\u00e4hrleistet. Insbesondere der geschwei\u00dfte Hydraulikzylinder bietet eine hervorragende strukturelle Integrit\u00e4t und Verschlei\u00dffestigkeit und eignet sich daher ideal f\u00fcr Anwendungen mit hoher Beanspruchung.<\/li>\n<li><strong>Einfache Wartung:<\/strong> Diese Zylinder sind auf einfache Wartung ausgelegt. Sie verf\u00fcgen h\u00e4ufig \u00fcber eine modulare Bauweise, die eine problemlose Demontage und Montage bei Wartungs- oder Reparaturarbeiten erm\u00f6glicht. Dar\u00fcber hinaus minimiert ihre robuste Konstruktion das Besch\u00e4digungsrisiko und verl\u00e4ngert die Wartungsintervalle, was zu geringeren Gesamtwartungskosten f\u00fchrt.<\/li>\n<\/ol>\n<p>Insgesamt bieten verstellbare Gabelkopfzylinder, darunter der beliebte doppeltwirkende 20-Tonnen-Hydraulikzylinder und der geschwei\u00dfte Hydraulikzylinder, zahlreiche Vorteile hinsichtlich Flexibilit\u00e4t, Leistung, Positioniergenauigkeit, Langlebigkeit und Wartungsfreundlichkeit. Diese Zylinder spielen in verschiedenen Branchen eine entscheidende Rolle und liefern zuverl\u00e4ssige und effiziente Hydraulikleistung f\u00fcr ein breites Anwendungsspektrum.<\/p>\n<p><img decoding=\"async\" src=\"https:\/\/fmp-components.com\/wp-content\/uploads\/2024\/12\/Adjustable-Clevis-Type-Cylinders5.webp\" alt=\"Einstellbarer Gabelkopfzylinder\" width=\"800\" title=\"\"><\/p>\n<h2>Anwendung von verstellbaren Gabelkopfzylindern<\/h2>\n<p>Verstellbare Gabelzylinder sind vielseitige Hydraulikkomponenten, die in verschiedenen Branchen breite Anwendung finden. Diese Zylinder bieten au\u00dfergew\u00f6hnliche Leistung und lassen sich an spezifische Anforderungen anpassen. In diesem Blogbeitrag beleuchten wir die verschiedenen Einsatzm\u00f6glichkeiten verstellbarer Gabelzylinder und gehen detailliert auf ihre besonderen Merkmale und Vorteile ein.<\/p>\n<h3>1. Industrielle Automatisierung und Maschinenbau<\/h3>\n<p>Eine der Hauptanwendungen von verstellbaren Gabelzylindern liegt in der industriellen Automatisierung und im Maschinenbau. Diese Zylinder spielen eine entscheidende Rolle bei der Steuerung der Bewegung verschiedener mechanischer Komponenten wie F\u00f6rderb\u00e4nder, Roboterarme und Anlagen in Montagelinien. Dank ihrer pr\u00e4zisen Einstellbarkeit gew\u00e4hrleisten sie einen reibungslosen und genauen Betrieb und tragen so zu h\u00f6herer Produktivit\u00e4t und Effizienz bei.<\/p>\n<h3>2. Bau- und Bauindustrie<\/h3>\n<p>Die Bauindustrie setzt ebenfalls verst\u00e4rkt auf verstellbare Gabelzylinder. Diese Zylinder finden in einer Vielzahl von Anwendungen Verwendung, unter anderem bei schweren Baumaschinen wie Kr\u00e4nen, Baggern und Ladern. Dank ihrer Verstellbarkeit erm\u00f6glichen sie eine pr\u00e4zise Positionierung und eignen sich daher ideal f\u00fcr Aufgaben, die kontrolliertes Heben, Schieben oder Ziehen erfordern. Ihre robuste Bauweise gew\u00e4hrleistet Langlebigkeit, selbst unter anspruchsvollen Baustellenbedingungen.<\/p>\n<h3>3. Landwirtschaftliche Maschinen<\/h3>\n<p>Landmaschinen ben\u00f6tigen h\u00e4ufig Hydraulikleistung, um verschiedene Aufgaben effizient zu erledigen. Verstellbare Gabelzylinder werden h\u00e4ufig in landwirtschaftlichen Ger\u00e4ten wie Traktoren, M\u00e4hdreschern und Feldspritzen eingesetzt. Diese Zylinder tragen zu einer gleichm\u00e4\u00dfigen und kontrollierten Bewegung bei und erm\u00f6glichen es Landwirten, Aufgaben pr\u00e4zise auszuf\u00fchren, wie z. B. das Verstellen von Messern, das Steuern des Winkels von Anbauger\u00e4ten und das Heben oder Senken von Anbauger\u00e4ten.<\/p>\n<h3>4. Materialfluss und Logistik<\/h3>\n<p>Die Materialfluss- und Logistikbranche setzt in ihren Hebe- und F\u00f6rderanlagen verst\u00e4rkt auf verstellbare Gabelzylinder. Diese Zylinder werden in Gabelstaplern, Hubwagen und F\u00f6rderanlagen verwendet, um das Heben und Positionieren von G\u00fctern zu steuern. Durch die Verstellbarkeit der Zylinderl\u00e4nge l\u00e4sst sich die Anlage leichter an unterschiedliche Lastgr\u00f6\u00dfen und -h\u00f6hen anpassen, was die Gesamteffizienz des Materialflusses steigert.<\/p>\n<h3>5. Automobil- und Transportwesen<\/h3>\n<p>Verstellbare Gabelzylinder finden breite Anwendung in der Automobil- und Transportindustrie. Sie spielen eine entscheidende Rolle in Fahrzeugfederungssystemen und gew\u00e4hrleisten ein ruhiges und komfortables Fahrgef\u00fchl. Dar\u00fcber hinaus werden sie in verschiedenen Fahrzeugkomponenten wie Lenksystemen, Bremsen und hydraulischen Hebeb\u00fchnen eingesetzt. Ihre Anpassungsf\u00e4higkeit und Zuverl\u00e4ssigkeit machen sie unverzichtbar f\u00fcr optimale Leistung und Sicherheit in Automobilanwendungen.<\/p>\n<p>Insgesamt finden verstellbare Gabelzylinder in zahlreichen Branchen Anwendung und tragen zu h\u00f6herer Effizienz, Pr\u00e4zision und Sicherheit bei. Ihre einzigartige Verstellbarkeit in Kombination mit ihrer robusten Bauweise macht sie zur bevorzugten Wahl f\u00fcr viele Hydraulikanwendungen.<\/p>\n<p>Schl\u00fcsselw\u00f6rter: Hei\u00dfer Verkauf: Doppeltwirkender 20-Tonnen-Hydraulikzylinder, Geschwei\u00dfter Hydraulikzylinder<\/p>\n<p><img decoding=\"async\" src=\"https:\/\/fmp-components.com\/wp-content\/uploads\/2024\/12\/Application-of-Adjustable-Clevis-Type-Cylinders.webp\" alt=\"Einstellbarer Gabelkopfzylinder\" width=\"800\" title=\"\"><\/p>\n<h3>\u00dcber FMP<\/h3>\n<p>FMP ist ein Unternehmen, das sich auf die Herstellung und den Vertrieb von Hydraulikzylindern spezialisiert hat. Dank unserer langj\u00e4hrigen Branchenerfahrung und einem professionellen Team beliefern wir unsere Kunden mit hochwertigen und zuverl\u00e4ssigen Hydraulikzylindern f\u00fcr Baumaschinen.<\/p>\n<p><img decoding=\"async\" src=\"https:\/\/fmp-components.com\/wp-content\/uploads\/2024\/12\/Adjustable-Clevis-Type-Cylinders-6.webp\" alt=\"Einstellbarer Gabelkopfzylinder\" width=\"816\" title=\"\"><\/p>\n<p>Hier sind f\u00fcnf Gr\u00fcnde, warum Sie sich f\u00fcr unsere Hydraulikzylinder entscheiden sollten:<\/p>\n<ol>\n<li>Gro\u00dfe Auswahl an Optionen: Wir bieten ein umfassendes Sortiment an Hydraulikzylindern, darunter verstellbare Gabelkopfzylinder, Zugstangenzylinder, Schwei\u00dfzylinder, Teleskopzylinder und Kompaktzylinder. Was auch immer Ihre Baumaschinen ben\u00f6tigen, wir haben den perfekten Zylinder f\u00fcr Sie.<\/li>\n<li>\u00dcberragende Qualit\u00e4t: Alle unsere Hydraulikzylinder werden aus hochwertigen Materialien hergestellt und strengen Qualit\u00e4tskontrollen unterzogen. Wir stellen sicher, dass jeder Zylinder strengen Industriestandards entspricht und Ihnen zuverl\u00e4ssige und dauerhafte Leistung bietet.<\/li>\n<li>Anpassung: Wir wissen, dass jedes Bauprojekt individuelle Anforderungen mit sich bringt. Deshalb bieten wir Anpassungsm\u00f6glichkeiten f\u00fcr unsere Hydraulikzylinder an. Ob Gr\u00f6\u00dfe, Montageart oder Druckstufe \u2013 wir k\u00f6nnen den Zylinder an Ihre spezifischen Bed\u00fcrfnisse anpassen.<\/li>\n<li>Kompetente Beratung: Unser kompetentes Vertriebsteam kennt sich bestens mit der Baumaschinenbranche aus. Wir beraten Sie kompetent und unterst\u00fctzen Sie bei der Auswahl des passenden Hydraulikzylinders f\u00fcr Ihre Maschine. Wir sind bestrebt, die beste L\u00f6sung f\u00fcr unsere Kunden zu finden.<\/li>\n<li>Effiziente Distribution: Wir verf\u00fcgen \u00fcber ein effizientes Logistik- und Distributionssystem, das die p\u00fcnktliche und zuverl\u00e4ssige Lieferung Ihrer Hydraulikzylinder gew\u00e4hrleistet. Sie k\u00f6nnen sich darauf verlassen, dass wir Ihnen die ben\u00f6tigten Teile termingerecht liefern und so Ausfallzeiten Ihrer Maschinen minimieren.<\/li>\n<\/ol>\n<p>W\u00e4hlen Sie FMP f\u00fcr Ihren Hydraulikzylinderbedarf und erleben Sie den Unterschied. Kontaktieren Sie uns noch heute, um zu besprechen, wie wir Ihre Anforderungen an Baumaschinen erf\u00fcllen k\u00f6nnen.<\/p>\n<h3>H\u00e4ufig gestellte Fragen<\/h3>\n<p><b>F: Wie lange ist die Lieferzeit f\u00fcr den doppeltwirkenden 20-Tonnen-Hydraulikzylinder? <\/b><br \/>\nA: Die \u00fcbliche Lieferzeit betr\u00e4gt 25-35 Tage.<\/p>\n<p><b>F: Sind Muster des doppeltwirkenden 20-Tonnen-Hydraulikzylinders erh\u00e4ltlich? <\/b><br \/>\nA: Ja, wir stellen Muster zur Verf\u00fcgung, diese sind jedoch nicht kostenlos.<\/p>\n<p><b>F: Kann FMP kundenspezifische Hydraulikzylinder herstellen? <\/b><br \/>\nA: Selbstverst\u00e4ndlich k\u00f6nnen wir Zylinder nach Ihren Mustern oder technischen Zeichnungen fertigen. Wir k\u00f6nnen Formen und Vorrichtungen nach Ihren Vorgaben herstellen.<\/p>\n<p>Autor: CX<\/p>","protected":false},"excerpt":{"rendered":"<p>Introducing the Hot Sale Double Acting 20 Ton Hydraulic Cylinder Welded Hydraulic Cylinder: The Hot Sale Double Acting 20 Ton Hydraulic Cylinder Welded Hydraulic Cylinder is a high-quality product designed for heavy-duty applications. With its double-acting design, it offers efficient and reliable operation in both extending and retracting movements. This hydraulic cylinder is built to [&hellip;]<\/p>","protected":false},"featured_media":1338,"comment_status":"closed","ping_status":"closed","template":"","meta":{"_et_pb_use_builder":"","_et_pb_old_content":"","_et_gb_content_width":""},"product_brand":[],"product_cat":[39],"product_tag":[41,34],"class_list":{"0":"post-1354","1":"product","2":"type-product","3":"status-publish","4":"has-post-thumbnail","6":"product_cat-adjustable-clevis-type-cylinders","7":"product_tag-adjustable-clevis-type-cylinders","8":"product_tag-hydraulic-cylinder","10":"first","11":"instock","12":"product-type-simple"},"_links":{"self":[{"href":"https:\/\/fmp-components.com\/de\/wp-json\/wp\/v2\/product\/1354","targetHints":{"allow":["GET"]}}],"collection":[{"href":"https:\/\/fmp-components.com\/de\/wp-json\/wp\/v2\/product"}],"about":[{"href":"https:\/\/fmp-components.com\/de\/wp-json\/wp\/v2\/types\/product"}],"replies":[{"embeddable":true,"href":"https:\/\/fmp-components.com\/de\/wp-json\/wp\/v2\/comments?post=1354"}],"wp:featuredmedia":[{"embeddable":true,"href":"https:\/\/fmp-components.com\/de\/wp-json\/wp\/v2\/media\/1338"}],"wp:attachment":[{"href":"https:\/\/fmp-components.com\/de\/wp-json\/wp\/v2\/media?parent=1354"}],"wp:term":[{"taxonomy":"product_brand","embeddable":true,"href":"https:\/\/fmp-components.com\/de\/wp-json\/wp\/v2\/product_brand?post=1354"},{"taxonomy":"product_cat","embeddable":true,"href":"https:\/\/fmp-components.com\/de\/wp-json\/wp\/v2\/product_cat?post=1354"},{"taxonomy":"product_tag","embeddable":true,"href":"https:\/\/fmp-components.com\/de\/wp-json\/wp\/v2\/product_tag?post=1354"}],"curies":[{"name":"wp","href":"https:\/\/api.w.org\/{rel}","templated":true}]}}