{"id":1039,"date":"2024-12-19T06:17:09","date_gmt":"2024-12-19T06:17:09","guid":{"rendered":"https:\/\/fmp-components.com\/product\/10031-excellent-quality-welded-double-acting-hydraulic-cylinder\/"},"modified":"2025-03-18T02:22:12","modified_gmt":"2025-03-18T02:22:12","slug":"10031-excellent-quality-welded-double-acting-hydraulic-cylinder","status":"publish","type":"product","link":"https:\/\/fmp-components.com\/de\/product\/10031-excellent-quality-welded-double-acting-hydraulic-cylinder\/","title":{"rendered":"10031 Geschwei\u00dfter doppeltwirkender Hydraulikzylinder von ausgezeichneter Qualit\u00e4t"},"content":{"rendered":"<h2>Produktbeschreibung:<\/h2>\n<p>Der hochwertige, geschwei\u00dfte doppeltwirkende Hydraulikzylinder 10031 ist ein Hochleistungs-Hydraulikzylinder, der den hohen Anforderungen verschiedener Industrieanwendungen gerecht wird. Dank seiner au\u00dfergew\u00f6hnlichen Qualit\u00e4t und robusten Konstruktion ist dieser Hydraulikzylinder auf Effizienz, Langlebigkeit und Zuverl\u00e4ssigkeit ausgelegt.<\/p>\n<p>Hauptmerkmale:<\/p>\n<p>1. \u00dcberragende Haltbarkeit: Der Hydraulikzylinder 10031 ist f\u00fcr den harten Einsatz ausgelegt und gew\u00e4hrleistet dauerhafte Leistung in anspruchsvollen Umgebungen. Seine robuste Schwei\u00dfkonstruktion und die hochwertigen Materialien machen ihn widerstandsf\u00e4hig gegen Verschlei\u00df, Korrosion und Besch\u00e4digungen.<\/p>\n<p>2. Doppeltwirkendes Design: Dieser Hydraulikzylinder arbeitet in beide Richtungen und erm\u00f6glicht eine effiziente und pr\u00e4zise Bewegung sowohl beim Ausfahren als auch beim Einfahren. Sein doppeltwirkender Mechanismus erm\u00f6glicht erh\u00f6hte Produktivit\u00e4t und Vielseitigkeit in verschiedenen Anwendungen.<\/p>\n<p>3. Hervorragende Leistung: Ausgestattet mit fortschrittlicher Hydrauliktechnologie bietet der Zylinder 10031 eine au\u00dfergew\u00f6hnliche Leistung. Er bietet eine sanfte und kontrollierte Bewegung und gew\u00e4hrleistet eine pr\u00e4zise Positionierung und effiziente Kraft\u00fcbertragung.<\/p>\n<p>4. Einfache Installation und Wartung: Der Hydraulikzylinder 10031 ist auf Benutzerfreundlichkeit ausgelegt und l\u00e4sst sich problemlos installieren. Er ist zudem wartungsarm, reduziert Ausfallzeiten und steigert die Gesamtbetriebseffizienz.<\/p>\n<p>5. Breites Anwendungsspektrum: Dieser Hydraulikzylinder eignet sich f\u00fcr eine Vielzahl industrieller Anwendungen, darunter Baumaschinen, landwirtschaftliche Ger\u00e4te, Materialtransportsysteme und mehr. Seine Vielseitigkeit macht ihn zu einer ausgezeichneten Wahl f\u00fcr verschiedene Branchen.<\/p>\n<p>Vertrauen Sie auf den hochwertigen, geschwei\u00dften doppeltwirkenden Hydraulikzylinder 10031 f\u00fcr herausragende Leistung, Langlebigkeit und Zuverl\u00e4ssigkeit bei Ihren Hydraulikanwendungen. Erleben Sie den Unterschied in Effizienz und Produktivit\u00e4t mit diesem au\u00dfergew\u00f6hnlichen Produkt.<img decoding=\"async\" src=\"https:\/\/hzpt.com\/wp-content\/uploads\/2023\/12\/insert-4.webp?v=1694163707\" alt=\"\" title=\"\"><\/p>\n<h2>Vorteile von geschwei\u00dften Gabelkopfzylindern<\/h2>\n<p>Geschwei\u00dfte Gabelkopfzylinder sind aufgrund ihrer einzigartigen Vorteile und Vorz\u00fcge eine beliebte Wahl f\u00fcr viele industrielle Anwendungen. Hier sind einige der wichtigsten Vorteile von geschwei\u00dften Gabelkopfzylindern:<\/p>\n<h3>1. Erh\u00f6hte Festigkeit und Haltbarkeit<\/h3>\n<p>Zylinder mit geschwei\u00dftem Gabelkopf sind mit einer geschwei\u00dften Endkappe ausgestattet, die im Vergleich zu anderen Zylindertypen f\u00fcr erh\u00f6hte Festigkeit und Haltbarkeit sorgt. Dadurch eignen sie sich ideal f\u00fcr Hochleistungsanwendungen, die ein hohes Ma\u00df an Festigkeit und Haltbarkeit erfordern.<\/p>\n<p>Dar\u00fcber hinaus ist die Schwei\u00dfkonstruktion dieser Zylinder weniger anf\u00e4llig f\u00fcr Leckagen oder Ausf\u00e4lle, was zu geringeren Ausfallzeiten und geringeren Wartungskosten beitragen kann.<\/p>\n<h3>2. F\u00e4higkeit, mit hohem Druck umzugehen<\/h3>\n<p>Zylinder mit geschwei\u00dftem Gabelkopf eignen sich auch f\u00fcr Hochdruckanwendungen und sind daher in Branchen wie dem Baugewerbe, dem Bergbau sowie der \u00d6l- und Gasindustrie beliebt. Ihre F\u00e4higkeit, hohen Dr\u00fccken standzuhalten, gew\u00e4hrleistet zuverl\u00e4ssige Leistung in anspruchsvollen Umgebungen.<\/p>\n<h3>3. Anpassbares Design<\/h3>\n<p>Geschwei\u00dfte Gabelkopfzylinder k\u00f6nnen individuell an die spezifischen Anforderungen einer Anwendung angepasst werden. Das bedeutet, dass sie auf bestimmte Gr\u00f6\u00dfen, Formen oder Leistungsanforderungen zugeschnitten werden k\u00f6nnen. Die individuelle Gestaltung erm\u00f6glicht zudem mehr Flexibilit\u00e4t im Herstellungsprozess, was zu Kosteneinsparungen f\u00fchren kann.<\/p>\n<h3>4. Einfache Installation<\/h3>\n<p>Geschwei\u00dfte Gabelkopfzylinder sind f\u00fcr eine einfache Installation konzipiert, was die Einrichtungszeit und die Arbeitskosten reduziert. Sie sind in der Regel vormontiert und sofort einsatzbereit, wodurch der Bedarf an zus\u00e4tzlichen Teilen oder Komponenten minimiert wird.<\/p>\n<h3>5. Verbesserte Leistung<\/h3>\n<p>Die Konstruktion von geschwei\u00dften Gabelkopfzylindern erm\u00f6glicht eine h\u00f6here Leistung als andere Zylindertypen. Sie erzeugen mehr Kraft pro Druckeinheit, was die Effizienz und Produktivit\u00e4t in industriellen Anwendungen steigern kann.<\/p>\n<p>Insgesamt bieten geschwei\u00dfte Gabelkopfzylinder eine Reihe von Vorteilen, die sie zu einer beliebten Wahl f\u00fcr viele industrielle Anwendungen machen. Ihre erh\u00f6hte Festigkeit und Langlebigkeit, die F\u00e4higkeit, hohen Dr\u00fccken standzuhalten, das anpassbare Design, die einfache Installation und die verbesserte Leistung machen sie zur idealen Wahl f\u00fcr anspruchsvolle Umgebungen, in denen Zuverl\u00e4ssigkeit und Leistung entscheidend sind.<\/p>\n<p><img decoding=\"async\" src=\"https:\/\/hzpt.com\/wp-content\/uploads\/2023\/12\/insert-2.webp\" alt=\"\" title=\"\"><\/p>\n<h2>Anwendung von geschwei\u00dften Gabelkopfzylindern<\/h2>\n<ul>\n<li><strong>Industriemaschinen:<\/strong> Zylinder mit geschwei\u00dftem Gabelkopf werden h\u00e4ufig in verschiedenen Industriemaschinen f\u00fcr Schwerlastanwendungen eingesetzt. Diese Zylinder erzeugen hohe Kr\u00e4fte zum Heben und Pressen von Maschinenkomponenten. Die geschwei\u00dfte Gabelkopfkonstruktion erm\u00f6glicht eine einfache Installation und einen effizienten Betrieb und ist daher eine beliebte Wahl bei Herstellern.\n<ul>\n<li>In der Fertigungsindustrie werden geschwei\u00dfte Gabelkopfzylinder in Hydraulikpressen, Spritzgussmaschinen und Metallstanzger\u00e4ten eingesetzt, um die n\u00f6tige Kraft zum Formen und Gestalten von Metallblechen bereitzustellen.<\/li>\n<li>In der Automobilindustrie werden diese Zylinder in Wagenhebern, Hebeb\u00fchnen und Montagemaschinen verwendet, um w\u00e4hrend des Herstellungsprozesses schwere Komponenten anzuheben.<\/li>\n<li>In der Bauindustrie werden geschwei\u00dfte Gabelkopfzylinder in Kr\u00e4nen, Baggern und Bulldozern verwendet, um die Hydrauliksysteme anzutreiben, die schwere Lasten heben und bewegen.<\/li>\n<\/ul>\n<\/li>\n<li><strong>Landmaschinen:<\/strong> Landmaschinen geh\u00f6ren zu den wichtigsten Einsatzgebieten f\u00fcr geschwei\u00dfte Gabelkopfzylinder. Diese Zylinder werden in verschiedenen Landmaschinen, darunter Traktoren, Erntemaschinen und Pfl\u00fcgen, eingesetzt, um die n\u00f6tige Kraft f\u00fcr die Bodenbearbeitung, Bepflanzung und Ernte bereitzustellen.\n<ul>\n<li>In der Landwirtschaft werden geschwei\u00dfte Gabelkopfzylinder in Pfl\u00fcgen, Grubbern und S\u00e4maschinen verwendet, um die n\u00f6tige Kraft f\u00fcr die Bodenvorbereitung und Saataussaat bereitzustellen.<\/li>\n<li>In der Ernteindustrie werden diese Zylinder in Erntemaschinen, Ballenpressen und M\u00e4hern verwendet, um die Hydrauliksysteme anzutreiben, die das Erntegut einsammeln und transportieren.<\/li>\n<\/ul>\n<\/li>\n<li><strong>Luft- und Raumfahrt und Verteidigung:<\/strong> Zylinder mit geschwei\u00dftem Gabelkopf werden auch in der Luft- und Raumfahrt- sowie Verteidigungsindustrie eingesetzt, wo sie in zahlreichen Anwendungen f\u00fcr Flugzeuge, Raketen, Flugk\u00f6rper und Verteidigungssysteme zum Einsatz kommen.\n<ul>\n<li>In der Luft- und Raumfahrtindustrie werden geschwei\u00dfte Gabelkopfzylinder in Flugzeugfahrwerken, Landeklappen und Bremsen verwendet, um die n\u00f6tige Kraft f\u00fcr Start und Landung bereitzustellen.<\/li>\n<li>In der R\u00fcstungsindustrie werden diese Zylinder in Raketenwerfern, Gesch\u00fctzt\u00fcrmen und Panzersystemen verwendet, um die Hydrauliksysteme anzutreiben, die die Bewegung von Waffen und Munition steuern.<\/li>\n<\/ul>\n<\/li>\n<li><strong>Schifffahrtsindustrie:<\/strong> Zylinder mit geschwei\u00dfter Gabelkopfverbindung werden auch h\u00e4ufig in der Schifffahrtsindustrie eingesetzt, wo sie in einer Vielzahl von Anwendungen f\u00fcr Schiffe, Boote und Unterwasserfahrzeuge verwendet werden.\n<ul>\n<li>In der Schifffahrtsbranche werden geschwei\u00dfte Gabelkopfzylinder in Kr\u00e4nen, Winden und Frachtumschlagger\u00e4ten verwendet, um die n\u00f6tige Kraft zum Be- und Entladen von Fracht bereitzustellen.<\/li>\n<li>In der Bootsindustrie werden diese Zylinder in Lenksystemen, Propellern und Ankersystemen verwendet, um die n\u00f6tige Kraft zur Steuerung der Bewegung von Booten und Schiffen bereitzustellen.<\/li>\n<li>In der Unterwasserfahrzeugindustrie werden Zylinder vom Typ \u201eGeschwei\u00dfter Gabelkopf\u201c in Tauchbooten, ferngesteuerten Fahrzeugen (ROVs) und Tauchausr\u00fcstungen verwendet, um die n\u00f6tige Kraft f\u00fcr Unterwasseroperationen bereitzustellen.<\/li>\n<\/ul>\n<\/li>\n<li><strong>Bergbau:<\/strong> Zylinder mit geschwei\u00dftem Gabelkopf werden auch in der Bergbauindustrie eingesetzt, wo sie in zahlreichen Anwendungen zur Mineraliengewinnung und Materialhandhabung eingesetzt werden.\n<ul>\n<li>In der Bergbauindustrie werden geschwei\u00dfte Gabelkopfzylinder in F\u00f6rdersystemen, Bohrmaschinen und Hydraulikschaufeln verwendet, um die n\u00f6tige Kraft f\u00fcr die Gewinnung von Mineralien und Materialien aus Minen und Steinbr\u00fcchen bereitzustellen.<\/li>\n<\/ul>\n<\/li>\n<\/ul>\n<h2>\u00dcber FMP<\/h2>\n<p>FMP ist ein f\u00fchrender Anbieter auf dem italienischen Markt f\u00fcr Hydraulikzylinder f\u00fcr mobile Maschinen. Unser Produktsortiment umfasst hydraulische Kippzylinder, hydraulische Lenkzylinder, hydraulische Hubzylinder und mehr. Mit einer Kapazit\u00e4t von 200.000 St\u00fcck verf\u00fcgen wir \u00fcber 300 verschiedene automatische CNC-Produktionsanlagen und vollautomatische Hydraulikzylinder-Montageanlagen.<\/p>\n<p>Bei FMP sind wir stolz darauf, erstklassige Produkte, wettbewerbsf\u00e4hige Preise und exzellenten Kundenservice anzubieten. Zus\u00e4tzlich zu den oben genannten Zylindern liefern wir auch Hydraulikzylinder f\u00fcr H\u00f6henarbeitsb\u00fchnen, Industriefahrzeuge, Drehbohranlagen, Autokr\u00e4ne, Baumaschinen, Gabelstapler, Muldenkipper, Sanit\u00e4rmaschinen und mehr. Wir freuen uns \u00fcber individuelle Anpassungen an Kundenanforderungen.<\/p>\n<p><img decoding=\"async\" src=\"https:\/\/hzpt.com\/wp-content\/uploads\/2023\/12\/insert-5.webp\" alt=\"FMP Fabrikbild\" title=\"\"><\/p>\n<h2>FAQs<\/h2>\n<p>1. F: Wie hoch ist die Tragf\u00e4higkeit des Hydraulikzylinders?<br \/>\nA: Die Tragf\u00e4higkeit \u00fcbertrifft die Industriestandards.<\/p>\n<p>2. F: Welche Abmessungen hat der Hydraulikzylinder?<br \/>\nA: Die Ma\u00dfe werden auf Anfrage mitgeteilt.<\/p>\n<p>3. F: In welcher Stadt ist FMP ans\u00e4ssig?<br \/>\nA: FMP hat seinen Sitz in Italien.<\/p>\n<p>4. F: Welche Kapazit\u00e4t hat der Hydraulikzylinder?<br \/>\nA: Die Kapazit\u00e4t wird auf Anfrage angegeben.<\/p>\n<p>5. F: Welche Produkte liefert FMP?<br \/>\nA: FMP liefert hydraulische Kippzylinder, hydraulische Lenkzylinder, hydraulische Hubzylinder und andere Zylindertypen.<\/p>\n<p>Autor: CX<\/p>","protected":false},"excerpt":{"rendered":"<p>Product Description: The 10031 Excellent Quality Welded Double Acting Hydraulic Cylinder is a high-performance hydraulic cylinder designed to meet the rigorous demands of various industrial applications. With its exceptional quality and robust construction, this hydraulic cylinder is engineered for efficiency, durability, and reliability. Key Features: 1. Superior Durability: The 10031 Hydraulic Cylinder is built to [&hellip;]<\/p>","protected":false},"featured_media":1127,"comment_status":"closed","ping_status":"closed","template":"","meta":{"_et_pb_use_builder":"","_et_pb_old_content":"","_et_gb_content_width":""},"product_brand":[],"product_cat":[36],"product_tag":[34,38],"class_list":{"0":"post-1039","1":"product","2":"type-product","3":"status-publish","4":"has-post-thumbnail","6":"product_cat-welded-clevis-type-cylinder","7":"product_tag-hydraulic-cylinder","8":"product_tag-welded-clevis-type-cylinder","10":"first","11":"instock","12":"product-type-simple"},"_links":{"self":[{"href":"https:\/\/fmp-components.com\/de\/wp-json\/wp\/v2\/product\/1039","targetHints":{"allow":["GET"]}}],"collection":[{"href":"https:\/\/fmp-components.com\/de\/wp-json\/wp\/v2\/product"}],"about":[{"href":"https:\/\/fmp-components.com\/de\/wp-json\/wp\/v2\/types\/product"}],"replies":[{"embeddable":true,"href":"https:\/\/fmp-components.com\/de\/wp-json\/wp\/v2\/comments?post=1039"}],"wp:featuredmedia":[{"embeddable":true,"href":"https:\/\/fmp-components.com\/de\/wp-json\/wp\/v2\/media\/1127"}],"wp:attachment":[{"href":"https:\/\/fmp-components.com\/de\/wp-json\/wp\/v2\/media?parent=1039"}],"wp:term":[{"taxonomy":"product_brand","embeddable":true,"href":"https:\/\/fmp-components.com\/de\/wp-json\/wp\/v2\/product_brand?post=1039"},{"taxonomy":"product_cat","embeddable":true,"href":"https:\/\/fmp-components.com\/de\/wp-json\/wp\/v2\/product_cat?post=1039"},{"taxonomy":"product_tag","embeddable":true,"href":"https:\/\/fmp-components.com\/de\/wp-json\/wp\/v2\/product_tag?post=1039"}],"curies":[{"name":"wp","href":"https:\/\/api.w.org\/{rel}","templated":true}]}}