{"id":1026,"date":"2024-12-19T06:16:24","date_gmt":"2024-12-19T06:16:24","guid":{"rendered":"https:\/\/fmp-components.com\/product\/10018-low-price-double-acting-welded-hydraulic-cylinder-for-agricultural\/"},"modified":"2024-12-26T08:53:44","modified_gmt":"2024-12-26T08:53:44","slug":"10018-low-price-double-acting-welded-hydraulic-cylinder-for-agricultural","status":"publish","type":"product","link":"https:\/\/fmp-components.com\/de\/product\/10018-low-price-double-acting-welded-hydraulic-cylinder-for-agricultural\/","title":{"rendered":"10018 Preisg\u00fcnstiger doppeltwirkender geschwei\u00dfter Hydraulikzylinder f\u00fcr die Landwirtschaft"},"content":{"rendered":"<h2>Produkteinf\u00fchrung:<\/h2>\n<p>Der preisg\u00fcnstige, doppeltwirkende, geschwei\u00dfte Hydraulikzylinder 10018 f\u00fcr die Landwirtschaft ist eine unverzichtbare Komponente f\u00fcr diverse Anwendungen. Seine robuste Konstruktion und die hochwertigen Materialien machen ihn zu einer zuverl\u00e4ssigen Wahl f\u00fcr anspruchsvolle Aufgaben.<\/p>\n<p>Dieser Hydraulikzylinder ist f\u00fcr doppeltwirkenden Betrieb ausgelegt und bietet effiziente Leistung sowohl beim Aus- als auch beim Einfahren. Er verf\u00fcgt \u00fcber einen geschwei\u00dften Zylinderk\u00f6rper aus hochwertigem Stahl, der Langlebigkeit und Verschlei\u00dffestigkeit gew\u00e4hrleistet.<\/p>\n<p>Die Kolbenstange des Zylinders besteht ebenfalls aus hochfestem Stahl, was ihre Festigkeit und Haltbarkeit erh\u00f6ht. Dadurch eignet sie sich f\u00fcr den Einsatz in rauen Umgebungen, die Best\u00e4ndigkeit gegen Korrosion, Abrieb und St\u00f6\u00dfe erfordern.<\/p>\n<p>Der preisg\u00fcnstige, doppeltwirkende, geschwei\u00dfte Hydraulikzylinder 10018 f\u00fcr die Landwirtschaft ist einfach zu installieren und zu warten und daher bei Landwirten und anderen Fachleuten der Landwirtschaft sehr beliebt. Dank seines wettbewerbsf\u00e4higen Preises ist er zudem eine erschwingliche Option f\u00fcr Anwender mit begrenztem Budget.<\/p>\n<p>Zusammenfassend l\u00e4sst sich sagen: Wenn Sie einen zuverl\u00e4ssigen und leistungsstarken Hydraulikzylinder f\u00fcr Ihre landwirtschaftlichen Anforderungen suchen, ist der preisg\u00fcnstige, doppeltwirkende, geschwei\u00dfte Hydraulikzylinder 10018 eine ausgezeichnete Wahl. Seine robuste Konstruktion, die hochwertigen Materialien und die doppeltwirkende Funktionsweise machen ihn ideal f\u00fcr ein breites Anwendungsspektrum in der Landwirtschaft.<\/p>\n<h2>Vorteile von geschwei\u00dften Gabelkopfzylindern<\/h2>\n<p>Geschwei\u00dfte Gabelkopfzylinder sind aufgrund ihrer einzigartigen Vorteile und Vorz\u00fcge eine beliebte Wahl f\u00fcr viele industrielle Anwendungen. Hier sind einige der wichtigsten Vorteile von geschwei\u00dften Gabelkopfzylindern:<\/p>\n<h3>1. Erh\u00f6hte Festigkeit und Haltbarkeit<\/h3>\n<p>Zylinder mit geschwei\u00dftem Gabelkopf sind mit einer geschwei\u00dften Endkappe ausgestattet, die im Vergleich zu anderen Zylindertypen f\u00fcr erh\u00f6hte Festigkeit und Haltbarkeit sorgt. Dadurch eignen sie sich ideal f\u00fcr Hochleistungsanwendungen, die ein hohes Ma\u00df an Festigkeit und Haltbarkeit erfordern.<\/p>\n<p>Dar\u00fcber hinaus ist die Schwei\u00dfkonstruktion dieser Zylinder weniger anf\u00e4llig f\u00fcr Leckagen oder Ausf\u00e4lle, was zu geringeren Ausfallzeiten und geringeren Wartungskosten beitragen kann.<\/p>\n<h3>2. F\u00e4higkeit, mit hohem Druck umzugehen<\/h3>\n<p>Zylinder mit geschwei\u00dftem Gabelkopf eignen sich auch f\u00fcr Hochdruckanwendungen und sind daher in Branchen wie dem Baugewerbe, dem Bergbau sowie der \u00d6l- und Gasindustrie beliebt. Ihre F\u00e4higkeit, hohen Dr\u00fccken standzuhalten, gew\u00e4hrleistet zuverl\u00e4ssige Leistung in anspruchsvollen Umgebungen.<\/p>\n<h3>3. Anpassbares Design<\/h3>\n<p>Geschwei\u00dfte Gabelkopfzylinder k\u00f6nnen individuell an die spezifischen Anforderungen einer Anwendung angepasst werden. Das bedeutet, dass sie auf bestimmte Gr\u00f6\u00dfen, Formen oder Leistungsanforderungen zugeschnitten werden k\u00f6nnen. Die individuelle Gestaltung erm\u00f6glicht zudem mehr Flexibilit\u00e4t im Herstellungsprozess, was zu Kosteneinsparungen f\u00fchren kann.<\/p>\n<h3>4. Einfache Installation<\/h3>\n<p>Geschwei\u00dfte Gabelkopfzylinder sind f\u00fcr eine einfache Installation konzipiert, was die Einrichtungszeit und die Arbeitskosten reduziert. Sie sind in der Regel vormontiert und sofort einsatzbereit, wodurch der Bedarf an zus\u00e4tzlichen Teilen oder Komponenten minimiert wird.<\/p>\n<h3>5. Verbesserte Leistung<\/h3>\n<p>Die Konstruktion von geschwei\u00dften Gabelkopfzylindern erm\u00f6glicht eine h\u00f6here Leistung als andere Zylindertypen. Sie erzeugen mehr Kraft pro Druckeinheit, was die Effizienz und Produktivit\u00e4t in industriellen Anwendungen steigern kann.<\/p>\n<p>Insgesamt bieten geschwei\u00dfte Gabelkopfzylinder eine Reihe von Vorteilen, die sie zu einer beliebten Wahl f\u00fcr viele industrielle Anwendungen machen. Ihre erh\u00f6hte Festigkeit und Langlebigkeit, die F\u00e4higkeit, hohen Dr\u00fccken standzuhalten, das anpassbare Design, die einfache Installation und die verbesserte Leistung machen sie zur idealen Wahl f\u00fcr anspruchsvolle Umgebungen, in denen Zuverl\u00e4ssigkeit und Leistung entscheidend sind.<\/p>\n<p><img loading=\"lazy\" decoding=\"async\" class=\"alignnone size-full wp-image-1072\" src=\"https:\/\/fmp-components.com\/wp-content\/uploads\/2024\/12\/Welded-Clevis-Type-Cylinder3.webp\" alt=\"Zylinder mit geschwei\u00dftem Gabelkopf\" width=\"1616\" height=\"1229\" title=\"\" srcset=\"https:\/\/fmp-components.com\/wp-content\/uploads\/2024\/12\/Welded-Clevis-Type-Cylinder3.webp 1616w, https:\/\/fmp-components.com\/wp-content\/uploads\/2024\/12\/Welded-Clevis-Type-Cylinder3-1280x973.webp 1280w, https:\/\/fmp-components.com\/wp-content\/uploads\/2024\/12\/Welded-Clevis-Type-Cylinder3-980x745.webp 980w, https:\/\/fmp-components.com\/wp-content\/uploads\/2024\/12\/Welded-Clevis-Type-Cylinder3-480x365.webp 480w\" sizes=\"(min-width: 0px) and (max-width: 480px) 480px, (min-width: 481px) and (max-width: 980px) 980px, (min-width: 981px) and (max-width: 1280px) 1280px, (min-width: 1281px) 1616px, 100vw\" \/><\/p>\n<h2>Anwendung von geschwei\u00dften Gabelkopfzylindern<\/h2>\n<ul>\n<li><strong>Industriemaschinen:<\/strong> Zylinder mit geschwei\u00dftem Gabelkopf werden h\u00e4ufig in verschiedenen Industriemaschinen f\u00fcr Schwerlastanwendungen eingesetzt. Diese Zylinder erzeugen hohe Kr\u00e4fte zum Heben und Pressen von Maschinenkomponenten. Die geschwei\u00dfte Gabelkopfkonstruktion erm\u00f6glicht eine einfache Installation und einen effizienten Betrieb und ist daher eine beliebte Wahl bei Herstellern.\n<ul>\n<li>In der Fertigungsindustrie werden geschwei\u00dfte Gabelkopfzylinder in Hydraulikpressen, Spritzgussmaschinen und Metallstanzger\u00e4ten eingesetzt, um die n\u00f6tige Kraft zum Formen und Gestalten von Metallblechen bereitzustellen.<\/li>\n<li>In der Automobilindustrie werden diese Zylinder in Wagenhebern, Hebeb\u00fchnen und Montagemaschinen verwendet, um w\u00e4hrend des Herstellungsprozesses schwere Komponenten anzuheben.<\/li>\n<li>In der Bauindustrie werden geschwei\u00dfte Gabelkopfzylinder in Kr\u00e4nen, Baggern und Bulldozern verwendet, um die Hydrauliksysteme anzutreiben, die schwere Lasten heben und bewegen.<\/li>\n<\/ul>\n<\/li>\n<li><strong>Landmaschinen:<\/strong> Landmaschinen geh\u00f6ren zu den wichtigsten Einsatzgebieten f\u00fcr geschwei\u00dfte Gabelkopfzylinder. Diese Zylinder werden in verschiedenen Landmaschinen, darunter Traktoren, Erntemaschinen und Pfl\u00fcgen, eingesetzt, um die n\u00f6tige Kraft f\u00fcr die Bodenbearbeitung, Bepflanzung und Ernte bereitzustellen.\n<ul>\n<li>In der Landwirtschaft werden geschwei\u00dfte Gabelkopfzylinder in Pfl\u00fcgen, Grubbern und S\u00e4maschinen verwendet, um die n\u00f6tige Kraft f\u00fcr die Bodenvorbereitung und Saataussaat bereitzustellen.<\/li>\n<li>In der Ernteindustrie werden diese Zylinder in Erntemaschinen, Ballenpressen und M\u00e4hern verwendet, um die Hydrauliksysteme anzutreiben, die das Erntegut einsammeln und transportieren.<\/li>\n<\/ul>\n<\/li>\n<li><strong>Luft- und Raumfahrt und Verteidigung:<\/strong> Zylinder mit geschwei\u00dftem Gabelkopf werden auch in der Luft- und Raumfahrt- sowie Verteidigungsindustrie eingesetzt, wo sie in zahlreichen Anwendungen f\u00fcr Flugzeuge, Raketen, Flugk\u00f6rper und Verteidigungssysteme zum Einsatz kommen.\n<ul>\n<li>In der Luft- und Raumfahrtindustrie werden geschwei\u00dfte Gabelkopfzylinder in Flugzeugfahrwerken, Landeklappen und Bremsen verwendet, um die n\u00f6tige Kraft f\u00fcr Start und Landung bereitzustellen.<\/li>\n<li>In der R\u00fcstungsindustrie werden diese Zylinder in Raketenwerfern, Gesch\u00fctzt\u00fcrmen und Panzersystemen verwendet, um die Hydrauliksysteme anzutreiben, die die Bewegung von Waffen und Munition steuern.<\/li>\n<\/ul>\n<\/li>\n<li><strong>Schifffahrtsindustrie:<\/strong> Zylinder mit geschwei\u00dfter Gabelkopfverbindung werden auch h\u00e4ufig in der Schifffahrtsindustrie eingesetzt, wo sie in einer Vielzahl von Anwendungen f\u00fcr Schiffe, Boote und Unterwasserfahrzeuge verwendet werden.\n<ul>\n<li>In der Schifffahrtsbranche werden geschwei\u00dfte Gabelkopfzylinder in Kr\u00e4nen, Winden und Frachtumschlagger\u00e4ten verwendet, um die n\u00f6tige Kraft zum Be- und Entladen von Fracht bereitzustellen.<\/li>\n<li>In der Bootsindustrie werden diese Zylinder in Lenksystemen, Propellern und Ankersystemen verwendet, um die n\u00f6tige Kraft zur Steuerung der Bewegung von Booten und Schiffen bereitzustellen.<\/li>\n<li>In der Unterwasserfahrzeugindustrie werden Zylinder vom Typ \u201eGeschwei\u00dfter Gabelkopf\u201c in Tauchbooten, ferngesteuerten Fahrzeugen (ROVs) und Tauchausr\u00fcstungen verwendet, um die n\u00f6tige Kraft f\u00fcr Unterwasseroperationen bereitzustellen.<\/li>\n<\/ul>\n<\/li>\n<li><strong>Bergbau:<\/strong> Zylinder mit geschwei\u00dftem Gabelkopf werden auch in der Bergbauindustrie eingesetzt, wo sie in zahlreichen Anwendungen zur Mineraliengewinnung und Materialhandhabung eingesetzt werden.\n<ul>\n<li>In der Bergbauindustrie werden geschwei\u00dfte Gabelkopfzylinder in F\u00f6rdersystemen, Bohrmaschinen und Hydraulikschaufeln verwendet, um die n\u00f6tige Kraft f\u00fcr die Gewinnung von Mineralien und Materialien aus Minen und Steinbr\u00fcchen bereitzustellen.<\/li>\n<\/ul>\n<\/li>\n<\/ul>\n<h2>\u00dcber FMP<\/h2>\n<p>FMP ist ein f\u00fchrender Name auf dem italienischen Markt f\u00fcr Hydraulikzylinder mit einer j\u00e4hrlichen Produktionskapazit\u00e4t von 200.000 Einheiten. Wir bieten eine breite Produktpalette an, darunter hydraulische Kippzylinder, hydraulische Lenkzylinder und hydraulische Hubzylinder.<\/p>\n<p>Wir liefern au\u00dferdem \u00d6lzylinder f\u00fcr H\u00f6henarbeitsb\u00fchnen, Hydraulikzylinder f\u00fcr Industriefahrzeuge, \u00d6lzylinder f\u00fcr Drehbohranlagen, \u00d6lzylinder f\u00fcr Automobilkrane und Hydraulikzylinder f\u00fcr Baumaschinen. <b>Hydraulikzylinder f\u00fcr Gabelstapler<\/b>\u00d6lzylinder f\u00fcr Muldenkipper im Bergbau und Hydraulikzylinder f\u00fcr Sanit\u00e4rmaschinen. Kundenspezifische Anfertigungen sind nach Kundendesign oder Muster m\u00f6glich.<\/p>\n<p><img decoding=\"async\" src=\"https:\/\/hzpt.com\/wp-content\/uploads\/2023\/12\/insert-5.webp\" alt=\"FMP-Fabrik\" title=\"\"><\/p>\n<h2>Fragen und Antworten<\/h2>\n<ol>\n<li>F: Welche Kapazit\u00e4t hat der Hydraulikzylinder? A: Die Kapazit\u00e4t wird vom Kunden festgelegt.<\/li>\n<li>F: Wie hoch ist die Tragf\u00e4higkeit des Hydraulikzylinders? A: Die Tragf\u00e4higkeit wird vom Kunden festgelegt.<\/li>\n<li>F: Welche Abmessungen hat der Hydraulikzylinder? A: Die Abmessungen werden vom Kunden vorgegeben.<\/li>\n<li>F: Wie messe ich den Hydraulikzylinder? A: Sie k\u00f6nnen den Zylinder anhand seiner Bohrung, seines Hubs und seines Kolbenstangendurchmessers messen.<\/li>\n<li>F: Wie oft sollte ich den \u00d6ldichtring austauschen? A: Der \u00d6ldichtring sollte ausgetauscht werden, sobald er undicht wird.<\/li>\n<\/ol>\n<p>Autor: CX<\/p>","protected":false},"excerpt":{"rendered":"<p>Product Introduction: The 10018 Low Price Double Acting Welded Hydraulic Cylinder for Agricultural is an essential component for various farming applications. Its sturdy design and high-quality materials make it a reliable option for heavy-duty tasks. This hydraulic cylinder is designed for double-acting operation, providing efficient performance for both extension and retraction. It features a welded [&hellip;]<\/p>","protected":false},"featured_media":1127,"comment_status":"closed","ping_status":"closed","template":"","meta":{"_et_pb_use_builder":"","_et_pb_old_content":"","_et_gb_content_width":""},"product_brand":[],"product_cat":[36],"product_tag":[34,38],"class_list":{"0":"post-1026","1":"product","2":"type-product","3":"status-publish","4":"has-post-thumbnail","6":"product_cat-welded-clevis-type-cylinder","7":"product_tag-hydraulic-cylinder","8":"product_tag-welded-clevis-type-cylinder","10":"first","11":"instock","12":"product-type-simple"},"_links":{"self":[{"href":"https:\/\/fmp-components.com\/de\/wp-json\/wp\/v2\/product\/1026","targetHints":{"allow":["GET"]}}],"collection":[{"href":"https:\/\/fmp-components.com\/de\/wp-json\/wp\/v2\/product"}],"about":[{"href":"https:\/\/fmp-components.com\/de\/wp-json\/wp\/v2\/types\/product"}],"replies":[{"embeddable":true,"href":"https:\/\/fmp-components.com\/de\/wp-json\/wp\/v2\/comments?post=1026"}],"wp:featuredmedia":[{"embeddable":true,"href":"https:\/\/fmp-components.com\/de\/wp-json\/wp\/v2\/media\/1127"}],"wp:attachment":[{"href":"https:\/\/fmp-components.com\/de\/wp-json\/wp\/v2\/media?parent=1026"}],"wp:term":[{"taxonomy":"product_brand","embeddable":true,"href":"https:\/\/fmp-components.com\/de\/wp-json\/wp\/v2\/product_brand?post=1026"},{"taxonomy":"product_cat","embeddable":true,"href":"https:\/\/fmp-components.com\/de\/wp-json\/wp\/v2\/product_cat?post=1026"},{"taxonomy":"product_tag","embeddable":true,"href":"https:\/\/fmp-components.com\/de\/wp-json\/wp\/v2\/product_tag?post=1026"}],"curies":[{"name":"wp","href":"https:\/\/api.w.org\/{rel}","templated":true}]}}