{"id":1025,"date":"2024-12-19T06:16:24","date_gmt":"2024-12-19T06:16:24","guid":{"rendered":"https:\/\/fmp-components.com\/product\/10017-cost-effective-double-acting-small-hydraulic-cylinder-for-agricultural-machinery\/"},"modified":"2024-12-26T08:53:35","modified_gmt":"2024-12-26T08:53:35","slug":"10017-cost-effective-double-acting-small-hydraulic-cylinder-for-agricultural-machinery","status":"publish","type":"product","link":"https:\/\/fmp-components.com\/de\/product\/10017-cost-effective-double-acting-small-hydraulic-cylinder-for-agricultural-machinery\/","title":{"rendered":"10017 Kosteng\u00fcnstiger doppeltwirkender kleiner Hydraulikzylinder f\u00fcr landwirtschaftliche Maschinen"},"content":{"rendered":"<h2>Produkteinf\u00fchrung:<\/h2>\n<p>Der kosteng\u00fcnstige, doppeltwirkende Kleinhydraulikzylinder 10017 f\u00fcr Landmaschinen ist ein hochwertiger Hydraulikzylinder, der speziell f\u00fcr landwirtschaftliche Anwendungen entwickelt wurde. Dieser Zylinder bietet effiziente und zuverl\u00e4ssige Leistung bei gleichzeitig niedrigem Preis.<\/p>\n<p>Dank seiner doppeltwirkenden Konstruktion kann dieser Hydraulikzylinder in beide Richtungen betrieben werden und erm\u00f6glicht so eine gleichm\u00e4\u00dfige und pr\u00e4zise Bewegung. Er ist aus robusten Materialien gefertigt und h\u00e4lt den anspruchsvollen Bedingungen in Landmaschinen stand.<\/p>\n<p>Der Hydraulikzylinder 10017 bietet hervorragende Leistung und Vielseitigkeit f\u00fcr diverse Landmaschinen wie Traktoren, M\u00e4hdrescher und Lader. Dank seiner kompakten Bauweise eignet er sich auch f\u00fcr beengte Platzverh\u00e4ltnisse und gew\u00e4hrleistet optimale Funktionalit\u00e4t bei verschiedenen landwirtschaftlichen Arbeiten.<\/p>\n<p><img decoding=\"async\" src=\"https:\/\/hzpt.com\/wp-content\/uploads\/2023\/12\/insert-4.webp?v=1694163707\" alt=\"\" title=\"\"><\/p>\n<p>Dank seiner kosteng\u00fcnstigen Konstruktion bietet dieser Hydraulikzylinder sowohl Herstellern von Landmaschinen als auch Landwirten ein hervorragendes Preis-Leistungs-Verh\u00e4ltnis. Er bietet zuverl\u00e4ssige Leistung zu einem erschwinglichen Preis und tr\u00e4gt so zur Optimierung der Produktivit\u00e4t und zur Senkung der Wartungskosten bei.<\/p>\n<p>Zusammenfassend l\u00e4sst sich sagen, dass der kosteng\u00fcnstige, doppeltwirkende Kleinhydraulikzylinder 10017 f\u00fcr Landmaschinen eine robuste, vielseitige und wirtschaftliche L\u00f6sung f\u00fcr landwirtschaftliche Anwendungen darstellt. Seine hohe Leistungsf\u00e4higkeit macht ihn zu einer ausgezeichneten Wahl zur Steigerung der Effizienz und Produktivit\u00e4t von Landmaschinen.<\/p>\n<p>(Hinweis: Diese Produkteinf\u00fchrung dient SEO-Zwecken und soll die Merkmale und Vorteile des Hydraulikzylinders 10017 f\u00fcr Landmaschinen hervorheben.)<\/p>\n<h2>\u00dcber den doppeltwirkenden kleinen Hydraulikzylinder von FMP<\/h2>\n<p>FMP, ein 2006 gegr\u00fcndetes Unternehmen, bietet mit dem doppeltwirkenden Kleinhydraulikzylinder ein Spitzenprodukt f\u00fcr Landmaschinen an. Dieser kosteng\u00fcnstige und hocheffiziente Zylinder liefert Kraft sowohl beim Aus- als auch beim Einfahren und eignet sich daher ideal f\u00fcr Hebe- und Biegearbeiten in der Landwirtschaft.<\/p>\n<p><img decoding=\"async\" src=\"https:\/\/hzpt.com\/wp-content\/uploads\/2023\/12\/insert-3.webp\" alt=\"\" title=\"\"><\/p>\n<h2>Vorteile von geschwei\u00dften Gabelkopfzylindern<\/h2>\n<p>Geschwei\u00dfte Gabelkopfzylinder sind aufgrund ihrer einzigartigen Vorteile und Vorz\u00fcge eine beliebte Wahl f\u00fcr viele industrielle Anwendungen. Hier sind einige der wichtigsten Vorteile von geschwei\u00dften Gabelkopfzylindern:<\/p>\n<h3>1. Erh\u00f6hte Festigkeit und Haltbarkeit<\/h3>\n<p>Zylinder mit geschwei\u00dftem Gabelkopf sind mit einer geschwei\u00dften Endkappe ausgestattet, die im Vergleich zu anderen Zylindertypen f\u00fcr erh\u00f6hte Festigkeit und Haltbarkeit sorgt. Dadurch eignen sie sich ideal f\u00fcr Hochleistungsanwendungen, die ein hohes Ma\u00df an Festigkeit und Haltbarkeit erfordern.<\/p>\n<p>Dar\u00fcber hinaus ist die Schwei\u00dfkonstruktion dieser Zylinder weniger anf\u00e4llig f\u00fcr Leckagen oder Ausf\u00e4lle, was zu geringeren Ausfallzeiten und geringeren Wartungskosten beitragen kann.<\/p>\n<h3>2. F\u00e4higkeit, mit hohem Druck umzugehen<\/h3>\n<p>Zylinder mit geschwei\u00dftem Gabelkopf eignen sich auch f\u00fcr Hochdruckanwendungen und sind daher in Branchen wie dem Baugewerbe, dem Bergbau sowie der \u00d6l- und Gasindustrie beliebt. Ihre F\u00e4higkeit, hohen Dr\u00fccken standzuhalten, gew\u00e4hrleistet zuverl\u00e4ssige Leistung in anspruchsvollen Umgebungen.<\/p>\n<h3>3. Anpassbares Design<\/h3>\n<p>Geschwei\u00dfte Gabelkopfzylinder k\u00f6nnen individuell an die spezifischen Anforderungen einer Anwendung angepasst werden. Das bedeutet, dass sie auf bestimmte Gr\u00f6\u00dfen, Formen oder Leistungsanforderungen zugeschnitten werden k\u00f6nnen. Die individuelle Gestaltung erm\u00f6glicht zudem mehr Flexibilit\u00e4t im Herstellungsprozess, was zu Kosteneinsparungen f\u00fchren kann.<\/p>\n<h3>4. Einfache Installation<\/h3>\n<p>Geschwei\u00dfte Gabelkopfzylinder sind f\u00fcr eine einfache Installation konzipiert, was die Einrichtungszeit und die Arbeitskosten reduziert. Sie sind in der Regel vormontiert und sofort einsatzbereit, wodurch der Bedarf an zus\u00e4tzlichen Teilen oder Komponenten minimiert wird.<\/p>\n<h3>5. Verbesserte Leistung<\/h3>\n<p>Die Konstruktion von geschwei\u00dften Gabelkopfzylindern erm\u00f6glicht eine h\u00f6here Leistung als andere Zylindertypen. Sie erzeugen mehr Kraft pro Druckeinheit, was die Effizienz und Produktivit\u00e4t in industriellen Anwendungen steigern kann.<\/p>\n<p>Insgesamt bieten geschwei\u00dfte Gabelkopfzylinder eine Reihe von Vorteilen, die sie zu einer beliebten Wahl f\u00fcr viele industrielle Anwendungen machen. Ihre erh\u00f6hte Festigkeit und Langlebigkeit, die F\u00e4higkeit, hohen Dr\u00fccken standzuhalten, das anpassbare Design, die einfache Installation und die verbesserte Leistung machen sie zur idealen Wahl f\u00fcr anspruchsvolle Umgebungen, in denen Zuverl\u00e4ssigkeit und Leistung entscheidend sind.<\/p>\n<p><img decoding=\"async\" src=\"https:\/\/hzpt.com\/wp-content\/uploads\/2023\/12\/insert-2.webp\" alt=\"\" title=\"\"><\/p>\n<h2>Anwendung von geschwei\u00dften Gabelkopfzylindern<\/h2>\n<ul>\n<li><strong>Industriemaschinen:<\/strong> Zylinder mit geschwei\u00dftem Gabelkopf werden h\u00e4ufig in verschiedenen Industriemaschinen f\u00fcr Schwerlastanwendungen eingesetzt. Diese Zylinder erzeugen hohe Kr\u00e4fte zum Heben und Pressen von Maschinenkomponenten. Die geschwei\u00dfte Gabelkopfkonstruktion erm\u00f6glicht eine einfache Installation und einen effizienten Betrieb und ist daher eine beliebte Wahl bei Herstellern.\n<ul>\n<li>In der Fertigungsindustrie werden geschwei\u00dfte Gabelkopfzylinder in Hydraulikpressen, Spritzgussmaschinen und Metallstanzger\u00e4ten eingesetzt, um die n\u00f6tige Kraft zum Formen und Gestalten von Metallblechen bereitzustellen.<\/li>\n<li>In der Automobilindustrie werden diese Zylinder in Wagenhebern, Hebeb\u00fchnen und Montagemaschinen verwendet, um w\u00e4hrend des Herstellungsprozesses schwere Komponenten anzuheben.<\/li>\n<li>In der Bauindustrie werden geschwei\u00dfte Gabelkopfzylinder in Kr\u00e4nen, Baggern und Bulldozern verwendet, um die Hydrauliksysteme anzutreiben, die schwere Lasten heben und bewegen.<\/li>\n<\/ul>\n<\/li>\n<li><strong>Landmaschinen:<\/strong> Landmaschinen geh\u00f6ren zu den wichtigsten Einsatzgebieten f\u00fcr geschwei\u00dfte Gabelkopfzylinder. Diese Zylinder werden in verschiedenen Landmaschinen, darunter Traktoren, Erntemaschinen und Pfl\u00fcgen, eingesetzt, um die n\u00f6tige Kraft f\u00fcr die Bodenbearbeitung, Bepflanzung und Ernte bereitzustellen.\n<ul>\n<li>In der Landwirtschaft werden geschwei\u00dfte Gabelkopfzylinder in Pfl\u00fcgen, Grubbern und S\u00e4maschinen verwendet, um die n\u00f6tige Kraft f\u00fcr die Bodenvorbereitung und Saataussaat bereitzustellen.<\/li>\n<li>In der Ernteindustrie werden diese Zylinder in Erntemaschinen, Ballenpressen und M\u00e4hern verwendet, um die Hydrauliksysteme anzutreiben, die das Erntegut einsammeln und transportieren.<\/li>\n<\/ul>\n<\/li>\n<li><strong>Luft- und Raumfahrt und Verteidigung:<\/strong> Zylinder mit geschwei\u00dftem Gabelkopf werden auch in der Luft- und Raumfahrt- sowie Verteidigungsindustrie eingesetzt, wo sie in zahlreichen Anwendungen f\u00fcr Flugzeuge, Raketen, Flugk\u00f6rper und Verteidigungssysteme zum Einsatz kommen.\n<ul>\n<li>In der Luft- und Raumfahrtindustrie werden geschwei\u00dfte Gabelkopfzylinder in Flugzeugfahrwerken, Landeklappen und Bremsen verwendet, um die n\u00f6tige Kraft f\u00fcr Start und Landung bereitzustellen.<\/li>\n<li>In der R\u00fcstungsindustrie werden diese Zylinder in Raketenwerfern, Gesch\u00fctzt\u00fcrmen und Panzersystemen verwendet, um die Hydrauliksysteme anzutreiben, die die Bewegung von Waffen und Munition steuern.<\/li>\n<\/ul>\n<\/li>\n<li><strong>Schifffahrtsindustrie:<\/strong> Zylinder mit geschwei\u00dfter Gabelkopfverbindung werden auch h\u00e4ufig in der Schifffahrtsindustrie eingesetzt, wo sie in einer Vielzahl von Anwendungen f\u00fcr Schiffe, Boote und Unterwasserfahrzeuge verwendet werden.\n<ul>\n<li>In der Schifffahrtsbranche werden geschwei\u00dfte Gabelkopfzylinder in Kr\u00e4nen, Winden und Frachtumschlagger\u00e4ten verwendet, um die n\u00f6tige Kraft zum Be- und Entladen von Fracht bereitzustellen.<\/li>\n<li>In der Bootsindustrie werden diese Zylinder in Lenksystemen, Propellern und Ankersystemen verwendet, um die n\u00f6tige Kraft zur Steuerung der Bewegung von Booten und Schiffen bereitzustellen.<\/li>\n<li>In der Unterwasserfahrzeugindustrie werden Zylinder vom Typ \u201eGeschwei\u00dfter Gabelkopf\u201c in Tauchbooten, ferngesteuerten Fahrzeugen (ROVs) und Tauchausr\u00fcstungen verwendet, um die n\u00f6tige Kraft f\u00fcr Unterwasseroperationen bereitzustellen.<\/li>\n<\/ul>\n<\/li>\n<li><strong>Bergbau:<\/strong> Zylinder mit geschwei\u00dftem Gabelkopf werden auch in der Bergbauindustrie eingesetzt, wo sie in zahlreichen Anwendungen zur Mineraliengewinnung und Materialhandhabung eingesetzt werden.\n<ul>\n<li>In der Bergbauindustrie werden geschwei\u00dfte Gabelkopfzylinder in F\u00f6rdersystemen, Bohrmaschinen und Hydraulikschaufeln verwendet, um die n\u00f6tige Kraft f\u00fcr die Gewinnung von Mineralien und Materialien aus Minen und Steinbr\u00fcchen bereitzustellen.<\/li>\n<\/ul>\n<\/li>\n<\/ul>\n<h2>\u00dcber FMP<\/h2>\n<p>Bei der Auswahl von Hydraulik\u00f6l und \u00d6ldichtung sollten Sie die Betriebsumgebung und die Spezifikationen Ihrer Maschine ber\u00fccksichtigen. Zur Messung des Hydraulikzylinders empfiehlt es sich, die Herstellerangaben zu konsultieren. Als f\u00fchrender Anbieter von Hydraulikzylindern bietet FMP einen umfassenden Leitfaden zur Produktauswahl, Installation und Wartung.<\/p>\n<p>FMP ist ein f\u00fchrender Anbieter von Hydraulikzylindern f\u00fcr mobile Maschinen in Italien. Wir bieten qualitativ hochwertige Produkte zu wettbewerbsf\u00e4higen Preisen und exzellenten Service. Neben Hydraulikzylindern liefern wir auch Zylinder f\u00fcr Hubarbeitsb\u00fchnen, Industriefahrzeuge, Drehbohranlagen, LKW-Krane und Baumaschinen. <b>Hydraulikzylinder f\u00fcr Gabelstapler<\/b>Wir fertigen Hydraulikzylinder f\u00fcr Muldenkipper und Sanit\u00e4rmaschinen. Sonderanfertigungen nach Ihren Vorgaben sind ebenfalls willkommen.<\/p>\n<p><img decoding=\"async\" src=\"https:\/\/hzpt.com\/wp-content\/uploads\/2023\/12\/insert-5.webp\" alt=\"FMP-Fabrik\" title=\"\"><\/p>\n<h2>FAQs<\/h2>\n<h3>1. Wie hoch ist die Tragf\u00e4higkeit des Hydraulikzylinders?<\/h3>\n<p>Die Tragf\u00e4higkeit variiert je nach Modell und Anwendung. Detaillierte Informationen finden Sie in der Produktanleitung.<\/p>\n<h3>2. Wie energieeffizient ist der Hydraulikzylinder?<\/h3>\n<p>Unsere Hydraulikzylinder sind auf hohe Energieeffizienz ausgelegt, wodurch die Betriebskosten gesenkt werden.<\/p>\n<h3>3. Wie misst man den Hydraulikzylinder?<\/h3>\n<p>Sie k\u00f6nnen die dem Produkt beiliegende Bedienungsanleitung des Herstellers konsultieren.<\/p>\n<h3>4. Wie erfolgt die Installation des Hydraulikzylinders?<\/h3>\n<p>Die Installation ist unkompliziert und kann mit einfachem Werkzeug durchgef\u00fchrt werden. F\u00fcr optimale Ergebnisse empfiehlt sich jedoch die Installation durch einen Fachmann.<\/p>\n<h3>5. Wie oft muss der Hydraulikzylinder gewartet werden?<\/h3>\n<p>Die Wartungsh\u00e4ufigkeit h\u00e4ngt von der Nutzung ab. Um eine optimale Leistung zu gew\u00e4hrleisten, werden jedoch regelm\u00e4\u00dfige \u00dcberpr\u00fcfungen auf Leckagen und Druckverh\u00e4ltnisse empfohlen.<\/p>\n<p>Autor: CX<\/p>","protected":false},"excerpt":{"rendered":"<p>Product Introduction: The 10017 Cost Effective Double Acting Small Hydraulic Cylinder for Agricultural Machinery is a high-quality hydraulic cylinder designed specifically for agricultural applications. This cylinder is engineered to provide efficient and reliable performance while being cost-effective. Featuring a double-acting design, this hydraulic cylinder is capable of operating in both directions, allowing for smooth and [&hellip;]<\/p>","protected":false},"featured_media":1127,"comment_status":"closed","ping_status":"closed","template":"","meta":{"_et_pb_use_builder":"","_et_pb_old_content":"","_et_gb_content_width":""},"product_brand":[],"product_cat":[36],"product_tag":[34,38],"class_list":{"0":"post-1025","1":"product","2":"type-product","3":"status-publish","4":"has-post-thumbnail","6":"product_cat-welded-clevis-type-cylinder","7":"product_tag-hydraulic-cylinder","8":"product_tag-welded-clevis-type-cylinder","10":"first","11":"instock","12":"product-type-simple"},"_links":{"self":[{"href":"https:\/\/fmp-components.com\/de\/wp-json\/wp\/v2\/product\/1025","targetHints":{"allow":["GET"]}}],"collection":[{"href":"https:\/\/fmp-components.com\/de\/wp-json\/wp\/v2\/product"}],"about":[{"href":"https:\/\/fmp-components.com\/de\/wp-json\/wp\/v2\/types\/product"}],"replies":[{"embeddable":true,"href":"https:\/\/fmp-components.com\/de\/wp-json\/wp\/v2\/comments?post=1025"}],"wp:featuredmedia":[{"embeddable":true,"href":"https:\/\/fmp-components.com\/de\/wp-json\/wp\/v2\/media\/1127"}],"wp:attachment":[{"href":"https:\/\/fmp-components.com\/de\/wp-json\/wp\/v2\/media?parent=1025"}],"wp:term":[{"taxonomy":"product_brand","embeddable":true,"href":"https:\/\/fmp-components.com\/de\/wp-json\/wp\/v2\/product_brand?post=1025"},{"taxonomy":"product_cat","embeddable":true,"href":"https:\/\/fmp-components.com\/de\/wp-json\/wp\/v2\/product_cat?post=1025"},{"taxonomy":"product_tag","embeddable":true,"href":"https:\/\/fmp-components.com\/de\/wp-json\/wp\/v2\/product_tag?post=1025"}],"curies":[{"name":"wp","href":"https:\/\/api.w.org\/{rel}","templated":true}]}}