{"id":838,"date":"2024-12-18T08:38:14","date_gmt":"2024-12-18T08:38:14","guid":{"rendered":"https:\/\/fmp-components.com\/?page_id=8"},"modified":"2025-03-07T08:50:50","modified_gmt":"2025-03-07T08:50:50","slug":"electric-motors","status":"publish","type":"page","link":"https:\/\/fmp-components.com\/de\/electric-motors\/","title":{"rendered":"Elektromotoren"},"content":{"rendered":"<p>[et_pb_section fb_built=&#8221;1&#8243; _builder_version=&#8221;4.27.4&#8243; _module_preset=&#8221;default&#8221; use_background_color_gradient=&#8221;on&#8221; background_color_gradient_stops=&#8221;rgba(8,40,9,0.19) 0%|rgba(8,40,9,0.33) 100%&#8221; background_color_gradient_overlays_image=&#8221;on&#8221; background_image=&#8221;https:\/\/fmp-components.com\/wp-content\/uploads\/2024\/12\/Electric-Motor-Banner.webp&#8221; min_height=&#8221;637px&#8221; global_colors_info=&#8221;{}&#8221;][et_pb_row _builder_version=&#8221;4.27.4&#8243; _module_preset=&#8221;default&#8221; custom_padding=&#8221;81px|||||&#8221; global_colors_info=&#8221;{}&#8221;][et_pb_column type=&#8221;4_4&#8243; _builder_version=&#8221;4.27.4&#8243; _module_preset=&#8221;default&#8221; global_colors_info=&#8221;{}&#8221;][et_pb_text _builder_version=&#8221;4.27.4&#8243; _module_preset=&#8221;default&#8221; header_font=&#8221;Frank Ruhl Libre|500|||||||&#8221; header_text_align=&#8221;center&#8221; header_text_color=&#8221;#FFFFFF&#8221; header_font_size=&#8221;65px&#8221; header_text_shadow_style=&#8221;preset1&#8243; global_colors_info=&#8221;{}&#8221;]<\/p>\n<h1>Elektromotor<\/h1>\n<p>[\/et_pb_text][\/et_pb_column][\/et_pb_row][et_pb_row _builder_version=&#8221;4.27.4&#8243; _module_preset=&#8221;default&#8221; global_colors_info=&#8221;{}&#8221;][et_pb_column type=&#8221;4_4&#8243; _builder_version=&#8221;4.27.4&#8243; _module_preset=&#8221;default&#8221; global_colors_info=&#8221;{}&#8221;][et_pb_text _builder_version=&#8221;4.27.4&#8243; _module_preset=&#8221;default&#8221; text_text_color=&#8221;#FFFFFF&#8221; text_font_size=&#8221;16px&#8221; text_line_height=&#8221;1.8em&#8221; text_text_shadow_style=&#8221;preset4&#8243; global_colors_info=&#8221;{}&#8221;]<\/p>\n<p>Ein Elektromotor ist ein vielseitiges Ger\u00e4t, das elektrische Energie in mechanische Energie umwandelt und so eine Vielzahl von Anwendungen antreibt, von Haushaltsger\u00e4ten bis hin zu Industriemaschinen. Diese Motoren sind f\u00fcr ihre Effizienz, Zuverl\u00e4ssigkeit und Benutzerfreundlichkeit bekannt und daher in vielen Branchen unverzichtbar.<\/p>\n<p>Bei FMP bieten wir eine vielf\u00e4ltige Auswahl an Elektromotoren, darunter Wechselstrommotoren, Gleichstrommotoren und Schrittmotoren, ma\u00dfgeschneidert f\u00fcr Ihre spezifischen Anforderungen. Wir nehmen auch Sonderanfertigungen entgegen, um sicherzustellen, dass Sie den perfekten Motor f\u00fcr Ihre Anwendung erhalten. Ob Standardmodelle oder Speziall\u00f6sungen \u2013 FMP liefert Ihnen hochwertige Elektromotoren, die Ihren Anforderungen gerecht werden.<\/p>\n<p>[\/et_pb_text][\/et_pb_column][\/et_pb_row][\/et_pb_section][et_pb_section fb_built=&#8221;1&#8243; _builder_version=&#8221;4.27.4&#8243; _module_preset=&#8221;default&#8221; global_colors_info=&#8221;{}&#8221;][et_pb_row _builder_version=&#8221;4.27.4&#8243; _module_preset=&#8221;default&#8221; global_colors_info=&#8221;{}&#8221;][et_pb_column type=&#8221;4_4&#8243; _builder_version=&#8221;4.27.4&#8243; _module_preset=&#8221;default&#8221; global_colors_info=&#8221;{}&#8221;][et_pb_text _builder_version=&#8221;4.27.4&#8243; _module_preset=&#8221;default&#8221; header_2_font=&#8221;Frank Ruhl Libre||||||||&#8221; header_2_text_align=&#8221;center&#8221; header_2_font_size=&#8221;40px&#8221; hover_enabled=&#8221;0&#8243; global_colors_info=&#8221;{}&#8221; sticky_enabled=&#8221;0&#8243;]<\/p>\n<h2>Elektromotor<\/h2>\n<p>[\/et_pb_text][\/et_pb_column][\/et_pb_row][et_pb_row column_structure=&#8221;1_3,1_3,1_3&#8243; _builder_version=&#8221;4.27.4&#8243; _module_preset=&#8221;default&#8221; global_colors_info=&#8221;{}&#8221;][et_pb_column type=&#8221;1_3&#8243; _builder_version=&#8221;4.27.4&#8243; _module_preset=&#8221;default&#8221; global_colors_info=&#8221;{}&#8221;][et_pb_image src=&#8221;https:\/\/fmp-components.com\/wp-content\/uploads\/2024\/12\/DC-Direct-Current-Motors.webp&#8221; alt=&#8221;DC (Direct Current) Motors&#8221; title_text=&#8221;DC (Direct Current) Motors&#8221; _builder_version=&#8221;4.27.4&#8243; _module_preset=&#8221;default&#8221; global_colors_info=&#8221;{}&#8221;][\/et_pb_image][et_pb_toggle title=&#8221;DC (Direct Current) Motors&#8221; _builder_version=&#8221;4.27.4&#8243; _module_preset=&#8221;default&#8221; global_colors_info=&#8221;{}&#8221;]<\/p>\n<ul>\n<li><a href=\"https:\/\/fmp-components.com\/de\/product\/italy-supplier-mini-dc-motor-tgp01d-a130-plastic-gearbox-plus-a130\/\">Mini-Gleichstrommotor TGP01D-A130 Kunststoffgetriebe Plus A130d<\/a><\/li>\n<li><a href=\"https:\/\/fmp-components.com\/de\/product\/plastic-gearbox-mini-geared-motor-tgp01s-a130\/\">Kunststoffgetriebe Mini-Getriebemotor TGP01S-A130<\/a><\/li>\n<li><a href=\"https:\/\/fmp-components.com\/de\/product\/plastic-gearbox-motor-tgp02d-a130-for-toy-robot-remote-control-toy-cars\/\">Kunststoff-Getriebemotor TGP02D-A130 f\u00fcr ferngesteuerte Spielzeugroboter<\/a><\/li>\n<li><a href=\"https:\/\/fmp-components.com\/de\/product\/low-noise-basic-dc-toy-motor-for-toy-car-tgp02s-a130\/\">Ger\u00e4uscharmer einfacher Gleichstrom-Spielzeugmotor f\u00fcr Spielzeugauto TGP02S-A130<\/a><\/li>\n<li><a href=\"https:\/\/fmp-components.com\/de\/product\/zy-jb-dc-gear-motor-series\/\">DC-Getriebemotorserie ZY\/JB<\/a><\/li>\n<li><a href=\"https:\/\/fmp-components.com\/de\/product\/yyyn-jb-gear-reducer-single-three-phase-motor-series\/\">YY(YN)\/JB-Getriebemotorserie<\/a><\/li>\n<\/ul>\n<p>[\/et_pb_toggle][\/et_pb_column][et_pb_column type=&#8221;1_3&#8243; _builder_version=&#8221;4.27.4&#8243; _module_preset=&#8221;default&#8221; global_colors_info=&#8221;{}&#8221;][et_pb_image src=&#8221;https:\/\/fmp-components.com\/wp-content\/uploads\/2024\/12\/Asynchronous-Motors.webp&#8221; alt=&#8221;Asynchronous Motors&#8221; title_text=&#8221;Asynchronous Motors&#8221; _builder_version=&#8221;4.27.4&#8243; _module_preset=&#8221;default&#8221; global_colors_info=&#8221;{}&#8221;][\/et_pb_image][et_pb_toggle title=&#8221;AC Motors-Asynchronous Motors&#8221; _builder_version=&#8221;4.27.4&#8243; _module_preset=&#8221;default&#8221; global_colors_info=&#8221;{}&#8221;]<\/p>\n<ul>\n<li><a href=\"https:\/\/fmp-components.com\/de\/product\/y-series-high-efficiency-three-phase-asynchronous-electric-motor\/\">Dreiphasiger Asynchron-Elektromotor der Y-Serie<\/a><\/li>\n<li><a href=\"https:\/\/fmp-components.com\/de\/product\/y2-series-cast-iron-housing-three-phase-asynchronous-electric-motor\/\">Dreiphasiger Asynchron-Elektromotor der Serie Y2<\/a><\/li>\n<li><a href=\"https:\/\/fmp-components.com\/de\/product\/y3-series-low-voltage-high-power-three-phase-asynchronous-electric-motor\/\">Dreiphasiger Asynchronmotor der Serie Y3<\/a><\/li>\n<li><a href=\"https:\/\/fmp-components.com\/de\/product\/ys-series-electric-motor\/\">Dreiphasiger Asynchronmotor der YS-Serie mit geringer Leistung<\/a><\/li>\n<li><a href=\"https:\/\/fmp-components.com\/de\/product\/nema-standard-premium-efficiency-three-phase-induction-electric-motor\/\">Hocheffiziente dreiphasige Induktionsmotoren nach NEMA-Standard<\/a><\/li>\n<li><a href=\"https:\/\/fmp-components.com\/de\/product\/yd-series-pole-changing-multi-speed-three-phase-asynchronous-electric-motor\/\">Polumschaltbarer Dreiphasen-Asynchron-Elektromotor der YD-Serie mit mehreren Drehzahlen<\/a><\/li>\n<li><a href=\"https:\/\/fmp-components.com\/de\/product\/ydt-series-three-phase-consequent-poles-asynchronous-motor-for-fan-and-pump\/\">YDT-Serie: Wechselpol-Drehstrom-Asynchronmotor mit mehreren Drehzahlen f\u00fcr L\u00fcfter und Pumpe<\/a><\/li>\n<li><a href=\"https:\/\/fmp-components.com\/de\/product\/yej-series-electromagnetic-braking-three-phase-asynchronous-motor\/\">Elektromagnetisch gebremster Dreiphasen-Asynchronmotor der YEJ-Serie<\/a><\/li>\n<li><a href=\"https:\/\/fmp-components.com\/de\/product\/yvf2-series-frequency-variable-speed-regulation-three-phase-asynchronous-motor\/\">Dreiphasiger Asynchronmotor mit Frequenzregelung der YVF2-Serie<\/a><\/li>\n<li><a href=\"https:\/\/fmp-components.com\/de\/product\/yb2-series-explosion-proof-three-phase-asynchronous-motor\/\">Explosionsgesch\u00fctzter Dreiphasen-Asynchronmotor der YB-Serie<\/a><\/li>\n<li><a href=\"https:\/\/fmp-components.com\/de\/product\/yc-series-heavy-duty-capacitors-start-single-phase-induction-motor\/\">Einphasige Asynchron-Induktionsmotoren der YC YL-Serie<\/a><\/li>\n<\/ul>\n<p>[\/et_pb_toggle][\/et_pb_column][et_pb_column type=&#8221;1_3&#8243; _builder_version=&#8221;4.27.4&#8243; _module_preset=&#8221;default&#8221; global_colors_info=&#8221;{}&#8221;][et_pb_image src=&#8221;https:\/\/fmp-components.com\/wp-content\/uploads\/2024\/12\/Brake-Motors.webp&#8221; alt=&#8221;Brake Motors&#8221; title_text=&#8221;Brake Motors&#8221; _builder_version=&#8221;4.27.4&#8243; _module_preset=&#8221;default&#8221; global_colors_info=&#8221;{}&#8221;][\/et_pb_image][et_pb_toggle title=&#8221;Brake Motors&#8221; _builder_version=&#8221;4.27.4&#8243; _module_preset=&#8221;default&#8221; global_colors_info=&#8221;{}&#8221;]<\/p>\n<ul>\n<li><a href=\"https:\/\/fmp-components.com\/de\/product\/yej-series-electromagnetic-braking-three-phase-asynchronous-motor\/\">Elektromagnetische Bremse der YEJ-Serie, dreiphasiger Asynchronmotor<\/a><\/li>\n<li><a href=\"https:\/\/fmp-components.com\/de\/product\/yej2-series-electromagnetic-braking-three-phase-asynchronous-motor\/\">Elektromagnetisch gebremster Dreiphasen-Asynchronmotor der Serie YEJ2<\/a><\/li>\n<li><a href=\"https:\/\/fmp-components.com\/de\/product\/yeja-series-ac-electromagnetic-brake-three-phase-asynchronous-motor\/\">Elektromagnetische AC-Bremse der YEJA-Serie, dreiphasiger Asynchronmotor<\/a><\/li>\n<\/ul>\n<p>[\/et_pb_toggle][\/et_pb_column][\/et_pb_row][et_pb_row column_structure=&#8221;1_3,1_3,1_3&#8243; _builder_version=&#8221;4.27.4&#8243; _module_preset=&#8221;default&#8221; global_colors_info=&#8221;{}&#8221;][et_pb_column type=&#8221;1_3&#8243; _builder_version=&#8221;4.27.4&#8243; _module_preset=&#8221;default&#8221; global_colors_info=&#8221;{}&#8221;][et_pb_image src=&#8221;https:\/\/fmp-components.com\/wp-content\/uploads\/2024\/12\/Stainless-Steel-Motors.webp&#8221; alt=&#8221;Stainless Steel Motors&#8221; title_text=&#8221;Stainless Steel Motors&#8221; _builder_version=&#8221;4.27.4&#8243; _module_preset=&#8221;default&#8221; global_colors_info=&#8221;{}&#8221;][\/et_pb_image][et_pb_toggle title=&#8221;Stainless Steel Motors&#8221; _builder_version=&#8221;4.27.4&#8243; _module_preset=&#8221;default&#8221; global_colors_info=&#8221;{}&#8221;]<\/p>\n<ul>\n<li><a href=\"https:\/\/fmp-components.com\/de\/product\/nema-stainless-steel-stepper-motor-with-double-capacitor\/\">NEMA-Schrittmotor aus Edelstahl mit Doppelkondensator<\/a><\/li>\n<li><a href=\"https:\/\/fmp-components.com\/de\/product\/tefc-stainless-steel-nema-washdown-electric-motor\/\">TEFC-Edelstahl-NEMA-Waschmotor<\/a><\/li>\n<li><a href=\"https:\/\/fmp-components.com\/de\/product\/tenv-stainless-steel-washdown-nema-motor-with-single-capacitor\/\">TENV-NEMA-Motor aus Edelstahl f\u00fcr die Nassreinigung mit Einzelkondensator<\/a><\/li>\n<li><a href=\"https:\/\/fmp-components.com\/de\/product\/tefc-nema-stainless-steel-motor\/\">TEFC NEMA-Edelstahlmotor<\/a><\/li>\n<li><a href=\"https:\/\/fmp-components.com\/de\/product\/ip67-waterproof-nema-stainless-steel-motor-tenv\/\">IP67 Wasserdichter NEMA-Edelstahlmotor TENV<\/a><\/li>\n<li><a href=\"https:\/\/fmp-components.com\/de\/product\/b5-flange-mounted-stainless-steel-motor-tefc-for-food-machinery\/\">B5 Flanschmontierter Edelstahlmotor-TEFC f\u00fcr Lebensmittelmaschinen<\/a><\/li>\n<li><a href=\"https:\/\/fmp-components.com\/de\/product\/b14-face-mounted-stainless-steel-motor-tefc\/\">B14 Frontmontierter Edelstahlmotor TEFC<\/a><\/li>\n<li><a href=\"https:\/\/fmp-components.com\/de\/product\/iec-stainless-steel-motor-b3-foot-mounted-tefc\/\">IEC-Edelstahlmotor B3, Fu\u00dfmontage, TEFC<\/a><\/li>\n<li><a href=\"https:\/\/fmp-components.com\/de\/product\/iec-motor-b5t-flange-mounted-stainless-steel-motor-tenv-replacement-of-sew-motor\/\">IEC-Motor B5T, Flanschmontierter Edelstahlmotor, TENV-Ersatz f\u00fcr SEW-Motor<\/a><\/li>\n<li><a href=\"https:\/\/fmp-components.com\/de\/product\/iec-b5-flange-mounted-stainless-steel-motor-tenv\/\">IEC B5 Flanschmontierter Edelstahlmotor -TENV<\/a><\/li>\n<li><a href=\"https:\/\/fmp-components.com\/de\/product\/iec-b14-face-mounted-stainless-steel-motor-tenv\/\">IEC B14 Frontmontierter Edelstahlmotor -TENV<\/a><\/li>\n<li><a href=\"https:\/\/fmp-components.com\/de\/product\/iec-stainless-steel-motor-b3-foot-mounted-tenv\/\">IEC-Edelstahlmotor B3, Fu\u00dfmontage, TENV<\/a><\/li>\n<\/ul>\n<p>[\/et_pb_toggle][\/et_pb_column][et_pb_column type=&#8221;1_3&#8243; _builder_version=&#8221;4.27.4&#8243; _module_preset=&#8221;default&#8221; global_colors_info=&#8221;{}&#8221;][et_pb_image src=&#8221;https:\/\/fmp-components.com\/wp-content\/uploads\/2024\/12\/Spindle-Motors.webp&#8221; alt=&#8221;Spindle Motors&#8221; title_text=&#8221;Spindle Motors&#8221; _builder_version=&#8221;4.27.4&#8243; _module_preset=&#8221;default&#8221; global_colors_info=&#8221;{}&#8221;][\/et_pb_image][et_pb_toggle title=&#8221;Spindle Motors&#8221; _builder_version=&#8221;4.27.4&#8243; _module_preset=&#8221;default&#8221; global_colors_info=&#8221;{}&#8221;]<\/p>\n<ul>\n<li><a href=\"https:\/\/fmp-components.com\/de\/product\/pneumatic-unclamp-cylinder\/\">Pneumatischer Entspannzylinder<\/a><\/li>\n<li><a href=\"https:\/\/fmp-components.com\/de\/product\/electrical-spindle-for-special-usage\/\">Elektrische Spindel f\u00fcr spezielle Anwendungen<\/a><\/li>\n<li><a href=\"https:\/\/fmp-components.com\/de\/product\/spindle-motor-used-for-lathe-jszd150t-jszd110j\/\">Spindelmotor f\u00fcr Drehmaschine JSZD150T JSZD110J<\/a><\/li>\n<li><a href=\"https:\/\/fmp-components.com\/de\/product\/spindle-motor-used-for-lathe-jszd150h\/\">Spindelmotor f\u00fcr Drehmaschine JSZD280<\/a><\/li>\n<li><a href=\"https:\/\/fmp-components.com\/de\/product\/spindle-motor-used-for-lathe-jszd150h\/\">Spindelmotor f\u00fcr Drehmaschine JSZD150H<\/a><\/li>\n<li><a href=\"https:\/\/fmp-components.com\/de\/product\/spindle-motor-used-for-cnc-spindle-jszd320\/\">Spindelmotor f\u00fcr CNC-Spindel JSZD320<\/a><\/li>\n<li><a href=\"https:\/\/fmp-components.com\/de\/product\/spindle-motor-used-for-cnc-spindle-jszd240\/\">Spindelmotor f\u00fcr CNC-Spindel JSZD240<\/a><\/li>\n<li><a href=\"https:\/\/fmp-components.com\/de\/product\/spindle-motor-used-for-cnc-spindle-jszd280a\/\">Spindelmotor f\u00fcr CNC-Spindel JSZD280A<\/a><\/li>\n<li><a href=\"https:\/\/fmp-components.com\/de\/product\/spindle-motor-used-for-cnc-spindle-jszd220\/\">Spindelmotor f\u00fcr CNC-Spindel JSZD220<\/a><\/li>\n<li><a href=\"https:\/\/fmp-components.com\/de\/product\/spindle-motor-used-for-cnc-spindle-jszd202\/\">Spindelmotor f\u00fcr CNC-Spindel JSZD202<\/a><\/li>\n<li><a href=\"https:\/\/fmp-components.com\/de\/product\/spindle-motor-used-for-cnc-spindle-jszd170c\/\">Spindelmotor f\u00fcr CNC-Spindel JSZD170C<\/a><\/li>\n<li><a href=\"https:\/\/fmp-components.com\/de\/product\/spindle-motor-used-for-cnc-spindle-jszd150c\/\">Spindelmotor f\u00fcr CNC-Spindel JSZD150C<\/a><\/li>\n<li><a href=\"https:\/\/fmp-components.com\/de\/product\/spindle-motor-used-for-grinding-spindle\/\">Spindelmotor zum Schleifen der Spindel<\/a><\/li>\n<li><a href=\"https:\/\/fmp-components.com\/de\/product\/spindle-motor-used-for-engraving-and-milling\/\">Spindelmotor zum Gravieren und Fr\u00e4sen<\/a><\/li>\n<\/ul>\n<p>[\/et_pb_toggle][\/et_pb_column][et_pb_column type=&#8221;1_3&#8243; _builder_version=&#8221;4.27.4&#8243; _module_preset=&#8221;default&#8221; global_colors_info=&#8221;{}&#8221;][et_pb_image src=&#8221;https:\/\/fmp-components.com\/wp-content\/uploads\/2024\/12\/Explosion-Proof-Motor.webp&#8221; alt=&#8221;Explosion Proof Motor&#8221; title_text=&#8221;Explosion Proof Motor&#8221; _builder_version=&#8221;4.27.4&#8243; _module_preset=&#8221;default&#8221; global_colors_info=&#8221;{}&#8221;][\/et_pb_image][et_pb_toggle title=&#8221;Explosion Proof Motor&#8221; _builder_version=&#8221;4.27.4&#8243; _module_preset=&#8221;default&#8221; global_colors_info=&#8221;{}&#8221;]<\/p>\n<ul>\n<li><a href=\"https:\/\/fmp-components.com\/de\/product\/yb2-series-explosion-proof-three-phase-asynchronous-motor\/\">Explosionsgesch\u00fctzter Dreiphasen-Asynchronmotor der Serie YB2<\/a><\/li>\n<li><a href=\"https:\/\/fmp-components.com\/de\/product\/yb3-series-explosion-proof-three-phase-induction-motor\/\">Explosionsgesch\u00fctzter Dreiphasen-Induktionsmotor der Serie YB3<\/a><\/li>\n<li><a href=\"https:\/\/fmp-components.com\/de\/product\/ybx3-series-explosion-proof-three-phase-asynchronous-motor\/\">Explosionsgesch\u00fctzter Dreiphasen-Asynchronmotor der Serie YBX3<\/a><\/li>\n<li><a href=\"https:\/\/fmp-components.com\/de\/product\/ybx4-series-explosion-proof-three-phase-asynchronous-motor\/\">Explosionsgesch\u00fctzter Dreiphasen-Asynchronmotor der Serie YBX4<\/a><\/li>\n<li><a href=\"https:\/\/fmp-components.com\/de\/product\/ybbp-series-explosion-proof-variable-frequency-adjustable-speed-three-phase-asynchronous-motor\/\">Explosionsgesch\u00fctzter Dreiphasen-Asynchronmotor der YBBP-Serie mit variabler Frequenz und einstellbarer Drehzahl<\/a><\/li>\n<\/ul>\n<p>[\/et_pb_toggle][\/et_pb_column][\/et_pb_row][\/et_pb_section]<\/p>","protected":false},"excerpt":{"rendered":"<p>Electric MotorAn electric motor is a versatile device that converts electrical energy into mechanical energy, powering a wide range of applications from household appliances to industrial machinery. These motors are known for their efficiency, reliability, and ease of use, making them essential components in various sectors. At FMP, we offer a diverse selection of electric [&hellip;]<\/p>","protected":false},"author":2,"featured_media":0,"parent":0,"menu_order":0,"comment_status":"closed","ping_status":"closed","template":"","meta":{"_et_pb_use_builder":"on","_et_pb_old_content":"","_et_gb_content_width":"","footnotes":""},"class_list":["post-838","page","type-page","status-publish","hentry"],"_links":{"self":[{"href":"https:\/\/fmp-components.com\/de\/wp-json\/wp\/v2\/pages\/838","targetHints":{"allow":["GET"]}}],"collection":[{"href":"https:\/\/fmp-components.com\/de\/wp-json\/wp\/v2\/pages"}],"about":[{"href":"https:\/\/fmp-components.com\/de\/wp-json\/wp\/v2\/types\/page"}],"author":[{"embeddable":true,"href":"https:\/\/fmp-components.com\/de\/wp-json\/wp\/v2\/users\/2"}],"replies":[{"embeddable":true,"href":"https:\/\/fmp-components.com\/de\/wp-json\/wp\/v2\/comments?post=838"}],"version-history":[{"count":20,"href":"https:\/\/fmp-components.com\/de\/wp-json\/wp\/v2\/pages\/838\/revisions"}],"predecessor-version":[{"id":6328,"href":"https:\/\/fmp-components.com\/de\/wp-json\/wp\/v2\/pages\/838\/revisions\/6328"}],"wp:attachment":[{"href":"https:\/\/fmp-components.com\/de\/wp-json\/wp\/v2\/media?parent=838"}],"curies":[{"name":"wp","href":"https:\/\/api.w.org\/{rel}","templated":true}]}}