{"id":7847,"date":"2025-04-08T08:44:24","date_gmt":"2025-04-08T08:44:24","guid":{"rendered":"https:\/\/fmp-components.com\/?page_id=7847"},"modified":"2025-04-09T05:38:24","modified_gmt":"2025-04-09T05:38:24","slug":"ring-and-pinion-gears","status":"publish","type":"page","link":"https:\/\/fmp-components.com\/de\/ring-and-pinion-gears\/","title":{"rendered":"Teller- und Ritzelr\u00e4der"},"content":{"rendered":"<p>[et_pb_section fb_built=&#8221;1&#8243; _builder_version=&#8221;4.27.4&#8243; _module_preset=&#8221;default&#8221; use_background_color_gradient=&#8221;on&#8221; background_color_gradient_stops=&#8221;rgba(0,0,0,0.27) 0%|rgba(0,0,0,0.41) 100%&#8221; background_color_gradient_overlays_image=&#8221;on&#8221; background_image=&#8221;https:\/\/fmp-components.com\/wp-content\/uploads\/2025\/04\/ring-and-pinion-gears-banner-2.webp&#8221; min_height=&#8221;381px&#8221; global_colors_info=&#8221;{}&#8221;][et_pb_row _builder_version=&#8221;4.27.4&#8243; _module_preset=&#8221;default&#8221; global_colors_info=&#8221;{}&#8221;][et_pb_column type=&#8221;4_4&#8243; _builder_version=&#8221;4.27.4&#8243; _module_preset=&#8221;default&#8221; global_colors_info=&#8221;{}&#8221;][et_pb_text _builder_version=&#8221;4.27.4&#8243; _module_preset=&#8221;default&#8221; header_font=&#8221;Frank Ruhl Libre||||||||&#8221; header_text_align=&#8221;center&#8221; header_text_color=&#8221;#FFFFFF&#8221; header_font_size=&#8221;70px&#8221; header_text_shadow_style=&#8221;preset1&#8243; global_colors_info=&#8221;{}&#8221;]<\/p>\n<h1 style=\"text-align: center;\">Tellerrad und Ritzel<\/h1>\n<p>[\/et_pb_text][et_pb_text _builder_version=\u201d4.27.4\u2033 _module_preset=\u201ddefault\u201d text_font=\u201dFrank Ruhl Libre|600|||||||\u201d text_text_color=\u201d#FFFFFF\u201d text_font_size=\u201d18px\u201d text_line_height=\u201d1.8em\u201d text_orientation=\u201dcenter\u201d global_colors_info=\u201d{}\u201d]<\/p>\n<p>Wenn das von Ihnen ben\u00f6tigte Produkt nicht aufgef\u00fchrt ist, fordern Sie ein kostenloses Angebot an!<\/p>\n<p>[\/et_pb_text][\/et_pb_column][\/et_pb_row][\/et_pb_section][et_pb_section fb_built=\u201d1\u2033 _builder_version=\u201d4.27.4\u2033 _module_preset=\u201ddefault\u201d global_colors_info=\u201d{}\u201d][et_pb_row _builder_version=\u201d4.27.4\u2033 _module_preset=\u201ddefault\u201d global_colors_info=\u201d{}\u201d][et_pb_column type=\u201d4_4\u2033 _builder_version=\u201d4.27.4\u2033 _module_preset=\u201ddefault\u201d global_colors_info=\u201d{}\u201d][et_pb_text _builder_version=\u201d4.27.4\u2033 _module_preset=\u201ddefault\u201d header_2_font=\u201dFrank Ruhl Libre||||||||\u201d header_2_font_size=\u201d40px\u201d global_colors_info=\u201d{}\u201d]<\/p>\n<h2 style=\"text-align: center;\">Beste Teller- und Ritzelzahnr\u00e4der<\/h2>\n<p>[\/et_pb_text][et_pb_shop type=&#8221;product_category&#8221; show_pagination=&#8221;on&#8221; include_categories=&#8221;115&#8243; _builder_version=&#8221;4.27.4&#8243; _module_preset=&#8221;default&#8221; title_font=&#8221;Frank Ruhl Libre||||||||&#8221; title_text_align=&#8221;center&#8221; title_font_size=&#8221;17px&#8221; global_colors_info=&#8221;{}&#8221;][\/et_pb_shop][\/et_pb_column][\/et_pb_row][et_pb_row _builder_version=&#8221;4.27.4&#8243; _module_preset=&#8221;default&#8221;][et_pb_column _builder_version=&#8221;4.27.4&#8243; _module_preset=&#8221;default&#8221; type=&#8221;4_4&#8243;][et_pb_divider _builder_version=&#8221;4.27.4&#8243; _module_preset=&#8221;default&#8221; color=&#8221;#E09900&#8243; hover_enabled=&#8221;0&#8243; sticky_enabled=&#8221;0&#8243;][\/et_pb_divider][\/et_pb_column][\/et_pb_row][et_pb_row _builder_version=&#8221;4.27.4&#8243; _module_preset=&#8221;default&#8221; column_structure=&#8221;1_2,1_2&#8243;][et_pb_column _builder_version=&#8221;4.27.4&#8243; _module_preset=&#8221;default&#8221; type=&#8221;1_2&#8243;][et_pb_image src=&#8221;https:\/\/fmp-components.com\/wp-content\/uploads\/2025\/04\/Ring_Pinion_2.gif&#8221; _builder_version=&#8221;4.27.4&#8243; _module_preset=&#8221;default&#8221; alt=&#8221;Ring_Pinion&#8221; title_text=&#8221;Ring_Pinion_2&#8243; hover_enabled=&#8221;0&#8243; sticky_enabled=&#8221;0&#8243;][\/et_pb_image][\/et_pb_column][et_pb_column _builder_version=&#8221;4.27.4&#8243; _module_preset=&#8221;default&#8221; type=&#8221;1_2&#8243;][et_pb_text _builder_version=&#8221;4.27.4&#8243; _module_preset=&#8221;default&#8221; header_3_font=&#8221;Frank Ruhl Libre||||||||&#8221; header_3_font_size=&#8221;30px&#8221; text_font_size=&#8221;16px&#8221; text_line_height=&#8221;1.8em&#8221; hover_enabled=&#8221;0&#8243; sticky_enabled=&#8221;0&#8243;]<\/p>\n<div>\n<h3 dir=\"auto\" class=\"\">Warum sollte man sich f\u00fcr Teller- und Ritzelzahnr\u00e4der entscheiden?<\/h3>\n<p dir=\"auto\" class=\"break-words\">Tellerrad- und Ritzelgetriebe sind essenzielle Komponenten des Fahrzeugantriebs. Sie \u00fcbertragen das Drehmoment effizient vom Motor auf die R\u00e4der, indem sie die Kraft um 90 Grad \u00fcber das Differential umleiten. Unter den verschiedenen verf\u00fcgbaren Methoden haben sich Hypoid-Tellerrad- und Ritzelgetriebe aufgrund ihrer \u00fcberlegenen Festigkeit, des leiseren Betriebs und der F\u00e4higkeit, h\u00f6here Untersetzungsverh\u00e4ltnisse zu erm\u00f6glichen, in der Automobilindustrie als bevorzugte Wahl etabliert. Wir bei FMP sind stolz darauf, f\u00fchrender Hersteller und Lieferant von Tellerrad- und Ritzelgetrieben zu sein und ma\u00dfgeschneiderte L\u00f6sungen f\u00fcr Ihre individuellen Bed\u00fcrfnisse zu liefern. Ob Sie die Performance auf der Stra\u00dfe, die Langlebigkeit im Gel\u00e4nde oder die Pr\u00e4zision auf der Rennstrecke optimieren m\u00f6chten \u2013 die Getriebes\u00e4tze von FMP garantieren h\u00f6chste Zuverl\u00e4ssigkeit und Effizienz.<\/p>\n<\/div>\n<p>[\/et_pb_text][\/et_pb_column][\/et_pb_row][et_pb_row _builder_version=&#8221;4.27.4&#8243; _module_preset=&#8221;default&#8221; column_structure=&#8221;1_2,1_2&#8243;][et_pb_column _builder_version=&#8221;4.27.4&#8243; _module_preset=&#8221;default&#8221; type=&#8221;1_2&#8243;][et_pb_text _builder_version=&#8221;4.27.4&#8243; _module_preset=&#8221;default&#8221; text_font_size=&#8221;16px&#8221; text_line_height=&#8221;1.8em&#8221; header_3_font=&#8221;Frank Ruhl Libre||||||||&#8221; header_3_font_size=&#8221;30px&#8221; hover_enabled=&#8221;0&#8243; sticky_enabled=&#8221;0&#8243;]<\/p>\n<div>\n<h3 dir=\"auto\" class=\"\">\u00dcberragende Qualit\u00e4t von FMP<\/h3>\n<p dir=\"auto\" class=\"break-words\">Die Leistungsf\u00e4higkeit von Tellerr\u00e4dern und Ritzeln h\u00e4ngt ma\u00dfgeblich von ihrer Konstruktion, den verwendeten Materialien und der Fertigungsgenauigkeit ab \u2013 Bereiche, in denen FMP als Branchenf\u00fchrer herausragende Leistungen erbringt. Unsere kundenspezifischen Tellerr\u00e4der und Ritzel werden mit modernster Technologie gefertigt und erf\u00fcllen h\u00f6chste Standards, darunter die Zertifizierungen TS16949, ISO9001 und ISO14001. Mit einer Vielzahl an \u00dcbersetzungsverh\u00e4ltnissen und Toleranzen bietet FMP die optimalen Tellerr\u00e4der und Ritzel f\u00fcr Anwendungen vom Schwerlastverkehr bis zum Hochgeschwindigkeitsrennsport. Dank fortschrittlicher W\u00e4rmebehandlungsverfahren und strenger Qualit\u00e4tspr\u00fcfungen zeichnen sich unsere Zahnrads\u00e4tze durch au\u00dfergew\u00f6hnliche Langlebigkeit und Kraft\u00fcbertragung aus. Das macht FMP zur ersten Wahl f\u00fcr Hersteller und Motorsportbegeisterte in den USA, Mexiko und Kanada.<\/p>\n<\/div>\n<p>[\/et_pb_text][\/et_pb_column][et_pb_column _builder_version=&#8221;4.27.4&#8243; _module_preset=&#8221;default&#8221; type=&#8221;1_2&#8243;][et_pb_image src=&#8221;https:\/\/fmp-components.com\/wp-content\/uploads\/2025\/04\/ring-and-pinion-gears-manufacturer.webp&#8221; _builder_version=&#8221;4.27.4&#8243; _module_preset=&#8221;default&#8221; alt=&#8221;ring-and-pinion-gears-manufacturer&#8221; title_text=&#8221;ring-and-pinion-gears-manufacturer&#8221; hover_enabled=&#8221;0&#8243; sticky_enabled=&#8221;0&#8243;][\/et_pb_image][\/et_pb_column][\/et_pb_row][\/et_pb_section][et_pb_section fb_built=&#8221;1&#8243; _builder_version=&#8221;4.27.4&#8243; _module_preset=&#8221;default&#8221; use_background_color_gradient=&#8221;on&#8221; background_color_gradient_stops=&#8221;rgba(0,0,0,0.37) 0%|rgba(0,0,0,0.26) 100%&#8221; background_color_gradient_overlays_image=&#8221;on&#8221; background_image=&#8221;https:\/\/fmp-components.com\/wp-content\/uploads\/2025\/04\/ring-and-pinion-gears-foot-1.webp&#8221; min_height=&#8221;386px&#8221; global_colors_info=&#8221;{}&#8221;][et_pb_row _builder_version=&#8221;4.27.4&#8243; _module_preset=&#8221;default&#8221; background_color=&#8221;#FFFFFF&#8221; custom_margin=&#8221;0px||0px||false|false&#8221; custom_padding=&#8221;20px|20px|20px|20px|false|false&#8221; box_shadow_style=&#8221;preset1&#8243; global_colors_info=&#8221;{}&#8221;][et_pb_column type=&#8221;4_4&#8243; _builder_version=&#8221;4.27.4&#8243; _module_preset=&#8221;default&#8221; global_colors_info=&#8221;{}&#8221;][et_pb_text _builder_version=&#8221;4.27.4&#8243; _module_preset=&#8221;default&#8221; header_font=&#8221;Frank Ruhl Libre||||||||&#8221; header_font_size=&#8221;40px&#8221; header_2_font=&#8221;Frank Ruhl Libre||||||||&#8221; header_2_font_size=&#8221;40px&#8221; global_colors_info=&#8221;{}&#8221;]<\/p>\n<h2 style=\"text-align: center;\">Kundenspezifische Teller- und Ritzelzahnr\u00e4der<\/h2>\n<p>[\/et_pb_text][et_pb_text _builder_version=&#8221;4.27.4&#8243; _module_preset=&#8221;default&#8221; text_text_color=&#8221;#000000&#8243; text_font_size=&#8221;16px&#8221; text_line_height=&#8221;1.8em&#8221; global_colors_info=&#8221;{}&#8221;]<\/p>\n<p>Wir von FMP sind spezialisiert auf die Fertigung hochwertiger, ma\u00dfgefertigter Tellerr\u00e4der und Ritzel, die die Leistung Ihres Antriebsstrangs optimieren \u2013 egal ob in Mailand, Venedig, Florenz, Bologna oder anderswo in Italien. Als f\u00fchrender Hersteller produzieren wir eine breite Palette an Tellerr\u00e4dern und Ritzeln in verschiedenen \u00dcbersetzungen, Durchmessern und Verzahnungszahlen f\u00fcr jedes Fahrzeugmodell. Unsere Premiumprodukte konkurrieren mit Branchengr\u00f6\u00dfen wie Yukon Gear &amp; Axle, Strange Engineering und Richmond Gear und bieten dank fortschrittlicher Konstruktions- und W\u00e4rmebehandlungsverfahren au\u00dfergew\u00f6hnliche Langlebigkeit und Pr\u00e4zision.<\/p>\n<p style=\"text-align: center;\">Wir bieten Ihnen mit Stolz ma\u00dfgeschneiderte L\u00f6sungen, die exakt auf Ihre Bed\u00fcrfnisse abgestimmt sind. Sollten Sie das gew\u00fcnschte Modell nicht in unserer Produktliste finden \u2013 keine Sorge! Es bedeutet lediglich, dass wir es noch nicht hochgeladen haben. Senden Sie uns einfach eine E-Mail mit Ihren Anforderungen, und unsere erfahrenen Ingenieure werden Ihnen innerhalb von 24 Stunden eine individuelle L\u00f6sung anbieten. FMP ist Ihr zuverl\u00e4ssiger Partner f\u00fcr hochwertige Kegelr\u00e4der in Italien. Kontaktieren Sie uns noch heute und lassen Sie uns Ihr Projekt gemeinsam starten!<\/p>\n<p>[\/et_pb_text][\/et_pb_column][\/et_pb_row][\/et_pb_section]<\/p>","protected":false},"excerpt":{"rendered":"<p>Ring and Pinion GearsIf the product you need is not listed, go ahead and get a free quote!Best Ring and Pinion Gears Why Choose Ring and Pinion Gears Ring and pinion gears are essential components in a vehicle\u2019s drivetrain, efficiently transferring torque from the engine to the wheels by redirecting power 90 degrees through the [&hellip;]<\/p>","protected":false},"author":2,"featured_media":0,"parent":0,"menu_order":0,"comment_status":"closed","ping_status":"closed","template":"","meta":{"_et_pb_use_builder":"on","_et_pb_old_content":"","_et_gb_content_width":"","footnotes":""},"class_list":["post-7847","page","type-page","status-publish","hentry"],"_links":{"self":[{"href":"https:\/\/fmp-components.com\/de\/wp-json\/wp\/v2\/pages\/7847","targetHints":{"allow":["GET"]}}],"collection":[{"href":"https:\/\/fmp-components.com\/de\/wp-json\/wp\/v2\/pages"}],"about":[{"href":"https:\/\/fmp-components.com\/de\/wp-json\/wp\/v2\/types\/page"}],"author":[{"embeddable":true,"href":"https:\/\/fmp-components.com\/de\/wp-json\/wp\/v2\/users\/2"}],"replies":[{"embeddable":true,"href":"https:\/\/fmp-components.com\/de\/wp-json\/wp\/v2\/comments?post=7847"}],"version-history":[{"count":12,"href":"https:\/\/fmp-components.com\/de\/wp-json\/wp\/v2\/pages\/7847\/revisions"}],"predecessor-version":[{"id":7900,"href":"https:\/\/fmp-components.com\/de\/wp-json\/wp\/v2\/pages\/7847\/revisions\/7900"}],"wp:attachment":[{"href":"https:\/\/fmp-components.com\/de\/wp-json\/wp\/v2\/media?parent=7847"}],"curies":[{"name":"wp","href":"https:\/\/api.w.org\/{rel}","templated":true}]}}