{"id":7689,"date":"2025-04-03T02:27:56","date_gmt":"2025-04-03T02:27:56","guid":{"rendered":"https:\/\/fmp-components.com\/?page_id=7689"},"modified":"2025-04-03T03:16:32","modified_gmt":"2025-04-03T03:16:32","slug":"energy-technology-hydraulic-cylinders-2","status":"publish","type":"page","link":"https:\/\/fmp-components.com\/de\/energy-technology-hydraulic-cylinders-2\/","title":{"rendered":"Energietechnik Hydraulikzylinder"},"content":{"rendered":"<p>[et_pb_section fb_built=&#8221;1&#8243; _builder_version=&#8221;4.27.4&#8243; _module_preset=&#8221;default&#8221; use_background_color_gradient=&#8221;on&#8221; background_color_gradient_stops=&#8221;rgba(0,0,0,0.34) 0%|#5e5e5e 100%&#8221; background_color_gradient_overlays_image=&#8221;on&#8221; background_image=&#8221;https:\/\/fmp-components.com\/wp-content\/uploads\/2025\/04\/Energy-Technology-Hydraulic-Cylinders-1.webp&#8221; custom_padding=&#8221;||214px|||&#8221; global_colors_info=&#8221;{}&#8221;][et_pb_row _builder_version=&#8221;4.27.4&#8243; _module_preset=&#8221;default&#8221; custom_margin=&#8221;70px||||false|false&#8221; global_colors_info=&#8221;{}&#8221;][et_pb_column type=&#8221;4_4&#8243; _builder_version=&#8221;4.27.4&#8243; _module_preset=&#8221;default&#8221; global_colors_info=&#8221;{}&#8221;][et_pb_text _builder_version=&#8221;4.27.4&#8243; _module_preset=&#8221;default&#8221; header_font=&#8221;Frank Ruhl Libre||||||||&#8221; header_text_color=&#8221;#FFFFFF&#8221; header_font_size=&#8221;60px&#8221; header_text_shadow_style=&#8221;preset1&#8243; global_colors_info=&#8221;{}&#8221;]<\/p>\n<h1 style=\"text-align: center;\">Energietechnik Hydraulikzylinder<\/h1>\n<p>[\/et_pb_text][\/et_pb_column][\/et_pb_row][\/et_pb_section][et_pb_section fb_built=&#8221;1&#8243; _builder_version=&#8221;4.27.4&#8243; _module_preset=&#8221;default&#8221; min_height=&#8221;443px&#8221; custom_padding=&#8221;||8px|||&#8221; global_colors_info=&#8221;{}&#8221;][et_pb_row _builder_version=&#8221;4.27.4&#8243; _module_preset=&#8221;default&#8221;][et_pb_column _builder_version=&#8221;4.27.4&#8243; _module_preset=&#8221;default&#8221; type=&#8221;4_4&#8243;][et_pb_text _builder_version=&#8221;4.27.4&#8243; _module_preset=&#8221;default&#8221; header_2_font=&#8221;Frank Ruhl Libre||||||||&#8221; header_2_font_size=&#8221;30px&#8221; hover_enabled=&#8221;0&#8243; sticky_enabled=&#8221;0&#8243;]<\/p>\n<h2 style=\"text-align: center;\">Arten von Energietechnologien Hydraulikzylinder<\/h2>\n<p>[\/et_pb_text][\/et_pb_column][\/et_pb_row][et_pb_row _builder_version=&#8221;4.27.4&#8243; _module_preset=&#8221;default&#8221; global_colors_info=&#8221;{}&#8221;][et_pb_column type=&#8221;4_4&#8243; _builder_version=&#8221;4.27.4&#8243; _module_preset=&#8221;default&#8221; global_colors_info=&#8221;{}&#8221;][et_pb_shop type=&#8221;product_category&#8221; include_categories=&#8221;29&#8243; columns_number=&#8221;3&#8243; _builder_version=&#8221;4.27.4&#8243; _module_preset=&#8221;default&#8221; title_font=&#8221;Frank Ruhl Libre||||||||&#8221; title_text_align=&#8221;center&#8221; title_font_size=&#8221;22px&#8221; global_colors_info=&#8221;{}&#8221;][\/et_pb_shop][\/et_pb_column][\/et_pb_row][\/et_pb_section][et_pb_section fb_built=&#8221;1&#8243; _builder_version=&#8221;4.27.4&#8243; _module_preset=&#8221;default&#8221; use_background_color_gradient=&#8221;on&#8221; background_color_gradient_stops=&#8221;rgba(0,0,0,0.4) 0%|rgba(0,0,0,0.4) 100%&#8221; background_color_gradient_overlays_image=&#8221;on&#8221; background_image=&#8221;https:\/\/fmp-components.com\/wp-content\/uploads\/2025\/04\/Energy-Technology-Hydraulic-Cylinders-1-1.webp&#8221; custom_padding=&#8221;||33px|||&#8221; global_colors_info=&#8221;{}&#8221;][et_pb_row _builder_version=&#8221;4.27.4&#8243; _module_preset=&#8221;default&#8221; global_colors_info=&#8221;{}&#8221;][et_pb_column type=&#8221;4_4&#8243; _builder_version=&#8221;4.27.4&#8243; _module_preset=&#8221;default&#8221; global_colors_info=&#8221;{}&#8221;][et_pb_text _builder_version=&#8221;4.27.4&#8243; _module_preset=&#8221;default&#8221; text_text_color=&#8221;#FFFFFF&#8221; text_font_size=&#8221;16px&#8221; text_line_height=&#8221;1.8em&#8221; header_2_font=&#8221;Frank Ruhl Libre||||||||&#8221; header_2_text_color=&#8221;#FFFFFF&#8221; header_2_font_size=&#8221;40px&#8221; text_text_shadow_style=&#8221;preset1&#8243; global_colors_info=&#8221;{}&#8221;]<\/p>\n<h2 style=\"text-align: center;\">Hydraulikzylinder von Energy Technology: Innovationen mit FMP vorantreiben<\/h2>\n<p style=\"text-align: center;\">Im sich rasant entwickelnden Bereich der Energietechnik spielen Hydraulikzylinder eine entscheidende Rolle f\u00fcr Effizienz und Zuverl\u00e4ssigkeit in Anwendungen wie erneuerbaren Energiesystemen, Kraftwerken und Industriemaschinen. Die FMP Company ist auf die Herstellung eines vielf\u00e4ltigen Sortiments an Hydraulikzylindern f\u00fcr die Energietechnik spezialisiert, die speziell auf die Anforderungen dieses dynamischen Sektors zugeschnitten sind. Von standardm\u00e4\u00dfigen Schwei\u00df- und Teleskopzylindern bis hin zu fortschrittlichen Hochdruck- und Positionssensor-Zylindern \u2013 unsere Produkte sind auf H\u00f6chstleistung ausgelegt. Wir bieten Ihnen au\u00dferdem ma\u00dfgeschneiderte L\u00f6sungen, die exakt auf Ihre Bed\u00fcrfnisse abgestimmt sind, und betreuen Energieexperten in ganz Italien, darunter in wichtigen Zentren wie Mailand, Venedig, Florenz und Bologna. Sollten Sie das gew\u00fcnschte Modell nicht in unserer Produktliste finden, ist es m\u00f6glicherweise noch nicht verf\u00fcgbar. Senden Sie uns einfach eine E-Mail mit Ihren Spezifikationen, und unsere erfahrenen Ingenieure werden Ihnen innerhalb von 24 Stunden eine individuelle L\u00f6sung anbieten, damit Ihre Projekte im italienischen Energiesektor planm\u00e4\u00dfig verlaufen.<\/p>\n<p>[\/et_pb_text][\/et_pb_column][\/et_pb_row][\/et_pb_section]<\/p>","protected":false},"excerpt":{"rendered":"<p>Energy Technology Hydraulic CylindersTypes of Energy Technology Hydraulic CylindersEnergy Technology Hydraulic Cylinders: Powering Innovation with FMP In the rapidly evolving field of energy technology, hydraulic cylinders play a critical role in ensuring efficiency and reliability across applications like renewable energy systems, power generation equipment, and industrial machinery. At FMP Company, we specialize in producing a [&hellip;]<\/p>","protected":false},"author":2,"featured_media":0,"parent":0,"menu_order":0,"comment_status":"closed","ping_status":"closed","template":"","meta":{"_et_pb_use_builder":"on","_et_pb_old_content":"","_et_gb_content_width":"","footnotes":""},"class_list":["post-7689","page","type-page","status-publish","hentry"],"_links":{"self":[{"href":"https:\/\/fmp-components.com\/de\/wp-json\/wp\/v2\/pages\/7689","targetHints":{"allow":["GET"]}}],"collection":[{"href":"https:\/\/fmp-components.com\/de\/wp-json\/wp\/v2\/pages"}],"about":[{"href":"https:\/\/fmp-components.com\/de\/wp-json\/wp\/v2\/types\/page"}],"author":[{"embeddable":true,"href":"https:\/\/fmp-components.com\/de\/wp-json\/wp\/v2\/users\/2"}],"replies":[{"embeddable":true,"href":"https:\/\/fmp-components.com\/de\/wp-json\/wp\/v2\/comments?post=7689"}],"version-history":[{"count":5,"href":"https:\/\/fmp-components.com\/de\/wp-json\/wp\/v2\/pages\/7689\/revisions"}],"predecessor-version":[{"id":7696,"href":"https:\/\/fmp-components.com\/de\/wp-json\/wp\/v2\/pages\/7689\/revisions\/7696"}],"wp:attachment":[{"href":"https:\/\/fmp-components.com\/de\/wp-json\/wp\/v2\/media?parent=7689"}],"curies":[{"name":"wp","href":"https:\/\/api.w.org\/{rel}","templated":true}]}}