{"id":7662,"date":"2025-04-03T00:48:28","date_gmt":"2025-04-03T00:48:28","guid":{"rendered":"https:\/\/fmp-components.com\/?page_id=7662"},"modified":"2025-04-03T02:24:42","modified_gmt":"2025-04-03T02:24:42","slug":"marine-hydraulic-cylinders","status":"publish","type":"page","link":"https:\/\/fmp-components.com\/de\/marine-hydraulic-cylinders\/","title":{"rendered":"Schiffshydraulikzylinder"},"content":{"rendered":"<p>[et_pb_section fb_built=&#8221;1&#8243; theme_builder_area=&#8221;post_content&#8221; _builder_version=&#8221;4.27.4&#8243; _module_preset=&#8221;default&#8221; alt=&#8221;Marine-Hydraulic-cylinder&#8221; title_text=&#8221;Marine-Hydraulic-cylinder&#8221; background_image=&#8221;https:\/\/fmp-components.com\/wp-content\/uploads\/2025\/04\/Marine-Hydraulic-cylinder.webp&#8221; hover_enabled=&#8221;0&#8243; sticky_enabled=&#8221;0&#8243; min_height=&#8221;408px&#8221; use_background_color_gradient=&#8221;on&#8221; background_color_gradient_stops=&#8221;rgba(0,0,0,0.43) 0%|rgba(0,0,0,0.21) 100%&#8221; background_color_gradient_overlays_image=&#8221;on&#8221;][et_pb_row _builder_version=&#8221;4.27.4&#8243; _module_preset=&#8221;default&#8221; theme_builder_area=&#8221;post_content&#8221; custom_margin=&#8221;50px||||false|false&#8221; hover_enabled=&#8221;0&#8243; sticky_enabled=&#8221;0&#8243;][et_pb_column _builder_version=&#8221;4.27.4&#8243; _module_preset=&#8221;default&#8221; type=&#8221;4_4&#8243; theme_builder_area=&#8221;post_content&#8221;][et_pb_text _builder_version=&#8221;4.27.4&#8243; _module_preset=&#8221;default&#8221; theme_builder_area=&#8221;post_content&#8221; header_font=&#8221;Frank Ruhl Libre||||||||&#8221; header_font_size=&#8221;60px&#8221; header_text_color=&#8221;#FFFFFF&#8221; header_text_shadow_style=&#8221;preset1&#8243; hover_enabled=&#8221;0&#8243; sticky_enabled=&#8221;0&#8243;]<\/p>\n<h1 style=\"text-align: center;\">Marine-Hydraulikzylinder<\/h1>\n<p>[\/et_pb_text][\/et_pb_column][\/et_pb_row][\/et_pb_section][et_pb_section fb_built=&#8221;1&#8243; theme_builder_area=&#8221;post_content&#8221; _builder_version=&#8221;4.27.4&#8243; _module_preset=&#8221;default&#8221; custom_padding=&#8221;||2px|||&#8221;][et_pb_row _builder_version=&#8221;4.27.4&#8243; _module_preset=&#8221;default&#8221; theme_builder_area=&#8221;post_content&#8221;][et_pb_column _builder_version=&#8221;4.27.4&#8243; _module_preset=&#8221;default&#8221; type=&#8221;4_4&#8243; theme_builder_area=&#8221;post_content&#8221;][et_pb_text _builder_version=&#8221;4.27.4&#8243; _module_preset=&#8221;default&#8221; theme_builder_area=&#8221;post_content&#8221; header_2_font=&#8221;Frank Ruhl Libre||||||||&#8221; hover_enabled=&#8221;0&#8243; sticky_enabled=&#8221;0&#8243; header_2_font_size=&#8221;40px&#8221;]<\/p>\n<h2 style=\"text-align: center;\">Arten von Schiffshydraulikzylindern<\/h2>\n<p>[\/et_pb_text][\/et_pb_column][\/et_pb_row][et_pb_row _builder_version=&#8221;4.27.4&#8243; _module_preset=&#8221;default&#8221; theme_builder_area=&#8221;post_content&#8221;][et_pb_column _builder_version=&#8221;4.27.4&#8243; _module_preset=&#8221;default&#8221; type=&#8221;4_4&#8243; theme_builder_area=&#8221;post_content&#8221;][et_pb_shop _builder_version=&#8221;4.27.4&#8243; _module_preset=&#8221;default&#8221; theme_builder_area=&#8221;post_content&#8221; hover_enabled=&#8221;0&#8243; sticky_enabled=&#8221;0&#8243; type=&#8221;product_category&#8221; include_categories=&#8221;28&#8243; columns_number=&#8221;3&#8243; title_text_align=&#8221;center&#8221; title_font_size=&#8221;18px&#8221; title_font=&#8221;Frank Ruhl Libre||||||||&#8221;][\/et_pb_shop][\/et_pb_column][\/et_pb_row][\/et_pb_section][et_pb_section fb_built=&#8221;1&#8243; theme_builder_area=&#8221;post_content&#8221; _builder_version=&#8221;4.27.4&#8243; _module_preset=&#8221;default&#8221; custom_padding=&#8221;||7px|||&#8221;][et_pb_row _builder_version=&#8221;4.27.4&#8243; _module_preset=&#8221;default&#8221; theme_builder_area=&#8221;post_content&#8221;][et_pb_column _builder_version=&#8221;4.27.4&#8243; _module_preset=&#8221;default&#8221; type=&#8221;4_4&#8243; theme_builder_area=&#8221;post_content&#8221;][et_pb_text _builder_version=&#8221;4.27.4&#8243; _module_preset=&#8221;default&#8221; theme_builder_area=&#8221;post_content&#8221; header_3_font=&#8221;Frank Ruhl Libre||||||||&#8221; header_3_font_size=&#8221;40px&#8221; hover_enabled=&#8221;0&#8243; sticky_enabled=&#8221;0&#8243;]<\/p>\n<h3 style=\"text-align: center;\">FMP: Hochwertige Marine-Hydraulikzylinder f\u00fcr die Offshore-Anforderungen Italiens<\/h3>\n<p>[\/et_pb_text][\/et_pb_column][\/et_pb_row][et_pb_row _builder_version=&#8221;4.27.4&#8243; _module_preset=&#8221;default&#8221; column_structure=&#8221;1_2,1_2&#8243; theme_builder_area=&#8221;post_content&#8221; use_custom_gutter=&#8221;on&#8221; gutter_width=&#8221;2&#8243; hover_enabled=&#8221;0&#8243; sticky_enabled=&#8221;0&#8243;][et_pb_column _builder_version=&#8221;4.27.4&#8243; _module_preset=&#8221;default&#8221; type=&#8221;1_2&#8243; theme_builder_area=&#8221;post_content&#8221;][et_pb_image src=&#8221;https:\/\/fmp-components.com\/wp-content\/uploads\/2025\/04\/Marine-Hydraulic-cylinder-3.webp&#8221; _builder_version=&#8221;4.27.4&#8243; _module_preset=&#8221;default&#8221; theme_builder_area=&#8221;post_content&#8221; alt=&#8221;Marine-Hydraulic-cylinder&#8221; title_text=&#8221;Marine-Hydraulic-cylinder-3&#8243; hover_enabled=&#8221;0&#8243; sticky_enabled=&#8221;0&#8243;][\/et_pb_image][\/et_pb_column][et_pb_column _builder_version=&#8221;4.27.4&#8243; _module_preset=&#8221;default&#8221; type=&#8221;1_2&#8243; theme_builder_area=&#8221;post_content&#8221;][et_pb_text _builder_version=&#8221;4.27.4&#8243; _module_preset=&#8221;default&#8221; theme_builder_area=&#8221;post_content&#8221; header_3_font=&#8221;Frank Ruhl Libre||||||||&#8221; header_3_font_size=&#8221;24px&#8221; text_font_size=&#8221;16px&#8221; text_line_height=&#8221;1.8em&#8221; hover_enabled=&#8221;0&#8243; sticky_enabled=&#8221;0&#8243;]<\/p>\n<div>\n<h3>Entwickelt f\u00fcr Langlebigkeit und Leistung<\/h3>\n<p class=\"break-words\">Marinehydraulikzylinder sind unverzichtbare Komponenten in der Schifffahrts- und Offshore-Industrie und treiben wichtige Systeme wie Steuerungs-, Lade- und Kontrollanlagen an. Diese Zylinder sind st\u00e4ndig rauen Bedingungen wie Salzwasser, hoher Luftfeuchtigkeit und extremen Wetterverh\u00e4ltnissen ausgesetzt und ben\u00f6tigen daher eine au\u00dfergew\u00f6hnliche Korrosionsbest\u00e4ndigkeit, um Zuverl\u00e4ssigkeit und Langlebigkeit zu gew\u00e4hrleisten. Wir von FMP Company sind auf die Herstellung von Marinehydraulikzylindern spezialisiert, die genau diesen Herausforderungen gerecht werden. Durch die Verwendung hochwertiger Materialien wie Edelstahl, Chrom- und Nickelbeschichtung bieten unsere Produkte un\u00fcbertroffene Langlebigkeit und Leistung und eignen sich daher ideal f\u00fcr Anwendungen von Baggern und Lastk\u00e4hnen bis hin zu Deckaufbauten und Unterwasseranlagen.<\/p>\n<\/div>\n<p>[\/et_pb_text][\/et_pb_column][\/et_pb_row][et_pb_row _builder_version=&#8221;4.27.4&#8243; _module_preset=&#8221;default&#8221; column_structure=&#8221;1_2,1_2&#8243; theme_builder_area=&#8221;post_content&#8221; use_custom_gutter=&#8221;on&#8221; gutter_width=&#8221;2&#8243; hover_enabled=&#8221;0&#8243; sticky_enabled=&#8221;0&#8243;][et_pb_column _builder_version=&#8221;4.27.4&#8243; _module_preset=&#8221;default&#8221; type=&#8221;1_2&#8243; theme_builder_area=&#8221;post_content&#8221;][et_pb_text _builder_version=&#8221;4.27.4&#8243; _module_preset=&#8221;default&#8221; theme_builder_area=&#8221;post_content&#8221; header_3_font=&#8221;Frank Ruhl Libre||||||||&#8221; header_3_font_size=&#8221;24px&#8221; text_font_size=&#8221;16px&#8221; text_line_height=&#8221;1.8em&#8221; hover_enabled=&#8221;0&#8243; sticky_enabled=&#8221;0&#8243;]<\/p>\n<div>\n<h3>FMP: Ihr Lieferant f\u00fcr vielf\u00e4ltige und kundenspezifische Schiffshydraulikzylinder<\/h3>\n<p class=\"break-words\">Die FMP Company fertigt mit Stolz ein breites Sortiment an Schiffshydraulikzylindern f\u00fcr die vielf\u00e4ltigen Anforderungen der Schifffahrts- und Offshore-Branche. Unser Angebot umfasst geschwei\u00dfte Hydraulikzylinder, Teleskop-Hydraulikzylinder, intelligente Hydraulikzylinder mit Positionserfassung, Hydraulikzylinder mit integriertem Ventil und Hochdruck-Hydraulikzylinder \u2013 alle f\u00fcr den Einsatz unter h\u00e4rtesten Bedingungen auf See konzipiert. Neben unserem Standardkatalog zeichnen wir uns durch die Entwicklung und Fertigung kundenspezifischer Hydraulikzylinder aus, die exakt auf Ihre Anforderungen zugeschnitten sind \u2013 ob f\u00fcr Hochtemperaturanwendungen, Schwerlastbetrieb oder spezielle Unterwasseranwendungen. Unsere Produkte sind von internationalen Zertifizierungsstellen wie DNVGL, Lloyds Register und ABS zertifiziert und garantieren so h\u00f6chste Qualit\u00e4t und Konformit\u00e4t \u2013 f\u00fcr einen reibungslosen Ablauf Ihrer Schiffsprojekte.<\/p>\n<\/div>\n<p>[\/et_pb_text][\/et_pb_column][et_pb_column _builder_version=&#8221;4.27.4&#8243; _module_preset=&#8221;default&#8221; type=&#8221;1_2&#8243; theme_builder_area=&#8221;post_content&#8221;][et_pb_image src=&#8221;https:\/\/fmp-components.com\/wp-content\/uploads\/2025\/04\/Marine-Hydraulic-cylinder-6.webp&#8221; _builder_version=&#8221;4.27.4&#8243; _module_preset=&#8221;default&#8221; theme_builder_area=&#8221;post_content&#8221; alt=&#8221;Marine-Hydraulic-cylinder&#8221; title_text=&#8221;Marine-Hydraulic-cylinder-6&#8243; hover_enabled=&#8221;0&#8243; sticky_enabled=&#8221;0&#8243;][\/et_pb_image][\/et_pb_column][\/et_pb_row][\/et_pb_section][et_pb_section fb_built=&#8221;1&#8243; theme_builder_area=&#8221;post_content&#8221; _builder_version=&#8221;4.27.4&#8243; _module_preset=&#8221;default&#8221; alt=&#8221;Marine-Hydraulic-cylinder&#8221; title_text=&#8221;Marine-Hydraulic-cylinder-4&#8243; background_image=&#8221;https:\/\/fmp-components.com\/wp-content\/uploads\/2025\/04\/Marine-Hydraulic-cylinder-4.webp&#8221; hover_enabled=&#8221;0&#8243; sticky_enabled=&#8221;0&#8243; min_height=&#8221;382px&#8221; use_background_color_gradient=&#8221;on&#8221; background_color_gradient_stops=&#8221;rgba(0,0,0,0.36) 0%|rgba(0,0,0,0.28) 100%&#8221; background_color_gradient_overlays_image=&#8221;on&#8221;][et_pb_row _builder_version=&#8221;4.27.4&#8243; _module_preset=&#8221;default&#8221; theme_builder_area=&#8221;post_content&#8221;][et_pb_column _builder_version=&#8221;4.27.4&#8243; _module_preset=&#8221;default&#8221; type=&#8221;4_4&#8243; theme_builder_area=&#8221;post_content&#8221;][et_pb_text _builder_version=&#8221;4.27.4&#8243; _module_preset=&#8221;default&#8221; theme_builder_area=&#8221;post_content&#8221; header_3_font=&#8221;Frank Ruhl Libre||||||||&#8221; header_3_text_align=&#8221;center&#8221; header_3_font_size=&#8221;32px&#8221; header_3_text_color=&#8221;#FFFFFF&#8221; hover_enabled=&#8221;0&#8243; sticky_enabled=&#8221;0&#8243; text_text_color=&#8221;#FFFFFF&#8221; text_orientation=&#8221;center&#8221; text_font_size=&#8221;16px&#8221; text_line_height=&#8221;1.8em&#8221;]<\/p>\n<div>\n<h3>Wir bieten der italienischen Schifffahrtsindustrie Expertenl\u00f6sungen<\/h3>\n<p class=\"break-words\">FMP unterst\u00fctzt Fachleute aus der Schifffahrts- und Offshore-Branche in ganz Italien \u2013 von den pulsierenden Werften Venedigs bis zu den Industriezentren Mailand, Bologna und Florenz. Unsere hochwertigen Hydraulikzylinder genie\u00dfen landesweit Vertrauen und bieten zuverl\u00e4ssige L\u00f6sungen f\u00fcr maritime Anwendungen in diesen wichtigen St\u00e4dten und dar\u00fcber hinaus. Sollten Sie das gew\u00fcnschte Modell nicht in unserer Produktliste finden, keine Sorge \u2013 es ist m\u00f6glicherweise noch nicht verf\u00fcgbar. Senden Sie uns einfach eine E-Mail mit Ihren Spezifikationen, und unsere erfahrenen Ingenieure werden Ihnen innerhalb von 24 Stunden eine ma\u00dfgeschneiderte L\u00f6sung anbieten. Kontaktieren Sie FMP noch heute und profitieren Sie von erstklassigem Service und umfassender Hydraulikkompetenz \u2013 egal wo in Italien Sie sich befinden.<\/p>\n<\/div>\n<p>[\/et_pb_text][\/et_pb_column][\/et_pb_row][\/et_pb_section]<\/p>","protected":false},"excerpt":{"rendered":"<p>Marine Hydraulic CylinderTypes of Marine Hydraulic CylinderFMP: Premium Marine Hydraulic Cylinders for Italy\u2019s Offshore Needs Engineered for Durability and Performance Marine hydraulic cylinders are vital components in the marine and offshore industry, driving essential systems such as steering, loading, and control equipment. These cylinders face constant exposure to harsh conditions like saltwater, humidity, and extreme [&hellip;]<\/p>","protected":false},"author":2,"featured_media":0,"parent":0,"menu_order":0,"comment_status":"closed","ping_status":"closed","template":"","meta":{"_et_pb_use_builder":"on","_et_pb_old_content":"","_et_gb_content_width":"","footnotes":""},"class_list":["post-7662","page","type-page","status-publish","hentry"],"_links":{"self":[{"href":"https:\/\/fmp-components.com\/de\/wp-json\/wp\/v2\/pages\/7662","targetHints":{"allow":["GET"]}}],"collection":[{"href":"https:\/\/fmp-components.com\/de\/wp-json\/wp\/v2\/pages"}],"about":[{"href":"https:\/\/fmp-components.com\/de\/wp-json\/wp\/v2\/types\/page"}],"author":[{"embeddable":true,"href":"https:\/\/fmp-components.com\/de\/wp-json\/wp\/v2\/users\/2"}],"replies":[{"embeddable":true,"href":"https:\/\/fmp-components.com\/de\/wp-json\/wp\/v2\/comments?post=7662"}],"version-history":[{"count":14,"href":"https:\/\/fmp-components.com\/de\/wp-json\/wp\/v2\/pages\/7662\/revisions"}],"predecessor-version":[{"id":7688,"href":"https:\/\/fmp-components.com\/de\/wp-json\/wp\/v2\/pages\/7662\/revisions\/7688"}],"wp:attachment":[{"href":"https:\/\/fmp-components.com\/de\/wp-json\/wp\/v2\/media?parent=7662"}],"curies":[{"name":"wp","href":"https:\/\/api.w.org\/{rel}","templated":true}]}}