{"id":7581,"date":"2025-03-31T05:23:31","date_gmt":"2025-03-31T05:23:31","guid":{"rendered":"https:\/\/fmp-components.com\/?page_id=7581"},"modified":"2025-04-02T01:46:51","modified_gmt":"2025-04-02T01:46:51","slug":"industrial-engineering-hydraulic-cylinders-2","status":"publish","type":"page","link":"https:\/\/fmp-components.com\/de\/industrial-engineering-hydraulic-cylinders-2\/","title":{"rendered":"Hydraulikzylinder f\u00fcr die Industrietechnik"},"content":{"rendered":"<p>[et_pb_section fb_built=\u201d1\u2033 theme_builder_area=\u201dpost_content\u201d _builder_version=\u201d4.27.4\u2033 _module_preset=\u201ddefault\u201d alt=\u201dIndustrial-Engineering-Hydraulic-Cylinders\u201d title_text=\u201dIndustrial-Engineering-Hydraulic-Cylinders-1\u2033 background_image=\u201dhttps:\/\/fmp-components.com\/wp-content\/uploads\/2025\/04\/Industrial-Engineering-Hydraulic-Cylinders-1-1.webp\u201d hover_enabled=\u201d0\u2033 sticky_enabled=\u201d0\u2033 custom_padding=\u201d||146px|||\u201d][et_pb_row _builder_version=\u201d4.27.4\u2033 _module_preset=\u201ddefault\u201d theme_builder_area=\u201dpost_content\u201d custom_margin=\u201d50px||||false|false\u201d hover_enabled=\u201d0\u2033 sticky_enabled=\u201d0\u2033][et_pb_column _builder_version=\u201d4.27.4\u2033 _module_preset=\u201ddefault\u201d type=\u201d4_4\u2033 theme_builder_area=\u201dpost_content\u201d][et_pb_text _builder_version=\u201d4.27.4\u2033 _module_preset=\u201ddefault\u201d theme_builder_area=\u201dpost_content\u201d header_font=\u201dFrank Ruhl Libre||||||||\u201d header_font_size=\u201d60px\u201d header_text_color=\u201d#FFFFFF\u201d header_text_shadow_style=\u201dpreset1\u2033 hover_enabled=\u201d0\u2033 sticky_enabled=\u201d0\u2033]<\/p>\n<h1 style=\"text-align: center;\">Hydraulikzylinder f\u00fcr die Industrietechnik<\/h1>\n<p>[\/et_pb_text][\/et_pb_column][\/et_pb_row][\/et_pb_section][et_pb_section fb_built=\u201d1\u2033 theme_builder_area=\u201dpost_content\u201d _builder_version=\u201d4.27.4\u2033 _module_preset=\u201ddefault\u201d custom_padding=\u201d||9px|||\u201d][et_pb_row _builder_version=\u201d4.27.4\u2033 _module_preset=\u201ddefault\u201d theme_builder_area=\u201dpost_content\u201d][et_pb_column _builder_version=\u201d4.27.4\u2033 _module_preset=\u201ddefault\u201d type=\u201d4_4\u2033 theme_builder_area=\u201dpost_content\u201d][et_pb_text _builder_version=\u201d4.27.4\u2033 _module_preset=\u201ddefault\u201d theme_builder_area=\u201dpost_content\u201d header_2_font=\u201dFrank Ruhl Libre||||||||\u201d header_2_font_size=\u201d30px\u201d hover_enabled=\u201d0\u2033 sticky_enabled=\u201d0\u2033]<\/p>\n<h2 style=\"text-align: center;\">Arten von Hydraulikzylindern im Industriebau<\/h2>\n<p>[et_pb_text][et_pb_shop _builder_version=\u201d4.27.4\u2033 _module_preset=\u201ddefault\u201d theme_builder_area=\u201dpost_content\u201d show_pagination=\u201don\u201d hover_enabled=\u201d0\u2033 sticky_enabled=\u201d0\u2033][\/et_pb_shop][\/et_pb_column][\/et_pb_row][\/et_pb_section][et_pb_section fb_built=\u201d1\u2033 theme_builder_area=\u201dpost_content\u201d _builder_version=\u201d4.27.4\u2033 _module_preset=\u201ddefault\u201d][et_pb_row _builder_version=\u201d4.27.4\u2033 _module_preset=\u201ddefault\u201d column_structure=\u201d1_2,1_2\u2033 theme_builder_area=\u201dpost_content\u201d width=\u201d100%\u201d max_width=\u201d1250px\u201d hover_enabled=\u201d0\u2033 sticky_enabled=\u201d0\u2033][et_pb_column _builder_version=\u201d4.27.4\u2033 _module_preset=\u201ddefault\u201d type=\u201d1_2\u2033 theme_builder_area=\u201dpost_content\u201d][et_pb_image src=\u201dhttps:\/\/fmp-components.com\/wp-content\/uploads\/2025\/04\/Industrial-Engineering-Hydraulic-Cylinders-Factory-2.webp\u201d _builder_version=\u201d4.27.4\u2033 _module_preset=\u201ddefault\u201d theme_builder_area=\u201dpost_content\u201d alt=\u201dIndustrietechnik-Hydraulikzylinder-Fabrik\u201d title_text=\u201dIndustrietechnik-Hydraulikzylinder-Fabrik-2\u2033 hover_enabled=\u201d0\u2033 sticky_enabled=\u201d0\u2033][\/et_pb_image][\/et_pb_column][et_pb_column _builder_version=\u201d4.27.4\u2033 _module_preset=\u201ddefault\u201d type=\u201d1_2\u2033 theme_builder_area=\u201dpost_content\u201d][et_pb_text _builder_version=\u201d4.27.4\u2033 _module_preset=\u201ddefault\u201d theme_builder_area=\u201dpost_content\u201d header_2_font=\u201dFrank Ruhl Libre||||||||\u201d text_font_size=\u201d16px\u201d text_line_height=\u201d1.8em\u201d hover_enabled=\u201d0\u2033 sticky_enabled=\u201d0\u2033]<\/p>\n<h2>Hochleistungs-Hydraulikzylinder f\u00fcr Italiens Industrietechnik<\/h2>\n<p>Die FMP Company ist spezialisiert auf die Herstellung hochwertiger Hydraulikzylinder, die den hohen Anforderungen industrieller Anwendungen gerecht werden. Von den Produktionsstandorten Mailands bis zur Schifffahrtsindustrie Venedigs umfasst unser vielf\u00e4ltiges Produktsortiment\u00a0<em>geschwei\u00dfte Hydraulikzylinder<\/em>,\u00a0<em>integrierte Ventilzylinder<\/em>,\u00a0<em>Positionserfassende intelligente Zylinder<\/em>, Und\u00a0<em>Hochdruckmodelle<\/em>\u00a0Entwickelt f\u00fcr extreme Umgebungen. Ob Sie im Feinmechaniksektor von Florenz oder in den automatisierungsorientierten Industrien von Bologna t\u00e4tig sind, wir liefern Ihnen ma\u00dfgeschneiderte L\u00f6sungen in ISO 9001:2015-zertifizierter Qualit\u00e4t. Ma\u00dfarbeit steht bei uns im Mittelpunkt \u2013 unsere Ingenieure arbeiten mit Integratoren, OEMs und H\u00e4ndlern in ganz Italien zusammen, um ma\u00dfgeschneiderte Hydrauliksysteme zu entwickeln, inklusive Prototypentests und spezieller Zertifizierungen (ABS, ANSI). Sollte Ihr gew\u00fcnschtes Modell nicht aufgef\u00fchrt sein, kontaktieren Sie uns bitte direkt per E-Mail. Unser Team antwortet Ihnen innerhalb von 24 Stunden und best\u00e4tigt die Machbarkeit. So stellen wir sicher, dass kein Projekt in Italiens dynamischer Industrielandschaft Verz\u00f6gerungen erf\u00e4hrt.<\/p>\n<p>[\/et_pb_text][\/et_pb_column][\/et_pb_row][et_pb_row _builder_version=\u201d4.27.4\u2033 _module_preset=\u201ddefault\u201d column_structure=\u201d1_2,1_2\u2033 theme_builder_area=\u201dpost_content\u201d width=\u201d100%\u201d max_width=\u201d1250px\u201d hover_enabled=\u201d0\u2033 sticky_enabled=\u201d0\u2033][et_pb_column _builder_version=\u201d4.27.4\u2033 _module_preset=\u201ddefault\u201d type=\u201d1_2\u2033 theme_builder_area=\u201dpost_content\u201d][et_pb_text _builder_version=\u201d4.27.4\u2033 _module_preset=\u201ddefault\u201d theme_builder_area=\u201dpost_content\u201d header_2_font=\u201dFrank Ruhl Libre||||||||\u201d text_font_size=\u201d16px\u201d text_line_height=\u201d1.8em\u201d hover_enabled=\u201d0\u2033 sticky_enabled=\u201d0\u2033 custom_padding=\u201d47px|||||\u201d]<\/p>\n<h2>Zuverl\u00e4ssige Hydraulikl\u00f6sungen mit lokalem Support<\/h2>\n<p>Bei FMP verbinden wir amerikanische Ingenieurskunst mit lokaler Unterst\u00fctzung f\u00fcr die wichtigsten Regionen Italiens. Unsere Walzzylinder und Teleskophydrauliksysteme werden in Mail\u00e4nder Stahlwerken und in Venedigs Hafenanlagen eingesetzt und bieten un\u00fcbertroffene Langlebigkeit und geringen Wartungsaufwand. F\u00fcr Unternehmen der handwerklichen Fertigung in Florenz oder der Landmaschinenbranche in Bologna garantiert unsere interne Kontrolle \u00fcber Design und Produktion schnelle Durchlaufzeiten. Als zertifizierter Partner f\u00fcr Integratoren und Wiederverk\u00e4ufer bieten wir Lagerflexibilit\u00e4t und technisches Know-how, um Ihre Marktreichweite zu erweitern. Entdecken Sie unseren Katalog oder fordern Sie noch heute ein Angebot an \u2013 und falls Ihr Wunschzylinder nicht dabei ist, kontaktieren Sie uns einfach per E-Mail.<\/p>\n<p>[\/et_pb_text][\/et_pb_column][et_pb_column _builder_version=\u201d4.27.4\u2033 _module_preset=\u201ddefault\u201d type=\u201d1_2\u2033 theme_builder_area=\u201dpost_content\u201d][et_pb_image src=\u201dhttps:\/\/fmp-components.com\/wp-content\/uploads\/2025\/04\/Industrial-Engineering-Hydraulic-Cylinders-Factory-1.webp\u201d _builder_version=\u201d4.27.4\u2033 _module_preset=\u201ddefault\u201d theme_builder_area=\u201dpost_content\u201d alt=\u201dIndustrial-Engineering-Hydraulic-Cylinders-Factory\u201d title_text=\u201dIndustrial-Engineering-Hydraulic-Cylinders-Factory-1\u2033 hover_enabled=\u201d0\u2033 sticky_enabled=\u201d0\u2033][\/et_pb_image][\/et_pb_column][\/et_pb_row][\/et_pb_section]<\/p>","protected":false},"excerpt":{"rendered":"<p>Hydraulikzylinder f\u00fcr die Industrie \u2013 Arten von Hydraulikzylindern f\u00fcr die Industrie \u2013 Hochleistungs-Hydraulikzylinder f\u00fcr den italienischen Industriesektor \u2013 Die FMP Company ist spezialisiert auf die Herstellung von Premium-Hydraulikzylindern, die den hohen Anforderungen industrieller Anwendungen gerecht werden. Von den Produktionszentren Mailands bis zur Schifffahrtsindustrie Venedigs umfasst unser vielf\u00e4ltiges Produktsortiment geschwei\u00dfte Hydraulikzylinder, Zylinder mit integrierten Ventilen, positionsabh\u00e4ngige intelligente Zylinder und Hochdruckmodelle f\u00fcr extreme Umgebungen. Ob [\u2026]<\/p>","protected":false},"author":2,"featured_media":0,"parent":0,"menu_order":0,"comment_status":"closed","ping_status":"closed","template":"","meta":{"_et_pb_use_builder":"on","_et_pb_old_content":"","_et_gb_content_width":"","footnotes":""},"class_list":["post-7581","page","type-page","status-publish","hentry"],"_links":{"self":[{"href":"https:\/\/fmp-components.com\/de\/wp-json\/wp\/v2\/pages\/7581","targetHints":{"allow":["GET"]}}],"collection":[{"href":"https:\/\/fmp-components.com\/de\/wp-json\/wp\/v2\/pages"}],"about":[{"href":"https:\/\/fmp-components.com\/de\/wp-json\/wp\/v2\/types\/page"}],"author":[{"embeddable":true,"href":"https:\/\/fmp-components.com\/de\/wp-json\/wp\/v2\/users\/2"}],"replies":[{"embeddable":true,"href":"https:\/\/fmp-components.com\/de\/wp-json\/wp\/v2\/comments?post=7581"}],"version-history":[{"count":8,"href":"https:\/\/fmp-components.com\/de\/wp-json\/wp\/v2\/pages\/7581\/revisions"}],"predecessor-version":[{"id":7611,"href":"https:\/\/fmp-components.com\/de\/wp-json\/wp\/v2\/pages\/7581\/revisions\/7611"}],"wp:attachment":[{"href":"https:\/\/fmp-components.com\/de\/wp-json\/wp\/v2\/media?parent=7581"}],"curies":[{"name":"wp","href":"https:\/\/api.w.org\/{rel}","templated":true}]}}