{"id":7523,"date":"2025-03-27T06:35:43","date_gmt":"2025-03-27T06:35:43","guid":{"rendered":"https:\/\/fmp-components.com\/?page_id=7523"},"modified":"2025-03-27T08:31:08","modified_gmt":"2025-03-27T08:31:08","slug":"sanitation-machinery-hydraulic-cylinders-2","status":"publish","type":"page","link":"https:\/\/fmp-components.com\/de\/sanitation-machinery-hydraulic-cylinders-2\/","title":{"rendered":"Hydraulikzylinder f\u00fcr Sanit\u00e4rmaschinen"},"content":{"rendered":"<p>[et_pb_section fb_built=\u201d1\u2033 theme_builder_area=\u201dpost_content\u201d _builder_version=\u201d4.27.4\u2033 _module_preset=\u201ddefault\u201d alt=\u201dSanitation-Machinery-Hydraulic-Cylinders-Banner\u201d title_text=\u201dSanitation-Machinery-Hydraulic-Cylinders-Banner\u201d background_image=\u201dhttps:\/\/fmp-components.com\/wp-content\/uploads\/2025\/03\/Sanitation-Machinery-Hydraulic-Cylinders-Banner.webp\u201d hover_enabled=\u201d0\u2033 sticky_enabled=\u201d0\u2033 min_height=\u201d470px\u201d use_background_color_gradient=\u201don\u201d background_color_gradient_stops=\u201drgba(0,0,0,0.2) 0%|rgba(0,0,0,0.28) 100%\u201d background_color_gradient_overlays_image=\u201don\u201d][et_pb_row _builder_version=\u201d4.27.4\u2033 _module_preset=\u201ddefault\u201d theme_builder_area=\u201dpost_content\u201d][et_pb_column _builder_version=\u201d4.27.4\u2033 _module_preset=\u201ddefault\u201d type=\u201d4_4\u2033 theme_builder_area=\u201dpost_content\u201d][et_pb_text _builder_version=\u201d4.27.4\u2033 _module_preset=\u201ddefault\u201d theme_builder_area=\u201dpost_content\u201d header_font=\u201dFrank Ruhl Libre||||||||\u201d header_font_size=\u201d70px\u201d header_text_align=\u201dcenter\u201d header_text_color=\u201d#FFFFFF\u201d header_text_shadow_style=\u201dpreset1\u2033 hover_enabled=\u201d0\u2033 sticky_enabled=\u201d0\u2033]<\/p>\n<h1>Hydraulikzylinder f\u00fcr Sanit\u00e4rmaschinen<\/h1>\n<p>[\/et_pb_text][et_pb_text _builder_version=\u201d4.27.4\u2033 _module_preset=\u201ddefault\u201d theme_builder_area=\u201dpost_content\u201d text_text_color=\u201d#FFFFFF\u201d text_font_size=\u201d16px\u201d text_line_height=\u201d1.8em\u201d hover_enabled=\u201d0\u2033 sticky_enabled=\u201d0\u2033 text_text_shadow_style=\u201dpreset1\u2033]<\/p>\n<p style=\"text-align: center;\">Wir bei FMP Company sind spezialisiert auf die Herstellung einer breiten Palette von Hydraulikzylindern f\u00fcr Sanit\u00e4rmaschinen, die auf die unterschiedlichsten Branchenanforderungen zugeschnitten sind. Zus\u00e4tzlich zu unserem Standardangebot bieten wir auch ma\u00dfgeschneiderte L\u00f6sungen f\u00fcr Ihre spezifischen Anforderungen. Sollten Sie das gew\u00fcnschte Modell nicht in unserer Produktliste finden, konnten wir es wahrscheinlich noch nicht hochladen. Senden Sie uns gerne eine E-Mail mit Details zu Ihrem gew\u00fcnschten Modell. Unsere Ingenieure werden Ihnen innerhalb von 24 Stunden antworten.<\/p>\n<p>[\/et_pb_text][\/et_pb_column][\/et_pb_row][\/et_pb_section][et_pb_section fb_built=\u201d1\u2033 theme_builder_area=\u201dpost_content\u201d _builder_version=\u201d4.27.4\u2033 _module_preset=\u201ddefault\u201d][et_pb_row _builder_version=\u201d4.27.4\u2033 _module_preset=\u201ddefault\u201d theme_builder_area=\u201dpost_content\u201d][et_pb_column _builder_version=\u201d4.27.4\u2033 _module_preset=\u201ddefault\u201d type=\u201d4_4\u2033 theme_builder_area=\u201dpost_content\u201d][et_pb_text _builder_version=\u201d4.27.4\u2033 _module_preset=\u201ddefault\u201d theme_builder_area=\u201dpost_content\u201d header_2_font=\u201dFrank Ruhl Libre||||||||\u201d header_2_font_size=\u201d40px\u201d hover_enabled=\u201d0\u2033 sticky_enabled=\u201d0\u2033]<\/p>\n<h2 class=\"et_pb_toggle_title\" style=\"text-align: center;\">Arten von Hydraulikzylindern f\u00fcr Sanit\u00e4rmaschinen<\/h2>\n<p>[\/et_pb_text][\/et_pb_column][\/et_pb_row][et_pb_row _builder_version=\u201d4.27.4\u2033 _module_preset=\u201ddefault\u201d theme_builder_area=\u201dpost_content\u201d][et_pb_column _builder_version=\u201d4.27.4\u2033 _module_preset=\u201ddefault\u201d type=\u201d4_4\u2033 theme_builder_area=\u201dpost_content\u201d][et_pb_shop _builder_version=\u201d4.27.4\u2033 _module_preset=\u201ddefault\u201d theme_builder_area=\u201dpost_content\u201d type=\u201dproduct_category\u201d include_categories=\u201d23\u2033 columns_number=\u201d3\u2033 hover_enabled=\u201d0\u2033 sticky_enabled=\u201d0\u2033][\/et_pb_shop][\/et_pb_column][\/et_pb_row][\/et_pb_section][et_pb_section fb_built=\u201d1\u2033 theme_builder_area=\u201dpost_content\u201d _builder_version=\u201d4.27.4\u2033 _module_preset=\u201ddefault\u201d][et_pb_row _builder_version=\u201d4.27.4\u2033 _module_preset=\u201ddefault\u201d column_structure=\u201d1_2,1_2\u2033 theme_builder_area=\u201dpost_content\u201d][et_pb_column _builder_version=\u201d4.27.4\u2033 _module_preset=\u201ddefault\u201d type=\u201d1_2\u2033 theme_builder_area=\u201dpost_content\u201d][et_pb_image src=\u201dhttps:\/\/fmp-components.com\/wp-content\/uploads\/2025\/03\/Sanitation-Machinery-Hydraulic-Cylinders-1.webp\u201d _builder_version=\u201d4.27.4\u2033 _module_preset=\u201ddefault\u201d theme_builder_area=\u201dpost_content\u201d alt=\u201dSanitation-Machinery-Hydraulic-Cylinders-1\u2033 title_text=\u201dSanitation-Machinery-Hydraulic-Cylinders-1\u2033 hover_enabled=\u201d0\u2033 sticky_enabled=\u201d0\u2033][\/et_pb_image][\/et_pb_column][et_pb_column _builder_version=\u201d4.27.4\u2033 _module_preset=\u201ddefault\u201d type=\u201d1_2\u2033 theme_builder_area=\u201dpost_content\u201d][et_pb_text _builder_version=\u201d4.27.4\u2033 _module_preset=\u201ddefault\u201d theme_builder_area=\u201dpost_content\u201d header_2_font=\u201dFrank Ruhl Libre||||||||\u201d header_2_font_size=\u201d30px\u201d hover_enabled=\u201d0\u2033 sticky_enabled=\u201d0\u2033]<\/p>\n<h2>Anwendung von Hydraulikzylindern in Sanit\u00e4rmaschinen<\/h2>\n<p>[\/et_pb_text][et_pb_text _builder_version=\u201d4.27.4\u2033 _module_preset=\u201ddefault\u201d theme_builder_area=\u201dpost_content\u201d text_font_size=\u201d16px\u201d text_line_height=\u201d1.8em\u201d hover_enabled=\u201d0\u2033 sticky_enabled=\u201d0\u2033]<\/p>\n<p>Hydraulikzylinder spielen eine zentrale Rolle in der Abfallwirtschaft und gew\u00e4hrleisten eine effiziente Abfallwirtschaft und kommunale Abl\u00e4ufe. FMP mit Sitz in Italien ist spezialisiert auf die Herstellung hochwertiger Hydraulikzylinder f\u00fcr den Einsatz in der Abfallwirtschaft, beispielsweise in Kehrmaschinen, M\u00fcllwagen, M\u00fcllverdichtern und Schneer\u00e4umfahrzeugen. Unser patentiertes Y&amp;J-Design bietet au\u00dfergew\u00f6hnliche Korrosionsbest\u00e4ndigkeit und ist somit ideal f\u00fcr die rauen Umgebungsbedingungen, denen diese Maschinen ausgesetzt sind. Mit Optionen f\u00fcr Einweg- und Doppelwirkungspuffersysteme bieten unsere Zylinder einen reibungslosen und zuverl\u00e4ssigen Betrieb, reduzieren Ausfallzeiten und erh\u00f6hen die Lebensdauer von Abfallwirtschaftsger\u00e4ten. Ob M\u00fcllverdichtung oder Heben schwerer Lasten \u2013 die kundenspezifischen Zylinder von FMP f\u00fcr Abfallwirtschaftsmaschinen sind auf die hohen Anforderungen der Branche ausgelegt.<\/p>\n<p>[\/et_pb_text][\/et_pb_column][\/et_pb_row][et_pb_row _builder_version=\u201d4.27.4\u2033 _module_preset=\u201ddefault\u201d theme_builder_area=\u201dpost_content\u201d][et_pb_column _builder_version=\u201d4.27.4\u2033 _module_preset=\u201ddefault\u201d type=\u201d4_4\u2033 theme_builder_area=\u201dpost_content\u201d][et_pb_text _builder_version=\u201d4.27.4\u2033 _module_preset=\u201ddefault\u201d theme_builder_area=\u201dpost_content\u201d text_font_size=\u201d16px\u201d text_line_height=\u201d1.8em\u201d hover_enabled=\u201d0\u2033 sticky_enabled=\u201d0\u2033]<\/p>\n<p>Die Expertise von FMP umfasst ein breites Spektrum an Anwendungen f\u00fcr Abfallentsorgungsmaschinen, von Hydraulikzylindern f\u00fcr M\u00fcllverdichter und Umladestationen bis hin zu Ersatzteilen f\u00fcr Kommunalfahrzeuge wie Hecklader und Kipplaster. Unser Werk in Italien nutzt modernste Fertigungsverfahren zur Herstellung von Zylindern aus hochfesten Materialien wie CDS-Rohren, die Langlebigkeit und \u00fcberlegene Leistung auch unter extremen Bedingungen gew\u00e4hrleisten. Diese Zylinder, darunter auch doppeltwirkende Teleskopausf\u00fchrungen, bew\u00e4ltigen g\u00e4ngige Herausforderungen wie L\u00e4rm, Kriechen und Rohrausdehnung und bestehen strenge 96-st\u00fcndige neutrale Salzspr\u00fchtests (NSS-Klasse 9) f\u00fcr verbesserte Korrosionsbest\u00e4ndigkeit. Durch den Fokus auf Innovation und individuelle Anpassung liefert FMP kosteng\u00fcnstige, wartungsarme L\u00f6sungen, die es unseren Kunden erm\u00f6glichen, ihre Abfallentsorgungsflotten und Abfallmanagementsysteme effizient zu optimieren.<\/p>\n<p>[\/et_pb_text][\/et_pb_column][\/et_pb_row][\/et_pb_section][et_pb_section fb_built=\u201d1\u2033 theme_builder_area=\u201dpost_content\u201d _builder_version=\u201d4.27.4\u2033 _module_preset=\u201ddefault\u201d alt=\u201dSanitation-Machinery-Hydraulic-Cylinders\u201d title_text=\u201dSanitation-Machinery-Hydraulic-Cylinders\u201d background_image=\u201dhttps:\/\/fmp-components.com\/wp-content\/uploads\/2025\/03\/Generated-Image-March-27-2025-4_22PM.webp\u201d hover_enabled=\u201d0\u2033 sticky_enabled=\u201d0\u2033 min_height=\u201d453px\u201d][et_pb_row _builder_version=\u201d4.27.4\u2033 _module_preset=\u201ddefault\u201d theme_builder_area=\u201dpost_content\u201d][et_pb_column _builder_version=\u201d4.27.4\u2033 _module_preset=\u201ddefault\u201d type=\u201d4_4\u2033 theme_builder_area=\u201dpost_content\u201d][\/et_pb_column][\/et_pb_row][\/et_pb_section]<\/p>","protected":false},"excerpt":{"rendered":"<p>Hydraulikzylinder f\u00fcr Sanit\u00e4rmaschinen. Die FMP Company ist spezialisiert auf die Herstellung einer breiten Palette von Hydraulikzylindern f\u00fcr Sanit\u00e4rmaschinen, die auf die unterschiedlichsten Branchenbed\u00fcrfnisse zugeschnitten sind. Neben unserem Standardangebot bieten wir auch kundenspezifische L\u00f6sungen an, die genau auf Ihre Anforderungen abgestimmt sind. Sollten Sie das gew\u00fcnschte Modell nicht in unserer Produktliste finden, [\u2026]<\/p>","protected":false},"author":2,"featured_media":0,"parent":0,"menu_order":0,"comment_status":"closed","ping_status":"closed","template":"","meta":{"_et_pb_use_builder":"on","_et_pb_old_content":"","_et_gb_content_width":"","footnotes":""},"class_list":["post-7523","page","type-page","status-publish","hentry"],"_links":{"self":[{"href":"https:\/\/fmp-components.com\/de\/wp-json\/wp\/v2\/pages\/7523","targetHints":{"allow":["GET"]}}],"collection":[{"href":"https:\/\/fmp-components.com\/de\/wp-json\/wp\/v2\/pages"}],"about":[{"href":"https:\/\/fmp-components.com\/de\/wp-json\/wp\/v2\/types\/page"}],"author":[{"embeddable":true,"href":"https:\/\/fmp-components.com\/de\/wp-json\/wp\/v2\/users\/2"}],"replies":[{"embeddable":true,"href":"https:\/\/fmp-components.com\/de\/wp-json\/wp\/v2\/comments?post=7523"}],"version-history":[{"count":8,"href":"https:\/\/fmp-components.com\/de\/wp-json\/wp\/v2\/pages\/7523\/revisions"}],"predecessor-version":[{"id":7538,"href":"https:\/\/fmp-components.com\/de\/wp-json\/wp\/v2\/pages\/7523\/revisions\/7538"}],"wp:attachment":[{"href":"https:\/\/fmp-components.com\/de\/wp-json\/wp\/v2\/media?parent=7523"}],"curies":[{"name":"wp","href":"https:\/\/api.w.org\/{rel}","templated":true}]}}