{"id":7276,"date":"2025-03-21T06:23:21","date_gmt":"2025-03-21T06:23:21","guid":{"rendered":"https:\/\/fmp-components.com\/?page_id=7276"},"modified":"2025-03-21T07:44:30","modified_gmt":"2025-03-21T07:44:30","slug":"telescopic-hydraulic-cylinders-2","status":"publish","type":"page","link":"https:\/\/fmp-components.com\/de\/telescopic-hydraulic-cylinders-2\/","title":{"rendered":"Teleskop-Hydraulikzylinder"},"content":{"rendered":"<p>[et_pb_section fb_built=&#8221;1&#8243; theme_builder_area=&#8221;post_content&#8221; _builder_version=&#8221;4.27.4&#8243; _module_preset=&#8221;default&#8221; alt=&#8221;Telescopic-Hydraulic-Cylinders-banner&#8221; title_text=&#8221;Telescopic-Hydraulic-Cylinders-banner-1&#8243; background_image=&#8221;https:\/\/fmp-components.com\/wp-content\/uploads\/2025\/03\/Telescopic-Hydraulic-Cylinders-banner-1.webp&#8221; hover_enabled=&#8221;0&#8243; sticky_enabled=&#8221;0&#8243; min_height=&#8221;299px&#8221;][et_pb_row _builder_version=&#8221;4.27.4&#8243; _module_preset=&#8221;default&#8221; theme_builder_area=&#8221;post_content&#8221;][et_pb_column _builder_version=&#8221;4.27.4&#8243; _module_preset=&#8221;default&#8221; type=&#8221;4_4&#8243; theme_builder_area=&#8221;post_content&#8221;][et_pb_text _builder_version=&#8221;4.27.4&#8243; _module_preset=&#8221;default&#8221; theme_builder_area=&#8221;post_content&#8221; header_font=&#8221;Frank Ruhl Libre||||||||&#8221; header_font_size=&#8221;60px&#8221; header_text_shadow_style=&#8221;preset1&#8243; header_text_color=&#8221;#FFFFFF&#8221; hover_enabled=&#8221;0&#8243; sticky_enabled=&#8221;0&#8243;]<\/p>\n<h1 style=\"text-align: center;\">Teleskop-Hydraulikzylinder<\/h1>\n<p>[\/et_pb_text][\/et_pb_column][\/et_pb_row][\/et_pb_section][et_pb_section fb_built=&#8221;1&#8243; theme_builder_area=&#8221;post_content&#8221; _builder_version=&#8221;4.27.4&#8243; _module_preset=&#8221;default&#8221;][et_pb_row _builder_version=&#8221;4.27.4&#8243; _module_preset=&#8221;default&#8221; theme_builder_area=&#8221;post_content&#8221;][et_pb_column _builder_version=&#8221;4.27.4&#8243; _module_preset=&#8221;default&#8221; type=&#8221;4_4&#8243; theme_builder_area=&#8221;post_content&#8221;][et_pb_shop _builder_version=&#8221;4.27.4&#8243; _module_preset=&#8221;default&#8221; theme_builder_area=&#8221;post_content&#8221; type=&#8221;product_category&#8221; include_categories=&#8221;103&#8243; show_pagination=&#8221;on&#8221; hover_enabled=&#8221;0&#8243; sticky_enabled=&#8221;0&#8243;][\/et_pb_shop][\/et_pb_column][\/et_pb_row][\/et_pb_section][et_pb_section fb_built=&#8221;1&#8243; theme_builder_area=&#8221;post_content&#8221; _builder_version=&#8221;4.27.4&#8243; _module_preset=&#8221;default&#8221;][et_pb_row _builder_version=&#8221;4.27.4&#8243; _module_preset=&#8221;default&#8221; theme_builder_area=&#8221;post_content&#8221;][et_pb_column _builder_version=&#8221;4.27.4&#8243; _module_preset=&#8221;default&#8221; type=&#8221;4_4&#8243; theme_builder_area=&#8221;post_content&#8221;][et_pb_text _builder_version=&#8221;4.27.4&#8243; _module_preset=&#8221;default&#8221; theme_builder_area=&#8221;post_content&#8221; header_2_font=&#8221;Frank Ruhl Libre||||||||&#8221; header_2_font_size=&#8221;45px&#8221; text_font_size=&#8221;16px&#8221; text_line_height=&#8221;1.8em&#8221; hover_enabled=&#8221;0&#8243; sticky_enabled=&#8221;0&#8243;]<\/p>\n<div>\n<h2>Teleskop-Hydraulikzylinder: Kraft und Pr\u00e4zision von der Firma FMP<\/h2>\n<p class=\"break-words\">Im Bereich der Hydrauliksysteme sind Teleskop-Hydraulikzylinder f\u00fcr ihre gro\u00dfe Reichweite bei kompakter Bauweise bekannt. Diese vielseitigen Komponenten sind unverzichtbar f\u00fcr Anwendungen, die lange H\u00fcbe auf engstem Raum erfordern, und daher in vielen Branchen unverzichtbar. Wir bei FMP sind stolz darauf, ein f\u00fchrender Hersteller hochwertiger Teleskop-Hydraulikzylinder zu sein und Kunden in ganz Italien zu beliefern \u2013 darunter in gesch\u00e4ftigen Metropolen wie Mailand, dem historischen Venedig, dem k\u00fcnstlerischen Florenz und dem industriellen Bologna. Unser Engagement f\u00fcr Qualit\u00e4t, Innovation und Kundenzufriedenheit zeichnet uns als Ihren zuverl\u00e4ssigen Partner f\u00fcr Hydraulikl\u00f6sungen aus.<\/p>\n<\/div>\n<p>[\/et_pb_text][\/et_pb_column][\/et_pb_row][et_pb_row _builder_version=&#8221;4.27.4&#8243; _module_preset=&#8221;default&#8221; column_structure=&#8221;1_2,1_2&#8243; theme_builder_area=&#8221;post_content&#8221; use_custom_gutter=&#8221;on&#8221; gutter_width=&#8221;2&#8243; hover_enabled=&#8221;0&#8243; sticky_enabled=&#8221;0&#8243; custom_padding=&#8221;||1px|||&#8221;][et_pb_column _builder_version=&#8221;4.27.4&#8243; _module_preset=&#8221;default&#8221; type=&#8221;1_2&#8243; theme_builder_area=&#8221;post_content&#8221;][et_pb_image src=&#8221;https:\/\/fmp-components.com\/wp-content\/uploads\/2025\/03\/Telescopic-Hydraulic-Cylinders-product-1.webp&#8221; _builder_version=&#8221;4.27.4&#8243; _module_preset=&#8221;default&#8221; theme_builder_area=&#8221;post_content&#8221; alt=&#8221;Telescopic-Hydraulic-Cylinders&#8221; title_text=&#8221;Telescopic-Hydraulic-Cylinders-product-1&#8243; hover_enabled=&#8221;0&#8243; sticky_enabled=&#8221;0&#8243;][\/et_pb_image][\/et_pb_column][et_pb_column _builder_version=&#8221;4.27.4&#8243; _module_preset=&#8221;default&#8221; type=&#8221;1_2&#8243; theme_builder_area=&#8221;post_content&#8221;][et_pb_image src=&#8221;https:\/\/fmp-components.com\/wp-content\/uploads\/2025\/03\/Telescopic-Hydraulic-Cylinders-product-2.webp&#8221; _builder_version=&#8221;4.27.4&#8243; _module_preset=&#8221;default&#8221; theme_builder_area=&#8221;post_content&#8221; alt=&#8221;Telescopic-Hydraulic-Cylinders&#8221; title_text=&#8221;Telescopic-Hydraulic-Cylinders-product-2&#8243; hover_enabled=&#8221;0&#8243; sticky_enabled=&#8221;0&#8243;][\/et_pb_image][\/et_pb_column][\/et_pb_row][et_pb_row _builder_version=&#8221;4.27.4&#8243; _module_preset=&#8221;default&#8221; column_structure=&#8221;1_2,1_2&#8243; theme_builder_area=&#8221;post_content&#8221; use_custom_gutter=&#8221;on&#8221; gutter_width=&#8221;2&#8243; hover_enabled=&#8221;0&#8243; sticky_enabled=&#8221;0&#8243; custom_padding=&#8221;10px|||||&#8221;][et_pb_column _builder_version=&#8221;4.27.4&#8243; _module_preset=&#8221;default&#8221; type=&#8221;1_2&#8243; theme_builder_area=&#8221;post_content&#8221;][et_pb_image src=&#8221;https:\/\/fmp-components.com\/wp-content\/uploads\/2025\/03\/Telescopic-Hydraulic-Cylinders-product-3.webp&#8221; _builder_version=&#8221;4.27.4&#8243; _module_preset=&#8221;default&#8221; theme_builder_area=&#8221;post_content&#8221; alt=&#8221;Telescopic-Hydraulic-Cylinders&#8221; title_text=&#8221;Telescopic-Hydraulic-Cylinders-product-3&#8243; hover_enabled=&#8221;0&#8243; sticky_enabled=&#8221;0&#8243;][\/et_pb_image][\/et_pb_column][et_pb_column _builder_version=&#8221;4.27.4&#8243; _module_preset=&#8221;default&#8221; type=&#8221;1_2&#8243; theme_builder_area=&#8221;post_content&#8221;][et_pb_image src=&#8221;https:\/\/fmp-components.com\/wp-content\/uploads\/2025\/03\/Telescopic-Hydraulic-Cylinders-product-4.webp&#8221; _builder_version=&#8221;4.27.4&#8243; _module_preset=&#8221;default&#8221; theme_builder_area=&#8221;post_content&#8221; alt=&#8221;Telescopic-Hydraulic-Cylinders&#8221; title_text=&#8221;Telescopic-Hydraulic-Cylinders-product-4&#8243; hover_enabled=&#8221;0&#8243; sticky_enabled=&#8221;0&#8243;][\/et_pb_image][\/et_pb_column][\/et_pb_row][et_pb_row _builder_version=&#8221;4.27.4&#8243; _module_preset=&#8221;default&#8221; theme_builder_area=&#8221;post_content&#8221;][et_pb_column _builder_version=&#8221;4.27.4&#8243; _module_preset=&#8221;default&#8221; type=&#8221;4_4&#8243; theme_builder_area=&#8221;post_content&#8221;][et_pb_text _builder_version=&#8221;4.27.4&#8243; _module_preset=&#8221;default&#8221; theme_builder_area=&#8221;post_content&#8221; header_2_font=&#8221;Frank Ruhl Libre||||||||&#8221; header_2_font_size=&#8221;40px&#8221; text_font_size=&#8221;16px&#8221; text_line_height=&#8221;1.8em&#8221; hover_enabled=&#8221;0&#8243; sticky_enabled=&#8221;0&#8243;]<\/p>\n<div>\n<h2>Anwendungen von Teleskop-Hydraulikzylindern<\/h2>\n<p class=\"break-words\">Teleskop-Hydraulikzylinder sind unglaublich vielseitig und treiben eine breite Palette von Ger\u00e4ten in mehreren Sektoren an<\/p>\n<p class=\"break-words\">In Italien spielen diese Zylinder eine entscheidende Rolle in der lokalen Industrie. Im Bauzentrum Mailand treiben sie die Kr\u00e4ne an, die die Skyline der Stadt pr\u00e4gen. In den landwirtschaftlichen Regionen nahe Florenz sorgen sie f\u00fcr den Antrieb von Maschinen, die die Produktivit\u00e4t der Bauernh\u00f6fe sichern. In Venedig, wo enge Stra\u00dfen kompakte L\u00f6sungen erfordern, sind sie f\u00fcr Fahrzeuge der Abfallwirtschaft unverzichtbar. Und auch die Fertigungsindustrie in Bologna verl\u00e4sst sich auf die robuste Leistung ihrer Ger\u00e4te.<\/p>\n<\/div>\n<p>[\/et_pb_text][\/et_pb_column][\/et_pb_row][et_pb_row _builder_version=&#8221;4.27.4&#8243; _module_preset=&#8221;default&#8221; column_structure=&#8221;1_2,1_2&#8243; theme_builder_area=&#8221;post_content&#8221;][et_pb_column _builder_version=&#8221;4.27.4&#8243; _module_preset=&#8221;default&#8221; type=&#8221;1_2&#8243; theme_builder_area=&#8221;post_content&#8221;][et_pb_blurb title=&#8221;Construction&#8221; image=&#8221;https:\/\/fmp-components.com\/wp-content\/uploads\/2025\/03\/excavators.webp&#8221; _builder_version=&#8221;4.27.4&#8243; _module_preset=&#8221;default&#8221; theme_builder_area=&#8221;post_content&#8221; header_text_align=&#8221;center&#8221; text_orientation=&#8221;center&#8221; alt=&#8221;excavators&#8221; title_text=&#8221;excavators&#8221; hover_enabled=&#8221;0&#8243; sticky_enabled=&#8221;0&#8243;]<\/p>\n<p>Wird in Kr\u00e4nen und Baggern zum Heben und Greifen verwendet.<\/p>\n<p>[\/et_pb_blurb][\/et_pb_column][et_pb_column _builder_version=&#8221;4.27.4&#8243; _module_preset=&#8221;default&#8221; type=&#8221;1_2&#8243; theme_builder_area=&#8221;post_content&#8221;][et_pb_blurb title=&#8221;Agriculture&#8221; image=&#8221;https:\/\/fmp-components.com\/wp-content\/uploads\/2025\/03\/Agriculture-harvester.webp&#8221; _builder_version=&#8221;4.27.4&#8243; _module_preset=&#8221;default&#8221; theme_builder_area=&#8221;post_content&#8221; header_text_align=&#8221;center&#8221; text_orientation=&#8221;center&#8221; alt=&#8221;Agriculture-harvester&#8221; title_text=&#8221;Agriculture-harvester&#8221; hover_enabled=&#8221;0&#8243; sticky_enabled=&#8221;0&#8243;]<\/p>\n<p>Wird in Erntemaschinen und Ladern f\u00fcr eine effiziente Materialhandhabung verwendet.<\/p>\n<p>[\/et_pb_blurb][\/et_pb_column][\/et_pb_row][et_pb_row _builder_version=&#8221;4.27.4&#8243; _module_preset=&#8221;default&#8221; column_structure=&#8221;1_2,1_2&#8243; theme_builder_area=&#8221;post_content&#8221;][et_pb_column _builder_version=&#8221;4.27.4&#8243; _module_preset=&#8221;default&#8221; type=&#8221;1_2&#8243; theme_builder_area=&#8221;post_content&#8221;][et_pb_blurb title=&#8221;Waste Management&#8221; image=&#8221;https:\/\/fmp-components.com\/wp-content\/uploads\/2025\/03\/garbage-trucks.webp&#8221; _builder_version=&#8221;4.27.4&#8243; _module_preset=&#8221;default&#8221; theme_builder_area=&#8221;post_content&#8221; header_text_align=&#8221;center&#8221; text_orientation=&#8221;center&#8221; alt=&#8221;garbage-trucks&#8221; title_text=&#8221;garbage-trucks&#8221; hover_enabled=&#8221;0&#8243; sticky_enabled=&#8221;0&#8243;]<\/p>\n<p>Wird in M\u00fcllwagen und M\u00fcllverdichtern f\u00fcr einen kompakten und dennoch leistungsstarken Betrieb eingesetzt.<\/p>\n<p>[\/et_pb_blurb][\/et_pb_column][et_pb_column _builder_version=&#8221;4.27.4&#8243; _module_preset=&#8221;default&#8221; type=&#8221;1_2&#8243; theme_builder_area=&#8221;post_content&#8221;][et_pb_blurb title=&#8221;Transportation&#8221; image=&#8221;https:\/\/fmp-components.com\/wp-content\/uploads\/2025\/03\/dump-trucks.webp&#8221; _builder_version=&#8221;4.27.4&#8243; _module_preset=&#8221;default&#8221; theme_builder_area=&#8221;post_content&#8221; header_text_align=&#8221;center&#8221; text_orientation=&#8221;center&#8221; alt=&#8221;dump-trucks&#8221; title_text=&#8221;dump-trucks&#8221; hover_enabled=&#8221;0&#8243; sticky_enabled=&#8221;0&#8243;]<\/p>\n<p>Integraler Bestandteil von Muldenkippern und Umschlaganh\u00e4ngern f\u00fcr den Schwerlastumschlag.<\/p>\n<p>[\/et_pb_blurb][\/et_pb_column][\/et_pb_row][\/et_pb_section][et_pb_section fb_built=&#8221;1&#8243; theme_builder_area=&#8221;post_content&#8221; _builder_version=&#8221;4.27.4&#8243; _module_preset=&#8221;default&#8221;][et_pb_row _builder_version=&#8221;4.27.4&#8243; _module_preset=&#8221;default&#8221; theme_builder_area=&#8221;post_content&#8221; max_width=&#8221;1250px&#8221; width=&#8221;100%&#8221; hover_enabled=&#8221;0&#8243; sticky_enabled=&#8221;0&#8243;][et_pb_column _builder_version=&#8221;4.27.4&#8243; _module_preset=&#8221;default&#8221; type=&#8221;4_4&#8243; theme_builder_area=&#8221;post_content&#8221;][et_pb_text _builder_version=&#8221;4.27.4&#8243; _module_preset=&#8221;default&#8221; theme_builder_area=&#8221;post_content&#8221; hover_enabled=&#8221;0&#8243; sticky_enabled=&#8221;0&#8243; text_font_size=&#8221;16px&#8221; text_line_height=&#8221;1.8em&#8221;]<\/p>\n<div>\n<h2>Teleskop-Hydraulikzylinder von FMP<\/h2>\n<p class=\"break-words\">Bei FMP bieten wir ein umfangreiches Sortiment an hydraulischen Teleskopzylindern, die auf die unterschiedlichsten Anforderungen zugeschnitten sind:<\/p>\n<ul class=\"marker:text-secondary\">\n<li class=\"break-words\"><strong>Einfachwirkende Zylinder<\/strong>: Perfekt f\u00fcr Anwendungen, bei denen das Einfahren durch die Schwerkraft oder externe Kr\u00e4fte unterst\u00fctzt wird, wie beispielsweise bei Muldenkippern.<\/li>\n<li class=\"break-words\"><strong>Doppeltwirkende Zylinder<\/strong>: Auf Pr\u00e4zision ausgelegt, mit hydraulischer Kraft zum Ausfahren und Einfahren, ideal f\u00fcr Baumaschinen.<\/li>\n<li class=\"break-words\"><strong>Kombizylinder<\/strong>: Kombination der Vorteile beider Typen f\u00fcr spezielle Anwendungen.<\/li>\n<\/ul>\n<p class=\"break-words\">Unsere Zylinder \u00fcberzeugen mit ihren Spezifikationen:<\/p>\n<ul class=\"marker:text-secondary\">\n<li class=\"break-words\">Bohrungsgr\u00f6\u00dfen bis zu 15 Zoll.<\/li>\n<li class=\"break-words\">Hubl\u00e4ngen bis zu 500 Zoll.<\/li>\n<li class=\"break-words\">Bis zu 5 Stufen.<\/li>\n<li class=\"break-words\">Betriebsdr\u00fccke bis zu 2.000 psi, mit benutzerdefinierten Optionen f\u00fcr h\u00f6here Dr\u00fccke.<\/li>\n<\/ul>\n<p class=\"break-words\">Unsere Zylinder bestehen aus hochfestem Stahl, hartverchromten Stufen und langlebigen Dichtungen und sind f\u00fcr anspruchsvolle Bedingungen ausgelegt. Funktionen wie einstellbare V-Dichtungen und optionale Montagearten (Querrohr oder Zapfen) gew\u00e4hrleisten die Anpassungsf\u00e4higkeit an Ihre Ausr\u00fcstung.<\/p>\n<h3>Individuelle Anpassung auf Knopfdruck<\/h3>\n<p class=\"break-words\">Eine unserer herausragenden St\u00e4rken ist die Lieferung kundenspezifischer Teleskop-Hydraulikzylinder. Ob Sie eine bestimmte Bohrungsgr\u00f6\u00dfe, Hubl\u00e4nge oder Montagekonfiguration ben\u00f6tigen, unser erfahrenes Ingenieurteam arbeitet mit Ihnen zusammen, um eine L\u00f6sung zu entwickeln, die perfekt zu Ihrer Anwendung passt \u2013 sei es ein M\u00fcllwagen in Florenz oder ein Kran in Mailand. Unsere schnelle Bearbeitungszeit \u2013 oft innerhalb eines Monats \u2013 zeichnet uns aus und stellt sicher, dass Sie Ihren kundenspezifischen Zylinder schneller erhalten als der Branchenstandard.<\/p>\n<p class=\"break-words\">Sollten Sie das gew\u00fcnschte Modell nicht in unserer Produktliste finden, ist das kein Problem \u2013 wahrscheinlich haben wir es noch nicht aufgelistet. Senden Sie uns einfach eine E-Mail mit Ihren Spezifikationen. Unsere Techniker antworten Ihnen innerhalb von 24 Stunden mit einer individuellen L\u00f6sung.<\/p>\n<\/div>\n<p>[\/et_pb_text][\/et_pb_column][\/et_pb_row][et_pb_row _builder_version=&#8221;4.27.4&#8243; _module_preset=&#8221;default&#8221; column_structure=&#8221;1_2,1_2&#8243; theme_builder_area=&#8221;post_content&#8221; use_custom_gutter=&#8221;on&#8221; gutter_width=&#8221;2&#8243; hover_enabled=&#8221;0&#8243; sticky_enabled=&#8221;0&#8243; max_width=&#8221;1250px&#8221; width=&#8221;100%&#8221;][et_pb_column _builder_version=&#8221;4.27.4&#8243; _module_preset=&#8221;default&#8221; type=&#8221;1_2&#8243; theme_builder_area=&#8221;post_content&#8221;][et_pb_image src=&#8221;https:\/\/fmp-components.com\/wp-content\/uploads\/2025\/03\/fmp-hydraulic-cylinder-factory.webp&#8221; _builder_version=&#8221;4.27.4&#8243; _module_preset=&#8221;default&#8221; theme_builder_area=&#8221;post_content&#8221; alt=&#8221;fmp-hydraulic-cylinder-factory&#8221; title_text=&#8221;fmp-hydraulic-cylinder-factory&#8221; hover_enabled=&#8221;0&#8243; sticky_enabled=&#8221;0&#8243;][\/et_pb_image][\/et_pb_column][et_pb_column _builder_version=&#8221;4.27.4&#8243; _module_preset=&#8221;default&#8221; type=&#8221;1_2&#8243; theme_builder_area=&#8221;post_content&#8221;][et_pb_image src=&#8221;https:\/\/fmp-components.com\/wp-content\/uploads\/2025\/03\/fmp-hydraulic-cylinder-factory2.webp&#8221; _builder_version=&#8221;4.27.4&#8243; _module_preset=&#8221;default&#8221; theme_builder_area=&#8221;post_content&#8221; alt=&#8221;fmp-hydraulic-cylinder-factory2&#8243; title_text=&#8221;fmp-hydraulic-cylinder-factory2&#8243; hover_enabled=&#8221;0&#8243; sticky_enabled=&#8221;0&#8243;][\/et_pb_image][\/et_pb_column][\/et_pb_row][\/et_pb_section]<\/p>","protected":false},"excerpt":{"rendered":"<p>Telescopic Hydraulic Cylinders Telescopic Hydraulic Cylinders: Power and Precision from FMP Company In the realm of hydraulic systems, telescopic hydraulic cylinders are renowned for their ability to provide extended reach within a compact design. These versatile components are vital for applications requiring long strokes in limited spaces, making them indispensable across various industries. At FMP, [&hellip;]<\/p>","protected":false},"author":2,"featured_media":0,"parent":0,"menu_order":0,"comment_status":"closed","ping_status":"closed","template":"","meta":{"_et_pb_use_builder":"on","_et_pb_old_content":"","_et_gb_content_width":"","footnotes":""},"class_list":["post-7276","page","type-page","status-publish","hentry"],"_links":{"self":[{"href":"https:\/\/fmp-components.com\/de\/wp-json\/wp\/v2\/pages\/7276","targetHints":{"allow":["GET"]}}],"collection":[{"href":"https:\/\/fmp-components.com\/de\/wp-json\/wp\/v2\/pages"}],"about":[{"href":"https:\/\/fmp-components.com\/de\/wp-json\/wp\/v2\/types\/page"}],"author":[{"embeddable":true,"href":"https:\/\/fmp-components.com\/de\/wp-json\/wp\/v2\/users\/2"}],"replies":[{"embeddable":true,"href":"https:\/\/fmp-components.com\/de\/wp-json\/wp\/v2\/comments?post=7276"}],"version-history":[{"count":12,"href":"https:\/\/fmp-components.com\/de\/wp-json\/wp\/v2\/pages\/7276\/revisions"}],"predecessor-version":[{"id":7304,"href":"https:\/\/fmp-components.com\/de\/wp-json\/wp\/v2\/pages\/7276\/revisions\/7304"}],"wp:attachment":[{"href":"https:\/\/fmp-components.com\/de\/wp-json\/wp\/v2\/media?parent=7276"}],"curies":[{"name":"wp","href":"https:\/\/api.w.org\/{rel}","templated":true}]}}