{"id":6269,"date":"2025-03-07T03:38:27","date_gmt":"2025-03-07T03:38:27","guid":{"rendered":"https:\/\/fmp-components.com\/?page_id=6269"},"modified":"2025-03-07T06:14:40","modified_gmt":"2025-03-07T06:14:40","slug":"steel-2","status":"publish","type":"page","link":"https:\/\/fmp-components.com\/de\/steel-2\/","title":{"rendered":"Stahl"},"content":{"rendered":"<p>[et_pb_section fb_built=&#8221;1&#8243; theme_builder_area=&#8221;post_content&#8221; _builder_version=&#8221;4.27.4&#8243; _module_preset=&#8221;default&#8221; alt=&#8221;Steel&#8221; title_text=&#8221;steel-banner&#8221; background_image=&#8221;https:\/\/fmp-components.com\/wp-content\/uploads\/2025\/03\/steel-banner.webp&#8221; hover_enabled=&#8221;0&#8243; sticky_enabled=&#8221;0&#8243; min_height=&#8221;447px&#8221; use_background_color_gradient=&#8221;on&#8221; background_color_gradient_stops=&#8221;rgba(0,0,0,0.2) 0%|rgba(0,0,0,0.15) 100%&#8221; background_color_gradient_overlays_image=&#8221;on&#8221;][et_pb_row _builder_version=&#8221;4.27.4&#8243; _module_preset=&#8221;default&#8221; theme_builder_area=&#8221;post_content&#8221;][et_pb_column _builder_version=&#8221;4.27.4&#8243; _module_preset=&#8221;default&#8221; type=&#8221;4_4&#8243; theme_builder_area=&#8221;post_content&#8221;][et_pb_text _builder_version=&#8221;4.27.4&#8243; _module_preset=&#8221;default&#8221; theme_builder_area=&#8221;post_content&#8221; text_orientation=&#8221;center&#8221; text_text_color=&#8221;#FFFFFF&#8221; header_font=&#8221;Frank Ruhl Libre||||||||&#8221; header_text_align=&#8221;center&#8221; header_text_color=&#8221;#FFFFFF&#8221; header_font_size=&#8221;70px&#8221; header_text_shadow_style=&#8221;preset1&#8243; hover_enabled=&#8221;0&#8243; sticky_enabled=&#8221;0&#8243;]<\/p>\n<h1 style=\"text-align: center;\">Stahl<\/h1>\n<p>[\/et_pb_text][\/et_pb_column][\/et_pb_row][\/et_pb_section][et_pb_section fb_built=&#8221;1&#8243; theme_builder_area=&#8221;post_content&#8221; _builder_version=&#8221;4.27.4&#8243; _module_preset=&#8221;default&#8221;][et_pb_row _builder_version=&#8221;4.27.4&#8243; _module_preset=&#8221;default&#8221; theme_builder_area=&#8221;post_content&#8221;][et_pb_column _builder_version=&#8221;4.27.4&#8243; _module_preset=&#8221;default&#8221; type=&#8221;4_4&#8243; theme_builder_area=&#8221;post_content&#8221;][et_pb_text _builder_version=&#8221;4.27.4&#8243; _module_preset=&#8221;default&#8221; theme_builder_area=&#8221;post_content&#8221; header_font=&#8221;Frank Ruhl Libre||||||||&#8221; header_2_font=&#8221;Frank Ruhl Libre||||||||&#8221; header_2_font_size=&#8221;35px&#8221; hover_enabled=&#8221;0&#8243; sticky_enabled=&#8221;0&#8243;]<\/p>\n<h2>Stahll\u00f6sungen von FMP: Qualit\u00e4t und Pr\u00e4zision f\u00fcr die italienische Industrie.<\/h2>\n<p>[\/et_pb_text][et_pb_text _builder_version=&#8221;4.27.4&#8243; _module_preset=&#8221;default&#8221; theme_builder_area=&#8221;post_content&#8221; text_font_size=&#8221;16px&#8221; text_line_height=&#8221;1.8em&#8221; hover_enabled=&#8221;0&#8243; sticky_enabled=&#8221;0&#8243;]<\/p>\n<p>Wenn es um Stahl geht, ist die FMP Company in Italien ein f\u00fchrender und vertrauensw\u00fcrdiger Anbieter. Wir liefern eine breite Palette hochwertiger Stahlprodukte f\u00fcr Industrie, Handwerk und Innovation auf der gesamten Halbinsel. Stahl \u2013 eine Legierung aus Eisen und Kohlenstoff mit einem Kohlenstoffgehalt von bis zu 21 % \u2013 ist das R\u00fcckgrat moderner Infrastruktur, von den Wolkenkratzern Mailands bis hin zu den komplexen Maschinen in den toskanischen Werkst\u00e4tten. Bei FMP bieten wir ein umfangreiches Portfolio an Stahlsorten, darunter Kohlenstoffstahl, legierter Stahl, Edelstahl und Werkzeugstahl, die speziell f\u00fcr die vielf\u00e4ltigen Anwendungsbereiche in Italien entwickelt wurden.<\/p>\n<p>[\/et_pb_text][\/et_pb_column][\/et_pb_row][et_pb_row _builder_version=&#8221;4.27.4&#8243; _module_preset=&#8221;default&#8221; theme_builder_area=&#8221;post_content&#8221;][et_pb_column _builder_version=&#8221;4.27.4&#8243; _module_preset=&#8221;default&#8221; type=&#8221;4_4&#8243; theme_builder_area=&#8221;post_content&#8221;][et_pb_text _builder_version=&#8221;4.27.4&#8243; _module_preset=&#8221;default&#8221; theme_builder_area=&#8221;post_content&#8221; header_font=&#8221;Frank Ruhl Libre||||||||&#8221; header_2_font=&#8221;Frank Ruhl Libre||||||||&#8221; header_2_font_size=&#8221;35px&#8221; hover_enabled=&#8221;0&#8243; sticky_enabled=&#8221;0&#8243;]<\/p>\n<h2>Warum ist Stahl unverzichtbar?<\/h2>\n<p>[\/et_pb_text][et_pb_text _builder_version=&#8221;4.27.4&#8243; _module_preset=&#8221;default&#8221; theme_builder_area=&#8221;post_content&#8221; text_font_size=&#8221;16px&#8221; text_line_height=&#8221;1.8em&#8221; hover_enabled=&#8221;0&#8243; sticky_enabled=&#8221;0&#8243;]<\/p>\n<p>Die Vielseitigkeit von Stahl beruht auf seiner einzigartigen Zusammensetzung: Eisen, eines der h\u00e4ufigsten Elemente der Erde, verbindet sich mit Kohlenstoff zu einem Material, das fester und haltbarer ist als reines Eisen. Mit einer weltweiten Produktion von 1,6 Milliarden Tonnen im Jahr 2013 (verglichen mit nur 47 Millionen Tonnen Aluminium, dem n\u00e4chstwichtigsten Konstruktionsmetall) ist Stahl der weltweit am h\u00e4ufigsten verwendete Werkstoff. Er formt alles, von N\u00e4hnadeln bis hin zu \u00d6ltankern \u2013 und sogar die Werkzeuge, die zu deren Herstellung verwendet werden. Wir bei FMP nutzen die unvergleichlichen mechanischen Eigenschaften von Stahl \u2013 dank seiner kristallinen Strukturen wie Ferrit, Austenit und Martensit \u2013 um Produkte zu liefern, die auf die industriellen und kreativen Anforderungen Italiens zugeschnitten sind.<\/p>\n<p>[\/et_pb_text][\/et_pb_column][\/et_pb_row][et_pb_row _builder_version=&#8221;4.27.4&#8243; _module_preset=&#8221;default&#8221; theme_builder_area=&#8221;post_content&#8221;][et_pb_column _builder_version=&#8221;4.27.4&#8243; _module_preset=&#8221;default&#8221; type=&#8221;4_4&#8243; theme_builder_area=&#8221;post_content&#8221;][et_pb_image src=&#8221;https:\/\/fmp-components.com\/wp-content\/uploads\/2025\/03\/steel-product.webp&#8221; _builder_version=&#8221;4.27.4&#8243; _module_preset=&#8221;default&#8221; theme_builder_area=&#8221;post_content&#8221; alt=&#8221;steel product&#8221; title_text=&#8221;steel-product&#8221; hover_enabled=&#8221;0&#8243; sticky_enabled=&#8221;0&#8243; align=&#8221;center&#8221;][\/et_pb_image][\/et_pb_column][\/et_pb_row][et_pb_row _builder_version=&#8221;4.27.4&#8243; _module_preset=&#8221;default&#8221; theme_builder_area=&#8221;post_content&#8221; custom_padding=&#8221;||3px|||&#8221;][et_pb_column _builder_version=&#8221;4.27.4&#8243; _module_preset=&#8221;default&#8221; type=&#8221;4_4&#8243; theme_builder_area=&#8221;post_content&#8221;][et_pb_text _builder_version=&#8221;4.27.4&#8243; _module_preset=&#8221;default&#8221; theme_builder_area=&#8221;post_content&#8221; header_2_font=&#8221;Frank Ruhl Libre||||||||&#8221; header_2_font_size=&#8221;35px&#8221; hover_enabled=&#8221;0&#8243; sticky_enabled=&#8221;0&#8243;]<\/p>\n<h2 style=\"text-align: center;\">Warum sollten Sie sich f\u00fcr FMP-Stahlprodukte in Italien entscheiden?<\/h2>\n<p>[\/et_pb_text][\/et_pb_column][\/et_pb_row][et_pb_row _builder_version=&#8221;4.27.4&#8243; _module_preset=&#8221;default&#8221; column_structure=&#8221;1_3,1_3,1_3&#8243; theme_builder_area=&#8221;post_content&#8221; use_custom_gutter=&#8221;on&#8221; gutter_width=&#8221;2&#8243; width=&#8221;100%&#8221; max_width=&#8221;1100px&#8221; hover_enabled=&#8221;0&#8243; sticky_enabled=&#8221;0&#8243;][et_pb_column _builder_version=&#8221;4.27.4&#8243; _module_preset=&#8221;default&#8221; type=&#8221;1_3&#8243; theme_builder_area=&#8221;post_content&#8221;][et_pb_text _builder_version=&#8221;4.27.4&#8243; _module_preset=&#8221;default&#8221; theme_builder_area=&#8221;post_content&#8221; header_3_font=&#8221;Frank Ruhl Libre||||||||&#8221; hover_enabled=&#8221;0&#8243; sticky_enabled=&#8221;0&#8243;]<\/p>\n<h3>Umfassendes Stahlportfolio<\/h3>\n<div>\n<p>Wir bei FMP sind stolz darauf, eine breite Palette an Stahlsorten anzubieten, die jedem Bedarf gerecht werden:<\/p>\n<ul class=\"marker:text-secondary\">\n<li class=\"break-words\"><strong>Kohlenstoffst\u00e4hle<\/strong>Von kohlenstoffarm (0,05-0,19%) f\u00fcr Automobilpaneele bis zu kohlenstoffreich (\u00fcber 0,5%) f\u00fcr Eisenbahnschienen.<\/li>\n<li class=\"break-words\"><strong>Legierte St\u00e4hle<\/strong>: Verst\u00e4rkt mit Elementen wie Nickel, Chrom und Molybd\u00e4n f\u00fcr \u00fcberlegene Festigkeit und Korrosionsbest\u00e4ndigkeit.<\/li>\n<li class=\"break-words\"><strong>Edelstahl<\/strong>: Ideal f\u00fcr die Lebensmittelverarbeitung und den medizinischen Sektor Italiens, rostbest\u00e4ndig auch in feuchten Klimazonen wie Venedig.<\/li>\n<li class=\"break-words\"><strong>Werkzeugst\u00e4hle<\/strong>Geh\u00e4rtet f\u00fcr Pr\u00e4zisionsschneidwerkzeuge, die in den Maschinenbauwerkst\u00e4tten Bolognas verwendet werden.<br \/>Unser Sortiment reicht von gezogenem Draht mit einem Durchmesser von nur 0,013 mm bis hin zu Schmiedestangen mit einem Durchmesser von bis zu 1.100 mm. So stellen wir sicher, dass wir den richtigen Stahl f\u00fcr Ihr Projekt haben.<\/li>\n<\/ul>\n<\/div>\n<p>[\/et_pb_text][\/et_pb_column][et_pb_column _builder_version=&#8221;4.27.4&#8243; _module_preset=&#8221;default&#8221; type=&#8221;1_3&#8243; theme_builder_area=&#8221;post_content&#8221;][et_pb_text _builder_version=&#8221;4.27.4&#8243; _module_preset=&#8221;default&#8221; theme_builder_area=&#8221;post_content&#8221; header_3_font=&#8221;Frank Ruhl Libre||||||||&#8221; hover_enabled=&#8221;0&#8243; sticky_enabled=&#8221;0&#8243;]<\/p>\n<h3>Fortgeschrittene Fertigungskompetenz<\/h3>\n<div>\n<p>Die Festigkeit von Stahl beruht auf seinem Mikrogef\u00fcge \u2013 sei es kubisch-raumzentriertes (krz) Ferrit unterhalb von 912 \u00b0C oder kubisch-fl\u00e4chenzentriertes (kfz) Austenit zwischen 912 \u00b0C und 1394 \u00b0C. Bei FMP beherrschen wir diese Umwandlungen durch pr\u00e4zise W\u00e4rmebehandlungen wie H\u00e4rten und Anlassen, um Martensit (mit einer H\u00e4rte von bis zu 1000 DPH) oder z\u00e4hen Perlit (ca. 200 DPH) zu erzeugen. Unsere hochmodernen Anlagen in Italien gew\u00e4hrleisten, dass jedes Stahlprodukt internationalen Standards wie ISO 4184 entspricht und somit die Zuverl\u00e4ssigkeit f\u00fcr Ihre Anwendungen bietet.<\/p>\n<\/div>\n<p>[\/et_pb_text][\/et_pb_column][et_pb_column _builder_version=&#8221;4.27.4&#8243; _module_preset=&#8221;default&#8221; type=&#8221;1_3&#8243; theme_builder_area=&#8221;post_content&#8221;][et_pb_text _builder_version=&#8221;4.27.4&#8243; _module_preset=&#8221;default&#8221; theme_builder_area=&#8221;post_content&#8221; header_3_font=&#8221;Frank Ruhl Libre||||||||&#8221; hover_enabled=&#8221;0&#8243; sticky_enabled=&#8221;0&#8243;]<\/p>\n<h3>Anpassung an italienische Bed\u00fcrfnisse<\/h3>\n<div>\n<p>Sie finden nicht den passenden Stahl? FMP ist auf kundenspezifische L\u00f6sungen spezialisiert. Ob Sie einen kohlenstoffarmen Stahl mit hoher Schwei\u00dfbarkeit f\u00fcr eine Werft in Neapel oder eine hochfeste Legierung f\u00fcr ein Luft- und Raumfahrtprojekt in Turin ben\u00f6tigen \u2013 wir fertigen unseren Stahl nach Ihren Vorgaben. Kontaktieren Sie uns unter <a href=\"mailto:info@fmpcomponents.it\">info@fmpcomponents.it<\/a>Unsere Ingenieure entwickeln ein Produkt, das exakt Ihren Anforderungen entspricht \u2013 bis hin zur Korngr\u00f6\u00dfe und Legierungszusammensetzung.<\/p>\n<\/div>\n<p>[\/et_pb_text][\/et_pb_column][\/et_pb_row][et_pb_row _builder_version=&#8221;4.27.4&#8243; _module_preset=&#8221;default&#8221; column_structure=&#8221;1_3,1_3,1_3&#8243; theme_builder_area=&#8221;post_content&#8221; use_custom_gutter=&#8221;on&#8221; gutter_width=&#8221;2&#8243; width=&#8221;100%&#8221; max_width=&#8221;1100px&#8221; hover_enabled=&#8221;0&#8243; sticky_enabled=&#8221;0&#8243;][et_pb_column _builder_version=&#8221;4.27.4&#8243; _module_preset=&#8221;default&#8221; type=&#8221;1_3&#8243; theme_builder_area=&#8221;post_content&#8221;][et_pb_text _builder_version=&#8221;4.27.4&#8243; _module_preset=&#8221;default&#8221; theme_builder_area=&#8221;post_content&#8221; header_3_font=&#8221;Frank Ruhl Libre||||||||&#8221; hover_enabled=&#8221;0&#8243; sticky_enabled=&#8221;0&#8243;]<\/p>\n<h3>Italienisches Engagement vor Ort<\/h3>\n<div>\n<p>Wir sind in Italien verwurzelt und verf\u00fcgen \u00fcber ein italienischsprachiges Kundenservice-Team. Unsere Experten bieten Ihnen praktische Unterst\u00fctzung \u2013 von der Auswahl der richtigen Stahlsorte bis hin zur Beratung bei Installation und Wartung. Ben\u00f6tigen Sie Stahl f\u00fcr ein nachhaltiges Projekt in Florenz? Unsere umweltfreundlichen Stahlsorten werden aus bis zu 941 Tonnen recyceltem Stahlschrott und in einem CO\u2082-armen Verfahren hergestellt und reduzieren die Umweltbelastung um 831 Tonnen \u2013 ideal f\u00fcr Italiens umweltbewusste Zukunft.<\/p>\n<\/div>\n<p>[\/et_pb_text][\/et_pb_column][et_pb_column _builder_version=&#8221;4.27.4&#8243; _module_preset=&#8221;default&#8221; type=&#8221;1_3&#8243; theme_builder_area=&#8221;post_content&#8221;][et_pb_text _builder_version=&#8221;4.27.4&#8243; _module_preset=&#8221;default&#8221; theme_builder_area=&#8221;post_content&#8221; header_3_font=&#8221;Frank Ruhl Libre||||||||&#8221; hover_enabled=&#8221;0&#8243; sticky_enabled=&#8221;0&#8243;]<\/p>\n<h3>Un\u00fcbertroffene Haltbarkeit und Eigenschaften<\/h3>\n<div>\n<p>Die Eigenschaften von Stahl werden durch Kohlenstoff und Legierungselemente verbessert. Beispielsweise f\u00fchrt die Zugabe von 0,77%-Kohlenstoff zur Bildung von Perlit, w\u00e4hrend schnelles Abk\u00fchlen Martensit f\u00fcr maximale H\u00e4rte erzeugt. Bei FMP legieren wir den Stahl au\u00dferdem mit Elementen wie Titan, Vanadium und Mangan, um Festigkeit, H\u00e4rtbarkeit und Verschlei\u00dffestigkeit zu erh\u00f6hen \u2013 ideal f\u00fcr die italienische Bau-, Automobil- und Energiebranche. Unser Stahl h\u00e4lt den mechanischen Belastungen der Olivenpressen in Apulien und der korrosiven Seeluft Liguriens stand.<\/p>\n<\/div>\n<p>[\/et_pb_text][\/et_pb_column][et_pb_column _builder_version=&#8221;4.27.4&#8243; _module_preset=&#8221;default&#8221; type=&#8221;1_3&#8243; theme_builder_area=&#8221;post_content&#8221;][et_pb_text _builder_version=&#8221;4.27.4&#8243; _module_preset=&#8221;default&#8221; theme_builder_area=&#8221;post_content&#8221; header_3_font=&#8221;Frank Ruhl Libre||||||||&#8221; hover_enabled=&#8221;0&#8243; sticky_enabled=&#8221;0&#8243;]<\/p>\n<h3>Von italienischen Industrien gesch\u00e4tzt<\/h3>\n<div>\n<p>Von der Landwirtschaft in Sizilien bis zum Maschinenbau in der Emilia-Romagna \u2013 FMP-Stahl treibt Italiens Schl\u00fcsselbranchen an. Unsere hochfesten niedriglegierten St\u00e4hle (HSLA) unterst\u00fctzen Pipelines und Offshore-Anlagen, w\u00e4hrend Automatenst\u00e4hle mit Schwefel- und Bleieinschl\u00fcssen die Werkzeugstandzeit f\u00fcr die Hersteller in Brescia verl\u00e4ngern. Mit \u00fcber 20 Jahren Erfahrung haben wir uns durch Qualit\u00e4t, Pr\u00e4zision und Innovation das Vertrauen italienischer Fachleute erworben.<\/p>\n<\/div>\n<p>[\/et_pb_text][\/et_pb_column][\/et_pb_row][et_pb_row _builder_version=&#8221;4.27.4&#8243; _module_preset=&#8221;default&#8221; theme_builder_area=&#8221;post_content&#8221;][et_pb_column _builder_version=&#8221;4.27.4&#8243; _module_preset=&#8221;default&#8221; type=&#8221;4_4&#8243; theme_builder_area=&#8221;post_content&#8221;][et_pb_image src=&#8221;https:\/\/fmp-components.com\/wp-content\/uploads\/2025\/03\/steel-product-1.webp&#8221; _builder_version=&#8221;4.27.4&#8243; _module_preset=&#8221;default&#8221; theme_builder_area=&#8221;post_content&#8221; alt=&#8221;steel product&#8221; title_text=&#8221;steel-product-1&#8243; hover_enabled=&#8221;0&#8243; sticky_enabled=&#8221;0&#8243; align=&#8221;center&#8221;][\/et_pb_image][\/et_pb_column][\/et_pb_row][et_pb_row _builder_version=&#8221;4.27.4&#8243; _module_preset=&#8221;default&#8221; theme_builder_area=&#8221;post_content&#8221; column_structure=&#8221;1_2,1_2&#8243;][et_pb_column _builder_version=&#8221;4.27.4&#8243; _module_preset=&#8221;default&#8221; type=&#8221;1_2&#8243; theme_builder_area=&#8221;post_content&#8221;][et_pb_text _builder_version=&#8221;4.27.4&#8243; _module_preset=&#8221;default&#8221; theme_builder_area=&#8221;post_content&#8221; header_2_font=&#8221;Frank Ruhl Libre||||||||&#8221; header_2_font_size=&#8221;30px&#8221; header_2_text_align=&#8221;left&#8221; text_font_size=&#8221;16px&#8221; text_line_height=&#8221;1.8em&#8221; hover_enabled=&#8221;0&#8243; sticky_enabled=&#8221;0&#8243;]<\/p>\n<h2 style=\"text-align: left;\">Stahlanwendungen in ganz Italien<\/h2>\n<p>Die Vielseitigkeit von Stahl kommt in Italiens abwechslungsreicher Landschaft voll zur Geltung:<\/p>\n<p>Konstruktion: Mittelgekohlte Stahlplatten werden in Genua f\u00fcr den Bau von Br\u00fccken und in Mailand f\u00fcr den Bau von Wolkenkratzern verwendet.<br \/>Automobilindustrie: In Turiner Fabriken werden aus kohlenstoffarmen Blechen Karosserien gefertigt.<br \/>Landwirtschaft: Werkzeugst\u00e4hle werden zur Herstellung langlebiger Ausr\u00fcstung f\u00fcr die Weinberge Umbriens verwendet.<br \/>Energie: Legierte St\u00e4hle verst\u00e4rken Windkraftanlagen entlang der Adriak\u00fcste.<\/p>\n<p>[\/et_pb_text][\/et_pb_column][et_pb_column _builder_version=&#8221;4.27.4&#8243; _module_preset=&#8221;default&#8221; type=&#8221;1_2&#8243; theme_builder_area=&#8221;post_content&#8221;][et_pb_text _builder_version=&#8221;4.27.4&#8243; _module_preset=&#8221;default&#8221; theme_builder_area=&#8221;post_content&#8221; header_2_font=&#8221;Frank Ruhl Libre||||||||&#8221; header_2_font_size=&#8221;30px&#8221; header_2_text_align=&#8221;left&#8221; text_font_size=&#8221;16px&#8221; text_line_height=&#8221;1.8em&#8221; hover_enabled=&#8221;0&#8243; sticky_enabled=&#8221;0&#8243;]<\/p>\n<h2 style=\"text-align: left;\">Wie FMP die Stahlleistung steigert<\/h2>\n<p>Wir liefern nicht einfach nur Stahl \u2013 wir optimieren ihn. Unsere W\u00e4rmebehandlungsverfahren passen die Kohlenstoffdiffusionsrate an und erzeugen so feine Mikrostrukturen f\u00fcr Festigkeit und Duktilit\u00e4t. Legierungselemente wie Nickel und Chrom verbessern die Korrosionsbest\u00e4ndigkeit, w\u00e4hrend die Ausscheidungsh\u00e4rtung mit Titan oder Niob f\u00fcr kleine Korngr\u00f6\u00dfen und damit f\u00fcr zus\u00e4tzliche Z\u00e4higkeit sorgt. Unsere 3D-Designsoftware setzt Ihre Ideen in die Realit\u00e4t um, gefolgt von pr\u00e4ziser Fertigung und Lieferung.<\/p>\n<p>[\/et_pb_text][\/et_pb_column][\/et_pb_row][\/et_pb_section][et_pb_section fb_built=&#8221;1&#8243; theme_builder_area=&#8221;post_content&#8221; _builder_version=&#8221;4.27.4&#8243; _module_preset=&#8221;default&#8221; alt=&#8221;Steel Product&#8221; title_text=&#8221;steel-product-2&#8243; background_image=&#8221;https:\/\/fmp-components.com\/wp-content\/uploads\/2025\/03\/steel-product-2.webp&#8221; use_background_color_gradient=&#8221;on&#8221; background_color_gradient_stops=&#8221;rgba(0,0,0,0.28) 0%|rgba(0,0,0,0.68) 100%&#8221; background_color_gradient_overlays_image=&#8221;on&#8221; hover_enabled=&#8221;0&#8243; sticky_enabled=&#8221;0&#8243; min_height=&#8221;754px&#8221;][et_pb_row _builder_version=&#8221;4.27.4&#8243; _module_preset=&#8221;default&#8221; theme_builder_area=&#8221;post_content&#8221; custom_margin=&#8221;100px||||false|false&#8221; hover_enabled=&#8221;0&#8243; sticky_enabled=&#8221;0&#8243;][et_pb_column _builder_version=&#8221;4.27.4&#8243; _module_preset=&#8221;default&#8221; type=&#8221;4_4&#8243; theme_builder_area=&#8221;post_content&#8221;][et_pb_text _builder_version=&#8221;4.27.4&#8243; _module_preset=&#8221;default&#8221; theme_builder_area=&#8221;post_content&#8221; header_2_font=&#8221;Frank Ruhl Libre||||||||&#8221; header_2_text_color=&#8221;#FFFFFF&#8221; header_2_text_align=&#8221;center&#8221; header_2_font_size=&#8221;45px&#8221; header_2_text_shadow_style=&#8221;preset1&#8243; hover_enabled=&#8221;0&#8243; sticky_enabled=&#8221;0&#8243;]<\/p>\n<h2>Sichern Sie sich noch heute Ihre Stahll\u00f6sung!<\/h2>\n<p>[\/et_pb_text][et_pb_text _builder_version=&#8221;4.27.4&#8243; _module_preset=&#8221;default&#8221; theme_builder_area=&#8221;post_content&#8221; text_text_color=&#8221;#FFFFFF&#8221; text_font_size=&#8221;16px&#8221; text_line_height=&#8221;1.8em&#8221; text_orientation=&#8221;center&#8221; hover_enabled=&#8221;0&#8243; sticky_enabled=&#8221;0&#8243;]<\/p>\n<p>Suchen Sie den perfekten Stahl f\u00fcr Ihr n\u00e4chstes Projekt? Entdecken Sie das umfangreiche Sortiment von FMP oder kontaktieren Sie uns f\u00fcr eine Sonderanfertigung unter <a href=\"mailto:info@fmpcomponents.it\">info@fmpcomponents.it<\/a>Falls Sie das Gesuchte nicht finden, ist es wahrscheinlich in Produktion \u2013 fragen Sie einfach nach! Von nachhaltigem \u00d6kostahl bis hin zu Hochleistungslegierungen: FMP versorgt die italienische Industrie mit erstklassigen Stahll\u00f6sungen. Lassen Sie uns gemeinsam etwas Au\u00dfergew\u00f6hnliches schaffen!<\/p>\n<p>[\/et_pb_text][\/et_pb_column][\/et_pb_row][\/et_pb_section]<\/p>","protected":false},"excerpt":{"rendered":"<p>SteelSteel Solutions by FMP: Powering Italy\u2019s Industries with Quality and PrecisionWhen it comes to steel, FMP Company stands as a trusted leader in Italy, delivering a vast range of high-quality steel products to meet the needs of industries, artisans, and innovators across the peninsula. Steel\u2014an alloy of iron and carbon with up to 2% carbon [&hellip;]<\/p>","protected":false},"author":2,"featured_media":0,"parent":0,"menu_order":0,"comment_status":"closed","ping_status":"closed","template":"","meta":{"_et_pb_use_builder":"on","_et_pb_old_content":"","_et_gb_content_width":"","footnotes":""},"class_list":["post-6269","page","type-page","status-publish","hentry"],"_links":{"self":[{"href":"https:\/\/fmp-components.com\/de\/wp-json\/wp\/v2\/pages\/6269","targetHints":{"allow":["GET"]}}],"collection":[{"href":"https:\/\/fmp-components.com\/de\/wp-json\/wp\/v2\/pages"}],"about":[{"href":"https:\/\/fmp-components.com\/de\/wp-json\/wp\/v2\/types\/page"}],"author":[{"embeddable":true,"href":"https:\/\/fmp-components.com\/de\/wp-json\/wp\/v2\/users\/2"}],"replies":[{"embeddable":true,"href":"https:\/\/fmp-components.com\/de\/wp-json\/wp\/v2\/comments?post=6269"}],"version-history":[{"count":4,"href":"https:\/\/fmp-components.com\/de\/wp-json\/wp\/v2\/pages\/6269\/revisions"}],"predecessor-version":[{"id":6306,"href":"https:\/\/fmp-components.com\/de\/wp-json\/wp\/v2\/pages\/6269\/revisions\/6306"}],"wp:attachment":[{"href":"https:\/\/fmp-components.com\/de\/wp-json\/wp\/v2\/media?parent=6269"}],"curies":[{"name":"wp","href":"https:\/\/api.w.org\/{rel}","templated":true}]}}