{"id":5948,"date":"2025-02-24T08:20:19","date_gmt":"2025-02-24T08:20:19","guid":{"rendered":"https:\/\/fmp-components.com\/?page_id=8"},"modified":"2025-03-07T08:46:32","modified_gmt":"2025-03-07T08:46:32","slug":"cardan-shaft-2","status":"publish","type":"page","link":"https:\/\/fmp-components.com\/de\/cardan-shaft-2\/","title":{"rendered":"Kardanwelle"},"content":{"rendered":"<p>[et_pb_section fb_built=&#8221;1&#8243; _builder_version=&#8221;4.27.4&#8243; _module_preset=&#8221;default&#8221; background_color=&#8221;gcid-1df04c5f-e996-4504-8faa-0a9ef0da2d4d&#8221; use_background_color_gradient=&#8221;on&#8221; background_color_gradient_stops=&#8221;rgba(0,0,0,0.43) 0%|rgba(0,0,0,0.45) 100%&#8221; background_color_gradient_overlays_image=&#8221;on&#8221; background_image=&#8221;https:\/\/fmp-components.com\/wp-content\/uploads\/2025\/02\/Cardan-Shaft-1-scaled.webp&#8221; global_colors_info=&#8221;{%22gcid-1df04c5f-e996-4504-8faa-0a9ef0da2d4d%22:%91%22background_color%22%93}&#8221;][et_pb_row _builder_version=&#8221;4.27.4&#8243; _module_preset=&#8221;default&#8221; global_colors_info=&#8221;{}&#8221;][et_pb_column type=&#8221;4_4&#8243; _builder_version=&#8221;4.27.4&#8243; _module_preset=&#8221;default&#8221; global_colors_info=&#8221;{}&#8221;][et_pb_text _builder_version=&#8221;4.27.4&#8243; _module_preset=&#8221;default&#8221; header_font=&#8221;Frank Ruhl Libre|500|||||||&#8221; header_text_align=&#8221;center&#8221; header_text_color=&#8221;#FFFFFF&#8221; header_font_size=&#8221;50px&#8221; header_text_shadow_style=&#8221;preset1&#8243; global_colors_info=&#8221;{}&#8221;]<\/p>\n<h1 class=\"et_pb_toggle_title\">Kardanwelle<\/h1>\n<p>[\/et_pb_text][et_pb_text _builder_version=\u201d4.27.4\u2033 _module_preset=\u201ddefault\u201d text_font=\u201dFrank Ruhl Libre|600|||||||\u201d text_text_color=\u201d#FFFFFF\u201d text_font_size=\u201d18px\u201d text_line_height=\u201d1.8em\u201d text_orientation=\u201dcenter\u201d global_colors_info=\u201d{}\u201d]<\/p>\n<p>Wenn das von Ihnen ben\u00f6tigte Produkt nicht aufgef\u00fchrt ist, fordern Sie ein kostenloses Angebot an!<\/p>\n<p>[\/et_pb_text][\/et_pb_column][\/et_pb_row][\/et_pb_section][et_pb_section fb_built=&#8221;1&#8243; _builder_version=&#8221;4.27.4&#8243; _module_preset=&#8221;default&#8221; global_colors_info=&#8221;{}&#8221;][et_pb_row _builder_version=&#8221;4.27.4&#8243; _module_preset=&#8221;default&#8221; global_colors_info=&#8221;{}&#8221;][et_pb_column type=&#8221;4_4&#8243; _builder_version=&#8221;4.27.4&#8243; _module_preset=&#8221;default&#8221; global_colors_info=&#8221;{}&#8221;][et_pb_text _builder_version=&#8221;4.27.4&#8243; _module_preset=&#8221;default&#8221; header_2_font=&#8221;Frank Ruhl Libre||||||||&#8221; header_2_text_align=&#8221;center&#8221; header_2_font_size=&#8221;35px&#8221; hover_enabled=&#8221;0&#8243; global_colors_info=&#8221;{}&#8221; sticky_enabled=&#8221;0&#8243;]<\/p>\n<h2>Kardanwelle<\/h2>\n<p>[\/et_pb_text][\/et_pb_column][\/et_pb_row][et_pb_row column_structure=&#8221;1_3,1_3,1_3&#8243; _builder_version=&#8221;4.27.4&#8243; _module_preset=&#8221;default&#8221; global_colors_info=&#8221;{}&#8221;][et_pb_column type=&#8221;1_3&#8243; _builder_version=&#8221;4.27.4&#8243; _module_preset=&#8221;default&#8221; global_colors_info=&#8221;{}&#8221;][et_pb_blurb title=&#8221;Cardan Drive Shaft for Crusher&#8221; image=&#8221;https:\/\/fmp-components.com\/wp-content\/uploads\/2025\/02\/Cardan-Drive-Shaft-for-Crusher1.webp&#8221; alt=&#8221;Cardan Drive Shaft for Crusher&#8221; _builder_version=&#8221;4.27.4&#8243; _module_preset=&#8221;default&#8221; header_level=&#8221;h3&#8243; header_font=&#8221;Frank Ruhl Libre||||||||&#8221; header_text_align=&#8221;center&#8221; box_shadow_style=&#8221;preset1&#8243; global_colors_info=&#8221;{}&#8221;][\/et_pb_blurb][\/et_pb_column][et_pb_column type=&#8221;1_3&#8243; _builder_version=&#8221;4.27.4&#8243; _module_preset=&#8221;default&#8221; global_colors_info=&#8221;{}&#8221;][et_pb_blurb title=&#8221;Cardan Drive Shaft for Mining Equipment Machinery&#8221; image=&#8221;https:\/\/fmp-components.com\/wp-content\/uploads\/2025\/02\/Cardan-Drive-Shaft-for-Mining-Equipment-Machinery1.webp&#8221; alt=&#8221;Cardan Drive Shaft for Mining Equipment Machinery&#8221; _builder_version=&#8221;4.27.4&#8243; _module_preset=&#8221;default&#8221; header_level=&#8221;h3&#8243; header_font=&#8221;Frank Ruhl Libre||||||||&#8221; header_text_align=&#8221;center&#8221; box_shadow_style=&#8221;preset1&#8243; global_colors_info=&#8221;{}&#8221;][\/et_pb_blurb][\/et_pb_column][et_pb_column type=&#8221;1_3&#8243; _builder_version=&#8221;4.27.4&#8243; _module_preset=&#8221;default&#8221; global_colors_info=&#8221;{}&#8221;][et_pb_blurb title=&#8221;Cardan Drive Shaft for Rolling Mill Equipment&#8221; image=&#8221;https:\/\/fmp-components.com\/wp-content\/uploads\/2025\/02\/Cardan-Drive-Shaft-for-Rolling-Mill-Equipment1.webp&#8221; alt=&#8221;Cardan Drive Shaft for Rolling Mill Equipment&#8221; _builder_version=&#8221;4.27.4&#8243; _module_preset=&#8221;default&#8221; header_level=&#8221;h3&#8243; header_font=&#8221;Frank Ruhl Libre||||||||&#8221; header_text_align=&#8221;center&#8221; box_shadow_style=&#8221;preset1&#8243; global_colors_info=&#8221;{}&#8221;][\/et_pb_blurb][\/et_pb_column][\/et_pb_row][et_pb_row column_structure=&#8221;1_3,1_3,1_3&#8243; _builder_version=&#8221;4.27.4&#8243; _module_preset=&#8221;default&#8221; global_colors_info=&#8221;{}&#8221;][et_pb_column type=&#8221;1_3&#8243; _builder_version=&#8221;4.27.4&#8243; _module_preset=&#8221;default&#8221; global_colors_info=&#8221;{}&#8221;][et_pb_blurb title=&#8221;Industrial Cardan Drive Shaft&#8221; image=&#8221;https:\/\/fmp-components.com\/wp-content\/uploads\/2025\/02\/Industrial-Cardan-Shaft.webp&#8221; alt=&#8221;Industrial Cardan Drive Shaft&#8221; _builder_version=&#8221;4.27.4&#8243; _module_preset=&#8221;default&#8221; header_level=&#8221;h3&#8243; header_font=&#8221;Frank Ruhl Libre||||||||&#8221; header_text_align=&#8221;center&#8221; box_shadow_style=&#8221;preset1&#8243; global_colors_info=&#8221;{}&#8221;][\/et_pb_blurb][\/et_pb_column][et_pb_column type=&#8221;1_3&#8243; _builder_version=&#8221;4.27.4&#8243; _module_preset=&#8221;default&#8221; global_colors_info=&#8221;{}&#8221;][et_pb_blurb title=&#8221;Cardan Shaft for Steel Pipe Welding Equipment&#8221; image=&#8221;https:\/\/fmp-components.com\/wp-content\/uploads\/2025\/02\/Industrial-Cardan-Drive-Shaft-for-Steel-Pipe-Welding-Equipment1.webp&#8221; alt=&#8221;Cardan Shaft for Steel Pipe Welding Equipment&#8221; _builder_version=&#8221;4.27.4&#8243; _module_preset=&#8221;default&#8221; header_level=&#8221;h3&#8243; header_font=&#8221;Frank Ruhl Libre||||||||&#8221; header_text_align=&#8221;center&#8221; box_shadow_style=&#8221;preset1&#8243; global_colors_info=&#8221;{}&#8221;][\/et_pb_blurb][\/et_pb_column][et_pb_column type=&#8221;1_3&#8243; _builder_version=&#8221;4.27.4&#8243; _module_preset=&#8221;default&#8221; global_colors_info=&#8221;{}&#8221;][\/et_pb_column][\/et_pb_row][\/et_pb_section][et_pb_section fb_built=&#8221;1&#8243; _builder_version=&#8221;4.27.4&#8243; _module_preset=&#8221;default&#8221; global_colors_info=&#8221;{}&#8221;][et_pb_row _builder_version=&#8221;4.27.4&#8243; _module_preset=&#8221;default&#8221; global_colors_info=&#8221;{}&#8221;][et_pb_column type=&#8221;4_4&#8243; _builder_version=&#8221;4.27.4&#8243; _module_preset=&#8221;default&#8221; global_colors_info=&#8221;{}&#8221;][et_pb_text _builder_version=&#8221;4.27.4&#8243; _module_preset=&#8221;default&#8221; header_3_font=&#8221;Frank Ruhl Libre||||||||&#8221; header_3_font_size=&#8221;28px&#8221; global_colors_info=&#8221;{}&#8221;]<\/p>\n<h3>FMP: Ihr zuverl\u00e4ssiger Partner f\u00fcr Kardanwellenl\u00f6sungen f\u00fcr industrielle Spitzenleistungen<\/h3>\n<p>[\/et_pb_text][et_pb_text _builder_version=&#8221;4.27.4&#8243; _module_preset=&#8221;default&#8221; text_font_size=&#8221;16px&#8221; text_line_height=&#8221;1.8em&#8221; global_colors_info=&#8221;{}&#8221;]<\/p>\n<p><span>Wenn es um zuverl\u00e4ssige Antriebssysteme geht, steht FMP an der Spitze der Innovation und kundenorientierten Entwicklung. Als f\u00fchrender\u00a0<\/span><span>Hersteller von Kardanwellen<\/span><span>, wir sind auf die Bereitstellung ma\u00dfgeschneiderter L\u00f6sungen f\u00fcr nicht stra\u00dfengebundene und industrielle Anwendungen spezialisiert und gew\u00e4hrleisten eine reibungslose Leistung auch in den anspruchsvollsten Umgebungen.<\/span><\/p>\n<p>[\/et_pb_text][et_pb_text _builder_version=&#8221;4.27.4&#8243; _module_preset=&#8221;default&#8221; text_font_size=&#8221;16px&#8221; text_line_height=&#8221;1.8em&#8221; header_4_font=&#8221;Frank Ruhl Libre||||||||&#8221; header_4_font_size=&#8221;20px&#8221; global_colors_info=&#8221;{}&#8221;]<\/p>\n<h4>Pr\u00e4zisionsgefertigte Kardanwellen f\u00fcr jeden Bedarf<\/h4>\n<p>FMP bietet ein umfangreiches Sortiment an Gelenkwellen, die f\u00fcr unterschiedliche Drehmoment- und Betriebsanforderungen ausgelegt sind:<\/p>\n<ul>\n<li>\n<p><strong>Light-Duty-Serie<\/strong>: Ideal f\u00fcr Anwendungen mit niedriger Drehzahl und Drehmomentkapazit\u00e4ten bis zu<span>\u00a0<\/span><strong>2.500 Nm<\/strong>.<\/p>\n<\/li>\n<li>\n<p><strong>Mittelschwere Serie<\/strong>: Konzipiert f\u00fcr den allgemeinen industriellen Einsatz, Handhabung<span>\u00a0<\/span><strong>2.000\u201345.000 Nm<\/strong>.<\/p>\n<\/li>\n<li>\n<p><strong>Heavy-Duty-Serie<\/strong>: F\u00fcr extreme Anforderungen gebaut, liefert<span>\u00a0<\/span><strong>40.000\u2013580.000 Nm<\/strong><span>\u00a0<\/span>(mit benutzerdefinierten Kapazit\u00e4ten verf\u00fcgbar).<\/p>\n<\/li>\n<\/ul>\n<p>Unsere Wellen sind in Standard- oder Spezialausf\u00fchrung erh\u00e4ltlich und verf\u00fcgen \u00fcber<span>\u00a0<\/span><strong>einfache oder doppelte Kreuzgelenke<\/strong>und anpassbare Verbindungstypen wie Flansche, verzahnte Gabelenden oder verzahnte Wellenschnittstellen. Ob Sie eine kompakte, leichte Welle oder eine robuste L\u00f6sung in Industriequalit\u00e4t ben\u00f6tigen, FMP hat die passende L\u00f6sung f\u00fcr Sie.<\/p>\n<p>[\/et_pb_text][\/et_pb_column][\/et_pb_row][\/et_pb_section]<\/p>","protected":false},"excerpt":{"rendered":"<p>Cardan ShaftIf the product you need is not listed, go ahead and get a free quote!Cardan ShaftFMP: Your Trusted Partner in Cardan Shaft Solutions for Industrial ExcellenceWhen it comes to reliable power transmission systems, FMP stands at the forefront of innovation and customer-centric engineering. As a leading\u00a0Cardan shaft manufacturer, we specialize in delivering tailored solutions [&hellip;]<\/p>","protected":false},"author":2,"featured_media":0,"parent":0,"menu_order":0,"comment_status":"closed","ping_status":"closed","template":"","meta":{"_et_pb_use_builder":"on","_et_pb_old_content":"","_et_gb_content_width":"","footnotes":""},"class_list":["post-5948","page","type-page","status-publish","hentry"],"_links":{"self":[{"href":"https:\/\/fmp-components.com\/de\/wp-json\/wp\/v2\/pages\/5948","targetHints":{"allow":["GET"]}}],"collection":[{"href":"https:\/\/fmp-components.com\/de\/wp-json\/wp\/v2\/pages"}],"about":[{"href":"https:\/\/fmp-components.com\/de\/wp-json\/wp\/v2\/types\/page"}],"author":[{"embeddable":true,"href":"https:\/\/fmp-components.com\/de\/wp-json\/wp\/v2\/users\/2"}],"replies":[{"embeddable":true,"href":"https:\/\/fmp-components.com\/de\/wp-json\/wp\/v2\/comments?post=5948"}],"version-history":[{"count":6,"href":"https:\/\/fmp-components.com\/de\/wp-json\/wp\/v2\/pages\/5948\/revisions"}],"predecessor-version":[{"id":6327,"href":"https:\/\/fmp-components.com\/de\/wp-json\/wp\/v2\/pages\/5948\/revisions\/6327"}],"wp:attachment":[{"href":"https:\/\/fmp-components.com\/de\/wp-json\/wp\/v2\/media?parent=5948"}],"curies":[{"name":"wp","href":"https:\/\/api.w.org\/{rel}","templated":true}]}}