{"id":5885,"date":"2025-02-24T08:04:12","date_gmt":"2025-02-24T08:04:12","guid":{"rendered":"https:\/\/fmp-components.com\/?page_id=8"},"modified":"2025-02-24T08:04:32","modified_gmt":"2025-02-24T08:04:32","slug":"chain-for-steel-industry-2","status":"publish","type":"page","link":"https:\/\/fmp-components.com\/de\/chain-for-steel-industry-2\/","title":{"rendered":"Ketten f\u00fcr die Stahlindustrie"},"content":{"rendered":"<p>[et_pb_section fb_built=\u201d1\u2033 _builder_version=\u201d4.27.4\u2033 _module_preset=\u201ddefault\u201d use_background_color_gradient=\u201don\u201d background_color_gradient_stops=\u201drgba(0,0,0,0.42) 0%|rgba(0,0,0,0.53) 100%\u201d background_color_gradient_overlays_image=\u201don\u201d background_image=\u201dhttps:\/\/fmp-components.com\/wp-content\/uploads\/2025\/02\/steel-industry-chain-banner.webp\u201d min_height=\u201d540px\u201d global_colors_info=\u201d{}\u201d theme_builder_area=\u201dpost_content\u201d][et_pb_row _builder_version=\u201d4.27.4\u2033 _module_preset=\u201ddefault\u201d custom_margin=\u201d50px||||false|false\u201d global_colors_info=\u201d{}\u201d theme_builder_area=\u201dpost_content\u201d][et_pb_column type=\u201d4_4\u2033 _builder_version=\u201d4.27.4\u2033 _module_preset=\u201ddefault\u201d global_colors_info=\u201d{}\u201d theme_builder_area=\u201dpost_content\u201d][et_pb_text _builder_version=\u201d4.27.4\u2033 _module_preset=\u201ddefault\u201d header_font=\u201dFrank Ruhl Libre||||||||\u201d header_text_color=\u201d#FFFFFF\u201d header_font_size=\u201d70px\u201d header_text_shadow_style=\u201dpreset1\u2033 global_colors_info=\u201d{}\u201d theme_builder_area=\u201dpost_content\u201d]<\/p>\n<h1 style=\"text-align: center;\">Stahlindustrie f\u00fcr Ketten<\/h1>\n<p>[\/et_pb_text][et_pb_text _builder_version=\u201d4.27.4\u2033 _module_preset=\u201ddefault\u201d text_text_color=\u201d#FFFFFF\u201d text_font_size=\u201d16px\u201d text_line_height=\u201d1.8em\u201d global_colors_info=\u201d{}\u201d theme_builder_area=\u201dpost_content\u201d]<\/p>\n<p style=\"text-align: center;\">FMP ist ein f\u00fchrender Hersteller verschiedener Kettentypen f\u00fcr die Stahlindustrie, die den hohen Anforderungen im Schwerlastbetrieb gerecht werden. Unsere Ketten sind auf hohe Festigkeit, Langlebigkeit und optimale Leistung in der Stahlproduktion ausgelegt. Wir bieten eine breite Palette an Standardmodellen und bieten auch ma\u00dfgeschneiderte L\u00f6sungen f\u00fcr Ihre spezifischen Bed\u00fcrfnisse. Sollte das von Ihnen gesuchte Modell nicht in unserem Produktkatalog aufgef\u00fchrt sein, wurde es m\u00f6glicherweise noch nicht hochgeladen. Senden Sie uns gerne eine E-Mail mit Ihren spezifischen Modellanfragen. Wir helfen Ihnen gerne weiter.<\/p>\n<p>[\/et_pb_text][\/et_pb_column][\/et_pb_row][\/et_pb_section][et_pb_section fb_built=\u201d1\u2033 _builder_version=\u201d4.27.4\u2033 _module_preset=\u201ddefault\u201d global_colors_info=\u201d{}\u201d theme_builder_area=\u201dpost_content\u201d][et_pb_row _builder_version=\u201d4.27.4\u2033 _module_preset=\u201ddefault\u201d global_colors_info=\u201d{}\u201d theme_builder_area=\u201dpost_content\u201d][et_pb_column type=\u201d4_4\u2033 _builder_version=\u201d4.27.4\u2033 _module_preset=\u201ddefault\u201d global_colors_info=\u201d{}\u201d theme_builder_area=\u201dpost_content\u201d][et_pb_text _builder_version=\u201d4.27.4\u2033 _module_preset=\u201ddefault\u201d header_2_font=\u201dFrank Ruhl Libre||||||||\u201d header_2_font_size=\u201d40px\u201d global_colors_info=\u201d{}\u201d theme_builder_area=\u201dpost_content\u201d]<\/p>\n<h2 style=\"text-align: center;\">Stahlindustriekette zu verkaufen<\/h2>\n<p>[\/et_pb_text][\/et_pb_column][\/et_pb_row][et_pb_row column_structure=\u201d1_4,1_4,1_4,1_4\u2033 _builder_version=\u201d4.27.4\u2033 _module_preset=\u201ddefault\u201d global_colors_info=\u201d{}\u201d theme_builder_area=\u201dpost_content\u201d][et_pb_column type=\u201d1_4\u2033 _builder_version=\u201d4.27.4\u2033 _module_preset=\u201ddefault\u201d global_colors_info=\u201d{}\u201d theme_builder_area=\u201dpost_content\u201d][et_pb_blurb title=\u201dBlattnadelkette\u201d image=\u201dhttps:\/\/fmp-components.com\/wp-content\/uploads\/2025\/02\/conveyor-leaf-pin-chain-1.webp\u201d alt=\u201dconveyor-leaf-pin-chain\u201d _builder_version=\u201d4.27.4\u2033 _module_preset=\u201ddefault\u201d header_level=\u201dh3\u2033 header_font=\u201dFrank Ruhl Libre||||||||\u201d header_text_align=\u201dcenter\u201d header_font_size=\u201d18px\u201d global_colors_info=\u201d{}\u201d theme_builder_area=\u201dpost_content\u201d][\/et_pb_blurb][\/et_pb_column][et_pb_column type=\u201d1_4\u2033 _builder_version=\u201d4.27.4\u2033 _module_preset=\u201ddefault\u201d global_colors_info=\u201d{}\u201d theme_builder_area=\u201dpost_content\u201d][et_pb_blurb title=\u201dF\u00f6rderketten aus Stahlblech\u201d image=\u201dhttps:\/\/fmp-components.com\/wp-content\/uploads\/2025\/02\/conveyor-chains-of-steel-sheet.webp\u201d alt=\u201dF\u00f6rderketten aus Stahlblech\u201d _builder_version=\u201d4.27.4\u2033 _module_preset=\u201ddefault\u201d header_level=\u201dh3\u2033 header_font=\u201dFrank Ruhl Libre||||||||\u201d header_text_align=\u201dcenter\u201d header_font_size=\u201d18px\u201d global_colors_info=\u201d{}\u201d theme_builder_area=\u201dpost_content\u201d][\/et_pb_blurb][\/et_pb_column][et_pb_column type=\u201d1_4\u2033 _builder_version=\u201d4.27.4\u2033 _module_preset=\u201ddefault\u201d global_colors_info=\u201d{}\u201d theme_builder_area=\u201dpost_content\u201d][et_pb_blurb title=\u201dHebekette f\u00fcr Stahlbarren\u201d image=\u201dhttps:\/\/fmp-components.com\/wp-content\/uploads\/2025\/02\/lifting-chain1.webp\u201d alt=\u201dHebekette f\u00fcr Stahlbarren\u201d _builder_version=\u201d4.27.4\u2033 _module_preset=\u201ddefault\u201d header_level=\u201dh3\u2033 header_font=\u201dFrank Ruhl Libre||||||||\u201d header_text_align=\u201dcenter\u201d header_font_size=\u201d18px\u201d global_colors_info=\u201d{}\u201d theme_builder_area=\u201dpost_content\u201d][\/et_pb_blurb][\/et_pb_column][et_pb_column type=\u201d1_4\u2033 _builder_version=\u201d4.27.4\u2033 _module_preset=\u201ddefault\u201d global_colors_info=\u201d{}\u201d theme_builder_area=\u201dpost_content\u201d][et_pb_blurb title=\u201dK\u00fchlbettketten\u201d image=\u201dhttps:\/\/fmp-components.com\/wp-content\/uploads\/2025\/02\/cold-bed-chain.webp\u201d alt=\u201dK\u00fchlbettketten\u201d _builder_version=\u201d4.27.4\u2033 _module_preset=\u201ddefault\u201d header_level=\u201dh3\u2033 header_font=\u201dFrank Ruhl Libre||||||||\u201d header_text_align=\u201dcenter\u201d header_font_size=\u201d18px\u201d global_colors_info=\u201d{}\u201d theme_builder_area=\u201dpost_content\u201d][\/et_pb_blurb][\/et_pb_column][\/et_pb_row][et_pb_row column_structure=\u201d1_4,1_4,1_4,1_4\u2033 _builder_version=\u201d4.27.4\u2033 _module_preset=\u201ddefault\u201d global_colors_info=\u201d{}\u201d theme_builder_area=\u201dpost_content\u201d][et_pb_column type=\u201d1_4\u2033 _builder_version=\u201d4.27.4\u2033 _module_preset=\u201ddefault\u201d global_colors_info=\u201d{}\u201d theme_builder_area=\u201dpost_content\u201d][et_pb_blurb title=\u201dKette f\u00fcr Puncher\u201d image=\u201dhttps:\/\/fmp-components.com\/wp-content\/uploads\/2025\/02\/puncher-Chain1.webp\u201d alt=\u201dChain f\u00fcr Puncher\u201d _builder_version=\u201d4.27.4\u2033 _module_preset=\u201ddefault\u201d header_level=\u201dh3\u2033 header_font=\u201dFrank Ruhl Libre||||||||\u201d header_text_align=\u201dcenter\u201d header_font_size=\u201d18px\u201d global_colors_info=\u201d{}\u201d theme_builder_area=\u201dpost_content\u201d][\/et_pb_blurb][\/et_pb_column][et_pb_column type=\u201d1_4\u2033 _builder_version=\u201d4.27.4\u2033 _module_preset=\u201ddefault\u201d global_colors_info=\u201d{}\u201d theme_builder_area=\u201dpost_content\u201d][et_pb_blurb title=\u201dKettenf\u00f6rderketten\u201d image=\u201dhttps:\/\/fmp-components.com\/wp-content\/uploads\/2025\/02\/Chain-style-Roll-Conveyor-Chains1.webp\u201d alt=\u201dKettenf\u00f6rderketten\u201d _builder_version=\u201d4.27.4\u2033 _module_preset=\u201ddefault\u201d header_level=\u201dh3\u2033 header_font=\u201dFrank Ruhl Libre||||||||\u201d header_text_align=\u201dcenter\u201d header_font_size=\u201d18px\u201d global_colors_info=\u201d{}\u201d theme_builder_area=\u201dpost_content\u201d][\/et_pb_blurb][\/et_pb_column][et_pb_column type=\u201d1_4\u2033 _builder_version=\u201d4.27.4\u2033 _module_preset=\u201ddefault\u201d global_colors_info=\u201d{}\u201d theme_builder_area=\u201dpost_content\u201d][et_pb_blurb title=\u201dLufttrocknungsketten\u201d image=\u201dhttps:\/\/fmp-components.com\/wp-content\/uploads\/2025\/02\/Air-Drying-Chain.webp\u201d alt=\u201dLufttrocknungsketten\u201d _builder_version=\u201d4.27.4\u2033 _module_preset=\u201ddefault\u201d header_level=\u201dh3\u2033 header_font=\u201dFrank Ruhl Libre||||||||\u201d header_text_align=\u201dcenter\u201d header_font_size=\u201d18px\u201d global_colors_info=\u201d{}\u201d theme_builder_area=\u201dpost_content\u201d][\/et_pb_blurb][\/et_pb_column][et_pb_column type=\u201d1_4\u2033 _builder_version=\u201d4.27.4\u2033 _module_preset=\u201ddefault\u201d global_colors_info=\u201d{}\u201d theme_builder_area=\u201dpost_content\u201d][et_pb_blurb title=\u201dPainted Chains\u201d image=\u201dhttps:\/\/fmp-components.com\/wp-content\/uploads\/2025\/02\/Painted-Chains1.webp\u201d alt=\u201dPainted Chains\u201d _builder_version=\u201d4.27.4\u2033 _module_preset=\u201ddefault\u201d header_level=\u201dh3\u2033 header_font=\u201dFrank Ruhl Libre||||||||\u201d header_text_align=\u201dcenter\u201d header_font_size=\u201d18px\u201d global_colors_info=\u201d{}\u201d theme_builder_area=\u201dpost_content\u201d][\/et_pb_blurb][\/et_pb_column][\/et_pb_row][et_pb_row column_structure=\u201d1_4,1_4,1_4,1_4\u2033 _builder_version=\u201d4.27.4\u2033 _module_preset=\u201ddefault\u201d global_colors_info=\u201d{}\u201d theme_builder_area=\u201dpost_content\u201d][et_pb_column type=\u201d1_4\u2033 _builder_version=\u201d4.27.4\u2033 _module_preset=\u201ddefault\u201d global_colors_info=\u201d{}\u201d theme_builder_area=\u201dpost_content\u201d][et_pb_blurb title=\u201dLaden Ketten f\u00fcr die Metallurgie\u201d image=\u201dhttps:\/\/fmp-components.com\/wp-content\/uploads\/2025\/02\/Chain-style-Roll-Conveyor-Chains1.webp\u201d alt=\u201dKettenrollenf\u00f6rderketten\u201d _builder_version=\u201d4.27.4\u2033 _module_preset=\u201ddefault\u201d header_level=\u201dh3\u2033 header_font=\u201dFrank Ruhl Libre||||||||\u201d header_text_align=\u201dcenter\u201d header_font_size=\u201d18px\u201d global_colors_info=\u201d{}\u201d theme_builder_area=\u201dpost_content\u201d][\/et_pb_blurb][\/et_pb_column][et_pb_column type=\u201d1_4\u2033 _builder_version=\u201d4.27.4\u2033 _module_preset=\u201ddefault\u201d global_colors_info=\u201d{}\u201d theme_builder_area=\u201dpost_content\u201d][et_pb_blurb title=\u201dSchwerlast-Ladeketten mit gro\u00dfer Teilung\u201d image=\u201dhttps:\/\/fmp-components.com\/wp-content\/uploads\/2025\/02\/Large-pitch-Heavy-Duty-Loading-Chains.webp\u201d alt=\u201dSchwerlast-Ladeketten mit gro\u00dfer Teilung\u201d _builder_version=\u201d4.27.4\u2033 _module_preset=\u201ddefault\u201d header_level=\u201dh3\u2033 header_font=\u201dFrank Ruhl Libre||||||||\u201d header_text_align=\u201dcenter\u201d header_font_size=\u201d18px\u201d global_colors_info=\u201d{}\u201d theme_builder_area=\u201dpost_content\u201d][\/et_pb_blurb][\/et_pb_column][et_pb_column type=\u201d1_4\u2033 _builder_version=\u201d4.27.4\u2033 _module_preset=\u201ddefault\u201d global_colors_info=\u201d{}\u201d theme_builder_area=\u201dpost_content\u201d][\/et_pb_column][et_pb_column type=\u201d1_4\u2033 _builder_version=\u201d4.27.4\u2033 _module_preset=\u201ddefault\u201d global_colors_info=\u201d{}\u201d theme_builder_area=\u201dpost_content\u201d][\/et_pb_column][\/et_pb_row][\/et_pb_section]<\/p>","protected":false},"excerpt":{"rendered":"<p>ChainFMP ist ein f\u00fchrender Hersteller von Ketten f\u00fcr die Stahlindustrie, die speziell f\u00fcr die hohen Anforderungen anspruchsvoller Anwendungen entwickelt wurden. Unsere Ketten zeichnen sich durch hohe Festigkeit, Langlebigkeit und optimale Leistung in der Stahlproduktion aus. Wir bieten eine breite Palette an Standardmodellen sowie kundenspezifische L\u00f6sungen an.<\/p>","protected":false},"author":2,"featured_media":0,"parent":0,"menu_order":0,"comment_status":"closed","ping_status":"closed","template":"","meta":{"_et_pb_use_builder":"on","_et_pb_old_content":"","_et_gb_content_width":"","footnotes":""},"class_list":["post-5885","page","type-page","status-publish","hentry"],"_links":{"self":[{"href":"https:\/\/fmp-components.com\/de\/wp-json\/wp\/v2\/pages\/5885","targetHints":{"allow":["GET"]}}],"collection":[{"href":"https:\/\/fmp-components.com\/de\/wp-json\/wp\/v2\/pages"}],"about":[{"href":"https:\/\/fmp-components.com\/de\/wp-json\/wp\/v2\/types\/page"}],"author":[{"embeddable":true,"href":"https:\/\/fmp-components.com\/de\/wp-json\/wp\/v2\/users\/2"}],"replies":[{"embeddable":true,"href":"https:\/\/fmp-components.com\/de\/wp-json\/wp\/v2\/comments?post=5885"}],"version-history":[{"count":4,"href":"https:\/\/fmp-components.com\/de\/wp-json\/wp\/v2\/pages\/5885\/revisions"}],"predecessor-version":[{"id":5920,"href":"https:\/\/fmp-components.com\/de\/wp-json\/wp\/v2\/pages\/5885\/revisions\/5920"}],"wp:attachment":[{"href":"https:\/\/fmp-components.com\/de\/wp-json\/wp\/v2\/media?parent=5885"}],"curies":[{"name":"wp","href":"https:\/\/api.w.org\/{rel}","templated":true}]}}