{"id":5823,"date":"2025-02-24T07:58:06","date_gmt":"2025-02-24T07:58:06","guid":{"rendered":"https:\/\/fmp-components.com\/?page_id=8"},"modified":"2025-03-10T01:14:10","modified_gmt":"2025-03-10T01:14:10","slug":"plastic-chain","status":"publish","type":"page","link":"https:\/\/fmp-components.com\/de\/plastic-chain\/","title":{"rendered":"Kunststoffkette"},"content":{"rendered":"<p>[et_pb_section fb_built=&#8221;1&#8243; _builder_version=&#8221;4.27.4&#8243; _module_preset=&#8221;default&#8221; use_background_color_gradient=&#8221;on&#8221; background_color_gradient_stops=&#8221;rgba(0,0,0,0.45) 0%|rgba(0,0,0,0.54) 100%&#8221; background_color_gradient_overlays_image=&#8221;on&#8221; background_image=&#8221;https:\/\/fmp-components.com\/wp-content\/uploads\/2025\/02\/plastic-chain-banner.webp&#8221; min_height=&#8221;429px&#8221; global_colors_info=&#8221;{}&#8221;][et_pb_row _builder_version=&#8221;4.27.4&#8243; _module_preset=&#8221;default&#8221; global_colors_info=&#8221;{}&#8221;][et_pb_column type=&#8221;4_4&#8243; _builder_version=&#8221;4.27.4&#8243; _module_preset=&#8221;default&#8221; global_colors_info=&#8221;{}&#8221;][et_pb_text _builder_version=&#8221;4.27.4&#8243; _module_preset=&#8221;default&#8221; header_font=&#8221;Frank Ruhl Libre||||||||&#8221; header_text_color=&#8221;#FFFFFF&#8221; header_font_size=&#8221;70px&#8221; header_text_shadow_style=&#8221;preset1&#8243; global_colors_info=&#8221;{}&#8221;]<\/p>\n<h1 style=\"text-align: center;\">Kunststoffkette<\/h1>\n<p>[\/et_pb_text][et_pb_text _builder_version=\u201d4.27.4\u2033 _module_preset=\u201ddefault\u201d text_text_color=\u201d#FFFFFF\u201d text_font_size=\u201d16px\u201d text_line_height=\u201d1.8em\u201d global_colors_info=\u201d{}\u201d]<\/p>\n<p style=\"text-align: center;\">FMP fertigt eine gro\u00dfe Auswahl an Kunststoffketten und bietet ma\u00dfgeschneiderte L\u00f6sungen f\u00fcr unterschiedliche Branchenanforderungen. Wir bieten sowohl Standardprodukte als auch kundenspezifische Optionen f\u00fcr spezifische Anforderungen. Sollte das von Ihnen gesuchte Modell nicht in unserem Produktkatalog aufgef\u00fchrt sein, wurde es m\u00f6glicherweise noch nicht hochgeladen. Senden Sie uns gerne eine E-Mail mit Ihren spezifischen Modellanfragen. Unser Team hilft Ihnen gerne weiter.<\/p>\n<p>[\/et_pb_text][\/et_pb_column][\/et_pb_row][\/et_pb_section][et_pb_section fb_built=&#8221;1&#8243; _builder_version=&#8221;4.27.4&#8243; _module_preset=&#8221;default&#8221; global_colors_info=&#8221;{}&#8221;][et_pb_row _builder_version=&#8221;4.27.4&#8243; _module_preset=&#8221;default&#8221; global_colors_info=&#8221;{}&#8221;][et_pb_column type=&#8221;4_4&#8243; _builder_version=&#8221;4.27.4&#8243; _module_preset=&#8221;default&#8221; global_colors_info=&#8221;{}&#8221;][et_pb_text _builder_version=&#8221;4.27.4&#8243; _module_preset=&#8221;default&#8221; header_2_font=&#8221;Frank Ruhl Libre||||||||&#8221; header_2_font_size=&#8221;35px&#8221; hover_enabled=&#8221;0&#8243; global_colors_info=&#8221;{}&#8221; sticky_enabled=&#8221;0&#8243;]<\/p>\n<h2 style=\"text-align: center;\">Kunststoffkette<\/h2>\n<p>[\/et_pb_text][\/et_pb_column][\/et_pb_row][et_pb_row column_structure=&#8221;1_3,1_3,1_3&#8243; _builder_version=&#8221;4.27.4&#8243; _module_preset=&#8221;default&#8221; global_colors_info=&#8221;{}&#8221;][et_pb_column type=&#8221;1_3&#8243; _builder_version=&#8221;4.27.4&#8243; _module_preset=&#8221;default&#8221; global_colors_info=&#8221;{}&#8221;][et_pb_blurb title=&#8221;Plastic Flat Top Chains&#8221; image=&#8221;https:\/\/fmp-components.com\/wp-content\/uploads\/2025\/02\/Plastic-Flat-Top-Chains-1.webp&#8221; alt=&#8221;Plastic-Flat-Top-Chains&#8221; _builder_version=&#8221;4.27.4&#8243; _module_preset=&#8221;default&#8221; header_level=&#8221;h3&#8243; header_font=&#8221;Frank Ruhl Libre||||||||&#8221; header_text_align=&#8221;center&#8221; global_colors_info=&#8221;{}&#8221;][\/et_pb_blurb][\/et_pb_column][et_pb_column type=&#8221;1_3&#8243; _builder_version=&#8221;4.27.4&#8243; _module_preset=&#8221;default&#8221; global_colors_info=&#8221;{}&#8221;][et_pb_blurb title=&#8221;Plastic Flexible Chains&#8221; image=&#8221;https:\/\/fmp-components.com\/wp-content\/uploads\/2025\/02\/plastic-Flexible-Chains.webp&#8221; alt=&#8221;plastic-Flexible-Chains&#8221; _builder_version=&#8221;4.27.4&#8243; _module_preset=&#8221;default&#8221; header_level=&#8221;h3&#8243; header_font=&#8221;Frank Ruhl Libre||||||||&#8221; header_text_align=&#8221;center&#8221; global_colors_info=&#8221;{}&#8221;][\/et_pb_blurb][\/et_pb_column][et_pb_column type=&#8221;1_3&#8243; _builder_version=&#8221;4.27.4&#8243; _module_preset=&#8221;default&#8221; global_colors_info=&#8221;{}&#8221;][et_pb_blurb title=&#8221;Plastic Case Conveyor Chains&#8221; image=&#8221;https:\/\/fmp-components.com\/wp-content\/uploads\/2025\/02\/plastic-Case-Conveyor-Chain.webp&#8221; alt=&#8221;Plastic Case Conveyor Chains&#8221; _builder_version=&#8221;4.27.4&#8243; _module_preset=&#8221;default&#8221; header_level=&#8221;h3&#8243; header_font=&#8221;Frank Ruhl Libre||||||||&#8221; header_text_align=&#8221;center&#8221; global_colors_info=&#8221;{}&#8221;][\/et_pb_blurb][\/et_pb_column][\/et_pb_row][et_pb_row column_structure=&#8221;1_3,1_3,1_3&#8243; _builder_version=&#8221;4.27.4&#8243; _module_preset=&#8221;default&#8221; global_colors_info=&#8221;{}&#8221;][et_pb_column type=&#8221;1_3&#8243; _builder_version=&#8221;4.27.4&#8243; _module_preset=&#8221;default&#8221; global_colors_info=&#8221;{}&#8221;][et_pb_blurb title=&#8221;Plastic Multiflex Chains&#8221; image=&#8221;https:\/\/fmp-components.com\/wp-content\/uploads\/2025\/02\/plastic-Multiflex-Chain.webp&#8221; alt=&#8221;Plastic Multiflex Chains&#8221; _builder_version=&#8221;4.27.4&#8243; _module_preset=&#8221;default&#8221; header_level=&#8221;h3&#8243; header_font=&#8221;Frank Ruhl Libre||||||||&#8221; header_text_align=&#8221;center&#8221; global_colors_info=&#8221;{}&#8221;][\/et_pb_blurb][\/et_pb_column][et_pb_column type=&#8221;1_3&#8243; _builder_version=&#8221;4.27.4&#8243; _module_preset=&#8221;default&#8221; global_colors_info=&#8221;{}&#8221;][et_pb_blurb title=&#8221;Plastic Special Chains&#8221; image=&#8221;https:\/\/fmp-components.com\/wp-content\/uploads\/2025\/02\/plastic-special-chain.webp&#8221; alt=&#8221;Plastic Special Chains&#8221; _builder_version=&#8221;4.27.4&#8243; _module_preset=&#8221;default&#8221; header_level=&#8221;h3&#8243; header_font=&#8221;Frank Ruhl Libre||||||||&#8221; header_text_align=&#8221;center&#8221; global_colors_info=&#8221;{}&#8221;][\/et_pb_blurb][\/et_pb_column][et_pb_column type=&#8221;1_3&#8243; _builder_version=&#8221;4.27.4&#8243; _module_preset=&#8221;default&#8221; global_colors_info=&#8221;{}&#8221;][et_pb_blurb title=&#8221;Plastic Modular Belts&#8221; image=&#8221;https:\/\/fmp-components.com\/wp-content\/uploads\/2025\/02\/Plastic-Modular-Belts.webp&#8221; alt=&#8221;Plastic Modular Belts&#8221; _builder_version=&#8221;4.27.4&#8243; _module_preset=&#8221;default&#8221; header_level=&#8221;h3&#8243; header_font=&#8221;Frank Ruhl Libre||||||||&#8221; header_text_align=&#8221;center&#8221; global_colors_info=&#8221;{}&#8221;][\/et_pb_blurb][\/et_pb_column][\/et_pb_row][\/et_pb_section][et_pb_section fb_built=&#8221;1&#8243; _builder_version=&#8221;4.27.4&#8243; _module_preset=&#8221;default&#8221; use_background_color_gradient=&#8221;on&#8221; background_color_gradient_stops=&#8221;rgba(0,0,0,0.26) 0%|rgba(0,0,0,0.22) 100%&#8221; background_color_gradient_overlays_image=&#8221;on&#8221; background_image=&#8221;https:\/\/fmp-components.com\/wp-content\/uploads\/2025\/02\/plastic-Chain-1.webp&#8221; global_colors_info=&#8221;{}&#8221;][et_pb_row _builder_version=&#8221;4.27.4&#8243; _module_preset=&#8221;default&#8221; global_colors_info=&#8221;{}&#8221;][et_pb_column type=&#8221;4_4&#8243; _builder_version=&#8221;4.27.4&#8243; _module_preset=&#8221;default&#8221; global_colors_info=&#8221;{}&#8221;][et_pb_text _builder_version=&#8221;4.27.4&#8243; _module_preset=&#8221;default&#8221; header_2_font=&#8221;Frank Ruhl Libre||||||||&#8221; header_2_text_color=&#8221;#FFFFFF&#8221; header_2_font_size=&#8221;45px&#8221; global_colors_info=&#8221;{}&#8221;]<\/p>\n<h2>Hersteller von Kunststoffketten<\/h2>\n<p>[\/et_pb_text][et_pb_text _builder_version=\u201d4.27.4\u2033 _module_preset=\u201ddefault\u201d text_text_color=\u201d#FFFFFF\u201d text_font_size=\u201d16px\u201d text_line_height=\u201d1.8em\u201d global_colors_info=\u201d{}\u201d]<\/p>\n<p>FMP ist ein f\u00fchrender Hersteller von Kunststoffketten, die sich hervorragend f\u00fcr die Kraft\u00fcbertragung bei geringer Leistung eignen. Diese Kunststoff-Rollenketten sind im Vergleich zu herk\u00f6mmlichen Metallketten eine leichte, robuste und kosteng\u00fcnstige Alternative.<\/p>\n<p>Unsere Kunststoffketten eignen sich hervorragend f\u00fcr F\u00f6rdersysteme, auch in der Lebensmittelverarbeitung. Sie bestehen aus Materialien wie Acetal, Nylon, Polyamid und Polypropylen und sind daher verschlei\u00dffest, chemikalienbest\u00e4ndig und temperaturbest\u00e4ndig, sodass sie lange halten. Nylon ist eine beliebte Wahl, da es sich nicht dehnt und sicher mit den Kettenr\u00e4dern verbunden bleibt.<\/p>\n<p>F\u00fcr h\u00e4rtere Eins\u00e4tze bieten wir auch besonders langlebige Hochleistungs-Kunststoffketten aus Acetal an. Unsere Kunststoffketten lassen sich zudem einfach und ohne Spezialwerkzeug montieren und demontieren und ben\u00f6tigen keine zus\u00e4tzlichen Verbindungsglieder.<\/p>\n<p>Die Kunststoff-Rollenketten von FMP sind in den ANSI-Gr\u00f6\u00dfen #25, #35 und #40 erh\u00e4ltlich. Sie werden in 3-Meter-Kartons verkauft, wir fertigen aber auch Sonderl\u00e4ngen und -gr\u00f6\u00dfen an. Die Ketten werden aus verschiedenen Materialien gefertigt und eignen sich f\u00fcr alle Einsatzzwecke.<\/p>\n<p><strong>Warum FMP w\u00e4hlen?<\/strong><\/p>\n<ul>\n<li><strong>Qualit\u00e4t<\/strong>: Jedes Produkt wird sorgf\u00e4ltig gepr\u00fcft, um sicherzustellen, dass es robust ist und gut funktioniert.<\/li>\n<li><strong>Hergestellt in Italien<\/strong>: Unsere Ketten werden in Italien hergestellt, einem Land, das f\u00fcr die Herstellung hochwertiger Produkte bekannt ist.<\/li>\n<\/ul>\n<p>Egal, ob Sie eine Standardkette oder etwas Besonderes ben\u00f6tigen, FMP hilft Ihnen mit zuverl\u00e4ssigen, erschwinglichen Kunststoffkettenl\u00f6sungen.<\/p>\n<p>[\/et_pb_text][\/et_pb_column][\/et_pb_row][\/et_pb_section]<\/p>","protected":false},"excerpt":{"rendered":"<p>Plastic ChainFMP manufactures a wide variety of Plastic Chains, offering solutions tailored to meet diverse industry needs. We provide standard products as well as customized options to suit specific requirements. If the model you are looking for is not listed in our product catalog, it may not have been uploaded yet. Please feel free to [&hellip;]<\/p>","protected":false},"author":2,"featured_media":0,"parent":0,"menu_order":0,"comment_status":"closed","ping_status":"closed","template":"","meta":{"_et_pb_use_builder":"on","_et_pb_old_content":"","_et_gb_content_width":"","footnotes":""},"class_list":["post-5823","page","type-page","status-publish","hentry"],"_links":{"self":[{"href":"https:\/\/fmp-components.com\/de\/wp-json\/wp\/v2\/pages\/5823","targetHints":{"allow":["GET"]}}],"collection":[{"href":"https:\/\/fmp-components.com\/de\/wp-json\/wp\/v2\/pages"}],"about":[{"href":"https:\/\/fmp-components.com\/de\/wp-json\/wp\/v2\/types\/page"}],"author":[{"embeddable":true,"href":"https:\/\/fmp-components.com\/de\/wp-json\/wp\/v2\/users\/2"}],"replies":[{"embeddable":true,"href":"https:\/\/fmp-components.com\/de\/wp-json\/wp\/v2\/comments?post=5823"}],"version-history":[{"count":5,"href":"https:\/\/fmp-components.com\/de\/wp-json\/wp\/v2\/pages\/5823\/revisions"}],"predecessor-version":[{"id":6357,"href":"https:\/\/fmp-components.com\/de\/wp-json\/wp\/v2\/pages\/5823\/revisions\/6357"}],"wp:attachment":[{"href":"https:\/\/fmp-components.com\/de\/wp-json\/wp\/v2\/media?parent=5823"}],"curies":[{"name":"wp","href":"https:\/\/api.w.org\/{rel}","templated":true}]}}