{"id":5609,"date":"2025-02-24T07:06:46","date_gmt":"2025-02-24T07:06:46","guid":{"rendered":"https:\/\/fmp-components.com\/?page_id=8"},"modified":"2025-06-05T01:41:54","modified_gmt":"2025-06-05T01:41:54","slug":"worm-gearbox","status":"publish","type":"page","link":"https:\/\/fmp-components.com\/de\/worm-gearbox\/","title":{"rendered":"Schneckengetriebe"},"content":{"rendered":"<p>[et_pb_section fb_built=\u201d1\u2033 _builder_version=\u201d4.27.4\u2033 _module_preset=\u201ddefault\u201d use_background_color_gradient=\u201don\u201d background_color_gradient_stops=\u201drgba(0,0,0,0.34) 0%|rgba(0,0,0,0.25) 100%\u201d background_color_gradient_overlays_image=\u201don\u201d background_image=\u201dhttps:\/\/fmp-components.com\/wp-content\/uploads\/2025\/02\/worm-gearbox-banner-1.webp\u201d min_height=\u201d513px\u201d global_colors_info=\u201d{}\u201d][et_pb_row _builder_version=\u201d4.27.4\u2033 _module_preset=\u201ddefault\u201d custom_padding=\u201d100px||||false|false\u201d global_colors_info=\u201d{}\u201d][et_pb_column type=\u201d4_4\u2033 _builder_version=\u201d4.27.4\u2033 _module_preset=\u201ddefault\u201d global_colors_info=\u201d{}\u201d][et_pb_text _builder_version=\u201d4.27.4\u2033 _module_preset=\u201ddefault\u201d header_font=\u201dFrank Ruhl Libre||||||||\u201d header_text_align=\u201dcenter\u201d header_text_color=\u201d#FFFFFF\u201d header_font_size=\u201d70px\u201d header_text_shadow_style=\u201dpreset1\u2033 global_colors_info=\u201d{}\u201d]<\/p>\n<h1>Schneckengetriebe<\/h1>\n<p>[\/et_pb_text][et_pb_text _builder_version=\u201d4.27.4\u2033 _module_preset=\u201ddefault\u201d text_text_color=\u201d#FFFFFF\u201d text_font_size=\u201d16px\u201d text_line_height=\u201d1.8em\u201d global_colors_info=\u201d{}\u201d]<\/p>\n<p style=\"text-align: center;\">Wir bei FMP Company sind auf die Herstellung einer breiten Palette von Schneckengetrieben f\u00fcr vielf\u00e4ltige industrielle Anforderungen spezialisiert. Wir bieten auch individuelle Anpassungen an, um sicherzustellen, dass Sie die passende L\u00f6sung f\u00fcr Ihre Anwendung erhalten. Sollten Sie das gew\u00fcnschte Modell nicht in unserer Produktliste finden, bedeutet das, dass wir es noch nicht hochgeladen haben. Fragen Sie uns gerne per E-Mail nach dem gew\u00fcnschten Modell. Wir helfen Ihnen gerne weiter!<\/p>\n<p>[\/et_pb_text][\/et_pb_column][\/et_pb_row][\/et_pb_section][et_pb_section fb_built=\u201d1\u2033 _builder_version=\u201d4.27.4\u2033 _module_preset=\u201ddefault\u201d global_colors_info=\u201d{}\u201d][et_pb_row _builder_version=\u201d4.27.4\u2033 _module_preset=\u201ddefault\u201d global_colors_info=\u201d{}\u201d][et_pb_column type=\u201d4_4\u2033 _builder_version=\u201d4.27.4\u2033 _module_preset=\u201ddefault\u201d global_colors_info=\u201d{}\u201d][et_pb_text _builder_version=\u201d4.27.4\u2033 _module_preset=\u201ddefault\u201d header_2_font=\u201dFrank Ruhl Libre||||||||\u201d header_2_text_align=\u201dcenter\u201d header_2_font_size=\u201d40px\u201d global_colors_info=\u201d{}\u201d]<\/p>\n<h2>Arten von Schneckengetrieben<\/h2>\n<p>[\/et_pb_text][\/et_pb_column][\/et_pb_row][et_pb_row column_structure=\u201d1_3,1_3,1_3\u2033 _builder_version=\u201d4.27.4\u2033 _module_preset=\u201ddefault\u201d global_colors_info=\u201d{}\u201d][et_pb_column type=\u201d1_3\u2033 _builder_version=\u201d4.27.4\u2033 _module_preset=\u201ddefault\u201d global_colors_info=\u201d{}\u201d][et_pb_image src=\u201dhttps:\/\/fmp-components.com\/wp-content\/uploads\/2025\/02\/rv-series-aluminum-worm-gearbox.webp\u201d alt=\u201drv-series-aluminum-worm-gearbox\u201d title_text=\u201drv-series-aluminum-worm-gearbox\u201d _builder_version=\u201d4.27.4\u2033 _module_preset=\u201ddefault\u201d box_shadow_style=\u201dpreset1\u2033 global_colors_info=\u201d{}\u201d][\/et_pb_image][et_pb_text _builder_version=\u201d4.27.4\u2033 _module_preset=\u201ddefault\u201d header_3_font=\u201dFrank Ruhl Libre||||||||\u201d header_3_font_size=\u201d18px\u201d global_colors_info=\u201d{}\u201d]<\/p>\n<h3>Aluminium-Schneckengetriebe der RV-Serie<\/h3>\n<p>[\/et_pb_text][\/et_pb_column][et_pb_column type=\u201d1_3\u2033 _builder_version=\u201d4.27.4\u2033 _module_preset=\u201ddefault\u201d global_colors_info=\u201d{}\u201d][et_pb_image src=\u201dhttps:\/\/fmp-components.com\/wp-content\/uploads\/2025\/02\/wp-series-worm-gearbox.webp\u201d alt=\u201dwp-series-worm-gearbox\u201d title_text=\u201dwp-series-worm-gearbox\u201d url=\u201dhttps:\/\/fmp-components.com\/en\/wp-series-worm-gearbox-2\u2033 url_new_window=\u201don\u201d _builder_version=\u201d4.27.4\u2033 _module_preset=\u201ddefault\u201d box_shadow_style=\u201dpreset1\u2033 global_colors_info=\u201d{}\u201d][\/et_pb_image][et_pb_text _builder_version=\u201d4.27.4\u2033 _module_preset=\u201ddefault\u201d header_3_font=\u201dFrank Ruhl Libre||||||||\u201d header_3_font_size=\u201d18px\u201d link_option_url=\u201dhttps:\/\/fmp-components.com\/en\/wp-series-worm-gearbox-2\u2033 link_option_url_new_window=\u201don\u201d global_colors_info=\u201d{}\u201d]<\/p>\n<h3>Schneckengetriebe aus Gusseisen der WP-Serie<\/h3>\n<p>[\/et_pb_text][\/et_pb_column][et_pb_column type=\u201d1_3\u2033 _builder_version=\u201d4.27.4\u2033 _module_preset=\u201ddefault\u201d global_colors_info=\u201d{}\u201d][et_pb_image src=\u201dhttps:\/\/fmp-components.com\/wp-content\/uploads\/2025\/02\/stainless-steel-worm-gearbox.webp\u201d alt=\u201dEdelstahl-Schneckengetriebe\u201d title_text=\u201dEdelstahl-Schneckengetriebe\u201d _builder_version=\u201d4.27.4\u2033 _module_preset=\u201ddefault\u201d box_shadow_style=\u201dpreset1\u2033 global_colors_info=\u201d{}\u201d][\/et_pb_image][et_pb_text _builder_version=\u201d4.27.4\u2033 _module_preset=\u201ddefault\u201d header_3_font=\u201dFrank Ruhl Libre||||||||\u201d header_3_font_size=\u201d18px\u201d global_colors_info=\u201d{}\u201d]<\/p>\n<h3 style=\"text-align: center;\">Schneckengetriebe aus Edelstahl<\/h3>\n<p>[\/et_pb_text][\/et_pb_column][\/et_pb_row][et_pb_row column_structure=\u201d1_3,1_3,1_3\u2033 _builder_version=\u201d4.27.4\u2033 _module_preset=\u201ddefault\u201d global_colors_info=\u201d{}\u201d][et_pb_column type=\u201d1_3\u2033 _builder_version=\u201d4.27.4\u2033 _module_preset=\u201ddefault\u201d global_colors_info=\u201d{}\u201d][et_pb_image src=\u201dhttps:\/\/fmp-components.com\/wp-content\/uploads\/2025\/04\/greenhouse-gearbox-product.webp\u201d alt=\u201dgreenhouse-gearbox-product\u201d title_text=\u201dgreenhouse-gearbox-product\u201d url=\u201d@ET-DC@eyJkeW5hbWljIjp0cnVlLCJjb250ZW50IjoicG9zdF9saW5rX3VybF9wcm9kdWN0Iiwic2V0dGluZ3MiOnsicG9zdF9pZCI6Ijc5NDEifX0=@\u201d url_new_window=\u201don\u201d _builder_version=\u201d4.27.4\u2033 _dynamic_attributes=\u201durl\u201d _module_preset=\u201ddefault\u201d box_shadow_style=\u201dpreset1\u2033 global_colors_info=\u201d{}\u201d][\/et_pb_image][et_pb_text _builder_version=\u201d4.27.4\u2033 _dynamic_attributes=\u201dlink_option_url\u201d _module_preset=\u201ddefault\u201d header_3_font=\u201dFrank Ruhl Libre||||||||\u201d header_3_font_size=\u201d18px\u201d link_option_url=\u201d@ET-DC@eyJkeW5hbWljIjp0cnVlLCJjb250ZW50IjoicG9zdF9saW5rX3VybF9wcm9kdWN0Iiwic2V0dGluZ3MiOnsicG9zdF9pZCI6Ijc5NDEifX0=@\u201d link_option_url_new_window=\u201don\u201d global_colors_info=\u201d{}\u201d]<\/p>\n<h3>Spezielle Schneckenreduzierer f\u00fcr Gew\u00e4chsh\u00e4user<\/h3>\n<p>[\/et_pb_text][\/et_pb_column][et_pb_column type=\u201d1_3\u2033 _builder_version=\u201d4.27.4\u2033 _module_preset=\u201ddefault\u201d global_colors_info=\u201d{}\u201d][et_pb_image src=\u201dhttps:\/\/fmp-components.com\/wp-content\/uploads\/2025\/02\/DC-Small-Size-Geared-Motor.webp\u201d alt=\u201dDC-Small-Size-Geared-Motor\u201d title_text=\u201dDC-Small-Size-Geared-Motor\u201d _builder_version=\u201d4.27.4\u2033 _module_preset=\u201ddefault\u201d box_shadow_style=\u201dpreset1\u2033 global_colors_info=\u201d{}\u201d][\/et_pb_image][et_pb_text _builder_version=\u201d4.27.4\u2033 _module_preset=\u201ddefault\u201d header_3_font=\u201dFrank Ruhl Libre||||||||\u201d header_3_font_size=\u201d18px\u201d global_colors_info=\u201d{}\u201d]<\/p>\n<h3>Kleiner Gleichstrom-Getriebemotor<\/h3>\n<p>[\/et_pb_text][\/et_pb_column][et_pb_column type=\u201d1_3\u2033 _builder_version=\u201d4.27.4\u2033 _module_preset=\u201ddefault\u201d global_colors_info=\u201d{}\u201d][\/et_pb_column][\/et_pb_row][\/et_pb_section][et_pb_section fb_built=\u201d1\u2033 _builder_version=\u201d4.27.4\u2033 _module_preset=\u201ddefault\u201d global_colors_info=\u201d{}\u201d][et_pb_row _builder_version=\u201d4.27.4\u2033 _module_preset=\u201ddefault\u201d global_colors_info=\u201d{}\u201d][et_pb_column type=\u201d4_4\u2033 _builder_version=\u201d4.27.4\u2033 _module_preset=\u201ddefault\u201d global_colors_info=\u201d{}\u201d][et_pb_text _builder_version=\u201d4.27.4\u2033 _module_preset=\u201ddefault\u201d header_2_font=\u201dFrank Ruhl Libre||||||||\u201d header_2_font_size=\u201d40px\u201d global_colors_info=\u201d{}\u201d]<\/p>\n<h2 style=\"text-align: center;\">Anwendungsbereiche<\/h2>\n<p>[\/et_pb_text][\/et_pb_column][\/et_pb_row][et_pb_row column_structure=\u201d1_4,1_4,1_4,1_4\u2033 use_custom_gutter=\u201don\u201d gutter_width=\u201d2\u2033 _builder_version=\u201d4.27.4\u2033 _module_preset=\u201ddefault\u201d width=\u201d100%\u201d max_width=\u201d1200px\u201d global_colors_info=\u201d{}\u201d][et_pb_column type=\u201d1_4\u2033 _builder_version=\u201d4.27.4\u2033 _module_preset=\u201ddefault\u201d global_colors_info=\u201d{}\u201d][et_pb_text _builder_version=\u201d4.27.4\u2033 _module_preset=\u201ddefault\u201d header_3_font=\u201dFrank Ruhl Libre||||||||\u201d header_3_text_color=\u201d#FFFFFF\u201d header_3_font_size=\u201d30px\u201d background_image=\u201dhttps:\/\/fmp-components.com\/wp-content\/uploads\/2025\/02\/Mixing-Industry.webp\u201d min_height=\u201d162.8px\u201d global_colors_info=\u201d{}\u201d background__hover_enabled=\u201don|hover\u201d background_color__hover=\u201drgba(193,135,0,0.41)\u201d background_enable_color__hover=\u201don\u201d content__hover_enabled=\u201don|hover\u201d content__hover=\u201d<\/p>\n<h3 style=\"%22text-align:\" center;%22>Mischindustrie<\/h3>\n<p>\u201c][\/et_pb_text][et_pb_text _builder_version=\u201d4.27.4\u2033 _module_preset=\u201ddefault\u201d header_3_font=\u201dFrank Ruhl Libre||||||||\u201d global_colors_info=\u201d{}\u201d]<\/p>\n<h3 style=\"text-align: center;\">Mischindustrie<\/h3>\n<p>[\/et_pb_text][\/et_pb_column][et_pb_column type=\u201d1_4\u2033 _builder_version=\u201d4.27.4\u2033 _module_preset=\u201ddefault\u201d global_colors_info=\u201d{}\u201d][et_pb_text _builder_version=\u201d4.27.4\u2033 _module_preset=\u201ddefault\u201d header_3_font=\u201dFrank Ruhl Libre||||||||\u201d header_3_text_color=\u201d#FFFFFF\u201d header_3_font_size=\u201d30px\u201d background_image=\u201dhttps:\/\/fmp-components.com\/wp-content\/uploads\/2025\/02\/Grain-Machinery-Industry.webp\u201d min_height=\u201d162.8px\u201d global_colors_info=\u201d{}\u201d background__hover_enabled=\u201don|hover\u201d background_color__hover=\u201drgba(193,135,0,0.41)\u201d background_enable_color__hover=\u201don\u201d content__hover_enabled=\u201don|hover\u201d content__hover=\u201d<\/p>\n<h3 style=\"%22text-align:\" center;%22>Mischindustrie<\/h3>\n<p>\u201c][\/et_pb_text][et_pb_text _builder_version=\u201d4.27.4\u2033 _module_preset=\u201ddefault\u201d header_3_font=\u201dFrank Ruhl Libre||||||||\u201d global_colors_info=\u201d{}\u201d]<\/p>\n<h3 style=\"text-align: center;\">Getreidemaschinenindustrie<\/h3>\n<p>[\/et_pb_text][\/et_pb_column][et_pb_column type=\u201d1_4\u2033 _builder_version=\u201d4.27.4\u2033 _module_preset=\u201ddefault\u201d global_colors_info=\u201d{}\u201d][et_pb_text _builder_version=\u201d4.27.4\u2033 _module_preset=\u201ddefault\u201d header_3_font=\u201dFrank Ruhl Libre||||||||\u201d header_3_text_color=\u201d#FFFFFF\u201d header_3_font_size=\u201d30px\u201d background_image=\u201dhttps:\/\/fmp-components.com\/wp-content\/uploads\/2025\/02\/Chemical-Reactor-Industry.webp\u201d min_height=\u201d162.8px\u201d global_colors_info=\u201d{}\u201d background__hover_enabled=\u201don|hover\u201d background_color__hover=\u201drgba(193,135,0,0.41)\u201d background_enable_color__hover=\u201don\u201d content__hover_enabled=\u201don|hover\u201d content__hover=\u201d<\/p>\n<h3 style=\"%22text-align:\" center;%22>Mischindustrie<\/h3>\n<p>\u201c][\/et_pb_text][et_pb_text _builder_version=\u201d4.27.4\u2033 _module_preset=\u201ddefault\u201d header_3_font=\u201dFrank Ruhl Libre||||||||\u201d global_colors_info=\u201d{}\u201d]<\/p>\n<h3 style=\"text-align: center;\">Chemische Reaktorindustrie<\/h3>\n<p>[\/et_pb_text][\/et_pb_column][et_pb_column type=\u201d1_4\u2033 _builder_version=\u201d4.27.4\u2033 _module_preset=\u201ddefault\u201d global_colors_info=\u201d{}\u201d][et_pb_text _builder_version=\u201d4.27.4\u2033 _module_preset=\u201ddefault\u201d header_3_font=\u201dFrank Ruhl Libre||||||||\u201d header_3_text_color=\u201d#FFFFFF\u201d header_3_font_size=\u201d30px\u201d background_image=\u201dhttps:\/\/fmp-components.com\/wp-content\/uploads\/2025\/02\/Metallurgical-Machinery.webp\u201d min_height=\u201d162.8px\u201d global_colors_info=\u201d{}\u201d background__hover_enabled=\u201don|hover\u201d background_color__hover=\u201drgba(193,135,0,0.41)\u201d background_enable_color__hover=\u201don\u201d content__hover_enabled=\u201don|hover\u201d content__hover=\u201d<\/p>\n<h3 style=\"%22text-align:\" center;%22>Mischindustrie<\/h3>\n<p>\u201c][\/et_pb_text][et_pb_text _builder_version=\u201d4.27.4\u2033 _module_preset=\u201ddefault\u201d header_3_font=\u201dFrank Ruhl Libre||||||||\u201d global_colors_info=\u201d{}\u201d]<\/p>\n<h3 style=\"text-align: center;\">Metallurgische Maschinen<\/h3>\n<p>[\/et_pb_text][\/et_pb_column][\/et_pb_row][et_pb_row column_structure=\u201d1_4,1_4,1_4,1_4\u2033 use_custom_gutter=\u201don\u201d gutter_width=\u201d2\u2033 _builder_version=\u201d4.27.4\u2033 _module_preset=\u201ddefault\u201d width=\u201d100%\u201d max_width=\u201d1200px\u201d global_colors_info=\u201d{}\u201d][et_pb_column type=\u201d1_4\u2033 _builder_version=\u201d4.27.4\u2033 _module_preset=\u201ddefault\u201d global_colors_info=\u201d{}\u201d][et_pb_text _builder_version=\u201d4.27.4\u2033 _module_preset=\u201ddefault\u201d header_3_font=\u201dFrank Ruhl Libre||||||||\u201d header_3_text_color=\u201d#FFFFFF\u201d header_3_font_size=\u201d30px\u201d background_image=\u201dhttps:\/\/fmp-components.com\/wp-content\/uploads\/2025\/02\/Gas-Filling-Industry.webp\u201d min_height=\u201d162.8px\u201d global_colors_info=\u201d{}\u201d background__hover_enabled=\u201don|hover\u201d background_color__hover=\u201drgba(193,135,0,0.41)\u201d background_enable_color__hover=\u201don\u201d content__hover_enabled=\u201don|hover\u201d content__hover=\u201d<\/p>\n<h3 style=\"%22text-align:\" center;%22>Mischindustrie<\/h3>\n<p>\u201c][\/et_pb_text][et_pb_text _builder_version=\u201d4.27.4\u2033 _module_preset=\u201ddefault\u201d header_3_font=\u201dFrank Ruhl Libre||||||||\u201d global_colors_info=\u201d{}\u201d]<\/p>\n<h3 style=\"text-align: center;\">Gasabf\u00fcllindustrie<\/h3>\n<p>[\/et_pb_text][\/et_pb_column][et_pb_column type=\u201d1_4\u2033 _builder_version=\u201d4.27.4\u2033 _module_preset=\u201ddefault\u201d global_colors_info=\u201d{}\u201d][et_pb_text _builder_version=\u201d4.27.4\u2033 _module_preset=\u201ddefault\u201d header_3_font=\u201dFrank Ruhl Libre||||||||\u201d header_3_text_color=\u201d#FFFFFF\u201d header_3_font_size=\u201d30px\u201d background_image=\u201dhttps:\/\/fmp-components.com\/wp-content\/uploads\/2025\/02\/Textile-Printing-And-Dyeing.webp\u201d min_height=\u201d162.8px\u201d global_colors_info=\u201d{}\u201d background__hover_enabled=\u201don|hover\u201d background_color__hover=\u201drgba(193,135,0,0.41)\u201d background_enable_color__hover=\u201don\u201d content__hover_enabled=\u201don|hover\u201d content__hover=\u201d<\/p>\n<h3 style=\"%22text-align:\" center;%22>Mischindustrie<\/h3>\n<p>\u201c][\/et_pb_text][et_pb_text _builder_version=\u201d4.27.4\u2033 _module_preset=\u201ddefault\u201d header_3_font=\u201dFrank Ruhl Libre||||||||\u201d global_colors_info=\u201d{}\u201d]<\/p>\n<h3 style=\"text-align: center;\">Textildruck und -f\u00e4rbung<\/h3>\n<p>[\/et_pb_text][\/et_pb_column][et_pb_column type=\u201d1_4\u2033 _builder_version=\u201d4.27.4\u2033 _module_preset=\u201ddefault\u201d global_colors_info=\u201d{}\u201d][et_pb_text _builder_version=\u201d4.27.4\u2033 _module_preset=\u201ddefault\u201d header_3_font=\u201dFrank Ruhl Libre||||||||\u201d header_3_text_color=\u201d#FFFFFF\u201d header_3_font_size=\u201d30px\u201d background_image=\u201dhttps:\/\/fmp-components.com\/wp-content\/uploads\/2025\/02\/Rubber-and-plastic-industry.webp\u201d min_height=\u201d162.8px\u201d global_colors_info=\u201d{}\u201d background__hover_enabled=\u201don|hover\u201d background_color__hover=\u201drgba(193,135,0,0.41)\u201d background_enable_color__hover=\u201don\u201d content__hover_enabled=\u201don|hover\u201d content__hover=\u201d<\/p>\n<h3 style=\"%22text-align:\" center;%22>Mischindustrie<\/h3>\n<p>\u201c][\/et_pb_text][et_pb_text _builder_version=\u201d4.27.4\u2033 _module_preset=\u201ddefault\u201d header_3_font=\u201dFrank Ruhl Libre||||||||\u201d global_colors_info=\u201d{}\u201d]<\/p>\n<h3 style=\"text-align: center;\">Gummi- und Kunststoffindustrie<\/h3>\n<p>[\/et_pb_text][\/et_pb_column][et_pb_column type=\u201d1_4\u2033 _builder_version=\u201d4.27.4\u2033 _module_preset=\u201ddefault\u201d global_colors_info=\u201d{}\u201d][et_pb_text _builder_version=\u201d4.27.4\u2033 _module_preset=\u201ddefault\u201d header_3_font=\u201dFrank Ruhl Libre||||||||\u201d header_3_text_color=\u201d#FFFFFF\u201d header_3_font_size=\u201d30px\u201d background_image=\u201dhttps:\/\/fmp-components.com\/wp-content\/uploads\/2025\/02\/Transportation-industry.webp\u201d min_height=\u201d162.8px\u201d global_colors_info=\u201d{}\u201d background__hover_enabled=\u201don|hover\u201d background_color__hover=\u201drgba(193,135,0,0.41)\u201d background_enable_color__hover=\u201don\u201d content__hover_enabled=\u201don|hover\u201d content__hover=\u201d<\/p>\n<h3 style=\"%22text-align:\" center;%22>Mischindustrie<\/h3>\n<p>\u201c][\/et_pb_text][et_pb_text _builder_version=\u201d4.27.4\u2033 _module_preset=\u201ddefault\u201d header_3_font=\u201dFrank Ruhl Libre||||||||\u201d global_colors_info=\u201d{}\u201d]<\/p>\n<h3 style=\"text-align: center;\">Transportindustrie<\/h3>\n<p>[\/et_pb_text][\/et_pb_column][\/et_pb_row][\/et_pb_section]<\/p>","protected":false},"excerpt":{"rendered":"<p>Schneckengetriebe. Wir von FMP Company sind auf die Herstellung einer breiten Palette von Schneckengetrieben f\u00fcr unterschiedlichste industrielle Anforderungen spezialisiert. Dar\u00fcber hinaus bieten wir kundenspezifische Anpassungen an, um sicherzustellen, dass Sie die exakt auf Ihre Anwendung zugeschnittene L\u00f6sung erhalten. Sollten Sie das gew\u00fcnschte Modell nicht in unserer Produktliste finden, bedeutet dies lediglich, dass wir es noch nicht hochgeladen haben. [\u2026]<\/p>","protected":false},"author":2,"featured_media":0,"parent":0,"menu_order":0,"comment_status":"closed","ping_status":"closed","template":"","meta":{"_et_pb_use_builder":"on","_et_pb_old_content":"","_et_gb_content_width":"","footnotes":""},"class_list":["post-5609","page","type-page","status-publish","hentry"],"_links":{"self":[{"href":"https:\/\/fmp-components.com\/de\/wp-json\/wp\/v2\/pages\/5609","targetHints":{"allow":["GET"]}}],"collection":[{"href":"https:\/\/fmp-components.com\/de\/wp-json\/wp\/v2\/pages"}],"about":[{"href":"https:\/\/fmp-components.com\/de\/wp-json\/wp\/v2\/types\/page"}],"author":[{"embeddable":true,"href":"https:\/\/fmp-components.com\/de\/wp-json\/wp\/v2\/users\/2"}],"replies":[{"embeddable":true,"href":"https:\/\/fmp-components.com\/de\/wp-json\/wp\/v2\/comments?post=5609"}],"version-history":[{"count":11,"href":"https:\/\/fmp-components.com\/de\/wp-json\/wp\/v2\/pages\/5609\/revisions"}],"predecessor-version":[{"id":8173,"href":"https:\/\/fmp-components.com\/de\/wp-json\/wp\/v2\/pages\/5609\/revisions\/8173"}],"wp:attachment":[{"href":"https:\/\/fmp-components.com\/de\/wp-json\/wp\/v2\/media?parent=5609"}],"curies":[{"name":"wp","href":"https:\/\/api.w.org\/{rel}","templated":true}]}}