{"id":5068,"date":"2025-01-26T06:47:40","date_gmt":"2025-01-26T06:47:40","guid":{"rendered":"https:\/\/fmp-components.com\/?page_id=5068"},"modified":"2025-04-09T12:05:14","modified_gmt":"2025-04-09T12:05:14","slug":"idler-sprocket","status":"publish","type":"page","link":"https:\/\/fmp-components.com\/de\/idler-sprocket\/","title":{"rendered":"Leerlaufritzel"},"content":{"rendered":"<p>[et_pb_section fb_built=&#8221;1&#8243; _builder_version=&#8221;4.27.4&#8243; _module_preset=&#8221;default&#8221; background_color=&#8221;gcid-1df04c5f-e996-4504-8faa-0a9ef0da2d4d&#8221; hover_enabled=&#8221;0&#8243; global_colors_info=&#8221;{%22gcid-1df04c5f-e996-4504-8faa-0a9ef0da2d4d%22:%91%22background_color%22%93}&#8221; sticky_enabled=&#8221;0&#8243;][et_pb_row _builder_version=&#8221;4.27.4&#8243; _module_preset=&#8221;default&#8221; global_colors_info=&#8221;{}&#8221;][et_pb_column type=&#8221;4_4&#8243; _builder_version=&#8221;4.27.4&#8243; _module_preset=&#8221;default&#8221; global_colors_info=&#8221;{}&#8221;][et_pb_text _builder_version=&#8221;4.27.4&#8243; _module_preset=&#8221;default&#8221; header_font=&#8221;Frank Ruhl Libre|500|||||||&#8221; header_text_align=&#8221;center&#8221; header_text_color=&#8221;#FFFFFF&#8221; header_font_size=&#8221;50px&#8221; header_text_shadow_style=&#8221;preset1&#8243; global_colors_info=&#8221;{}&#8221;]<\/p>\n<h1 class=\"et_pb_toggle_title\">Leerlaufritzel<\/h1>\n<p>[\/et_pb_text][et_pb_text _builder_version=\u201d4.27.4\u2033 _module_preset=\u201ddefault\u201d text_font=\u201dFrank Ruhl Libre|600|||||||\u201d text_text_color=\u201d#FFFFFF\u201d text_font_size=\u201d18px\u201d text_line_height=\u201d1.8em\u201d text_orientation=\u201dcenter\u201d global_colors_info=\u201d{}\u201d]<\/p>\n<p>Wenn das von Ihnen ben\u00f6tigte Produkt nicht aufgef\u00fchrt ist, fordern Sie ein kostenloses Angebot an!<\/p>\n<p>[\/et_pb_text][\/et_pb_column][\/et_pb_row][\/et_pb_section][et_pb_section fb_built=\u201d1\u2033 _builder_version=\u201d4.27.4\u2033 _module_preset=\u201ddefault\u201d global_colors_info=\u201d{}\u201d][et_pb_row _builder_version=\u201d4.27.4\u2033 _module_preset=\u201ddefault\u201d global_colors_info=\u201d{}\u201d][et_pb_column type=\u201d4_4\u2033 _builder_version=\u201d4.27.4\u2033 _module_preset=\u201ddefault\u201d global_colors_info=\u201d{}\u201d][et_pb_text _builder_version=\u201d4.27.4\u2033 _module_preset=\u201ddefault\u201d header_2_font=\u201dFrank Ruhl Libre||||||||\u201d header_2_font_size=\u201d35px\u201d global_colors_info=\u201d{}\u201d]<\/p>\n<h2>Leerlaufritzel mit Kugellager<\/h2>\n<p><img loading=\"lazy\" decoding=\"async\" src=\"https:\/\/fmp-components.com\/wp-content\/uploads\/2025\/01\/0-idler-sprockets-4.webp\" width=\"684\" height=\"438\" alt=\"0-Zwischenr\u00e4der\" class=\"wp-image-5076 alignnone size-full\" style=\"display: block; margin-left: auto; margin-right: auto;\" title=\"\" srcset=\"https:\/\/fmp-components.com\/wp-content\/uploads\/2025\/01\/0-idler-sprockets-4.webp 684w, https:\/\/fmp-components.com\/wp-content\/uploads\/2025\/01\/0-idler-sprockets-4-480x307.webp 480w\" sizes=\"(min-width: 0px) and (max-width: 480px) 480px, (min-width: 481px) 684px, 100vw\" \/> <img loading=\"lazy\" decoding=\"async\" src=\"https:\/\/fmp-components.com\/wp-content\/uploads\/2025\/01\/0-idler-sprocket-1.webp\" width=\"980\" height=\"390\" alt=\"0-Zwischenr\u00e4der\" class=\"wp-image-5077 alignnone size-full\" title=\"\" srcset=\"https:\/\/fmp-components.com\/wp-content\/uploads\/2025\/01\/0-idler-sprocket-1.webp 980w, https:\/\/fmp-components.com\/wp-content\/uploads\/2025\/01\/0-idler-sprocket-1-480x191.webp 480w\" sizes=\"(min-width: 0px) and (max-width: 480px) 480px, (min-width: 481px) 980px, 100vw\" \/><\/p>\n<table border=\"1\">\n<tbody>\n<tr>\n<td>Z<\/td>\n<td>Tonh\u00f6he<\/td>\n<td>de<\/td>\n<td>dp<\/td>\n<td>A<\/td>\n<td>D1<\/td>\n<td>F<\/td>\n<td>B<\/td>\n<td>H<\/td>\n<\/tr>\n<tr>\n<td>23<\/td>\n<td>8\u00d73<\/td>\n<td>62.15<\/td>\n<td>58.75<\/td>\n<td>2.8<\/td>\n<td>16<\/td>\n<td>40<\/td>\n<td>12<\/td>\n<td>18.3<\/td>\n<\/tr>\n<tr>\n<td>21<\/td>\n<td>3\/8\u201d\u00d77\/32\u201d<\/td>\n<td>68.0<\/td>\n<td>63.90<\/td>\n<td>5.3<\/td>\n<td>16<\/td>\n<td>40<\/td>\n<td>12<\/td>\n<td>18.3<\/td>\n<\/tr>\n<tr>\n<td>18<\/td>\n<td>1\/2\u201d\u00d71\/8\u201d<\/td>\n<td>78.9<\/td>\n<td>73.14<\/td>\n<td>3<\/td>\n<td>16<\/td>\n<td>40<\/td>\n<td>12<\/td>\n<td>18.3<\/td>\n<\/tr>\n<tr>\n<td>18<\/td>\n<td>1\/2\u201d\u00d73\/16\u201d<\/td>\n<td>78.9<\/td>\n<td>73.13<\/td>\n<td>4.5<\/td>\n<td>16<\/td>\n<td>40<\/td>\n<td>12<\/td>\n<td>18.3<\/td>\n<\/tr>\n<tr>\n<td>16<\/td>\n<td>1\/2\u201d\u00d75\/16\u201d<\/td>\n<td>69.5<\/td>\n<td>65.10<\/td>\n<td>7.2<\/td>\n<td>16<\/td>\n<td>40<\/td>\n<td>12<\/td>\n<td>18.3<\/td>\n<\/tr>\n<tr>\n<td>18<\/td>\n<td>1\/2\u201d\u00d75\/16\u201d<\/td>\n<td>77.8<\/td>\n<td>73.14<\/td>\n<td>7.2<\/td>\n<td>16<\/td>\n<td>40<\/td>\n<td>12<\/td>\n<td>18.3<\/td>\n<\/tr>\n<tr>\n<td>14<\/td>\n<td>5\/8\u201d\u00d73\/8\u201d<\/td>\n<td>78.0<\/td>\n<td>71.34<\/td>\n<td>9.1<\/td>\n<td>16<\/td>\n<td>40<\/td>\n<td>12<\/td>\n<td>18.3<\/td>\n<\/tr>\n<tr>\n<td>15<\/td>\n<td>5\/8\u201d\u00d73\/8\u201d<\/td>\n<td>83.0<\/td>\n<td>76.36<\/td>\n<td>9.1<\/td>\n<td>16<\/td>\n<td>40<\/td>\n<td>12<\/td>\n<td>18.3<\/td>\n<\/tr>\n<tr>\n<td>17<\/td>\n<td>5\/8\u201d\u00d73\/8\u201d<\/td>\n<td>93.0<\/td>\n<td>86.39<\/td>\n<td>9.1<\/td>\n<td>16<\/td>\n<td>40<\/td>\n<td>12<\/td>\n<td>18.3<\/td>\n<\/tr>\n<tr>\n<td>13<\/td>\n<td>3\/4\u201d\u00d77\/16\u201d<\/td>\n<td>87.5<\/td>\n<td>79.59<\/td>\n<td>11.1<\/td>\n<td>16<\/td>\n<td>40<\/td>\n<td>12<\/td>\n<td>18.3<\/td>\n<\/tr>\n<tr>\n<td>15<\/td>\n<td>3\/4\u201d\u00d77\/16\u201d<\/td>\n<td>99.8<\/td>\n<td>91.63<\/td>\n<td>11.1<\/td>\n<td>16<\/td>\n<td>40<\/td>\n<td>12<\/td>\n<td>17.3<\/td>\n<\/tr>\n<tr>\n<td>12<\/td>\n<td>1\u201d\u00d717,02<\/td>\n<td>109.0<\/td>\n<td>98.14<\/td>\n<td>16.2<\/td>\n<td>20<\/td>\n<td>47<\/td>\n<td>14<\/td>\n<td>17.7<\/td>\n<\/tr>\n<tr>\n<td>13<\/td>\n<td>1 1\/4 \u00d7 3\/4 Zoll<\/td>\n<td>147.8<\/td>\n<td>132.65<\/td>\n<td>18.5<\/td>\n<td>25<\/td>\n<td>52<\/td>\n<td>15<\/td>\n<td>21.0<\/td>\n<\/tr>\n<\/tbody>\n<\/table>\n<p>[\/et_pb_text][\/et_pb_column][\/et_pb_row][\/et_pb_section][et_pb_section fb_built=\u201d1\u2033 _builder_version=\u201d4.27.4\u2033 _module_preset=\u201ddefault\u201d global_colors_info=\u201d{}\u201d][et_pb_row _builder_version=\u201d4.27.4\u2033 _module_preset=\u201ddefault\u201d global_colors_info=\u201d{}\u201d][et_pb_column type=\u201d4_4\u2033 _builder_version=\u201d4.27.4\u2033 _module_preset=\u201ddefault\u201d global_colors_info=\u201d{}\u201d][et_pb_text _builder_version=\u201d4.27.4\u2033 _module_preset=\u201ddefault\u201d header_2_font=\u201dFrank Ruhl Libre||||||||\u201d header_2_font_size=\u201d40px\u201d global_colors_info=\u201d{}\u201d]<\/p>\n<h2 style=\"text-align: center;\">Leerlaufritzel zu verkaufen<\/h2>\n<p>[\/et_pb_text][\/et_pb_column][\/et_pb_row][et_pb_row column_structure=\u201d1_5,1_5,1_5,1_5,1_5\u2033 _builder_version=\u201d4.27.4\u2033 _module_preset=\u201ddefault\u201d global_colors_info=\u201d{}\u201d][et_pb_column type=\u201d1_5\u2033 _builder_version=\u201d4.27.4\u2033 _module_preset=\u201ddefault\u201d global_colors_info=\u201d{}\u201d][et_pb_blurb title=\u201dUmlenkritzel 13T 1\u20331\/4*3\/4\u2033\u201d image=\u201dhttps:\/\/fmp-components.com\/wp-content\/uploads\/2025\/01\/0_idler-sprocket-2-1.webp\u201d alt=\u201d0_idler-sprocket-2-1\u2033 _builder_version=\u201d4.27.4\u2033 _module_preset=\u201ddefault\u201d header_level=\u201dh3\u2033 header_font=\u201dFrank Ruhl Libre||||||||\u201d header_text_align=\u201dcenter\u201d header_font_size=\u201d18px\u201d global_colors_info=\u201d{}\u201d][\/et_pb_blurb][\/et_pb_column][et_pb_column type=\u201d1_5\u2033 _builder_version=\u201d4.27.4\u2033 _module_preset=\u201ddefault\u201d global_colors_info=\u201d{}\u201d][et_pb_blurb title=\u201dIdler Sprocket 12T 1\u2033 17.02\u2033 image=\u201dhttps:\/\/fmp-components.com\/wp-content\/uploads\/2025\/01\/0_idler-sprocket-2-1.webp\u201d alt=\u201d0_idler-sprocket-2-1\u2033 _builder_version=\u201d4.27.4\u2033 _module_preset=\u201ddefault\u201d header_level=\u201dh3\u2033 header_font=\u201dFrank Ruhl Libre||||||||\u201d header_text_align=\u201dcenter\u201d header_font_size=\u201d18px\u201d global_colors_info=\u201d{}\u201d][\/et_pb_blurb][\/et_pb_column][et_pb_column type=\u201d1_5\u2033 _builder_version=\u201d4.27.4\u2033 _module_preset=\u201ddefault\u201d global_colors_info=\u201d{}\u201d][et_pb_blurb title=\u201dUmlenkritzel 15T 3\/4\u2033 7\/16\u2033\u201d image=\u201dhttps:\/\/fmp-components.com\/wp-content\/uploads\/2025\/01\/0_idler-sprocket-2-1.webp\u201d alt=\u201d0_idler-sprocket-2-1\u2033 _builder_version=\u201d4.27.4\u2033 _module_preset=\u201ddefault\u201d header_level=\u201dh3\u2033 header_font=\u201dFrank Ruhl Libre||||||||\u201d header_text_align=\u201dcenter\u201d header_font_size=\u201d18px\u201d global_colors_info=\u201d{}\u201d][\/et_pb_blurb][\/et_pb_column][et_pb_column type=\u201d1_5\u2033 _builder_version=\u201d4.27.4\u2033 _module_preset=\u201ddefault\u201d global_colors_info=\u201d{}\u201d][et_pb_blurb title=\u201dUmlenkritzel 13T 3\/4\u2033 7\/16\u2033\u201d image=\u201dhttps:\/\/fmp-components.com\/wp-content\/uploads\/2025\/01\/0_idler-sprocket-2-1.webp\u201d alt=\u201d0_idler-sprocket-2-1\u2033 _builder_version=\u201d4.27.4\u2033 _module_preset=\u201ddefault\u201d header_level=\u201dh3\u2033 header_font=\u201dFrank Ruhl Libre||||||||\u201d header_text_align=\u201dcenter\u201d header_font_size=\u201d18px\u201d global_colors_info=\u201d{}\u201d][\/et_pb_blurb][\/et_pb_column][et_pb_column type=\u201d1_5\u2033 _builder_version=\u201d4.27.4\u2033 _module_preset=\u201ddefault\u201d global_colors_info=\u201d{}\u201d][et_pb_blurb title=\u201dUmlenkritzel 17T 5\/8\u2033 3\/8\u2033\u201d image=\u201dhttps:\/\/fmp-components.com\/wp-content\/uploads\/2025\/01\/0_idler-sprocket-2-1.webp\u201d alt=\u201d0_idler-sprocket-2-1\u2033 _builder_version=\u201d4.27.4\u2033 _module_preset=\u201ddefault\u201d header_level=\u201dh3\u2033 header_font=\u201dFrank Ruhl Libre||||||||\u201d header_text_align=\u201dcenter\u201d header_font_size=\u201d18px\u201d global_colors_info=\u201d{}\u201d][\/et_pb_blurb][\/et_pb_column][\/et_pb_row][et_pb_row column_structure=\u201d1_5,1_5,1_5,1_5,1_5\u2033 _builder_version=\u201d4.27.4\u2033 _module_preset=\u201ddefault\u201d global_colors_info=\u201d{}\u201d][et_pb_column type=\u201d1_5\u2033 _builder_version=\u201d4.27.4\u2033 _module_preset=\u201ddefault\u201d global_colors_info=\u201d{}\u201d][et_pb_blurb title=\u201dUmlenkritzel 15T 5\/8\u2033 3\/8\u2033\u201d image=\u201dhttps:\/\/fmp-components.com\/wp-content\/uploads\/2025\/01\/0_idler-sprocket-2-1.webp\u201d alt=\u201d0_idler-sprocket-2-1\u2033 _builder_version=\u201d4.27.4\u2033 _module_preset=\u201ddefault\u201d header_level=\u201dh3\u2033 header_font=\u201dFrank Ruhl Libre||||||||\u201d header_text_align=\u201dcenter\u201d header_font_size=\u201d18px\u201d global_colors_info=\u201d{}\u201d][\/et_pb_blurb][\/et_pb_column][et_pb_column type=\u201d1_5\u2033 _builder_version=\u201d4.27.4\u2033 _module_preset=\u201ddefault\u201d global_colors_info=\u201d{}\u201d][et_pb_blurb title=\u201dUmlenkritzel 14T 1\/2\u2033 5\/16\u2033\u201d image=\u201dhttps:\/\/fmp-components.com\/wp-content\/uploads\/2025\/01\/0_idler-sprocket-2-1.webp\u201d alt=\u201d0_idler-sprocket-2-1\u2033 _builder_version=\u201d4.27.4\u2033 _module_preset=\u201ddefault\u201d header_level=\u201dh3\u2033 header_font=\u201dFrank Ruhl Libre||||||||\u201d header_text_align=\u201dcenter\u201d header_font_size=\u201d18px\u201d global_colors_info=\u201d{}\u201d][\/et_pb_blurb][\/et_pb_column][et_pb_column type=\u201d1_5\u2033 _builder_version=\u201d4.27.4\u2033 _module_preset=\u201ddefault\u201d global_colors_info=\u201d{}\u201d][et_pb_blurb title=\u201dUmlenkritzel 16T 1\/2\u2033 5\/16\u2033\u201d image=\u201dhttps:\/\/fmp-components.com\/wp-content\/uploads\/2025\/01\/0_idler-sprocket-2-1.webp\u201d alt=\u201d0_idler-sprocket-2-1\u2033 _builder_version=\u201d4.27.4\u2033 _module_preset=\u201ddefault\u201d header_level=\u201dh3\u2033 header_font=\u201dFrank Ruhl Libre||||||||\u201d header_text_align=\u201dcenter\u201d header_font_size=\u201d18px\u201d global_colors_info=\u201d{}\u201d][\/et_pb_blurb][\/et_pb_column][et_pb_column type=\u201d1_5\u2033 _builder_version=\u201d4.27.4\u2033 _module_preset=\u201ddefault\u201d global_colors_info=\u201d{}\u201d][et_pb_blurb title=\u201dUmlenkritzel 18T 1\/2\u2033 3\/16\u2033\u201d image=\u201dhttps:\/\/fmp-components.com\/wp-content\/uploads\/2025\/01\/0_idler-sprocket-2-1.webp\u201d alt=\u201d0_idler-sprocket-2-1\u2033 _builder_version=\u201d4.27.4\u2033 _module_preset=\u201ddefault\u201d header_level=\u201dh3\u2033 header_font=\u201dFrank Ruhl Libre||||||||\u201d header_text_align=\u201dcenter\u201d header_font_size=\u201d18px\u201d global_colors_info=\u201d{}\u201d][\/et_pb_blurb][\/et_pb_column][et_pb_column type=\u201d1_5\u2033 _builder_version=\u201d4.27.4\u2033 _module_preset=\u201ddefault\u201d global_colors_info=\u201d{}\u201d][et_pb_blurb title=\u201dUmlenkritzel 18T 1\/2\u2033 1\/8\u2033\u201d image=\u201dhttps:\/\/fmp-components.com\/wp-content\/uploads\/2025\/01\/0_idler-sprocket-2-1.webp\u201d alt=\u201d0_idler-sprocket-2-1\u2033 _builder_version=\u201d4.27.4\u2033 _module_preset=\u201ddefault\u201d header_level=\u201dh3\u2033 header_font=\u201dFrank Ruhl Libre||||||||\u201d header_text_align=\u201dcenter\u201d header_font_size=\u201d18px\u201d global_colors_info=\u201d{}\u201d][\/et_pb_blurb][\/et_pb_column][\/et_pb_row][et_pb_row column_structure=\u201d1_5,1_5,1_5,1_5,1_5\u2033 _builder_version=\u201d4.27.4\u2033 _module_preset=\u201ddefault\u201d global_colors_info=\u201d{}\u201d][et_pb_column type=\u201d1_5\u2033 _builder_version=\u201d4.27.4\u2033 _module_preset=\u201ddefault\u201d global_colors_info=\u201d{}\u201d][et_pb_blurb title=\u201dUmlenkritzel 21T 3\/8\u2033 7\/32\u2033\u201d image=\u201dhttps:\/\/fmp-components.com\/wp-content\/uploads\/2025\/01\/0_idler-sprocket-2-1.webp\u201d alt=\u201d0_idler-sprocket-2-1\u2033 _builder_version=\u201d4.27.4\u2033 _module_preset=\u201ddefault\u201d header_level=\u201dh3\u2033 header_font=\u201dFrank Ruhl Libre||||||||\u201d header_text_align=\u201dcenter\u201d header_font_size=\u201d18px\u201d global_colors_info=\u201d{}\u201d][\/et_pb_blurb][\/et_pb_column][et_pb_column type=\u201d1_5\u2033 _builder_version=\u201d4.27.4\u2033 _module_preset=\u201ddefault\u201d global_colors_info=\u201d{}\u201d][et_pb_blurb title=\u201dIdler Sprocket 23T 8\u201d3\u2033 image=\u201dhttps:\/\/fmp-components.com\/wp-content\/uploads\/2025\/01\/0_idler-sprocket-2-1.webp\u201d alt=\u201d0_idler-sprocket-2-1\u2033 _builder_version=\u201d4.27.4\u2033 _module_preset=\u201ddefault\u201d header_level=\u201dh3\u2033 header_font=\u201dFrank Ruhl Libre||||||||\u201d header_text_align=\u201dcenter\u201d header_font_size=\u201d18px\u201d global_colors_info=\u201d{}\u201d][\/et_pb_blurb][\/et_pb_column][et_pb_column type=\u201d1_5\u2033 _builder_version=\u201d4.27.4\u2033 _module_preset=\u201ddefault\u201d global_colors_info=\u201d{}\u201d][\/et_pb_column][et_pb_column type=\u201d1_5\u2033 _builder_version=\u201d4.27.4\u2033 _module_preset=\u201ddefault\u201d global_colors_info=\u201d{}\u201d][\/et_pb_column][et_pb_column type=\u201d1_5\u2033 _builder_version=\u201d4.27.4\u2033 _module_preset=\u201ddefault\u201d global_colors_info=\u201d{}\u201d][\/et_pb_column][\/et_pb_row][\/et_pb_section]<\/p>","protected":false},"excerpt":{"rendered":"<p>Umlenkrad. Falls das gew\u00fcnschte Produkt nicht aufgef\u00fchrt ist, fordern Sie einfach ein kostenloses Angebot an! Umlenkrad mit Kugellager Z-Teilung de dp A D1 FBH 23 8\u00d73 62,15 58,75 2,8 16 40 12 18,3 21 3\/8\u201d\u00d77\/32\u201d 68,0 63,90 5,3 16 40 12 18,3 18 1\/2\u201d\u00d71\/8\u201d 78,9 73,14 3 16 40 12 [\u2026]<\/p>","protected":false},"author":2,"featured_media":0,"parent":0,"menu_order":0,"comment_status":"closed","ping_status":"closed","template":"","meta":{"_et_pb_use_builder":"on","_et_pb_old_content":"","_et_gb_content_width":"","footnotes":""},"class_list":["post-5068","page","type-page","status-publish","hentry"],"_links":{"self":[{"href":"https:\/\/fmp-components.com\/de\/wp-json\/wp\/v2\/pages\/5068","targetHints":{"allow":["GET"]}}],"collection":[{"href":"https:\/\/fmp-components.com\/de\/wp-json\/wp\/v2\/pages"}],"about":[{"href":"https:\/\/fmp-components.com\/de\/wp-json\/wp\/v2\/types\/page"}],"author":[{"embeddable":true,"href":"https:\/\/fmp-components.com\/de\/wp-json\/wp\/v2\/users\/2"}],"replies":[{"embeddable":true,"href":"https:\/\/fmp-components.com\/de\/wp-json\/wp\/v2\/comments?post=5068"}],"version-history":[{"count":7,"href":"https:\/\/fmp-components.com\/de\/wp-json\/wp\/v2\/pages\/5068\/revisions"}],"predecessor-version":[{"id":7901,"href":"https:\/\/fmp-components.com\/de\/wp-json\/wp\/v2\/pages\/5068\/revisions\/7901"}],"wp:attachment":[{"href":"https:\/\/fmp-components.com\/de\/wp-json\/wp\/v2\/media?parent=5068"}],"curies":[{"name":"wp","href":"https:\/\/api.w.org\/{rel}","templated":true}]}}