{"id":286,"date":"2024-12-09T03:50:21","date_gmt":"2024-12-09T03:50:21","guid":{"rendered":"https:\/\/fmp-components.com\/?page_id=8"},"modified":"2025-03-27T05:37:54","modified_gmt":"2025-03-27T05:37:54","slug":"forklift-hydraulic-cylinders-2","status":"publish","type":"page","link":"https:\/\/fmp-components.com\/de\/forklift-hydraulic-cylinders-2\/","title":{"rendered":"Hydraulikzylinder f\u00fcr Gabelstapler"},"content":{"rendered":"<p>[et_pb_section fb_built=&#8221;1&#8243; _builder_version=&#8221;4.27.4&#8243; _module_preset=&#8221;default&#8221; use_background_color_gradient=&#8221;on&#8221; background_color_gradient_stops=&#8221;rgba(0,0,0,0.14) 0%|rgba(0,0,0,0.16) 100%&#8221; background_color_gradient_overlays_image=&#8221;on&#8221; background_image=&#8221;https:\/\/fmp-components.com\/wp-content\/uploads\/2025\/03\/Forklift-Hydraulic-Cylinders.webp&#8221; custom_padding=&#8221;||157px|||&#8221; global_colors_info=&#8221;{}&#8221;][et_pb_row _builder_version=&#8221;4.27.4&#8243; _module_preset=&#8221;default&#8221; global_colors_info=&#8221;{}&#8221;][et_pb_column type=&#8221;4_4&#8243; _builder_version=&#8221;4.27.4&#8243; _module_preset=&#8221;default&#8221; global_colors_info=&#8221;{}&#8221;][et_pb_text _builder_version=&#8221;4.27.4&#8243; _module_preset=&#8221;default&#8221; header_font=&#8221;Frank Ruhl Libre||||||||&#8221; header_text_color=&#8221;#FFFFFF&#8221; header_font_size=&#8221;70px&#8221; header_text_shadow_style=&#8221;preset1&#8243; global_colors_info=&#8221;{}&#8221;]<\/p>\n<h1 style=\"text-align: center;\">Hydraulikzylinder f\u00fcr Gabelstapler<\/h1>\n<p>[\/et_pb_text][\/et_pb_column][\/et_pb_row][et_pb_row _builder_version=&#8221;4.27.4&#8243; _module_preset=&#8221;default&#8221; global_colors_info=&#8221;{}&#8221;][et_pb_column type=&#8221;4_4&#8243; _builder_version=&#8221;4.27.4&#8243; _module_preset=&#8221;default&#8221; global_colors_info=&#8221;{}&#8221;][et_pb_text _builder_version=&#8221;4.27.4&#8243; _module_preset=&#8221;default&#8221; text_text_color=&#8221;#FFFFFF&#8221; text_font_size=&#8221;16px&#8221; text_line_height=&#8221;1.8em&#8221; text_orientation=&#8221;center&#8221; text_text_shadow_style=&#8221;preset1&#8243; global_colors_info=&#8221;{}&#8221;]<\/p>\n<p>Wir von FMP Company sind spezialisiert auf die Herstellung einer breiten Palette von Hydraulikzylindern f\u00fcr Gabelstapler. Diese Zylinder sind entscheidende Komponenten, die die n\u00f6tige Kraft und Pr\u00e4zision f\u00fcr das effiziente Heben und Senken schwerer Lasten liefern. Unser umfangreiches Sortiment umfasst verschiedene Typen und Spezifikationen f\u00fcr unterschiedliche Gabelstaplermodelle und Branchenanforderungen. Wir bieten auch kundenspezifische Anpassungen an, um jedem Kunden eine ma\u00dfgeschneiderte L\u00f6sung zu bieten. Sollten Sie das gew\u00fcnschte Modell nicht in unserer Produktliste finden, bedeutet dies lediglich, dass wir es noch nicht gelistet haben. Senden Sie uns einfach eine E-Mail mit Ihren Anforderungen. Unsere erfahrenen Ingenieure werden sich innerhalb von 24 Stunden bei Ihnen melden und Sie bei der Suche oder Entwicklung des optimalen Hydraulikzylinders f\u00fcr Ihren Gabelstapler unterst\u00fctzen.<\/p>\n<p>[\/et_pb_text][\/et_pb_column][\/et_pb_row][\/et_pb_section][et_pb_section fb_built=&#8221;1&#8243; _builder_version=&#8221;4.27.4&#8243; _module_preset=&#8221;default&#8221; global_colors_info=&#8221;{}&#8221;][et_pb_row _builder_version=&#8221;4.27.4&#8243; _module_preset=&#8221;default&#8221; global_colors_info=&#8221;{}&#8221;][et_pb_column type=&#8221;4_4&#8243; _builder_version=&#8221;4.27.4&#8243; _module_preset=&#8221;default&#8221; global_colors_info=&#8221;{}&#8221;][et_pb_shop type=&#8221;product_category&#8221; include_categories=&#8221;20&#8243; columns_number=&#8221;3&#8243; _builder_version=&#8221;4.27.4&#8243; _module_preset=&#8221;default&#8221; global_colors_info=&#8221;{}&#8221;][\/et_pb_shop][\/et_pb_column][\/et_pb_row][et_pb_row _builder_version=&#8221;4.27.4&#8243; _module_preset=&#8221;default&#8221; column_structure=&#8221;1_2,1_2&#8243;][et_pb_column _builder_version=&#8221;4.27.4&#8243; _module_preset=&#8221;default&#8221; type=&#8221;1_2&#8243;][et_pb_image src=&#8221;https:\/\/fmp-components.com\/wp-content\/uploads\/2025\/03\/Forklift-Hydraulic-Cylinders-3.webp&#8221; _builder_version=&#8221;4.27.4&#8243; _module_preset=&#8221;default&#8221; alt=&#8221;Forklift-Hydraulic-Cylinders&#8221; title_text=&#8221;Forklift-Hydraulic-Cylinders-3&#8243; hover_enabled=&#8221;0&#8243; sticky_enabled=&#8221;0&#8243;][\/et_pb_image][\/et_pb_column][et_pb_column _builder_version=&#8221;4.27.4&#8243; _module_preset=&#8221;default&#8221; type=&#8221;1_2&#8243;][et_pb_text _builder_version=&#8221;4.27.4&#8243; _module_preset=&#8221;default&#8221; header_2_font=&#8221;Frank Ruhl Libre||||||||&#8221; header_2_font_size=&#8221;30px&#8221; header_3_font=&#8221;Frank Ruhl Libre||||||||&#8221; hover_enabled=&#8221;0&#8243; sticky_enabled=&#8221;0&#8243;]<\/p>\n<h2>Ein umfassendes Sortiment an Hydraulikzylindern<\/h2>\n<p>Wir bieten eine umfangreiche Auswahl an Hydraulikzylindern f\u00fcr Gabelstapler, die f\u00fcr verschiedenste Anwendungen geeignet sind. Unser Produktsortiment umfasst:<\/p>\n<p><strong>Einfachwirkende Zylinder:<\/strong> Ideal f\u00fcr einfache Hebearbeiten.<br \/><strong>Doppeltwirkende Zylinder:<\/strong> Ideal f\u00fcr Anwendungen, die Kraft in beide Richtungen erfordern.<br \/><strong>Teleskopzylinder:<\/strong> Hervorragend geeignet f\u00fcr gro\u00dfe Reichweite und kompakte Aufbewahrung.<br \/><strong>Tandemzylinder:<\/strong> Entwickelt f\u00fcr erh\u00f6hte Leistung und Stabilit\u00e4t bei anspruchsvollen Eins\u00e4tzen.<br \/>Unsere Zylinder sind in einer Vielzahl von Formen und Gr\u00f6\u00dfen erh\u00e4ltlich und f\u00fcr unterschiedlichste Ger\u00e4teanforderungen konzipiert \u2013 ob Heben, Neigen oder Seitw\u00e4rtsverschieben. FMP bietet f\u00fcr jede Anwendung die passende L\u00f6sung.<\/p>\n<p>[\/et_pb_text][\/et_pb_column][\/et_pb_row][et_pb_row _builder_version=&#8221;4.27.4&#8243; _module_preset=&#8221;default&#8221;][et_pb_column _builder_version=&#8221;4.27.4&#8243; _module_preset=&#8221;default&#8221; type=&#8221;4_4&#8243;][et_pb_text _builder_version=&#8221;4.27.4&#8243; _module_preset=&#8221;default&#8221; hover_enabled=&#8221;0&#8243; sticky_enabled=&#8221;0&#8243; header_3_font=&#8221;Frank Ruhl Libre||||||||&#8221; header_3_font_size=&#8221;25px&#8221; text_font_size=&#8221;15px&#8221;]<\/p>\n<h3>Schnelle Lieferung und umfangreiches Sortiment<\/h3>\n<p>Ausfallzeiten kosten Geld, und wir bei FMP setzen alles daran, Ihren Betrieb reibungslos am Laufen zu halten. Wir verf\u00fcgen \u00fcber ein umfangreiches Lager an Hydraulikzylindern sowie Ersatzteilen und Zubeh\u00f6r und garantieren so eine schnelle Lieferung, um Ihren dringenden Bedarf zu decken. Mit FMP entscheiden Sie sich f\u00fcr schnellen und zuverl\u00e4ssigen Service \u2013 jederzeit.<\/p>\n<p>[\/et_pb_text][\/et_pb_column][\/et_pb_row][\/et_pb_section][et_pb_section fb_built=&#8221;1&#8243; theme_builder_area=&#8221;post_content&#8221; _builder_version=&#8221;4.27.4&#8243; _module_preset=&#8221;default&#8221; alt=&#8221;Forklift-Hydraulic-Cylinders&#8221; title_text=&#8221;Forklift-Hydraulic-Cylinders-1&#8243; background_image=&#8221;https:\/\/fmp-components.com\/wp-content\/uploads\/2025\/03\/Forklift-Hydraulic-Cylinders-1.webp&#8221; hover_enabled=&#8221;0&#8243; sticky_enabled=&#8221;0&#8243; min_height=&#8221;320px&#8221;][et_pb_row _builder_version=&#8221;4.27.4&#8243; _module_preset=&#8221;default&#8221; theme_builder_area=&#8221;post_content&#8221; background_color=&#8221;rgba(0,0,0,0.28)&#8221; hover_enabled=&#8221;0&#8243; sticky_enabled=&#8221;0&#8243;][et_pb_column _builder_version=&#8221;4.27.4&#8243; _module_preset=&#8221;default&#8221; type=&#8221;4_4&#8243; theme_builder_area=&#8221;post_content&#8221;][et_pb_text _builder_version=&#8221;4.27.4&#8243; _module_preset=&#8221;default&#8221; theme_builder_area=&#8221;post_content&#8221; text_font_size=&#8221;16px&#8221; text_line_height=&#8221;2em&#8221; text_text_color=&#8221;#FFFFFF&#8221; hover_enabled=&#8221;0&#8243; sticky_enabled=&#8221;0&#8243; header_3_font=&#8221;Frank Ruhl Libre||||||||&#8221; header_3_text_color=&#8221;#FFFFFF&#8221; custom_margin=&#8221;0px|||30px|false|false&#8221; header_3_font_size=&#8221;30px&#8221;]<\/p>\n<h3 style=\"text-align: center;\">Warum FMP w\u00e4hlen?<\/h3>\n<p style=\"text-align: left;\"><strong>Hergestellt in Italien:<\/strong>\u00a0 Erstklassige Handwerkskunst aus unserer italienischen Manufaktur.<br \/>Vielseitige Optionen: Eine breite Auswahl an Zylindern f\u00fcr jeden Anwendungsbereich.<br \/><strong>Expertenrat:\u00a0<\/strong> Professionelle Unterst\u00fctzung durch unser kompetentes Team.<br \/><strong>Schneller Service:<\/strong>\u00a0 Gro\u00dfe Lagerbest\u00e4nde und schnelle Lieferung minimieren Ausfallzeiten.<br \/><strong>Ma\u00dfgeschneidert:<\/strong>\u00a0 Ma\u00dfgeschneiderte L\u00f6sungen, die auf Ihre Ausr\u00fcstung und Ihre Branche abgestimmt sind.<br \/>Wenn Sie auf der Suche nach leistungsstarken Gabelstapler-Hydraulikzylindern mit italienischer Expertise sind, dann ist FMP Ihr Ansprechpartner. Kontaktieren Sie uns noch heute, um unser Sortiment kennenzulernen und zu erfahren, wie wir Ihr Unternehmen mit Qualit\u00e4tsprodukten und exzellentem Service unterst\u00fctzen k\u00f6nnen!<\/p>\n<p>[\/et_pb_text][\/et_pb_column][\/et_pb_row][\/et_pb_section]<\/p>","protected":false},"excerpt":{"rendered":"<p>Forklift Hydraulic CylindersAt FMP Company, we specialize in producing a wide variety of Forklift Hydraulic Cylinders, critical components that deliver the power and precision required to lift and lower heavy loads efficiently. Our extensive range features diverse types and specifications to suit different forklift models and industry needs. We also offer customization services to meet [&hellip;]<\/p>","protected":false},"author":2,"featured_media":0,"parent":0,"menu_order":0,"comment_status":"closed","ping_status":"closed","template":"","meta":{"_et_pb_use_builder":"on","_et_pb_old_content":"","_et_gb_content_width":"","footnotes":""},"class_list":["post-286","page","type-page","status-publish","hentry"],"_links":{"self":[{"href":"https:\/\/fmp-components.com\/de\/wp-json\/wp\/v2\/pages\/286","targetHints":{"allow":["GET"]}}],"collection":[{"href":"https:\/\/fmp-components.com\/de\/wp-json\/wp\/v2\/pages"}],"about":[{"href":"https:\/\/fmp-components.com\/de\/wp-json\/wp\/v2\/types\/page"}],"author":[{"embeddable":true,"href":"https:\/\/fmp-components.com\/de\/wp-json\/wp\/v2\/users\/2"}],"replies":[{"embeddable":true,"href":"https:\/\/fmp-components.com\/de\/wp-json\/wp\/v2\/comments?post=286"}],"version-history":[{"count":10,"href":"https:\/\/fmp-components.com\/de\/wp-json\/wp\/v2\/pages\/286\/revisions"}],"predecessor-version":[{"id":7508,"href":"https:\/\/fmp-components.com\/de\/wp-json\/wp\/v2\/pages\/286\/revisions\/7508"}],"wp:attachment":[{"href":"https:\/\/fmp-components.com\/de\/wp-json\/wp\/v2\/media?parent=286"}],"curies":[{"name":"wp","href":"https:\/\/api.w.org\/{rel}","templated":true}]}}