{"id":121,"date":"2024-12-06T00:35:10","date_gmt":"2024-12-06T00:35:10","guid":{"rendered":"https:\/\/fmp-components.com\/?page_id=121"},"modified":"2025-09-16T05:05:25","modified_gmt":"2025-09-16T05:05:25","slug":"about-us","status":"publish","type":"page","link":"https:\/\/fmp-components.com\/de\/about-us\/","title":{"rendered":"\u00dcber uns"},"content":{"rendered":"<p>[et_pb_section fb_built=&#8221;1&#8243; admin_label=&#8221;About&#8221; _builder_version=&#8221;4.16&#8243; _module_preset=&#8221;default&#8221; background_color=&#8221;#d8d8d8&#8243; global_colors_info=&#8221;{}&#8221;][et_pb_row _builder_version=&#8221;4.16&#8243; _module_preset=&#8221;default&#8221; global_colors_info=&#8221;{}&#8221;][et_pb_column type=&#8221;4_4&#8243; _builder_version=&#8221;4.16&#8243; _module_preset=&#8221;default&#8221; global_colors_info=&#8221;{}&#8221;][et_pb_text _builder_version=&#8221;4.27.4&#8243; _module_preset=&#8221;b6cb9bd8-0fbd-4699-b58d-51b3d480db23&#8243; text_font=&#8221;Candal|||on|||||&#8221; text_text_color=&#8221;#000000&#8243; text_font_size=&#8221;120px&#8221; text_line_height=&#8221;1em&#8221; header_font=&#8221;Candal||||||||&#8221; header_font_size=&#8221;50px&#8221; header_2_font=&#8221;Candal|||on|||||&#8221; header_2_text_color=&#8221;#000000&#8243; header_2_font_size=&#8221;60px&#8221; header_2_line_height=&#8221;1.1em&#8221; text_font_size_tablet=&#8221;80px&#8221; text_font_size_phone=&#8221;42px&#8221; text_font_size_last_edited=&#8221;on|tablet&#8221; text_line_height_last_edited=&#8221;off|desktop&#8221; header_2_font_size_tablet=&#8221;30px&#8221; header_2_font_size_phone=&#8221;22px&#8221; header_2_font_size_last_edited=&#8221;on|phone&#8221; header_2_line_height_tablet=&#8221;1.2em&#8221; header_2_line_height_phone=&#8221;1.3em&#8221; header_2_line_height_last_edited=&#8221;on|phone&#8221; global_colors_info=&#8221;{}&#8221;]<\/p>\n<h1>\u00dcber uns<\/h1>\n<p>[\/et_pb_text][\/et_pb_column][\/et_pb_row][et_pb_row column_structure=&#8221;1_3,2_3&#8243; _builder_version=&#8221;4.16&#8243; _module_preset=&#8221;default&#8221; global_colors_info=&#8221;{}&#8221;][et_pb_column type=&#8221;1_3&#8243; _builder_version=&#8221;4.16&#8243; _module_preset=&#8221;default&#8221; global_colors_info=&#8221;{}&#8221;][et_pb_divider color=&#8221;#000000&#8243; divider_weight=&#8221;2px&#8221; _builder_version=&#8221;4.16&#8243; _module_preset=&#8221;dc234230-4e46-48ae-b6af-881b12bbb07c&#8221; max_width=&#8221;320px&#8221; height=&#8221;2px&#8221; custom_margin=&#8221;||20px||false|false&#8221; global_colors_info=&#8221;{}&#8221;][\/et_pb_divider][et_pb_text _builder_version=&#8221;4.27.4&#8243; _module_preset=&#8221;b3f744e8-66fc-4449-a995-41b3c3d24a27&#8243; header_font=&#8221;||||||||&#8221; header_6_font=&#8221;Montserrat|700|||||||&#8221; header_6_text_color=&#8221;#000000&#8243; header_6_font_size=&#8221;18px&#8221; header_6_line_height=&#8221;1.6em&#8221; custom_margin=&#8221;||10px||false|false&#8221; header_6_font_size_tablet=&#8221;16px&#8221; header_6_font_size_phone=&#8221;14px&#8221; header_6_font_size_last_edited=&#8221;on|phone&#8221; module_alignment_tablet=&#8221;left&#8221; module_alignment_last_edited=&#8221;off|desktop&#8221; global_colors_info=&#8221;{}&#8221;]<\/p>\n<h6><span style=\"font-size: 16px;\">FMP COMPONENTS SRL<\/span><\/h6>\n<p>[\/et_pb_text][et_pb_text _builder_version=&#8221;4.27.4&#8243; _module_preset=&#8221;b3f744e8-66fc-4449-a995-41b3c3d24a27&#8243; header_font=&#8221;||||||||&#8221; header_6_font=&#8221;Montserrat|700|||||||&#8221; header_6_text_color=&#8221;#000000&#8243; header_6_font_size=&#8221;18px&#8221; header_6_line_height=&#8221;1.6em&#8221; custom_margin=&#8221;||10px||false|false&#8221; hover_enabled=&#8221;0&#8243; header_6_font_size_tablet=&#8221;16px&#8221; header_6_font_size_phone=&#8221;14px&#8221; header_6_font_size_last_edited=&#8221;on|phone&#8221; module_alignment_tablet=&#8221;left&#8221; module_alignment_last_edited=&#8221;off|desktop&#8221; global_colors_info=&#8221;{}&#8221; sticky_enabled=&#8221;0&#8243;]<\/p>\n<h6><span data-type=\"text\"><span data-type=\"leaf\" color=\"\">Via XXV Aprile, 36 Calderara di Reno (Bologna) <\/span><\/span><span style=\"font-size: 16px;\"><span>\u2013 Italien<\/span><\/span><\/h6>\n<p>[\/et_pb_text][\/et_pb_column][et_pb_column type=&#8221;2_3&#8243; _builder_version=&#8221;4.16&#8243; _module_preset=&#8221;default&#8221; custom_padding=&#8221;|||80px|false|false&#8221; custom_padding_tablet=&#8221;|||0px|false|false&#8221; custom_padding_phone=&#8221;&#8221; custom_padding_last_edited=&#8221;on|tablet&#8221; global_colors_info=&#8221;{}&#8221;][et_pb_text _builder_version=&#8221;4.27.4&#8243; _module_preset=&#8221;f0cf31b9-b2e7-4752-a57c-6e2f73347b36&#8243; text_font=&#8221;Montserrat||||||||&#8221; text_text_color=&#8221;#000000&#8243; text_font_size=&#8221;16px&#8221; text_line_height=&#8221;1.8em&#8221; text_font_size_tablet=&#8221;15px&#8221; text_font_size_phone=&#8221;14px&#8221; text_font_size_last_edited=&#8221;on|desktop&#8221; header_font_size_tablet=&#8221;55px&#8221; header_font_size_last_edited=&#8221;off|desktop&#8221; global_colors_info=&#8221;{}&#8221;]<\/p>\n<p>FMP COMPONENTS SRL verf\u00fcgt \u00fcber mehr als 30 Jahre Branchenerfahrung in der Entwicklung und Herstellung hochwertiger Landmaschinenkomponenten und mechanischer Produkte. Mit Hauptsitz in Italien sind wir f\u00fcr unsere Kunden weltweit ein zuverl\u00e4ssiger Partner und liefern Spitzenleistungen durch unser Engagement f\u00fcr Qualit\u00e4t, Innovation und Kundenservice.<\/p>\n<div id=\"gtx-trans\" style=\"position: absolute; left: 603px; top: 54.5938px;\">\n<div class=\"gtx-trans-icon\">\u00a0<\/div>\n<\/div>\n<p>[\/et_pb_text][\/et_pb_column][\/et_pb_row][\/et_pb_section][et_pb_section fb_built=&#8221;1&#8243; admin_label=&#8221;Resume&#8221; _builder_version=&#8221;4.16&#8243; _module_preset=&#8221;default&#8221; global_colors_info=&#8221;{}&#8221;][et_pb_row column_structure=&#8221;3_5,2_5&#8243; _builder_version=&#8221;4.16&#8243; _module_preset=&#8221;default&#8221; custom_padding=&#8221;||0px|||&#8221; global_colors_info=&#8221;{}&#8221;][et_pb_column type=&#8221;3_5&#8243; _builder_version=&#8221;4.16&#8243; _module_preset=&#8221;default&#8221; global_colors_info=&#8221;{}&#8221;][et_pb_text _builder_version=&#8221;4.27.4&#8243; _module_preset=&#8221;b6cb9bd8-0fbd-4699-b58d-51b3d480db23&#8243; text_font=&#8221;Candal|||on|||||&#8221; text_text_color=&#8221;#000000&#8243; text_font_size=&#8221;120px&#8221; text_line_height=&#8221;1em&#8221; header_2_font=&#8221;Candal|||on|||||&#8221; header_2_text_color=&#8221;#000000&#8243; header_2_font_size=&#8221;60px&#8221; header_2_line_height=&#8221;1.1em&#8221; header_3_font=&#8221;Candal|||on|||||&#8221; header_3_font_size=&#8221;20px&#8221; text_font_size_tablet=&#8221;80px&#8221; text_font_size_phone=&#8221;42px&#8221; text_font_size_last_edited=&#8221;on|tablet&#8221; text_line_height_last_edited=&#8221;off|desktop&#8221; header_2_font_size_tablet=&#8221;30px&#8221; header_2_font_size_phone=&#8221;22px&#8221; header_2_font_size_last_edited=&#8221;on|phone&#8221; header_2_line_height_tablet=&#8221;1.2em&#8221; header_2_line_height_phone=&#8221;1.3em&#8221; header_2_line_height_last_edited=&#8221;on|phone&#8221; global_colors_info=&#8221;{}&#8221;]<\/p>\n<h3>Unsere Expertise und unser Engagement<\/h3>\n<p>[\/et_pb_text][\/et_pb_column][et_pb_column type=&#8221;2_5&#8243; _builder_version=&#8221;4.16&#8243; _module_preset=&#8221;default&#8221; global_colors_info=&#8221;{}&#8221;][\/et_pb_column][\/et_pb_row][et_pb_row _builder_version=&#8221;4.16&#8243; _module_preset=&#8221;default&#8221; global_colors_info=&#8221;{}&#8221;][et_pb_column type=&#8221;4_4&#8243; _builder_version=&#8221;4.16&#8243; _module_preset=&#8221;default&#8221; global_colors_info=&#8221;{}&#8221;][et_pb_text _builder_version=&#8221;4.27.4&#8243; _module_preset=&#8221;f0cf31b9-b2e7-4752-a57c-6e2f73347b36&#8243; text_font=&#8221;Montserrat||||||||&#8221; text_text_color=&#8221;#000000&#8243; text_font_size=&#8221;16px&#8221; text_line_height=&#8221;1.8em&#8221; custom_margin=&#8221;||0px||false|false&#8221; text_font_size_tablet=&#8221;15px&#8221; text_font_size_phone=&#8221;14px&#8221; text_font_size_last_edited=&#8221;on|desktop&#8221; header_font_size_tablet=&#8221;55px&#8221; header_font_size_last_edited=&#8221;off|desktop&#8221; global_colors_info=&#8221;{}&#8221;]<\/p>\n<ul>\n<li>Unser kompetentes Team nutzt modernste CAD- und CAM-Technologie, um f\u00fcr jedes Projekt pr\u00e4zise L\u00f6sungen zu liefern. Wir sind stolz auf die enge Zusammenarbeit mit unseren Kunden und deren technischen Teams, um Entw\u00fcrfe zu pr\u00fcfen, Machbarkeitsstudien durchzuf\u00fchren und Produkte exakt nach den Vorgaben zu optimieren. Ob Sie eine kundenspezifische Komponente oder eine komplette mechanische Baugruppe ben\u00f6tigen, wir stellen sicher, dass jedes Produkt h\u00f6chste Anspr\u00fcche an Leistung, Haltbarkeit und Zuverl\u00e4ssigkeit erf\u00fcllt.<\/li>\n<\/ul>\n<p>[\/et_pb_text][et_pb_text _builder_version=&#8221;4.16&#8243; _module_preset=&#8221;f0cf31b9-b2e7-4752-a57c-6e2f73347b36&#8243; text_font=&#8221;Montserrat||||||||&#8221; text_text_color=&#8221;#000000&#8243; text_font_size=&#8221;16px&#8221; text_line_height=&#8221;1.8em&#8221; custom_margin=&#8221;||0px||false|false&#8221; text_font_size_tablet=&#8221;15px&#8221; text_font_size_phone=&#8221;14px&#8221; text_font_size_last_edited=&#8221;on|desktop&#8221; header_font_size_tablet=&#8221;55px&#8221; header_font_size_last_edited=&#8221;off|desktop&#8221; global_colors_info=&#8221;{}&#8221;]<\/p>\n<ul>\n<li>Wir verstehen die Dringlichkeit Ihres Projekts und sind stets bestrebt, die effizienteste und zeitnaheste L\u00f6sung zu finden. Z\u00f6gern Sie nicht \u2013 kontaktieren Sie uns noch heute f\u00fcr ein Angebot. Wir versprechen Ihnen, Ihnen genau das zu liefern, was Sie brauchen \u2013 und zwar genau dann, wenn Sie es brauchen!<\/li>\n<\/ul>\n<p>[\/et_pb_text][et_pb_text _builder_version=&#8221;4.27.4&#8243; _module_preset=&#8221;f0cf31b9-b2e7-4752-a57c-6e2f73347b36&#8243; text_font=&#8221;Montserrat||||||||&#8221; text_text_color=&#8221;#000000&#8243; text_font_size=&#8221;16px&#8221; text_line_height=&#8221;1.8em&#8221; text_font_size_tablet=&#8221;15px&#8221; text_font_size_phone=&#8221;14px&#8221; text_font_size_last_edited=&#8221;on|desktop&#8221; header_font_size_tablet=&#8221;55px&#8221; header_font_size_last_edited=&#8221;off|desktop&#8221; global_colors_info=&#8221;{}&#8221;]<\/p>\n<ul>\n<li>Unser Produktsortiment<br \/>Bei FMP COMPONENTS sind wir auf eine breite Palette mechanischer Hochleistungsprodukte spezialisiert, darunter:<\/li>\n<\/ul>\n<p>Verschiedene Hydraulikzylinder, Antriebswellen f\u00fcr Landmaschinen, Zubeh\u00f6r f\u00fcr Landmaschinen, Getriebe f\u00fcr Landmaschinen, verschiedene Kupplungen, Zahnstangen, Planetengetriebe, Sprinklergetriebe, Getriebe f\u00fcr Autowaschanlagen und andere Getriebe, Motoren, verschiedene Ketten f\u00fcr Landmaschinen, Edelstahlketten, Tempergussketten, Kettenr\u00e4der, Riemenscheiben, Zahnstangen, gebrochene Ketten usw. Unsere Flexibilit\u00e4t ist eine unserer gr\u00f6\u00dften St\u00e4rken. Wir fertigen kundenspezifische Komponenten in verschiedenen Gr\u00f6\u00dfen, um Ihre genauen Anforderungen zu erf\u00fcllen. Ob Sie Kleinserien oder Gro\u00dfserienfertigung ben\u00f6tigen, wir k\u00f6nnen Projekte jeder Gr\u00f6\u00dfe problemlos bew\u00e4ltigen. Mit unseren fortschrittlichen F\u00e4higkeiten stellen wir sicher, dass jedes Teil genau Ihren Spezifikationen entspricht und zu einem wettbewerbsf\u00e4higen Preis und in un\u00fcbertroffener Qualit\u00e4t geliefert wird.<\/p>\n<p>Warten Sie nicht l\u00e4nger! Fordern Sie noch heute Ihr individuelles Angebot an und erfahren Sie, wie wir Sie bei der Realisierung Ihres Projekts unterst\u00fctzen k\u00f6nnen. Schnelle Lieferung und unschlagbare Preise erwarten Sie!<\/p>\n<p>[\/et_pb_text][\/et_pb_column][\/et_pb_row][et_pb_row _builder_version=&#8221;4.16&#8243; _module_preset=&#8221;default&#8221; locked=&#8221;off&#8221; global_colors_info=&#8221;{}&#8221;][et_pb_column type=&#8221;4_4&#8243; _builder_version=&#8221;4.16&#8243; _module_preset=&#8221;default&#8221; global_colors_info=&#8221;{}&#8221;][et_pb_divider color=&#8221;#000000&#8243; divider_weight=&#8221;4px&#8221; _builder_version=&#8221;4.16&#8243; _module_preset=&#8221;2a3f7bff-0d13-4b28-a9ba-f5f90b7f6e77&#8243; height=&#8221;4px&#8221; global_colors_info=&#8221;{}&#8221;][\/et_pb_divider][\/et_pb_column][\/et_pb_row][et_pb_row _builder_version=&#8221;4.16&#8243; _module_preset=&#8221;default&#8221; locked=&#8221;off&#8221; global_colors_info=&#8221;{}&#8221;][et_pb_column type=&#8221;4_4&#8243; _builder_version=&#8221;4.16&#8243; _module_preset=&#8221;default&#8221; global_colors_info=&#8221;{}&#8221;][et_pb_text _builder_version=&#8221;4.27.4&#8243; _module_preset=&#8221;b6cb9bd8-0fbd-4699-b58d-51b3d480db23&#8243; text_font=&#8221;Candal|||on|||||&#8221; text_text_color=&#8221;#000000&#8243; text_font_size=&#8221;120px&#8221; text_line_height=&#8221;1em&#8221; header_2_font=&#8221;Candal|||on|||||&#8221; header_2_text_color=&#8221;#000000&#8243; header_2_font_size=&#8221;60px&#8221; header_2_line_height=&#8221;1.1em&#8221; header_3_font=&#8221;Candal|||on|||||&#8221; header_3_font_size=&#8221;20px&#8221; text_font_size_tablet=&#8221;80px&#8221; text_font_size_phone=&#8221;42px&#8221; text_font_size_last_edited=&#8221;on|tablet&#8221; text_line_height_last_edited=&#8221;off|desktop&#8221; header_2_font_size_tablet=&#8221;30px&#8221; header_2_font_size_phone=&#8221;22px&#8221; header_2_font_size_last_edited=&#8221;on|phone&#8221; header_2_line_height_tablet=&#8221;1.2em&#8221; header_2_line_height_phone=&#8221;1.3em&#8221; header_2_line_height_last_edited=&#8221;on|phone&#8221; global_colors_info=&#8221;{}&#8221;]<\/p>\n<h3>Unsere Expertise und unser Engagement<\/h3>\n<p>[\/et_pb_text][et_pb_text _builder_version=&#8221;4.27.4&#8243; _module_preset=&#8221;f0cf31b9-b2e7-4752-a57c-6e2f73347b36&#8243; text_font=&#8221;Montserrat||||||||&#8221; text_text_color=&#8221;#000000&#8243; text_font_size=&#8221;16px&#8221; text_line_height=&#8221;1.8em&#8221; custom_margin=&#8221;||0px||false|false&#8221; text_font_size_tablet=&#8221;15px&#8221; text_font_size_phone=&#8221;14px&#8221; text_font_size_last_edited=&#8221;on|desktop&#8221; header_font_size_tablet=&#8221;55px&#8221; header_font_size_last_edited=&#8221;off|desktop&#8221; global_colors_info=&#8221;{}&#8221;]<\/p>\n<ul>\n<li>Kompromisslose Qualit\u00e4tssicherung<br \/>Qualit\u00e4t steht bei FMP COMPONENTS im Mittelpunkt. Wir f\u00fchren 100%-Produktpr\u00fcfungen durch, um sicherzustellen, dass jedes Produkt, das unser Werk verl\u00e4sst, strenge Qualit\u00e4tsstandards erf\u00fcllt. Von der ersten Entwurfsphase bis zum Endprodukt stellen wir sicher, dass jede Komponente optimale Leistung erbringt und Ihren Betrieb nachhaltig bereichert. Dank unserer sorgf\u00e4ltigen Qualit\u00e4tskontrolle k\u00f6nnen Sie sich stets auf zuverl\u00e4ssige und langlebige Produkte verlassen.<\/li>\n<\/ul>\n<p>[\/et_pb_text][et_pb_text _builder_version=&#8221;4.27.4&#8243; _module_preset=&#8221;f0cf31b9-b2e7-4752-a57c-6e2f73347b36&#8243; text_font=&#8221;Montserrat||||||||&#8221; text_text_color=&#8221;#000000&#8243; text_font_size=&#8221;16px&#8221; text_line_height=&#8221;1.8em&#8221; custom_margin=&#8221;||0px||false|false&#8221; text_font_size_tablet=&#8221;15px&#8221; text_font_size_phone=&#8221;14px&#8221; text_font_size_last_edited=&#8221;on|desktop&#8221; header_font_size_tablet=&#8221;55px&#8221; header_font_size_last_edited=&#8221;off|desktop&#8221; global_colors_info=&#8221;{}&#8221;]<\/p>\n<ul>\n<li>Schnelle, flexible Lieferung und kundenspezifische L\u00f6sungen<br \/>Dank unseres gut gef\u00fcllten Lagers und unserer effizienten Logistik k\u00f6nnen wir Ihren Bedarf das ganze Jahr \u00fcber decken. Ob Prototyp, Muster oder Gro\u00dfserienfertigung \u2013 wir bieten Ihnen fachm\u00e4nnische Produktanpassungen sowie flexible, auf Ihre individuellen Bed\u00fcrfnisse zugeschnittene Lieferpl\u00e4ne. Unsere Gro\u00dflieferungen stellen sicher, dass Sie Ihre Produkte p\u00fcnktlich erhalten, und bieten ma\u00dfgeschneiderte L\u00f6sungen zur Optimierung Ihrer Lieferkette. Sie m\u00fcssen schnell bestellen? Kontaktieren Sie uns noch heute \u2013 wir sorgen f\u00fcr die schnelle Lieferung ohne Qualit\u00e4tseinbu\u00dfen.<\/li>\n<\/ul>\n<p>[\/et_pb_text][et_pb_text _builder_version=&#8221;4.16&#8243; _module_preset=&#8221;f0cf31b9-b2e7-4752-a57c-6e2f73347b36&#8243; text_font=&#8221;Montserrat||||||||&#8221; text_text_color=&#8221;#000000&#8243; text_font_size=&#8221;16px&#8221; text_line_height=&#8221;1.8em&#8221; text_font_size_tablet=&#8221;15px&#8221; text_font_size_phone=&#8221;14px&#8221; text_font_size_last_edited=&#8221;on|desktop&#8221; header_font_size_tablet=&#8221;55px&#8221; header_font_size_last_edited=&#8221;off|desktop&#8221; global_colors_info=&#8221;{}&#8221;]<\/p>\n<ul>\n<li>Innovation durch Zusammenarbeit<br \/>Innovation ist unser Erfolgsrezept. Wir arbeiten eng mit Ihnen zusammen, um die effektivsten L\u00f6sungen f\u00fcr Ihr Projekt zu entwickeln. Von der ersten Idee bis zur Produktion erstellt unser Team umfassende Machbarkeitsstudien, um die vollst\u00e4ndige Umsetzung Ihres Entwurfs zu gew\u00e4hrleisten. Dank unseres kooperativen Ansatzes begleiten wir Sie bei jedem Schritt, helfen Ihnen, jede Herausforderung zu meistern und liefern Ihnen ein Produkt, das Ihren Anforderungen an Leistung und Haltbarkeit gerecht wird.<\/li>\n<\/ul>\n<p>[\/et_pb_text][et_pb_text _builder_version=&#8221;4.16&#8243; _module_preset=&#8221;f0cf31b9-b2e7-4752-a57c-6e2f73347b36&#8243; text_font=&#8221;Montserrat||||||||&#8221; text_text_color=&#8221;#000000&#8243; text_font_size=&#8221;16px&#8221; text_line_height=&#8221;1.8em&#8221; text_font_size_tablet=&#8221;15px&#8221; text_font_size_phone=&#8221;14px&#8221; text_font_size_last_edited=&#8221;on|desktop&#8221; header_font_size_tablet=&#8221;55px&#8221; header_font_size_last_edited=&#8221;off|desktop&#8221; global_colors_info=&#8221;{}&#8221;]<\/p>\n<ul>\n<li>\n<p>Lassen Sie uns zusammenarbeiten<br \/>Suchen Sie nach kundenspezifischen Teilen, hochwertigen Landmaschinenkomponenten oder kompetenter technischer Unterst\u00fctzung? FMP COMPONENTS SRL erf\u00fcllt alle Ihre Maschinenanforderungen. Mit jahrzehntelanger Erfahrung, Flexibilit\u00e4t und Qualit\u00e4tsbewusstsein sind wir der perfekte Partner f\u00fcr Ihr n\u00e4chstes Projekt.<\/p>\n<p>Warten Sie nicht l\u00e4nger \u2013 kontaktieren Sie uns noch heute! Unser Team bietet Ihnen ma\u00dfgeschneiderte L\u00f6sungen und liefert au\u00dfergew\u00f6hnliche Produkte, die Ihre Erwartungen \u00fcbertreffen. Fordern Sie noch heute ein Angebot an und erleben Sie den FMP-Unterschied!<\/p>\n<\/li>\n<\/ul>\n<p>[\/et_pb_text][\/et_pb_column][\/et_pb_row][et_pb_row _builder_version=&#8221;4.16&#8243; _module_preset=&#8221;default&#8221; locked=&#8221;off&#8221; global_colors_info=&#8221;{}&#8221;][et_pb_column type=&#8221;4_4&#8243; _builder_version=&#8221;4.16&#8243; _module_preset=&#8221;default&#8221; global_colors_info=&#8221;{}&#8221;][et_pb_divider color=&#8221;#000000&#8243; divider_weight=&#8221;4px&#8221; _builder_version=&#8221;4.16&#8243; _module_preset=&#8221;2a3f7bff-0d13-4b28-a9ba-f5f90b7f6e77&#8243; height=&#8221;4px&#8221; global_colors_info=&#8221;{}&#8221;][\/et_pb_divider][\/et_pb_column][\/et_pb_row][\/et_pb_section][et_pb_section fb_built=&#8221;1&#8243; admin_label=&#8221;Resume&#8221; _builder_version=&#8221;4.16&#8243; _module_preset=&#8221;default&#8221; global_colors_info=&#8221;{}&#8221;][et_pb_row _builder_version=&#8221;4.16&#8243; _module_preset=&#8221;default&#8221; global_colors_info=&#8221;{}&#8221;][et_pb_column type=&#8221;4_4&#8243; _builder_version=&#8221;4.16&#8243; _module_preset=&#8221;default&#8221; global_colors_info=&#8221;{}&#8221;][et_pb_text _builder_version=&#8221;4.27.4&#8243; _module_preset=&#8221;b6cb9bd8-0fbd-4699-b58d-51b3d480db23&#8243; header_2_font=&#8221;Candal|||on|||||&#8221; header_2_text_color=&#8221;#000000&#8243; header_2_font_size=&#8221;40px&#8221; header_2_line_height=&#8221;1.1em&#8221; header_2_font_size_tablet=&#8221;30px&#8221; header_2_font_size_phone=&#8221;22px&#8221; header_2_font_size_last_edited=&#8221;on|phone&#8221; header_2_line_height_tablet=&#8221;1.2em&#8221; header_2_line_height_phone=&#8221;1.3em&#8221; header_2_line_height_last_edited=&#8221;on|phone&#8221; locked=&#8221;off&#8221; global_colors_info=&#8221;{}&#8221;]<\/p>\n<h2>Fabrikfotos<\/h2>\n<p>[\/et_pb_text][\/et_pb_column][\/et_pb_row][et_pb_row column_structure=&#8221;1_2,1_2&#8243; use_custom_gutter=&#8221;on&#8221; gutter_width=&#8221;2&#8243; _builder_version=&#8221;4.27.4&#8243; _module_preset=&#8221;default&#8221; global_colors_info=&#8221;{}&#8221;][et_pb_column type=&#8221;1_2&#8243; _builder_version=&#8221;4.27.4&#8243; _module_preset=&#8221;default&#8221; global_colors_info=&#8221;{}&#8221;][et_pb_image src=&#8221;https:\/\/fmp-components.com\/wp-content\/uploads\/2024\/12\/fmp-factory-1.webp&#8221; alt=&#8221;fmp-factory&#8221; title_text=&#8221;fmp-factory-1&#8243; _builder_version=&#8221;4.27.4&#8243; _module_preset=&#8221;default&#8221; global_colors_info=&#8221;{}&#8221;][\/et_pb_image][\/et_pb_column][et_pb_column type=&#8221;1_2&#8243; _builder_version=&#8221;4.27.4&#8243; _module_preset=&#8221;default&#8221; global_colors_info=&#8221;{}&#8221;][et_pb_image src=&#8221;https:\/\/fmp-components.com\/wp-content\/uploads\/2024\/12\/fmp-factory-2.webp&#8221; alt=&#8221;fmp-factory&#8221; title_text=&#8221;fmp-factory-2&#8243; _builder_version=&#8221;4.27.4&#8243; _module_preset=&#8221;default&#8221; global_colors_info=&#8221;{}&#8221;][\/et_pb_image][\/et_pb_column][\/et_pb_row][et_pb_row _builder_version=&#8221;4.27.4&#8243; _module_preset=&#8221;default&#8221; global_colors_info=&#8221;{}&#8221;][et_pb_column type=&#8221;4_4&#8243; _builder_version=&#8221;4.27.4&#8243; _module_preset=&#8221;default&#8221; global_colors_info=&#8221;{}&#8221;][et_pb_image src=&#8221;https:\/\/fmp-components.com\/wp-content\/uploads\/2024\/12\/cast-iron-pulley-factory.webp&#8221; alt=&#8221;cast-iron-pulley-factory&#8221; title_text=&#8221;cast-iron-pulley-factory&#8221; force_fullwidth=&#8221;on&#8221; _builder_version=&#8221;4.27.4&#8243; _module_preset=&#8221;default&#8221; global_colors_info=&#8221;{}&#8221;][\/et_pb_image][\/et_pb_column][\/et_pb_row][\/et_pb_section][et_pb_section fb_built=&#8221;1&#8243; admin_label=&#8221;Footer&#8221; _builder_version=&#8221;4.16&#8243; _module_preset=&#8221;default&#8221; background_color=&#8221;#000000&#8243; custom_padding=&#8221;||5vw||false|false&#8221; global_colors_info=&#8221;{}&#8221;][et_pb_row _builder_version=&#8221;4.16&#8243; _module_preset=&#8221;default&#8221; global_colors_info=&#8221;{}&#8221;][et_pb_column type=&#8221;4_4&#8243; _builder_version=&#8221;4.16&#8243; _module_preset=&#8221;default&#8221; global_colors_info=&#8221;{}&#8221;][et_pb_text _builder_version=&#8221;4.27.4&#8243; _module_preset=&#8221;default&#8221; text_font=&#8221;Candal||||||||&#8221; text_font_size=&#8221;30px&#8221; text_line_height=&#8221;1.2em&#8221; link_text_color=&#8221;#FFFFFF&#8221; header_4_line_height=&#8221;1.5em&#8221; text_orientation=&#8221;center&#8221; background_layout=&#8221;dark&#8221; custom_margin=&#8221;||20px||false|false&#8221; text_font_size_tablet=&#8221;20px&#8221; text_font_size_phone=&#8221;16px&#8221; text_font_size_last_edited=&#8221;on|tablet&#8221; header_font_size_tablet=&#8221;55px&#8221; header_font_size_last_edited=&#8221;off|desktop&#8221; header_4_font_size_tablet=&#8221;&#8221; header_4_font_size_phone=&#8221;15px&#8221; header_4_font_size_last_edited=&#8221;on|tablet&#8221; global_colors_info=&#8221;{}&#8221;]<\/p>\n<article class=\"4ever-article\" data-clipboard-cangjie=\"[&quot;root&quot;,{&quot;copyFrom&quot;:2066762897},[&quot;p&quot;,{},[&quot;span&quot;,{&quot;data-type&quot;:&quot;text&quot;},[&quot;span&quot;,{&quot;data-type&quot;:&quot;leaf&quot;},&quot;&quot;]],[&quot;a&quot;,{&quot;href&quot;:&quot;mailto:Email:info@fmpcomponents.it&quot;},[&quot;span&quot;,{&quot;data-type&quot;:&quot;text&quot;},[&quot;span&quot;,{&quot;data-type&quot;:&quot;leaf&quot;},&quot;Email:info@fmpcomponents.it&quot;]]],[&quot;span&quot;,{&quot;data-type&quot;:&quot;text&quot;},[&quot;span&quot;,{&quot;data-type&quot;:&quot;leaf&quot;},&quot;&quot;]]]]\">\n<p><span><\/span><a data-link-href-cangjie=\"\" target=\"_blank\" rel=\"noopener noreferrer\"><span>E-Mail: info@fmpcomponents.it<\/span><\/a><span><\/span><\/p>\n<\/article>\n<p>[\/et_pb_text][et_pb_text _builder_version=&#8221;4.27.4&#8243; _module_preset=&#8221;default&#8221; text_font=&#8221;Candal||||||||&#8221; text_font_size=&#8221;30px&#8221; text_line_height=&#8221;1.2em&#8221; header_4_line_height=&#8221;1.5em&#8221; text_orientation=&#8221;center&#8221; background_layout=&#8221;dark&#8221; text_font_size_tablet=&#8221;20px&#8221; text_font_size_phone=&#8221;16px&#8221; text_font_size_last_edited=&#8221;on|tablet&#8221; header_font_size_tablet=&#8221;55px&#8221; header_font_size_last_edited=&#8221;off|desktop&#8221; header_4_font_size_tablet=&#8221;&#8221; header_4_font_size_phone=&#8221;15px&#8221; header_4_font_size_last_edited=&#8221;on|tablet&#8221; global_colors_info=&#8221;{}&#8221;]<\/p>\n<p>(051) 003-9146<\/p>\n<p>[\/et_pb_text][\/et_pb_column][\/et_pb_row][\/et_pb_section]<\/p>","protected":false},"excerpt":{"rendered":"<p>About usFMP COMPONENTS S.R.LVia XXV Aprile, 36 Calderara di Reno (Bologna) \u2013 ItalyAt FMP COMPONENTS S.R.L., we have over 30 years of experience in the industry, designing and manufacturing high-quality agricultural machinery components and mechanical products. Headquartered in Italy, we have become a trusted partner for our customers around the world, delivering excellence through our [&hellip;]<\/p>","protected":false},"author":2,"featured_media":0,"parent":0,"menu_order":0,"comment_status":"closed","ping_status":"closed","template":"","meta":{"_et_pb_use_builder":"on","_et_pb_old_content":"","_et_gb_content_width":"","footnotes":""},"class_list":["post-121","page","type-page","status-publish","hentry"],"_links":{"self":[{"href":"https:\/\/fmp-components.com\/de\/wp-json\/wp\/v2\/pages\/121","targetHints":{"allow":["GET"]}}],"collection":[{"href":"https:\/\/fmp-components.com\/de\/wp-json\/wp\/v2\/pages"}],"about":[{"href":"https:\/\/fmp-components.com\/de\/wp-json\/wp\/v2\/types\/page"}],"author":[{"embeddable":true,"href":"https:\/\/fmp-components.com\/de\/wp-json\/wp\/v2\/users\/2"}],"replies":[{"embeddable":true,"href":"https:\/\/fmp-components.com\/de\/wp-json\/wp\/v2\/comments?post=121"}],"version-history":[{"count":21,"href":"https:\/\/fmp-components.com\/de\/wp-json\/wp\/v2\/pages\/121\/revisions"}],"predecessor-version":[{"id":8233,"href":"https:\/\/fmp-components.com\/de\/wp-json\/wp\/v2\/pages\/121\/revisions\/8233"}],"wp:attachment":[{"href":"https:\/\/fmp-components.com\/de\/wp-json\/wp\/v2\/media?parent=121"}],"curies":[{"name":"wp","href":"https:\/\/api.w.org\/{rel}","templated":true}]}}