{"id":1162,"date":"2024-12-20T01:38:48","date_gmt":"2024-12-20T01:38:48","guid":{"rendered":"https:\/\/fmp-components.com\/?page_id=8"},"modified":"2025-07-22T03:14:30","modified_gmt":"2025-07-22T03:14:30","slug":"planetary-gearbox","status":"publish","type":"page","link":"https:\/\/fmp-components.com\/de\/planetary-gearbox\/","title":{"rendered":"Planetengetriebe"},"content":{"rendered":"<p>[et_pb_section fb_built=&#8221;1&#8243; _builder_version=&#8221;4.27.4&#8243; _module_preset=&#8221;default&#8221; use_background_color_gradient=&#8221;on&#8221; background_color_gradient_stops=&#8221;rgba(4,40,4,0.07) 0%|rgba(8,40,9,0.33) 100%&#8221; background_color_gradient_overlays_image=&#8221;on&#8221; background_image=&#8221;https:\/\/fmp-components.com\/wp-content\/uploads\/2024\/12\/planetary-gearbox-banner.webp&#8221; min_height=&#8221;509px&#8221; global_colors_info=&#8221;{}&#8221;][et_pb_row _builder_version=&#8221;4.27.4&#8243; _module_preset=&#8221;default&#8221; global_colors_info=&#8221;{}&#8221;][et_pb_column type=&#8221;4_4&#8243; _builder_version=&#8221;4.27.4&#8243; _module_preset=&#8221;default&#8221; global_colors_info=&#8221;{}&#8221;][et_pb_text _builder_version=&#8221;4.27.4&#8243; _module_preset=&#8221;default&#8221; header_font=&#8221;Frank Ruhl Libre|500|||||||&#8221; header_text_align=&#8221;center&#8221; header_text_color=&#8221;#FFFFFF&#8221; header_font_size=&#8221;65px&#8221; header_text_shadow_style=&#8221;preset1&#8243; global_colors_info=&#8221;{}&#8221;]<\/p>\n<h1>Planetengetriebe<\/h1>\n<p>[\/et_pb_text][\/et_pb_column][\/et_pb_row][et_pb_row _builder_version=&#8221;4.27.4&#8243; _module_preset=&#8221;default&#8221; global_colors_info=&#8221;{}&#8221;][et_pb_column type=&#8221;4_4&#8243; _builder_version=&#8221;4.27.4&#8243; _module_preset=&#8221;default&#8221; global_colors_info=&#8221;{}&#8221;][et_pb_text _builder_version=&#8221;4.27.4&#8243; _module_preset=&#8221;default&#8221; text_text_color=&#8221;#FFFFFF&#8221; text_font_size=&#8221;16px&#8221; text_line_height=&#8221;1.8em&#8221; text_text_shadow_style=&#8221;preset1&#8243; global_colors_info=&#8221;{}&#8221;]<\/p>\n<p>Ein Planetengetriebe besteht aus einem zentralen Sonnenrad, mehreren Planetenr\u00e4dern und einem \u00e4u\u00dferen Hohlrad und bietet eine hohe Drehmomentdichte bei kompakter Bauweise. Diese Konfiguration macht es ideal f\u00fcr Anwendungen, die eine pr\u00e4zise Drehzahlreduzierung und ein erh\u00f6htes Drehmoment erfordern und h\u00e4ufig in der Robotik, der Automobilindustrie und im Industriemaschinenbau zum Einsatz kommen.<\/p>\n<p>Bei FMP bieten wir eine breite Palette an Planetengetrieben und nehmen Sonderanfertigungen entgegen, um Ihre spezifischen Anforderungen zu erf\u00fcllen. Ob Sie Standard- oder Speziall\u00f6sungen ben\u00f6tigen, FMP liefert Ihnen hochwertige Getriebe, die auf Ihre Bed\u00fcrfnisse zugeschnitten sind.<\/p>\n<p>[\/et_pb_text][\/et_pb_column][\/et_pb_row][\/et_pb_section][et_pb_section fb_built=&#8221;1&#8243; _builder_version=&#8221;4.27.4&#8243; _module_preset=&#8221;default&#8221; custom_padding=&#8221;||5px|||&#8221; global_colors_info=&#8221;{}&#8221;][et_pb_row _builder_version=&#8221;4.27.4&#8243; _module_preset=&#8221;default&#8221; global_colors_info=&#8221;{}&#8221;][et_pb_column type=&#8221;4_4&#8243; _builder_version=&#8221;4.27.4&#8243; _module_preset=&#8221;default&#8221; global_colors_info=&#8221;{}&#8221;][et_pb_text _builder_version=&#8221;4.27.4&#8243; _module_preset=&#8221;default&#8221; header_2_font=&#8221;Frank Ruhl Libre||||||||&#8221; header_2_text_align=&#8221;center&#8221; header_2_font_size=&#8221;40px&#8221; global_colors_info=&#8221;{}&#8221;]<\/p>\n<h2>Planetengetriebe<\/h2>\n<p>[\/et_pb_text][\/et_pb_column][\/et_pb_row][et_pb_row column_structure=&#8221;1_3,1_3,1_3&#8243; _builder_version=&#8221;4.27.4&#8243; _module_preset=&#8221;default&#8221; global_colors_info=&#8221;{}&#8221;][et_pb_column type=&#8221;1_3&#8243; _builder_version=&#8221;4.27.4&#8243; _module_preset=&#8221;default&#8221; global_colors_info=&#8221;{}&#8221;][et_pb_image src=&#8221;https:\/\/fmp-components.com\/wp-content\/uploads\/2025\/01\/Track-Drive.webp&#8221; alt=&#8221;Track-Drive&#8221; title_text=&#8221;Track-Drive&#8221; _builder_version=&#8221;4.27.4&#8243; _module_preset=&#8221;default&#8221; global_colors_info=&#8221;{}&#8221;][\/et_pb_image][et_pb_toggle title=&#8221;Track Drive&#8221; _builder_version=&#8221;4.27.4&#8243; _module_preset=&#8221;default&#8221; global_colors_info=&#8221;{}&#8221;]<\/p>\n<ul>\n<li><a href=\"https:\/\/fmp-components.com\/de\/product\/wheel-drive-planetary-gearbox-reducer-for-access-plateform\/\">Planetengetriebe f\u00fcr Zugangsplattformen<\/a><\/li>\n<li><a href=\"https:\/\/fmp-components.com\/de\/product\/wheel-drive-planetary-gearbox-reducer-for-rough-terrain-scissor-lift3679\/\">Planetengetriebe f\u00fcr unwegsames Gel\u00e4nde <\/a><a href=\"https:\/\/fmp-components.com\/de\/product\/wheel-drive-planetary-gearbox-reducer-for-road-reclaimers-and-grades\/\">Schere<\/a><\/li>\n<li><a href=\"https:\/\/fmp-components.com\/de\/product\/wheel-drive-planetary-gearbox-reducer-for-road-reclaimers-and-grades\/\">Planetengetriebe f\u00fcr Stra\u00dfenr\u00fcckgewinnungsmaschinen und Planierraupen<\/a><\/li>\n<li><a href=\"https:\/\/fmp-components.com\/de\/product\/wheel-drive-planetary-gearbox-reducer-for-land-clearing-stone-crusher\/\">Planetengetriebe f\u00fcr Rodungssteinbrecher<\/a><\/li>\n<li><a href=\"https:\/\/fmp-components.com\/de\/product\/wheel-drive-planetary-gearbox-reducer-for-cranes\/\">Planetengetriebe f\u00fcr Kr\u00e4ne<\/a><\/li>\n<\/ul>\n<p>[\/et_pb_toggle][\/et_pb_column][et_pb_column type=&#8221;1_3&#8243; _builder_version=&#8221;4.27.4&#8243; _module_preset=&#8221;default&#8221; global_colors_info=&#8221;{}&#8221;][et_pb_image src=&#8221;https:\/\/fmp-components.com\/wp-content\/uploads\/2024\/12\/Winch-Drive.webp&#8221; alt=&#8221;Winch Drive&#8221; title_text=&#8221;Winch Drive&#8221; _builder_version=&#8221;4.27.4&#8243; _module_preset=&#8221;default&#8221; global_colors_info=&#8221;{}&#8221;][\/et_pb_image][et_pb_toggle title=&#8221;Winch Drive&#8221; _builder_version=&#8221;4.27.4&#8243; _module_preset=&#8221;default&#8221; global_colors_info=&#8221;{}&#8221;]<\/p>\n<ul>\n<li>Planetengetriebe f\u00fcr Ankerwinde<\/li>\n<li>Planetengetriebe f\u00fcr Schlepperwinde<\/li>\n<li>Planetengetriebe f\u00fcr Offshore-Bauschiff<\/li>\n<li>Planetengetriebe f\u00fcr Offshore-Plattform<\/li>\n<li>Planetengetriebe f\u00fcr Bohrinseln<\/li>\n<li>Planetengetriebe f\u00fcr Forst- und Holzseilwinden<\/li>\n<li>Planetengetriebe f\u00fcr 3D-Lagerhallen<\/li>\n<li>Planetengetriebe f\u00fcr F\u00f6rderanlagen im Bergbau<\/li>\n<li>Planetengetriebe f\u00fcr Aufzug<\/li>\n<li>Planetengetriebe f\u00fcr Rohrleger<\/li>\n<li>Planetengetriebe f\u00fcr Autokran<\/li>\n<li>Planetengetriebe f\u00fcr F\u00f6rderband mit K\u00fcbelaufzug<\/li>\n<li>Planetengetriebe zum \u00d6ffnen der Ofent\u00fcr<\/li>\n<li>Planetengetriebe f\u00fcr Feuerwehr- und Rettungswinden<\/li>\n<\/ul>\n<p>[\/et_pb_toggle][\/et_pb_column][et_pb_column type=&#8221;1_3&#8243; _builder_version=&#8221;4.27.4&#8243; _module_preset=&#8221;default&#8221; global_colors_info=&#8221;{}&#8221;][et_pb_image src=&#8221;https:\/\/fmp-components.com\/wp-content\/uploads\/2024\/12\/Wheel-Drive.webp&#8221; alt=&#8221;Wheel Drive&#8221; title_text=&#8221;Wheel Drive&#8221; _builder_version=&#8221;4.27.4&#8243; _module_preset=&#8221;default&#8221; global_colors_info=&#8221;{}&#8221;][\/et_pb_image][et_pb_toggle title=&#8221;Wheel Drive&#8221; _builder_version=&#8221;4.27.4&#8243; _module_preset=&#8221;default&#8221; global_colors_info=&#8221;{}&#8221;]<\/p>\n<ul>\n<li>Planetengetriebe f\u00fcr Apfelerntemaschine<\/li>\n<li>Planetengetriebe f\u00fcr Feldh\u00e4cksler<\/li>\n<li>Planetengetriebe f\u00fcr Kartoffelroder<\/li>\n<li>Planetengetriebe f\u00fcr Traubenvollernter<\/li>\n<li>Planetengetriebe f\u00fcr Zuckererntemaschine<\/li>\n<li>Planetengetriebe f\u00fcr Futtermischer<\/li>\n<li>Planetengetriebe f\u00fcr Land<br \/>R\u00e4umsteinbrecher<\/li>\n<li>Planetengetriebe f\u00fcr Linearbewegungsbew\u00e4sserung<\/li>\n<li>Planetengetriebe f\u00fcr S\u00e4maschine<\/li>\n<li>Planetengetriebe f\u00fcr D\u00fcngemittel<\/li>\n<li>Planetengetriebe f\u00fcr Zugangsplattformen<\/li>\n<li>Planetengetriebe f\u00fcr Gel\u00e4nde-Scherenhebeb\u00fchnen<\/li>\n<li>Planetengetriebe f\u00fcr Stra\u00dfenr\u00fcckgewinnungsmaschinen und Planierraupen<\/li>\n<li>Planetengetriebe f\u00fcr Bulldozer<\/li>\n<li>Planetengetriebe f\u00fcr Kr\u00e4ne<\/li>\n<li>Planetengetriebe f\u00fcr Betonmischer<\/li>\n<li>Planetengetriebe f\u00fcr Grader<\/li>\n<li>Planetengetriebe f\u00fcr Walzen<\/li>\n<li>Planetengetriebe f\u00fcr Lader<\/li>\n<li>Planetengetriebe f\u00fcr Bagger<\/li>\n<li>Planetengetriebe f\u00fcr Untertage-Bohrwagen<\/li>\n<li>Planetengetriebe f\u00fcr Untertagelader\/Fahrlader<\/li>\n<li>Planetengetriebe f\u00fcr mobile Brech- und Siebanlagen<\/li>\n<li>Planetengetriebe f\u00fcr Muldenkipper im Bergbau<\/li>\n<li>Planetengetriebe f\u00fcr Gabelstapler<\/li>\n<li>Planetengetriebe f\u00fcr Containerkr\u00e4ne<\/li>\n<li>Planetengetriebe f\u00fcr fahrerlose Transportfahrzeuge (FTF)<\/li>\n<li>Planetengetriebe f\u00fcr Reach Stacker<\/li>\n<li>Planetengetriebe f\u00fcr gummibereiften Portalkran, RTG<\/li>\n<\/ul>\n<p>[\/et_pb_toggle][\/et_pb_column][\/et_pb_row][et_pb_row column_structure=&#8221;1_3,1_3,1_3&#8243; _builder_version=&#8221;4.27.4&#8243; _module_preset=&#8221;default&#8221; global_colors_info=&#8221;{}&#8221;][et_pb_column type=&#8221;1_3&#8243; _builder_version=&#8221;4.27.4&#8243; _module_preset=&#8221;default&#8221; global_colors_info=&#8221;{}&#8221;][et_pb_image src=&#8221;https:\/\/fmp-components.com\/wp-content\/uploads\/2024\/12\/Slewing-Drive.webp&#8221; alt=&#8221;Slewing Drive&#8221; title_text=&#8221;Slewing Drive&#8221; _builder_version=&#8221;4.27.4&#8243; _module_preset=&#8221;default&#8221; global_colors_info=&#8221;{}&#8221;][\/et_pb_image][et_pb_toggle title=&#8221;Slewing Drive&#8221; _builder_version=&#8221;4.27.4&#8243; _module_preset=&#8221;default&#8221; global_colors_info=&#8221;{}&#8221;]<\/p>\n<ul>\n<li>Planetengetriebe f\u00fcr Windkraftanlagen<\/li>\n<li>Planetengetriebe f\u00fcr Solar-Tracking-System<\/li>\n<li>Planetengetriebe f\u00fcr Autobetonpumpe<\/li>\n<li>Planetengetriebe f\u00fcr Hubarbeitsfahrzeuge<\/li>\n<li>Planetengetriebe f\u00fcr Offshore-Bohrplattformen<\/li>\n<li>Planetengetriebe f\u00fcr Radarantenne<\/li>\n<li>Planetengetriebe f\u00fcr TBM-Schneidkopf<\/li>\n<li>Planetengetriebe f\u00fcr Bagger<\/li>\n<li>Planetengetriebe f\u00fcr Turmdrehkran<\/li>\n<li>Planetengetriebe f\u00fcr Hafencontainerkran<\/li>\n<li>Planetengetriebe f\u00fcr Raupenkran<\/li>\n<li>Planetengetriebe f\u00fcr Autokran<\/li>\n<li>Planetengetriebe f\u00fcr Gel\u00e4ndekran<\/li>\n<\/ul>\n<p>[\/et_pb_toggle][\/et_pb_column][et_pb_column type=&#8221;1_3&#8243; _builder_version=&#8221;4.27.4&#8243; _module_preset=&#8221;default&#8221; global_colors_info=&#8221;{}&#8221;][et_pb_image src=&#8221;https:\/\/fmp-components.com\/wp-content\/uploads\/2024\/12\/Swing-Gearbox.webp&#8221; alt=&#8221;Swing Gearbox&#8221; title_text=&#8221;Swing Gearbox&#8221; _builder_version=&#8221;4.27.4&#8243; _module_preset=&#8221;default&#8221; global_colors_info=&#8221;{}&#8221;][\/et_pb_image][et_pb_toggle title=&#8221;Swing Gearbox&#8221; _builder_version=&#8221;4.27.4&#8243; _module_preset=&#8221;default&#8221; global_colors_info=&#8221;{}&#8221;]<\/p>\n<ul>\n<li>Planetengetriebe f\u00fcr <span>Kobelco SK350-8<\/span><\/li>\n<li>Planetengetriebe f\u00fcr Bagger Yuchai YC60-7<\/li>\n<li>Planetengetriebe f\u00fcr Stra\u00dfenr\u00fcckgewinnungsmaschinen und Planierraupen<\/li>\n<li>Planetengetriebe f\u00fcr Bagger Hitachi ZX70<\/li>\n<li>Planetengetriebe f\u00fcr Bagger CASE CX130<\/li>\n<li>Planetengetriebe f\u00fcr Bagger <span>DX380<\/span><\/li>\n<li>Planetengetriebe f\u00fcr Bagger Caterpillar E307B<\/li>\n<li>Planetengetriebe f\u00fcr Bagger Caterpillar E336D<\/li>\n<li>Planetengetriebe f\u00fcr Bagger <span>EC360<\/span><\/li>\n<li>Planetengetriebe f\u00fcr Bagger Volvo EC460<\/li>\n<li>Planetengetriebe f\u00fcr Bagger <span>EC700<\/span><\/li>\n<li>Planetengetriebe f\u00fcr Bagger Volvo EC360<\/li>\n<li>Planetengetriebe f\u00fcr Bagger Volvo EC460<\/li>\n<li>Planetengetriebe f\u00fcr Bagger <span>EC700<\/span><\/li>\n<li>Planetengetriebe f\u00fcr Bagger Komatsu PC40<\/li>\n<li>Planetengetriebe f\u00fcr Bagger Komatsu PC56-7<\/li>\n<li>Planetengetriebe f\u00fcr Bagger Komatsu PC300-7<\/li>\n<li>Planetengetriebe f\u00fcr Bagger Komatsu PC400-7<\/li>\n<li>Planetengetriebe f\u00fcr Bagger Kobelco SK60-6<\/li>\n<li>Planetengetriebe f\u00fcr Bagger Kobelco SK135<\/li>\n<li>Planetengetriebe f\u00fcr Bagger Kobelco SK200-8<\/li>\n<li>Planetengetriebe f\u00fcr Bagger Daewoo DH300-7<\/li>\n<\/ul>\n<p>[\/et_pb_toggle][\/et_pb_column][et_pb_column type=&#8221;1_3&#8243; _builder_version=&#8221;4.27.4&#8243; _module_preset=&#8221;default&#8221; global_colors_info=&#8221;{}&#8221;][et_pb_image src=&#8221;https:\/\/fmp-components.com\/wp-content\/uploads\/2024\/12\/In-line-Planetary-Gearbox.webp&#8221; alt=&#8221;In-line Planetary Gearbox&#8221; title_text=&#8221;In-line Planetary Gearbox&#8221; _builder_version=&#8221;4.27.4&#8243; _module_preset=&#8221;default&#8221; global_colors_info=&#8221;{}&#8221;][\/et_pb_image][et_pb_toggle title=&#8221;In-line Planetary Gearbox&#8221; _builder_version=&#8221;4.27.4&#8243; _module_preset=&#8221;default&#8221; global_colors_info=&#8221;{}&#8221;]<\/p>\n<ul>\n<li>Industrielles Planetengetriebe der S-Serie<\/li>\n<li>Planetengetriebe der E-Serie<\/li>\n<li>Planetengetriebe der Serie 311<\/li>\n<li>Planetengetriebe der Serie 310<\/li>\n<li>Planetengetriebe der Serie 306<\/li>\n<li>Planetengetriebe der Serie 301<\/li>\n<\/ul>\n<p>[\/et_pb_toggle][\/et_pb_column][\/et_pb_row][et_pb_row column_structure=&#8221;1_3,1_3,1_3&#8243; _builder_version=&#8221;4.27.4&#8243; _module_preset=&#8221;default&#8221; global_colors_info=&#8221;{}&#8221;][et_pb_column type=&#8221;1_3&#8243; _builder_version=&#8221;4.27.4&#8243; _module_preset=&#8221;default&#8221; global_colors_info=&#8221;{}&#8221;][et_pb_image src=&#8221;https:\/\/fmp-components.com\/wp-content\/uploads\/2024\/12\/Right-Angle-Planetary-Gearbox.webp&#8221; alt=&#8221;Right Angle Planetary Gearbox&#8221; title_text=&#8221;Right Angle Planetary Gearbox&#8221; _builder_version=&#8221;4.27.4&#8243; _module_preset=&#8221;default&#8221; global_colors_info=&#8221;{}&#8221;][\/et_pb_image][et_pb_toggle title=&#8221;Right Angle Planetary Gearbox&#8221; _builder_version=&#8221;4.27.4&#8243; _module_preset=&#8221;default&#8221; global_colors_info=&#8221;{}&#8221;]<\/p>\n<ul>\n<li>Planetengetriebe der Serie 307<\/li>\n<\/ul>\n<p>[\/et_pb_toggle][\/et_pb_column][et_pb_column type=&#8221;1_3&#8243; _builder_version=&#8221;4.27.4&#8243; _module_preset=&#8221;default&#8221; global_colors_info=&#8221;{}&#8221;][et_pb_image src=&#8221;https:\/\/fmp-components.com\/wp-content\/uploads\/2024\/12\/Planetary-Gearbox-for-Feed-Mixer.webp&#8221; alt=&#8221;Planetary Gearbox for Feed Mixer&#8221; title_text=&#8221;Planetary Gearbox for Feed Mixer&#8221; _builder_version=&#8221;4.27.4&#8243; _module_preset=&#8221;default&#8221; global_colors_info=&#8221;{}&#8221;][\/et_pb_image][et_pb_toggle title=&#8221;Planetary Gearbox for Feed Mixer&#8221; _builder_version=&#8221;4.27.4&#8243; _module_preset=&#8221;default&#8221; global_colors_info=&#8221;{}&#8221;]<\/p>\n<ul>\n<li>Futtermischergetriebe C3A, 1:1, 1,8:1<\/li>\n<li>Futtermischmaschinen Getriebe C-3A<\/li>\n<li>Futtermischmaschinen Getriebe D-732A 1:1\/1,41:1<\/li>\n<li>Horizontales Futtermischergetriebe D732A 1:1\/1,93:1<\/li>\n<li>Horizontales Futtermischergetriebe C3A 1:1<\/li>\n<li>Futtermischwagengetriebe f\u00fcr TMR-Mixer EP RMG<\/li>\n<li>Futtermischergetriebe PGA-1202VM<\/li>\n<li>Getriebe f\u00fcr Futtermischmaschinen PGA-1602<\/li>\n<li>Vertikales Futtermischergetriebe PGA1202VM<\/li>\n<li>Vertikales Futtermischergetriebe PGA1602VM<\/li>\n<\/ul>\n<p>[\/et_pb_toggle][\/et_pb_column][et_pb_column type=&#8221;1_3&#8243; _builder_version=&#8221;4.27.4&#8243; _module_preset=&#8221;default&#8221; global_colors_info=&#8221;{}&#8221;][et_pb_image src=&#8221;https:\/\/fmp-components.com\/wp-content\/uploads\/2024\/12\/Planetary-Gearbox-for-Wind-Turbine.webp&#8221; alt=&#8221;Planetary Gearbox for Wind Turbine&#8221; title_text=&#8221;Planetary Gearbox for Wind Turbine&#8221; _builder_version=&#8221;4.27.4&#8243; _module_preset=&#8221;default&#8221; global_colors_info=&#8221;{}&#8221;][\/et_pb_image][et_pb_toggle title=&#8221;Planetary Gearbox for Wind Turbine&#8221; _builder_version=&#8221;4.27.4&#8243; _module_preset=&#8221;default&#8221; global_colors_info=&#8221;{}&#8221;]<\/p>\n<ul>\n<li>Planetengetriebe mit mobilem Schwenkantrieb der SD-Serie<\/li>\n<li>NB-Serie <span>Azimut-Antriebsgetriebe<\/span><\/li>\n<\/ul>\n<p>[\/et_pb_toggle][\/et_pb_column][\/et_pb_row][\/et_pb_section][et_pb_section fb_built=&#8221;1&#8243; _builder_version=&#8221;4.27.4&#8243; _module_preset=&#8221;default&#8221; global_colors_info=&#8221;{}&#8221;][et_pb_row _builder_version=&#8221;4.27.4&#8243; _module_preset=&#8221;default&#8221; global_colors_info=&#8221;{}&#8221;][et_pb_column type=&#8221;4_4&#8243; _builder_version=&#8221;4.27.4&#8243; _module_preset=&#8221;default&#8221; global_colors_info=&#8221;{}&#8221;][et_pb_text _builder_version=&#8221;4.27.4&#8243; _module_preset=&#8221;default&#8221; header_2_font=&#8221;Frank Ruhl Libre||||||||&#8221; header_2_font_size=&#8221;38px&#8221; global_colors_info=&#8221;{}&#8221;]<\/p>\n<h2 style=\"text-align: center;\">Verwandte Produkte \u2013 Planetengetriebe<\/h2>\n<p>[\/et_pb_text][\/et_pb_column][\/et_pb_row][et_pb_row column_structure=&#8221;1_4,1_4,1_4,1_4&#8243; _builder_version=&#8221;4.27.4&#8243; _module_preset=&#8221;default&#8221; global_colors_info=&#8221;{}&#8221;][et_pb_column type=&#8221;1_4&#8243; _builder_version=&#8221;4.27.4&#8243; _module_preset=&#8221;default&#8221; global_colors_info=&#8221;{}&#8221;][et_pb_blurb title=&#8221;Planetary Gear Sets&#8221; url=&#8221;https:\/\/fmp-components.com\/en\/product\/planetary-gear-sets&#8221; url_new_window=&#8221;on&#8221; image=&#8221;https:\/\/fmp-components.com\/wp-content\/uploads\/2025\/01\/Planetary-Gear-set.webp&#8221; alt=&#8221;Planetary Gear set&#8221; _builder_version=&#8221;4.27.4&#8243; _module_preset=&#8221;default&#8221; header_level=&#8221;h3&#8243; header_font=&#8221;Frank Ruhl Libre||||||||&#8221; header_text_align=&#8221;center&#8221; header_font_size=&#8221;20px&#8221; global_colors_info=&#8221;{}&#8221;][\/et_pb_blurb][\/et_pb_column][et_pb_column type=&#8221;1_4&#8243; _builder_version=&#8221;4.27.4&#8243; _module_preset=&#8221;default&#8221; global_colors_info=&#8221;{}&#8221;][et_pb_blurb title=&#8221;Internal Planetary Gear&#8221; url=&#8221;https:\/\/fmp-components.com\/en\/product\/internal-planetary-gear&#8221; url_new_window=&#8221;on&#8221; image=&#8221;https:\/\/fmp-components.com\/wp-content\/uploads\/2025\/01\/Internal-Planetary-Gear.webp&#8221; alt=&#8221;Internal Planetary Gear&#8221; _builder_version=&#8221;4.27.4&#8243; _module_preset=&#8221;default&#8221; header_level=&#8221;h3&#8243; header_font=&#8221;Frank Ruhl Libre||||||||&#8221; header_text_align=&#8221;center&#8221; header_font_size=&#8221;20px&#8221; global_colors_info=&#8221;{}&#8221;][\/et_pb_blurb][\/et_pb_column][et_pb_column type=&#8221;1_4&#8243; _builder_version=&#8221;4.27.4&#8243; _module_preset=&#8221;default&#8221; global_colors_info=&#8221;{}&#8221;][et_pb_blurb title=&#8221;Internal Planetary Gear Kit&#8221; url=&#8221;https:\/\/fmp-components.com\/en\/product\/internal-planetary-gear-kit&#8221; url_new_window=&#8221;on&#8221; image=&#8221;https:\/\/fmp-components.com\/wp-content\/uploads\/2025\/01\/Internal-Planetary-Gear-Kit.webp&#8221; alt=&#8221;Internal Planetary Gear Kit&#8221; _builder_version=&#8221;4.27.4&#8243; _module_preset=&#8221;default&#8221; header_level=&#8221;h3&#8243; header_font=&#8221;Frank Ruhl Libre||||||||&#8221; header_text_align=&#8221;center&#8221; header_font_size=&#8221;20px&#8221; global_colors_info=&#8221;{}&#8221;][\/et_pb_blurb][\/et_pb_column][et_pb_column type=&#8221;1_4&#8243; _builder_version=&#8221;4.27.4&#8243; _module_preset=&#8221;default&#8221; global_colors_info=&#8221;{}&#8221;][et_pb_blurb title=&#8221;Planetary Ring Gear&#8221; url=&#8221;https:\/\/fmp-components.com\/en\/product\/planetary-ring-gear&#8221; url_new_window=&#8221;on&#8221; image=&#8221;https:\/\/fmp-components.com\/wp-content\/uploads\/2025\/01\/Planetary-Ring-Gear.webp&#8221; alt=&#8221;Planetary Ring Gear&#8221; _builder_version=&#8221;4.27.4&#8243; _module_preset=&#8221;default&#8221; header_level=&#8221;h3&#8243; header_font=&#8221;Frank Ruhl Libre||||||||&#8221; header_text_align=&#8221;center&#8221; header_font_size=&#8221;20px&#8221; global_colors_info=&#8221;{}&#8221;][\/et_pb_blurb][\/et_pb_column][\/et_pb_row][\/et_pb_section]<\/p>","protected":false},"excerpt":{"rendered":"<p>Planetary GearboxA planetary gearbox consists of a central sun gear, multiple planet gears, and an outer ring gear, offering high torque density and compact design. This configuration makes it ideal for applications needing precise speed reduction and increased torque, commonly used in robotics, automotive, and industrial machinery. At FMP, we provide a wide range of [&hellip;]<\/p>","protected":false},"author":2,"featured_media":0,"parent":0,"menu_order":0,"comment_status":"closed","ping_status":"closed","template":"","meta":{"_et_pb_use_builder":"on","_et_pb_old_content":"","_et_gb_content_width":"","footnotes":""},"class_list":["post-1162","page","type-page","status-publish","hentry"],"_links":{"self":[{"href":"https:\/\/fmp-components.com\/de\/wp-json\/wp\/v2\/pages\/1162","targetHints":{"allow":["GET"]}}],"collection":[{"href":"https:\/\/fmp-components.com\/de\/wp-json\/wp\/v2\/pages"}],"about":[{"href":"https:\/\/fmp-components.com\/de\/wp-json\/wp\/v2\/types\/page"}],"author":[{"embeddable":true,"href":"https:\/\/fmp-components.com\/de\/wp-json\/wp\/v2\/users\/2"}],"replies":[{"embeddable":true,"href":"https:\/\/fmp-components.com\/de\/wp-json\/wp\/v2\/comments?post=1162"}],"version-history":[{"count":30,"href":"https:\/\/fmp-components.com\/de\/wp-json\/wp\/v2\/pages\/1162\/revisions"}],"predecessor-version":[{"id":8188,"href":"https:\/\/fmp-components.com\/de\/wp-json\/wp\/v2\/pages\/1162\/revisions\/8188"}],"wp:attachment":[{"href":"https:\/\/fmp-components.com\/de\/wp-json\/wp\/v2\/media?parent=1162"}],"curies":[{"name":"wp","href":"https:\/\/api.w.org\/{rel}","templated":true}]}}